{"id":10944,"date":"2025-08-01T03:17:03","date_gmt":"2025-08-01T03:17:03","guid":{"rendered":"https:\/\/sinoextrud.com\/product\/aluminum-profile-for-5g-signal-tower-systems\/"},"modified":"2025-08-01T03:17:03","modified_gmt":"2025-08-01T03:17:03","slug":"aluminium-profil-5g-jelado-torony-rendszerekhez","status":"publish","type":"product","link":"https:\/\/sinoextrud.com\/hu\/product\/aluminum-profile-for-5g-signal-tower-systems\/","title":{"rendered":"Alum\u00ednium profil az 5G jelz\u0151torony rendszerekhez"},"content":{"rendered":"<h2>Term\u00e9kek r\u00e9szletei<\/h2>\n<div class=\"product-table\">\n<div class=\"row\">\n<div class=\"cell label\">Fokozat<\/div>\n<div class=\"cell value\">6000-es sorozat<\/div>\n<\/div>\n<div class=\"row\">\n<div class=\"cell label\">Tolerancia<\/div>\n<div class=\"cell value\">\u00b10,01%<\/div>\n<\/div>\n<div class=\"row\">\n<div class=\"cell label\">Sz\u00e1ll\u00edt\u00e1si id\u0151<\/div>\n<div class=\"cell value\">8-14 nap<\/div>\n<\/div>\n<div class=\"row\">\n<div class=\"cell label\">Temper<\/div>\n<div class=\"cell value\">T3-T8<\/div>\n<\/div>\n<div class=\"row\">\n<div class=\"cell label\">Alkalmaz\u00e1s<\/div>\n<div class=\"cell value\">led\/elektronika\/elektronikus\/processzor\/ipar<\/div>\n<\/div>\n<div class=\"row\">\n<div class=\"cell label\">Shape<\/div>\n<div class=\"cell value\">Custom<\/div>\n<\/div>\n<div class=\"row\">\n<div class=\"cell label\">\u00d6tv\u00f6zet vagy sem<\/div>\n<div class=\"cell value\">Az \u00f6tv\u00f6zet<\/div>\n<\/div>\n<div class=\"row\">\n<div class=\"cell label\">Feldolgoz\u00f3 szolg\u00e1ltat\u00e1s<\/div>\n<div class=\"cell value\">Hajl\u00edt\u00e1s, tekercsel\u00e9s, hegeszt\u00e9s, lyukaszt\u00e1s, v\u00e1g\u00e1s<\/div>\n<\/div>\n<div class=\"row\">\n<div class=\"cell label\">Term\u00e9k neve<\/div>\n<div class=\"cell value\">Egyedi alum\u00ednium h\u0171t\u0151borda<\/div>\n<\/div>\n<div class=\"row\">\n<div class=\"cell label\">Anyag<\/div>\n<div class=\"cell value\">6063 6061 6005 Alum\u00ednium \u00f6tv\u00f6zet<\/div>\n<\/div>\n<div class=\"row\">\n<div class=\"cell label\">Sz\u00ednes<\/div>\n<div class=\"cell value\">Ez\u00fcst, fekete, arany fekete \u00e9s \u00edgy tov\u00e1bb<\/div>\n<\/div>\n<div class=\"row\">\n<div class=\"cell label\">Fel\u00fcletkezel\u00e9s<\/div>\n<div class=\"cell value\">Mill Finish, elox\u00e1l\u00e1s, porbevonat<\/div>\n<\/div>\n<div class=\"row\">\n<div class=\"cell label\">Tan\u00fas\u00edt\u00e1s<\/div>\n<div class=\"cell value\">ISO9001:2008<\/div>\n<\/div>\n<div class=\"row\">\n<div class=\"cell label\">shape<\/div>\n<div class=\"cell value\">Testreszabott<\/div>\n<\/div>\n<div class=\"row\">\n<div class=\"cell label\">Haszn\u00e1lat<\/div>\n<div class=\"cell value\">Led\/elektronika\/elektronikus\/processzor\/ipar<\/div>\n<\/div>\n<div class=\"row\">\n<div class=\"cell label\">Minta<\/div>\n<div class=\"cell value\">Ingyenes minta<\/div>\n<\/div>\n<div class=\"row\">\n<div class=\"cell label\">Hossz\u00fas\u00e1g<\/div>\n<div class=\"cell value\">Egy\u00e9ni hossz<\/div>\n<\/div>\n<div class=\"row\">\n<div class=\"cell label\">Szolg\u00e1ltat\u00e1s<\/div>\n<div class=\"cell value\">OEM ODM<\/div>\n<\/div>\n<div class=\"row\">\n<div class=\"cell label\">Elad\u00f3 egys\u00e9gek<\/div>\n<div class=\"cell value\">300-as t\u00f6bbsz\u00f6r\u00f6se<\/div>\n<\/div>\n<div class=\"row\">\n<div class=\"cell label\">Csomagm\u00e9ret t\u00e9telenk\u00e9nt<\/div>\n<div class=\"cell value\">200 x 150 x 80 cm<\/div>\n<\/div>\n<div class=\"row\">\n<div class=\"cell label\">Brutt\u00f3 s\u00faly t\u00e9telenk\u00e9nt<\/div>\n<div class=\"cell value\">300 000 kg<\/div>\n<\/div>\n<\/div>\n<p><\/p>\n<h2>Gy\u00e1rt\u00f3 b\u00e1zisunk<\/h2>\n<h3>Gy\u00e1ri panor\u00e1ma<\/h3>\n<p><img decoding=\"async\" src=\"\/wp-content\/uploads\/factory-01.webp\"\/><\/p>\n<h3>Alum\u00ednium r\u00fadgy\u00e1rt\u00f3 m\u0171hely<\/h3>\n<p><img decoding=\"async\" src=\"\/wp-content\/uploads\/factory-02.webp\"\/><\/p>\n<p><img decoding=\"async\" src=\"\/wp-content\/uploads\/factory-03.webp\"\/><\/p>\n<h3>Pen\u00e9sz rakt\u00e1r<\/h3>\n<p><img decoding=\"async\" src=\"\/wp-content\/uploads\/factory-04.webp\"\/><\/p>\n<h3>43 alum\u00ednium extrud\u00e1l\u00f3 vonal (500-5500 tonna)<\/h3>\n<p><img decoding=\"async\" src=\"\/wp-content\/uploads\/factory-05.webp\"\/><\/p>\n<p><img decoding=\"async\" src=\"\/wp-content\/uploads\/factory-06.webp\"\/><\/p>\n<p><img decoding=\"async\" src=\"\/wp-content\/uploads\/factory-07.webp\"\/><\/p>\n<h3>Porfest\u0151 m\u0171hely<\/h3>\n<p><img decoding=\"async\" src=\"\/wp-content\/uploads\/factory-09.webp\"\/><\/p>\n<h3>Anodiz\u00e1l\u00f3 m\u0171hely<\/h3>\n<p><img decoding=\"async\" src=\"\/wp-content\/uploads\/factory-10.webp\"\/><\/p>\n<h3>M\u00e9ly feldolgoz\u00e1si m\u0171hely<\/h3>\n<p><img decoding=\"async\" src=\"\/wp-content\/uploads\/factory-11.webp\"\/><\/p>\n<h3>CNC prec\u00edzi\u00f3s megmunk\u00e1l\u00f3 m\u0171hely<\/h3>\n<p><img decoding=\"async\" src=\"\/wp-content\/uploads\/factory-11.5.webp\"\/><\/p>\n<h3>K\u00e9szterm\u00e9k \u00e9s export rakt\u00e1r<\/h3>\n<p><img decoding=\"async\" src=\"\/wp-content\/uploads\/factory-12.webp\"\/><\/p>\n<p><img decoding=\"async\" src=\"\/wp-content\/uploads\/factory-13.webp\"\/><\/p>\n<p><img decoding=\"async\" src=\"\/wp-content\/uploads\/factory-14.webp\"\/><\/p>\n<h2>GYIK<\/h2>\n<p><strong>1. Mi teszi ezeket az alum\u00ednium profilokat alkalmasak 5G tornyokhoz?<\/strong><br \/>Az alum\u00ednium profilok kifejezetten a jelv\u00e9tel \u00e9s a rugalmass\u00e1g jav\u00edt\u00e1s\u00e1ra lettek tervezve, ami elengedhetetlen a 5G technol\u00f3gi\u00e1hoz.<\/p>\n<p><strong>2. Ezek a profilok ellen\u00e1llnak az id\u0151j\u00e1r\u00e1si k\u00f6r\u00fclm\u00e9nyeknek?<\/strong><br \/>Igen, korr\u00f3zi\u00f3\u00e1ll\u00f3ak, \u00edgy ide\u00e1lisak k\u00fclt\u00e9ri telep\u00edt\u00e9shez.<\/p>\n<p><strong>3. Rendelhet\u00fcnk egyedi m\u00e9ret\u0171 profilokat?<\/strong><br \/>Term\u00e9szetesen, a projekt k\u00f6vetelm\u00e9nyeinek megfelel\u0151en testreszabhat\u00f3 hossz\u00fas\u00e1gokat \u00e9s profilokat k\u00edn\u00e1lunk.<\/p>\n<p><strong>4. Ezek az alum\u00ednium profilok t\u00e1mogatj\u00e1k a jelenlegi 5G technol\u00f3giai szabv\u00e1nyokat?<\/strong><br \/>Igen, teljes m\u00e9rt\u00e9kben megfelelnek a megl\u00e9v\u0151 5G infrastrukt\u00fara k\u00f6vetelm\u00e9nyeinek.<\/p>\n<p><strong>5. Mennyi a tipikus \u00e1tfut\u00e1si id\u0151 a nagy mennyis\u00e9g\u0171 megrendel\u00e9sek eset\u00e9ben?<\/strong><br \/>A sz\u00e1ll\u00edt\u00e1si id\u0151 v\u00e1ltoz\u00f3, de \u00e1ltal\u00e1ban 4-6 h\u00e9t k\u00f6z\u00f6tt mozog, a megrendel\u00e9s m\u00e9ret\u00e9t\u0151l \u00e9s a testreszab\u00e1st\u00f3l f\u00fcgg\u0151en.<\/p>\n<p><strong>6. Van-e minim\u00e1lis rendel\u00e9si mennyis\u00e9g ezekre a profilokra?<\/strong><br \/>Igen, a testreszab\u00e1si ig\u00e9nyek f\u00fcggv\u00e9ny\u00e9ben minim\u00e1lis rendel\u00e9si mennyis\u00e9get k\u00f6vetel\u00fcnk meg.<\/p>\n<p><strong>7. K\u00edn\u00e1l technikai t\u00e1mogat\u00e1st a telep\u00edt\u00e9shez?<\/strong><br \/>Igen, k\u00e9r\u00e9sre \u00e1tfog\u00f3 telep\u00edt\u00e9si \u00fatmutat\u00f3kat \u00e9s technikai t\u00e1mogat\u00e1st ny\u00fajtunk.<\/p>\n<p><\/p>","protected":false},"featured_media":10759,"template":"","categories":[55],"class_list":["post-10944","product","type-product","status-publish","has-post-thumbnail","hentry","category-extruded-aluminum-profiles"],"meta_box":{"hilight_text_group":[{"product_hilight_text":"<li>Engineered specifically for 5G signal tower applications<\/li>\n<li>Lightweight yet durable, enhancing installation efficiency<\/li>\n<li>Corrosion-resistant features for extended outdoor use<\/li>\n<li>Compatible with current 5G technology standards<\/li>\n<li>Custom lengths and profiles available for B2B projects<\/li>"}],"feature_list":[]},"_links":{"self":[{"href":"https:\/\/sinoextrud.com\/hu\/wp-json\/wp\/v2\/product\/10944","targetHints":{"allow":["GET"]}}],"collection":[{"href":"https:\/\/sinoextrud.com\/hu\/wp-json\/wp\/v2\/product"}],"about":[{"href":"https:\/\/sinoextrud.com\/hu\/wp-json\/wp\/v2\/types\/product"}],"wp:featuredmedia":[{"embeddable":true,"href":"https:\/\/sinoextrud.com\/hu\/wp-json\/wp\/v2\/media\/10759"}],"wp:attachment":[{"href":"https:\/\/sinoextrud.com\/hu\/wp-json\/wp\/v2\/media?parent=10944"}],"wp:term":[{"taxonomy":"category","embeddable":true,"href":"https:\/\/sinoextrud.com\/hu\/wp-json\/wp\/v2\/categories?post=10944"}],"curies":[{"name":"wp","href":"https:\/\/api.w.org\/{rel}","templated":true}]}}