{"id":10942,"date":"2025-08-01T03:16:56","date_gmt":"2025-08-01T03:16:56","guid":{"rendered":"https:\/\/sinoextrud.com\/product\/aluminum-plate-fin-heat-sink-for-power-devices\/"},"modified":"2025-08-01T03:16:56","modified_gmt":"2025-08-01T03:16:56","slug":"aluminium-lemez-lamellas-hutoborda-teljesitmenyu-eszkozokhoz","status":"publish","type":"product","link":"https:\/\/sinoextrud.com\/hu\/product\/aluminum-plate-fin-heat-sink-for-power-devices\/","title":{"rendered":"Alum\u00ednium lemez Fin h\u0171t\u0151borda a teljes\u00edtm\u00e9ny eszk\u00f6z\u00f6kh\u00f6z"},"content":{"rendered":"<h2>Term\u00e9kek r\u00e9szletei<\/h2>\n<div class=\"product-table\">\n<div class=\"row\">\n<div class=\"cell label\">Fokozat<\/div>\n<div class=\"cell value\">6060,6005,6061,6063,6082,7003,7075,7N12<\/div>\n<\/div>\n<div class=\"row\">\n<div class=\"cell label\">Tolerancia<\/div>\n<div class=\"cell value\">\u00c2\u00b11%<\/div>\n<\/div>\n<div class=\"row\">\n<div class=\"cell label\">Sz\u00e1ll\u00edt\u00e1si id\u0151<\/div>\n<div class=\"cell value\">3-15nap a fizet\u00e9s ut\u00e1n<\/div>\n<\/div>\n<div class=\"row\">\n<div class=\"cell label\">Temper<\/div>\n<div class=\"cell value\">T4.T5.T6<\/div>\n<\/div>\n<div class=\"row\">\n<div class=\"cell label\">Alkalmaz\u00e1s<\/div>\n<div class=\"cell value\">Dekor\u00e1ci\u00f3k<\/div>\n<\/div>\n<div class=\"row\">\n<div class=\"cell label\">Shape<\/div>\n<div class=\"cell value\">Profil extrud\u00e1l\u00e1s<\/div>\n<\/div>\n<div class=\"row\">\n<div class=\"cell label\">\u00d6tv\u00f6zet vagy sem<\/div>\n<div class=\"cell value\">Az \u00f6tv\u00f6zet<\/div>\n<\/div>\n<div class=\"row\">\n<div class=\"cell label\">Feldolgoz\u00f3 szolg\u00e1ltat\u00e1s<\/div>\n<div class=\"cell value\">Hajl\u00edt\u00e1s, hegeszt\u00e9s, lyukaszt\u00e1s, v\u00e1g\u00e1s, extrud\u00e1l\u00e1s<\/div>\n<\/div>\n<div class=\"row\">\n<div class=\"cell label\">Tan\u00fas\u00edt\u00e1s<\/div>\n<div class=\"cell value\">ISO 9001<\/div>\n<\/div>\n<div class=\"row\">\n<div class=\"cell label\">Sz\u00ednes<\/div>\n<div class=\"cell value\">Ez\u00fcst Feh\u00e9r, fekete<\/div>\n<\/div>\n<div class=\"row\">\n<div class=\"cell label\">Kulcssz\u00f3<\/div>\n<div class=\"cell value\">Ipari alum\u00ednium profil<\/div>\n<\/div>\n<div class=\"row\">\n<div class=\"cell label\">Fizet\u00e9si hat\u00e1rid\u0151<\/div>\n<div class=\"cell value\">T\/T vagy L\/C<\/div>\n<\/div>\n<div class=\"row\">\n<div class=\"cell label\">Hossz\u00fas\u00e1g<\/div>\n<div class=\"cell value\">Max. 6m, v\u00e1g\u00e1si m\u00e9ret el\u00e9rhet\u0151<\/div>\n<\/div>\n<div class=\"row\">\n<div class=\"cell label\">Fel\u00fcletkezel\u00e9s<\/div>\n<div class=\"cell value\">Ez\u00fcst elox\u00e1lt<\/div>\n<\/div>\n<div class=\"row\">\n<div class=\"cell label\">Anyag<\/div>\n<div class=\"cell value\">6060,6005,6061,6063,6082,7003,7075,7N12<\/div>\n<\/div>\n<div class=\"row\">\n<div class=\"cell label\">Term\u00e9k neve<\/div>\n<div class=\"cell value\">Alum\u00ednium extrud\u00e1lt profil<\/div>\n<\/div>\n<div class=\"row\">\n<div class=\"cell label\">Standard<\/div>\n<div class=\"cell value\">GB5237.1-2008<\/div>\n<\/div>\n<div class=\"row\">\n<div class=\"cell label\">Elad\u00f3 egys\u00e9gek<\/div>\n<div class=\"cell value\">Egyetlen t\u00e9tel<\/div>\n<\/div>\n<div class=\"row\">\n<div class=\"cell label\">Egyetlen csomagm\u00e9ret<\/div>\n<div class=\"cell value\">11X12X27 cm<\/div>\n<\/div>\n<div class=\"row\">\n<div class=\"cell label\">Egyetlen brutt\u00f3 t\u00f6meg<\/div>\n<div class=\"cell value\">3.000 KG<\/div>\n<\/div>\n<\/div>\n<p><\/p>\n<h2>Gy\u00e1rt\u00f3 b\u00e1zisunk<\/h2>\n<h3>Gy\u00e1ri panor\u00e1ma<\/h3>\n<p><img decoding=\"async\" src=\"\/wp-content\/uploads\/factory-01.webp\"\/><\/p>\n<h3>Alum\u00ednium r\u00fadgy\u00e1rt\u00f3 m\u0171hely<\/h3>\n<p><img decoding=\"async\" src=\"\/wp-content\/uploads\/factory-02.webp\"\/><\/p>\n<p><img decoding=\"async\" src=\"\/wp-content\/uploads\/factory-03.webp\"\/><\/p>\n<h3>Pen\u00e9sz rakt\u00e1r<\/h3>\n<p><img decoding=\"async\" src=\"\/wp-content\/uploads\/factory-04.webp\"\/><\/p>\n<h3>43 alum\u00ednium extrud\u00e1l\u00f3 vonal (500-5500 tonna)<\/h3>\n<p><img decoding=\"async\" src=\"\/wp-content\/uploads\/factory-05.webp\"\/><\/p>\n<p><img decoding=\"async\" src=\"\/wp-content\/uploads\/factory-06.webp\"\/><\/p>\n<p><img decoding=\"async\" src=\"\/wp-content\/uploads\/factory-07.webp\"\/><\/p>\n<h3>Porfest\u0151 m\u0171hely<\/h3>\n<p><img decoding=\"async\" src=\"\/wp-content\/uploads\/factory-09.webp\"\/><\/p>\n<h3>Anodiz\u00e1l\u00f3 m\u0171hely<\/h3>\n<p><img decoding=\"async\" src=\"\/wp-content\/uploads\/factory-10.webp\"\/><\/p>\n<h3>M\u00e9ly feldolgoz\u00e1si m\u0171hely<\/h3>\n<p><img decoding=\"async\" src=\"\/wp-content\/uploads\/factory-11.webp\"\/><\/p>\n<h3>CNC prec\u00edzi\u00f3s megmunk\u00e1l\u00f3 m\u0171hely<\/h3>\n<p><img decoding=\"async\" src=\"\/wp-content\/uploads\/factory-11.5.webp\"\/><\/p>\n<h3>K\u00e9szterm\u00e9k \u00e9s export rakt\u00e1r<\/h3>\n<p><img decoding=\"async\" src=\"\/wp-content\/uploads\/factory-12.webp\"\/><\/p>\n<p><img decoding=\"async\" src=\"\/wp-content\/uploads\/factory-13.webp\"\/><\/p>\n<p><img decoding=\"async\" src=\"\/wp-content\/uploads\/factory-14.webp\"\/><\/p>\n<h2>GYIK<\/h2>\n<p><strong>1. Mit\u0151l j\u00f3 anyag az alum\u00ednium a h\u0171t\u0151bord\u00e1khoz?<\/strong><br \/>Az alum\u00ednium kiv\u00e1l\u00f3 h\u0151vezet\u0151 k\u00e9pess\u00e9ggel rendelkezik, \u00edgy ide\u00e1lis a h\u0151elvezet\u00e9shez a h\u0171t\u0151bord\u00e1kban.<\/p>\n<p><strong>2. Testre szabhat\u00f3 az alum\u00ednium lemezes lamell\u00e1s h\u0171t\u0151borda?<\/strong><br \/>Igen, testreszab\u00e1si szolg\u00e1ltat\u00e1sokat k\u00edn\u00e1lunk a m\u00e9retek, az uszonyok kialak\u00edt\u00e1sa \u00e9s a szerel\u00e9si lehet\u0151s\u00e9gek tekintet\u00e9ben.<\/p>\n<p><strong>3. Alkalmas-e a h\u0171t\u0151borda nagy teljes\u00edtm\u00e9ny\u0171 alkalmaz\u00e1sokhoz?<\/strong><br \/>Abszol\u00fat \u00fagy tervezt\u00e9k, hogy hat\u00e9konyan kezelje a h\u0151t a nagy teljes\u00edtm\u00e9ny\u0171 elektronikus alkalmaz\u00e1sokban.<\/p>\n<p><strong>4. A h\u0171t\u0151bord\u00e1k h\u0151technikai tesztel\u00e9s\u00e9t biztos\u00edtja?<\/strong><br \/>Igen, alapos termikus teszteket v\u00e9gz\u00fcnk a term\u00e9k teljes\u00edtm\u00e9ny\u00e9nek \u00e9s megb\u00edzhat\u00f3s\u00e1g\u00e1nak biztos\u00edt\u00e1sa \u00e9rdek\u00e9ben.<\/p>\n<p><strong>5. Mekkora az alum\u00ednium lemezes lamell\u00e1s h\u0171t\u0151bord\u00e1k tipikus \u00e9lettartama?<\/strong><br \/>Megfelel\u0151 haszn\u00e1lat eset\u00e9n hossz\u00fa \u00e9veken \u00e1t tarthat, biztos\u00edtva a hossz\u00fa t\u00e1v\u00fa megb\u00edzhat\u00f3s\u00e1got.<\/p>\n<p><strong>6. Alkalmasak ezek a h\u0171t\u0151bord\u00e1k LED-es vil\u00e1g\u00edt\u00e1shoz?<\/strong><br \/>Igen, hat\u00e9konyan kezelik a h\u0151elvezet\u00e9st a LED-es vil\u00e1g\u00edt\u00e1si rendszerek eset\u00e9ben.<\/p>\n<p><strong>7. Egyedi projektekhez ny\u00fajtanak technikai t\u00e1mogat\u00e1st?<\/strong><br \/>Igen, m\u0171szaki t\u00e1mogat\u00e1s \u00e9s konzult\u00e1ci\u00f3 \u00e1ll rendelkez\u00e9sre az egyedi h\u0171t\u0151bordaprojektekhez.<\/p>\n<p><\/p>","protected":false},"featured_media":10772,"template":"","categories":[72],"class_list":["post-10942","product","type-product","status-publish","has-post-thumbnail","hentry","category-extruded-aluminum-heatsink"],"meta_box":{"hilight_text_group":[{"product_hilight_text":"<li>Efficient heat dissipation for electronic components<\/li>\n<li>Lightweight yet durable aluminum construction<\/li>\n<li>Customizable fin configurations for optimized performance<\/li>\n<li>Suitable for various industrial applications and devices<\/li>\n<li>Supports both OEM and ODM production services<\/li>"}],"feature_list":[]},"_links":{"self":[{"href":"https:\/\/sinoextrud.com\/hu\/wp-json\/wp\/v2\/product\/10942","targetHints":{"allow":["GET"]}}],"collection":[{"href":"https:\/\/sinoextrud.com\/hu\/wp-json\/wp\/v2\/product"}],"about":[{"href":"https:\/\/sinoextrud.com\/hu\/wp-json\/wp\/v2\/types\/product"}],"wp:featuredmedia":[{"embeddable":true,"href":"https:\/\/sinoextrud.com\/hu\/wp-json\/wp\/v2\/media\/10772"}],"wp:attachment":[{"href":"https:\/\/sinoextrud.com\/hu\/wp-json\/wp\/v2\/media?parent=10942"}],"wp:term":[{"taxonomy":"category","embeddable":true,"href":"https:\/\/sinoextrud.com\/hu\/wp-json\/wp\/v2\/categories?post=10942"}],"curies":[{"name":"wp","href":"https:\/\/api.w.org\/{rel}","templated":true}]}}