{"id":10941,"date":"2025-08-01T03:16:55","date_gmt":"2025-08-01T03:16:55","guid":{"rendered":"https:\/\/sinoextrud.com\/product\/aluminum-vapor-chamber-for-heat-dissipation\/"},"modified":"2025-08-01T03:16:55","modified_gmt":"2025-08-01T03:16:55","slug":"aluminium-gozkamra-a-hoelvezetes-erdekeben","status":"publish","type":"product","link":"https:\/\/sinoextrud.com\/hu\/product\/aluminum-vapor-chamber-for-heat-dissipation\/","title":{"rendered":"Alum\u00ednium g\u0151zkamra a h\u0151elvezet\u00e9shez"},"content":{"rendered":"<h2>Term\u00e9kek r\u00e9szletei<\/h2>\n<div class=\"product-table\">\n<div class=\"row\">\n<div class=\"cell label\">CNC megmunk\u00e1l\u00e1s vagy sem<\/div>\n<div class=\"cell value\">Cnc megmunk\u00e1l\u00e1s<\/div>\n<\/div>\n<div class=\"row\">\n<div class=\"cell label\">Anyagi k\u00e9pess\u00e9gek<\/div>\n<div class=\"cell value\">Alum\u00ednium, s\u00e1rgar\u00e9z, bronz, r\u00e9z, edzett f\u00e9mek, nemesf\u00e9mek, rozsdamentes ac\u00e9l, ac\u00e9l\u00f6tv\u00f6zetek, tit\u00e1n alkatr\u00e9szek, tit\u00e1n alkatr\u00e9szek<\/div>\n<\/div>\n<div class=\"row\">\n<div class=\"cell label\">T\u00edpus<\/div>\n<div class=\"cell value\">F\u00far\u00e1s, F\u00far\u00e1s, L\u00e9zermegmunk\u00e1l\u00e1s, L\u00e9zermegmunk\u00e1l\u00e1s, L\u00e9zeres megmunk\u00e1l\u00e1s, Mar\u00e1s, Egy\u00e9b megmunk\u00e1l\u00e1si szolg\u00e1ltat\u00e1sok, Eszterg\u00e1l\u00e1s, Hegeszt\u00e9s \/ k\u00e9miai megmunk\u00e1l\u00e1s, Gyors protot\u00edpusgy\u00e1rt\u00e1s, R\u00e9zs\u00fatol\u00e1s<\/div>\n<\/div>\n<div class=\"row\">\n<div class=\"cell label\">Mikromegmunk\u00e1l\u00e1s vagy sem<\/div>\n<div class=\"cell value\">Mikro megmunk\u00e1l\u00e1s<\/div>\n<\/div>\n<div class=\"row\">\n<div class=\"cell label\">Term\u00e9k neve<\/div>\n<div class=\"cell value\">H\u0171t\u0151borda megmunk\u00e1l\u00e1si szolg\u00e1ltat\u00e1s<\/div>\n<\/div>\n<div class=\"row\">\n<div class=\"cell label\">CNC t\u0171r\u00e9s<\/div>\n<div class=\"cell value\">0.02mm<\/div>\n<\/div>\n<div class=\"row\">\n<div class=\"cell label\">OEM\/ODM<\/div>\n<div class=\"cell value\">Elfogadhat\u00f3<\/div>\n<\/div>\n<div class=\"row\">\n<div class=\"cell label\">Folyamat<\/div>\n<div class=\"cell value\">Cnc megmunk\u00e1l\u00e1s+deburrs<\/div>\n<\/div>\n<div class=\"row\">\n<div class=\"cell label\">Rajzol\u00e1si form\u00e1tum<\/div>\n<div class=\"cell value\">DWG, STP<\/div>\n<\/div>\n<div class=\"row\">\n<div class=\"cell label\">Log\u00f3<\/div>\n<div class=\"cell value\">\u00dcgyf\u00e9l log\u00f3<\/div>\n<\/div>\n<div class=\"row\">\n<div class=\"cell label\">Fel\u00fcletkezel\u00e9s<\/div>\n<div class=\"cell value\">K\u00e9r\u00e9s szerint<\/div>\n<\/div>\n<div class=\"row\">\n<div class=\"cell label\">Csomagol\u00e1s<\/div>\n<div class=\"cell value\">Poly Bag + bels\u0151 doboz + karton<\/div>\n<\/div>\n<div class=\"row\">\n<div class=\"cell label\">Tan\u00fas\u00edt\u00e1s<\/div>\n<div class=\"cell value\">ISO9001:2018\/ROSH<\/div>\n<\/div>\n<div class=\"row\">\n<div class=\"cell label\">MOQ<\/div>\n<div class=\"cell value\">1CS<\/div>\n<\/div>\n<div class=\"row\">\n<div class=\"cell label\">Elad\u00f3 egys\u00e9gek<\/div>\n<div class=\"cell value\">Egyetlen t\u00e9tel<\/div>\n<\/div>\n<div class=\"row\">\n<div class=\"cell label\">Egyetlen csomagm\u00e9ret<\/div>\n<div class=\"cell value\">28X30X25 cm<\/div>\n<\/div>\n<div class=\"row\">\n<div class=\"cell label\">Egyetlen brutt\u00f3 t\u00f6meg<\/div>\n<div class=\"cell value\">1.000 KG<\/div>\n<\/div>\n<\/div>\n<p><\/p>\n<h2>Gy\u00e1rt\u00f3 b\u00e1zisunk<\/h2>\n<h3>Gy\u00e1ri panor\u00e1ma<\/h3>\n<p><img decoding=\"async\" src=\"\/wp-content\/uploads\/factory-01.webp\"\/><\/p>\n<h3>Alum\u00ednium r\u00fadgy\u00e1rt\u00f3 m\u0171hely<\/h3>\n<p><img decoding=\"async\" src=\"\/wp-content\/uploads\/factory-02.webp\"\/><\/p>\n<p><img decoding=\"async\" src=\"\/wp-content\/uploads\/factory-03.webp\"\/><\/p>\n<h3>Pen\u00e9sz rakt\u00e1r<\/h3>\n<p><img decoding=\"async\" src=\"\/wp-content\/uploads\/factory-04.webp\"\/><\/p>\n<h3>43 alum\u00ednium extrud\u00e1l\u00f3 vonal (500-5500 tonna)<\/h3>\n<p><img decoding=\"async\" src=\"\/wp-content\/uploads\/factory-05.webp\"\/><\/p>\n<p><img decoding=\"async\" src=\"\/wp-content\/uploads\/factory-06.webp\"\/><\/p>\n<p><img decoding=\"async\" src=\"\/wp-content\/uploads\/factory-07.webp\"\/><\/p>\n<h3>Porfest\u0151 m\u0171hely<\/h3>\n<p><img decoding=\"async\" src=\"\/wp-content\/uploads\/factory-09.webp\"\/><\/p>\n<h3>Anodiz\u00e1l\u00f3 m\u0171hely<\/h3>\n<p><img decoding=\"async\" src=\"\/wp-content\/uploads\/factory-10.webp\"\/><\/p>\n<h3>M\u00e9ly feldolgoz\u00e1si m\u0171hely<\/h3>\n<p><img decoding=\"async\" src=\"\/wp-content\/uploads\/factory-11.webp\"\/><\/p>\n<h3>CNC prec\u00edzi\u00f3s megmunk\u00e1l\u00f3 m\u0171hely<\/h3>\n<p><img decoding=\"async\" src=\"\/wp-content\/uploads\/factory-11.5.webp\"\/><\/p>\n<h3>K\u00e9szterm\u00e9k \u00e9s export rakt\u00e1r<\/h3>\n<p><img decoding=\"async\" src=\"\/wp-content\/uploads\/factory-12.webp\"\/><\/p>\n<p><img decoding=\"async\" src=\"\/wp-content\/uploads\/factory-13.webp\"\/><\/p>\n<p><img decoding=\"async\" src=\"\/wp-content\/uploads\/factory-14.webp\"\/><\/p>\n<h2>GYIK<\/h2>\n<p><strong>1. Melyek az alum\u00ednium g\u0151zkamra legfontosabb el\u0151nyei?<\/strong><br \/>Az alum\u00ednium g\u0151zkamr\u00e1k optim\u00e1lis h\u0151elvezet\u00e9st \u00e9s k\u00f6nny\u0171 integr\u00e1ci\u00f3t biztos\u00edtanak a k\u00fcl\u00f6nb\u00f6z\u0151 eszk\u00f6z\u00f6k sz\u00e1m\u00e1ra.<\/p>\n<p><strong>2. Az alum\u00ednium p\u00e1rologtat\u00f3 kamra testre szabhat\u00f3 egyedi m\u00e9retekhez?<\/strong><br \/>Igen, testreszab\u00e1si lehet\u0151s\u00e9geket k\u00edn\u00e1lunk az egyedi m\u00e9ret- \u00e9s tervez\u00e9si k\u00f6vetelm\u00e9nyek teljes\u00edt\u00e9s\u00e9hez.<\/p>\n<p><strong>3. Az alum\u00ednium g\u0151zkamra kompatibilis az elektronikus eszk\u00f6z\u00f6kkel?<\/strong><br \/>Abszol\u00fat \u00fagy tervezt\u00e9k \u0151ket, hogy jav\u00edts\u00e1k a h\u0151kezel\u00e9st az elektronikus eszk\u00f6z\u00f6k sz\u00e9les sk\u00e1l\u00e1j\u00e1n.<\/p>\n<p><strong>4. Milyen ipar\u00e1gak sz\u00e1m\u00e1ra el\u0151ny\u00f6s az alum\u00ednium g\u0151zkamr\u00e1k haszn\u00e1lata?<\/strong><br \/>Az olyan ipar\u00e1gak, mint az elektronika, az aut\u00f3ipar \u00e9s a rep\u00fcl\u0151g\u00e9pipar nagy haszn\u00e1t vehetik innovat\u00edv h\u0151elvezet\u00e9si megold\u00e1sainknak.<\/p>\n<p><strong>5. Az alum\u00ednium g\u0151zkamra t\u00e1mogatja a magas h\u0151m\u00e9rs\u00e9klet\u0171 alkalmaz\u00e1sokat?<\/strong><br \/>Igen, \u00fagy tervezt\u00e9k, hogy sz\u00e9les h\u0151m\u00e9rs\u00e9klettartom\u00e1nyban megb\u00edzhat\u00f3 teljes\u00edtm\u00e9nyt ny\u00fajtson.<\/p>\n<p><strong>6. Hogyan j\u00e1rul hozz\u00e1 az alum\u00ednium g\u0151zkamra a k\u00e9sz\u00fcl\u00e9k \u00e9lettartam\u00e1hoz?<\/strong><br \/>Hat\u00e9konyan elvezeti a h\u0151t, megakad\u00e1lyozza a t\u00falmeleged\u00e9st \u00e9s meghosszabb\u00edtja az eszk\u00f6z\u00f6k \u00e9lettartam\u00e1t.<\/p>\n<p><strong>7. Biztos\u00edtanak-e m\u0171szaki t\u00e1mogat\u00e1st a g\u0151zkamr\u00e1k rendszerbe t\u00f6rt\u00e9n\u0151 integr\u00e1l\u00e1s\u00e1hoz?<\/strong><br \/>Igen, szak\u00e9rt\u0151i technikai t\u00e1mogat\u00e1st ny\u00fajtunk a term\u00e9kekbe val\u00f3 z\u00f6kken\u0151mentes integr\u00e1l\u00e1shoz.<\/p>\n<p><\/p>","protected":false},"featured_media":10839,"template":"","categories":[55],"class_list":["post-10941","product","type-product","status-publish","has-post-thumbnail","hentry","category-extruded-aluminum-profiles"],"meta_box":{"hilight_text_group":[{"product_hilight_text":"<li>Highly efficient heat dissipation for critical applications<\/li>\n<li>Lightweight aluminum construction ensures easy integration<\/li>\n<li>Customizable designs to suit specific B2B requirements<\/li>\n<li>Enhances thermal management in electronic devices<\/li>\n<li>Reliable performance across a wide temperature range<\/li>"}],"feature_list":[]},"_links":{"self":[{"href":"https:\/\/sinoextrud.com\/hu\/wp-json\/wp\/v2\/product\/10941","targetHints":{"allow":["GET"]}}],"collection":[{"href":"https:\/\/sinoextrud.com\/hu\/wp-json\/wp\/v2\/product"}],"about":[{"href":"https:\/\/sinoextrud.com\/hu\/wp-json\/wp\/v2\/types\/product"}],"wp:featuredmedia":[{"embeddable":true,"href":"https:\/\/sinoextrud.com\/hu\/wp-json\/wp\/v2\/media\/10839"}],"wp:attachment":[{"href":"https:\/\/sinoextrud.com\/hu\/wp-json\/wp\/v2\/media?parent=10941"}],"wp:term":[{"taxonomy":"category","embeddable":true,"href":"https:\/\/sinoextrud.com\/hu\/wp-json\/wp\/v2\/categories?post=10941"}],"curies":[{"name":"wp","href":"https:\/\/api.w.org\/{rel}","templated":true}]}}