{"id":10937,"date":"2025-08-01T03:13:56","date_gmt":"2025-08-01T03:13:56","guid":{"rendered":"https:\/\/sinoextrud.com\/product\/aluminum-led-heat-sink-for-lighting-fixtures\/"},"modified":"2025-08-01T03:13:56","modified_gmt":"2025-08-01T03:13:56","slug":"aluminium-led-hutoborda-vilagitotestekhez","status":"publish","type":"product","link":"https:\/\/sinoextrud.com\/hu\/product\/aluminum-led-heat-sink-for-lighting-fixtures\/","title":{"rendered":"Alum\u00ednium LED h\u0171t\u0151borda vil\u00e1g\u00edt\u00f3testekhez"},"content":{"rendered":"<h2>Term\u00e9kek r\u00e9szletei<\/h2>\n<div class=\"product-table\">\n<div class=\"row\">\n<div class=\"cell label\">Fokozat<\/div>\n<div class=\"cell value\">6000-es sorozat<\/div>\n<\/div>\n<div class=\"row\">\n<div class=\"cell label\">Tolerancia<\/div>\n<div class=\"cell value\">\u00c2\u00b11%<\/div>\n<\/div>\n<div class=\"row\">\n<div class=\"cell label\">Sz\u00e1ll\u00edt\u00e1si id\u0151<\/div>\n<div class=\"cell value\">22-30 nap<\/div>\n<\/div>\n<div class=\"row\">\n<div class=\"cell label\">Temper<\/div>\n<div class=\"cell value\">T3-T8<\/div>\n<\/div>\n<div class=\"row\">\n<div class=\"cell label\">Alkalmaz\u00e1s<\/div>\n<div class=\"cell value\">Alum\u00ednium h\u0171t\u0151borda a ledes f\u00e9nyhez<\/div>\n<\/div>\n<div class=\"row\">\n<div class=\"cell label\">Shape<\/div>\n<div class=\"cell value\">Kerek<\/div>\n<\/div>\n<div class=\"row\">\n<div class=\"cell label\">\u00d6tv\u00f6zet vagy sem<\/div>\n<div class=\"cell value\">Az \u00f6tv\u00f6zet<\/div>\n<\/div>\n<div class=\"row\">\n<div class=\"cell label\">Feldolgoz\u00f3 szolg\u00e1ltat\u00e1s<\/div>\n<div class=\"cell value\">Hajl\u00edt\u00e1s, tekercsel\u00e9s, hegeszt\u00e9s, lyukaszt\u00e1s, v\u00e1g\u00e1s<\/div>\n<\/div>\n<div class=\"row\">\n<div class=\"cell label\">Term\u00e9k neve<\/div>\n<div class=\"cell value\">Alum\u00ednium extrud\u00e1lt h\u0171t\u0151borda<\/div>\n<\/div>\n<div class=\"row\">\n<div class=\"cell label\">Fel\u00fcletkezel\u00e9s<\/div>\n<div class=\"cell value\">Fekete elox\u00e1l\u00e1s<\/div>\n<\/div>\n<div class=\"row\">\n<div class=\"cell label\">MOQ<\/div>\n<div class=\"cell value\">100db<\/div>\n<\/div>\n<div class=\"row\">\n<div class=\"cell label\">Tan\u00fas\u00edt\u00e1s<\/div>\n<div class=\"cell value\">ISO9001:2008<\/div>\n<\/div>\n<div class=\"row\">\n<div class=\"cell label\">Sz\u00ednes<\/div>\n<div class=\"cell value\">Fekete<\/div>\n<\/div>\n<div class=\"row\">\n<div class=\"cell label\">Folyamat<\/div>\n<div class=\"cell value\">CNC, extrud\u00e1l\u00e1s stb.<\/div>\n<\/div>\n<div class=\"row\">\n<div class=\"cell label\">Csomagol\u00e1s<\/div>\n<div class=\"cell value\">Bels\u0151 pp t\u00e1ska k\u00fcls\u0151 fa tok<\/div>\n<\/div>\n<div class=\"row\">\n<div class=\"cell label\">Jellemz\u0151<\/div>\n<div class=\"cell value\">K\u00f6nny\u0171 s\u00faly, \u00e9s nagy hat\u00e9konys\u00e1g\u00fa sug\u00e1rz\u00e1s<\/div>\n<\/div>\n<div class=\"row\">\n<div class=\"cell label\">OEM szolg\u00e1ltat\u00e1s<\/div>\n<div class=\"cell value\">Igen<\/div>\n<\/div>\n<div class=\"row\">\n<div class=\"cell label\">M\u00e9ret<\/div>\n<div class=\"cell value\">Custom<\/div>\n<\/div>\n<div class=\"row\">\n<div class=\"cell label\">Elad\u00f3 egys\u00e9gek<\/div>\n<div class=\"cell value\">Egyetlen t\u00e9tel<\/div>\n<\/div>\n<div class=\"row\">\n<div class=\"cell label\">Egyetlen csomagm\u00e9ret<\/div>\n<div class=\"cell value\">5X5X5 cm<\/div>\n<\/div>\n<div class=\"row\">\n<div class=\"cell label\">Egyetlen brutt\u00f3 t\u00f6meg<\/div>\n<div class=\"cell value\">0.500 KG<\/div>\n<\/div>\n<\/div>\n<p><\/p>\n<h2>Gy\u00e1rt\u00f3 b\u00e1zisunk<\/h2>\n<h3>Gy\u00e1ri panor\u00e1ma<\/h3>\n<p><img decoding=\"async\" src=\"\/wp-content\/uploads\/factory-01.webp\"\/><\/p>\n<h3>Alum\u00ednium r\u00fadgy\u00e1rt\u00f3 m\u0171hely<\/h3>\n<p><img decoding=\"async\" src=\"\/wp-content\/uploads\/factory-02.webp\"\/><\/p>\n<p><img decoding=\"async\" src=\"\/wp-content\/uploads\/factory-03.webp\"\/><\/p>\n<h3>Pen\u00e9sz rakt\u00e1r<\/h3>\n<p><img decoding=\"async\" src=\"\/wp-content\/uploads\/factory-04.webp\"\/><\/p>\n<h3>43 alum\u00ednium extrud\u00e1l\u00f3 vonal (500-5500 tonna)<\/h3>\n<p><img decoding=\"async\" src=\"\/wp-content\/uploads\/factory-05.webp\"\/><\/p>\n<p><img decoding=\"async\" src=\"\/wp-content\/uploads\/factory-06.webp\"\/><\/p>\n<p><img decoding=\"async\" src=\"\/wp-content\/uploads\/factory-07.webp\"\/><\/p>\n<h3>Porfest\u0151 m\u0171hely<\/h3>\n<p><img decoding=\"async\" src=\"\/wp-content\/uploads\/factory-09.webp\"\/><\/p>\n<h3>Anodiz\u00e1l\u00f3 m\u0171hely<\/h3>\n<p><img decoding=\"async\" src=\"\/wp-content\/uploads\/factory-10.webp\"\/><\/p>\n<h3>M\u00e9ly feldolgoz\u00e1si m\u0171hely<\/h3>\n<p><img decoding=\"async\" src=\"\/wp-content\/uploads\/factory-11.webp\"\/><\/p>\n<h3>CNC prec\u00edzi\u00f3s megmunk\u00e1l\u00f3 m\u0171hely<\/h3>\n<p><img decoding=\"async\" src=\"\/wp-content\/uploads\/factory-11.5.webp\"\/><\/p>\n<h3>K\u00e9szterm\u00e9k \u00e9s export rakt\u00e1r<\/h3>\n<p><img decoding=\"async\" src=\"\/wp-content\/uploads\/factory-12.webp\"\/><\/p>\n<p><img decoding=\"async\" src=\"\/wp-content\/uploads\/factory-13.webp\"\/><\/p>\n<p><img decoding=\"async\" src=\"\/wp-content\/uploads\/factory-14.webp\"\/><\/p>\n<h2>GYIK<\/h2>\n<p><strong>1. Milyen anyagb\u00f3l k\u00e9sz\u00fclt az alum\u00ednium LED h\u0171t\u0151borda?<\/strong><br \/>A h\u0171t\u0151borda kiv\u00e1l\u00f3 min\u0151s\u00e9g\u0171 alum\u00edniumb\u00f3l k\u00e9sz\u00fclt, amely k\u00f6nny\u0171 \u00e9s korr\u00f3zi\u00f3\u00e1ll\u00f3.<\/p>\n<p><strong>2. Hogyan jav\u00edtja az alum\u00ednium LED h\u0171t\u0151borda a LED teljes\u00edtm\u00e9ny\u00e9t?<\/strong><br \/>Hat\u00e9konyan vezeti el a h\u0151t, n\u00f6velve a LED-rendszerek \u00e9lettartam\u00e1t \u00e9s teljes\u00edtm\u00e9ny\u00e9t.<\/p>\n<p><strong>3. Az alum\u00ednium LED h\u0171t\u0151borda testre szabhat\u00f3?<\/strong><br \/>Igen, m\u00e9retben, alakban \u00e9s kivitelben testre szabhat\u00f3, hogy megfeleljen az adott projekt k\u00f6vetelm\u00e9nyeinek.<\/p>\n<p><strong>4. Alkalmas-e az alum\u00ednium LED h\u0171t\u0151borda kem\u00e9ny k\u00f6rnyezethez?<\/strong><br \/>Igen, robusztus alum\u00edniumszerkezete ide\u00e1lis a k\u00fcl\u00f6nb\u00f6z\u0151 kih\u00edv\u00e1st jelent\u0151 k\u00f6rnyezetekben val\u00f3 haszn\u00e1latra.<\/p>\n<p><strong>5. Milyen el\u0151ny\u00f6kkel j\u00e1r az alum\u00ednium haszn\u00e1lata a LED h\u0171t\u0151bord\u00e1khoz?<\/strong><br \/>Az alum\u00ednium kiv\u00e1l\u00f3 h\u0151vezet\u0151 k\u00e9pess\u00e9get biztos\u00edt, \u00e9s k\u00f6lts\u00e9ghat\u00e9kony a nagy\u00fczemi gy\u00e1rt\u00e1shoz.<\/p>\n<p><strong>6. K\u00edn\u00e1l tervez\u00e9si t\u00e1mogat\u00e1st egyedi h\u0171t\u0151borda-projektekhez?<\/strong><br \/>Igen, tervez\u00e9si seg\u00edts\u00e9get ny\u00fajtunk szem\u00e9lyre szabott h\u0151technikai megold\u00e1sok l\u00e9trehoz\u00e1s\u00e1hoz.<\/p>\n<p><strong>7. Az alum\u00ednium LED h\u0171t\u0151bord\u00e1k nagy megrendel\u00e9seit el lehet l\u00e1tni?<\/strong><br \/>Igen, t\u00e1mogatjuk a t\u00f6meges megrendel\u00e9seket, \u00e9s versenyk\u00e9pes \u00e1rakat biztos\u00edtunk nagy mennyis\u00e9gek eset\u00e9n.<\/p>\n<p><\/p>","protected":false},"featured_media":10829,"template":"","categories":[72],"class_list":["post-10937","product","type-product","status-publish","has-post-thumbnail","hentry","category-extruded-aluminum-heatsink"],"meta_box":{"hilight_text_group":[{"product_hilight_text":"<li>Efficient thermal management for LED lighting systems<\/li>\n<li>Customizable to fit specific LED applications<\/li>\n<li>Lightweight and corrosion-resistant aluminum construction<\/li>\n<li>Designed for optimal heat dissipation in compact spaces<\/li>\n<li>Available in various sizes and finishes for B2B customers<\/li>"}],"feature_list":[]},"_links":{"self":[{"href":"https:\/\/sinoextrud.com\/hu\/wp-json\/wp\/v2\/product\/10937","targetHints":{"allow":["GET"]}}],"collection":[{"href":"https:\/\/sinoextrud.com\/hu\/wp-json\/wp\/v2\/product"}],"about":[{"href":"https:\/\/sinoextrud.com\/hu\/wp-json\/wp\/v2\/types\/product"}],"wp:featuredmedia":[{"embeddable":true,"href":"https:\/\/sinoextrud.com\/hu\/wp-json\/wp\/v2\/media\/10829"}],"wp:attachment":[{"href":"https:\/\/sinoextrud.com\/hu\/wp-json\/wp\/v2\/media?parent=10937"}],"wp:term":[{"taxonomy":"category","embeddable":true,"href":"https:\/\/sinoextrud.com\/hu\/wp-json\/wp\/v2\/categories?post=10937"}],"curies":[{"name":"wp","href":"https:\/\/api.w.org\/{rel}","templated":true}]}}