{"id":10936,"date":"2025-08-01T03:13:46","date_gmt":"2025-08-01T03:13:46","guid":{"rendered":"https:\/\/sinoextrud.com\/product\/cnc-machining-aluminum-heatsink-for-custom-projects\/"},"modified":"2025-08-01T03:13:46","modified_gmt":"2025-08-01T03:13:46","slug":"cnc-megmunkalas-aluminium-hutoborda-egyedi-projektekhez","status":"publish","type":"product","link":"https:\/\/sinoextrud.com\/hu\/product\/cnc-machining-aluminum-heatsink-for-custom-projects\/","title":{"rendered":"CNC megmunk\u00e1l\u00f3 alum\u00ednium h\u0171t\u0151borda egyedi projektekhez"},"content":{"rendered":"<h2>Term\u00e9kek r\u00e9szletei<\/h2>\n<div class=\"product-table\">\n<div class=\"row\">\n<div class=\"cell label\">Fel\u00fcletkezel\u00e9s<\/div>\n<div class=\"cell value\">elox\u00e1lni<\/div>\n<\/div>\n<div class=\"row\">\n<div class=\"cell label\">Shape<\/div>\n<div class=\"cell value\">kerek<\/div>\n<\/div>\n<div class=\"row\">\n<div class=\"cell label\">Test anyaga<\/div>\n<div class=\"cell value\">Alum\u00ednium \u00f6tv\u00f6zet<\/div>\n<\/div>\n<div class=\"row\">\n<div class=\"cell label\">Vil\u00e1g\u00edt\u00e1si megold\u00e1sok szolg\u00e1ltat\u00e1s<\/div>\n<div class=\"cell value\">automatikus CAD elrendez\u00e9s<\/div>\n<\/div>\n<div class=\"row\">\n<div class=\"cell label\">F\u00e9nyer\u0151ss\u00e9g (lm\/w)<\/div>\n<div class=\"cell value\">100<\/div>\n<\/div>\n<div class=\"row\">\n<div class=\"cell label\">Garancia (\u00e9v)<\/div>\n<div class=\"cell value\">1 \u00e9v<\/div>\n<\/div>\n<div class=\"row\">\n<div class=\"cell label\">Folyamat<\/div>\n<div class=\"cell value\">CNC megmunk\u00e1l\u00e1s<\/div>\n<\/div>\n<div class=\"row\">\n<div class=\"cell label\">IP-besorol\u00e1s<\/div>\n<div class=\"cell value\">ip55<\/div>\n<\/div>\n<div class=\"row\">\n<div class=\"cell label\">Karossz\u00e9ria sz\u00edne<\/div>\n<div class=\"cell value\">Fekete<\/div>\n<\/div>\n<div class=\"row\">\n<div class=\"cell label\">Alkatr\u00e9sz neve<\/div>\n<div class=\"cell value\">Egyedi alum\u00ednium h\u0171t\u0151borda elektromos motorhoz<\/div>\n<\/div>\n<div class=\"row\">\n<div class=\"cell label\">MOQ<\/div>\n<div class=\"cell value\">100 darab<\/div>\n<\/div>\n<div class=\"row\">\n<div class=\"cell label\">\u00c1tfut\u00e1si id\u0151<\/div>\n<div class=\"cell value\">Minta: Gy\u00e1rt\u00e1s: 3-5 nap; Gy\u00e1rt\u00e1s: 3-5 nap: Gy\u00e1rt\u00e1s: 10-20 nap.<\/div>\n<\/div>\n<div class=\"row\">\n<div class=\"cell label\">Kereskedelmi felt\u00e9telek<\/div>\n<div class=\"cell value\">EXW \/ FOB \/ CIF<\/div>\n<\/div>\n<div class=\"row\">\n<div class=\"cell label\">Rajzol\u00e1si form\u00e1tum<\/div>\n<div class=\"cell value\">.pdf \/ .dwg \/ .igs \/ .stp \/ x_t.<\/div>\n<\/div>\n<div class=\"row\">\n<div class=\"cell label\">Fizet\u00e9si felt\u00e9telek<\/div>\n<div class=\"cell value\">30% desposite, 70% sz\u00e1ll\u00edt\u00e1s el\u0151tt<\/div>\n<\/div>\n<div class=\"row\">\n<div class=\"cell label\">Min\u0151s\u00e9gellen\u0151rz\u00e9s<\/div>\n<div class=\"cell value\">100% sz\u00e1ll\u00edt\u00e1s el\u0151tti ellen\u0151rz\u00e9s<\/div>\n<\/div>\n<div class=\"row\">\n<div class=\"cell label\">Csomagol\u00e1s<\/div>\n<div class=\"cell value\">Szabv\u00e1nyos exportkarton raklappal<\/div>\n<\/div>\n<div class=\"row\">\n<div class=\"cell label\">Sz\u00e1ll\u00edt\u00e1si felt\u00e9telek<\/div>\n<div class=\"cell value\">Expressz \/L\u00e9gi sz\u00e1ll\u00edtm\u00e1nyoz\u00e1s \/ Tengeri sz\u00e1ll\u00edtm\u00e1nyoz\u00e1s<\/div>\n<\/div>\n<div class=\"row\">\n<div class=\"cell label\">T\u00edpus<\/div>\n<div class=\"cell value\">H\u0151elnyel\u0151k<\/div>\n<\/div>\n<div class=\"row\">\n<div class=\"cell label\">Elad\u00f3 egys\u00e9gek<\/div>\n<div class=\"cell value\">Egyetlen t\u00e9tel<\/div>\n<\/div>\n<div class=\"row\">\n<div class=\"cell label\">Egyetlen csomagm\u00e9ret<\/div>\n<div class=\"cell value\">8X5X6 cm<\/div>\n<\/div>\n<div class=\"row\">\n<div class=\"cell label\">Egyetlen brutt\u00f3 t\u00f6meg<\/div>\n<div class=\"cell value\">1.000 KG<\/div>\n<\/div>\n<\/div>\n<p><\/p>\n<h2>Gy\u00e1rt\u00f3 b\u00e1zisunk<\/h2>\n<h3>Gy\u00e1ri panor\u00e1ma<\/h3>\n<p><img decoding=\"async\" src=\"\/wp-content\/uploads\/factory-01.webp\"\/><\/p>\n<h3>Alum\u00ednium r\u00fadgy\u00e1rt\u00f3 m\u0171hely<\/h3>\n<p><img decoding=\"async\" src=\"\/wp-content\/uploads\/factory-02.webp\"\/><\/p>\n<p><img decoding=\"async\" src=\"\/wp-content\/uploads\/factory-03.webp\"\/><\/p>\n<h3>Pen\u00e9sz rakt\u00e1r<\/h3>\n<p><img decoding=\"async\" src=\"\/wp-content\/uploads\/factory-04.webp\"\/><\/p>\n<h3>43 alum\u00ednium extrud\u00e1l\u00f3 vonal (500-5500 tonna)<\/h3>\n<p><img decoding=\"async\" src=\"\/wp-content\/uploads\/factory-05.webp\"\/><\/p>\n<p><img decoding=\"async\" src=\"\/wp-content\/uploads\/factory-06.webp\"\/><\/p>\n<p><img decoding=\"async\" src=\"\/wp-content\/uploads\/factory-07.webp\"\/><\/p>\n<h3>Porfest\u0151 m\u0171hely<\/h3>\n<p><img decoding=\"async\" src=\"\/wp-content\/uploads\/factory-09.webp\"\/><\/p>\n<h3>Anodiz\u00e1l\u00f3 m\u0171hely<\/h3>\n<p><img decoding=\"async\" src=\"\/wp-content\/uploads\/factory-10.webp\"\/><\/p>\n<h3>M\u00e9ly feldolgoz\u00e1si m\u0171hely<\/h3>\n<p><img decoding=\"async\" src=\"\/wp-content\/uploads\/factory-11.webp\"\/><\/p>\n<h3>CNC prec\u00edzi\u00f3s megmunk\u00e1l\u00f3 m\u0171hely<\/h3>\n<p><img decoding=\"async\" src=\"\/wp-content\/uploads\/factory-11.5.webp\"\/><\/p>\n<h3>K\u00e9szterm\u00e9k \u00e9s export rakt\u00e1r<\/h3>\n<p><img decoding=\"async\" src=\"\/wp-content\/uploads\/factory-12.webp\"\/><\/p>\n<p><img decoding=\"async\" src=\"\/wp-content\/uploads\/factory-13.webp\"\/><\/p>\n<p><img decoding=\"async\" src=\"\/wp-content\/uploads\/factory-14.webp\"\/><\/p>\n<h2>GYIK<\/h2>\n<p><strong>1. Milyen el\u0151ny\u00f6kkel j\u00e1r az alum\u00ednium h\u0171t\u0151bord\u00e1k haszn\u00e1lata?<\/strong><br \/>Az alum\u00ednium kiv\u00e1l\u00f3 h\u0151vezet\u0151 k\u00e9pess\u00e9ggel rendelkezik \u00e9s k\u00f6nny\u0171, \u00edgy ide\u00e1lis h\u0171t\u0151bord\u00e1khoz.<\/p>\n<p><strong>2. A CNC megmunk\u00e1l\u00f3 alum\u00ednium h\u0171t\u0151borda testre szabhat\u00f3 a mi specifik\u00e1ci\u00f3ink szerint?<\/strong><br \/>Igen, m\u00e9retben, form\u00e1ban \u00e9s kialak\u00edt\u00e1sban testreszab\u00e1st k\u00edn\u00e1lunk, hogy megfeleljen az \u00d6n egyedi ig\u00e9nyeinek.<\/p>\n<p><strong>3. Ez a term\u00e9k minden elektronikus eszk\u00f6zzel kompatibilis?<\/strong><br \/>A h\u0171t\u0151borda az elektronikus alkatr\u00e9szek sz\u00e9les sk\u00e1l\u00e1j\u00e1hoz igaz\u00edthat\u00f3. K\u00e9rj\u00fck, adja meg az eszk\u00f6z specifik\u00e1ci\u00f3it a kompatibilit\u00e1s \u00e9rdek\u00e9ben.<\/p>\n<p><strong>4. Mennyi a gy\u00e1rt\u00e1s tipikus \u00e1tfut\u00e1si ideje?<\/strong><br \/>Az \u00e1tfut\u00e1si id\u0151 a megrendel\u00e9s m\u00e9ret\u00e9t\u0151l \u00e9s a testreszab\u00e1st\u00f3l f\u00fcgg\u0151en v\u00e1ltozik, de \u00e1ltal\u00e1ban 2-4 h\u00e9t k\u00f6z\u00f6tt mozog.<\/p>\n<p><strong>5. Adnak mint\u00e1kat a CNC megmunk\u00e1l\u00f3 alum\u00ednium h\u0171t\u0151bord\u00e1b\u00f3l?<\/strong><br \/>Igen, k\u00e9r\u00e9sre mint\u00e1kat biztos\u00edtunk a min\u0151s\u00e9g \u00e9s a megfelel\u0151s\u00e9g biztos\u00edt\u00e1sa \u00e9rdek\u00e9ben.<\/p>\n<p><strong>6. Alkalmas-e az alum\u00ednium h\u0171t\u0151bord\u00e1k nagy ig\u00e9nybev\u00e9tel\u0171 alkalmaz\u00e1sokhoz?<\/strong><br \/>Igen, alum\u00ednium h\u0171t\u0151bord\u00e1inkat standard \u00e9s nagy ig\u00e9nybev\u00e9tel\u0171 alkalmaz\u00e1sokhoz egyar\u00e1nt tervezt\u00fck, kiv\u00e1l\u00f3 tart\u00f3ss\u00e1ggal.<\/p>\n<p><strong>7. A term\u00e9khez el\u00e9rhet\u0151 nemzetk\u00f6zi sz\u00e1ll\u00edt\u00e1s?<\/strong><br \/>Igen, t\u00e1mogatjuk a nemzetk\u00f6zi sz\u00e1ll\u00edt\u00e1st, \u00e9s minden sz\u00fcks\u00e9ges dokument\u00e1ci\u00f3t biztos\u00edtunk a z\u00f6kken\u0151mentes sz\u00e1ll\u00edt\u00e1si folyamathoz.<\/p>\n<p><\/p>","protected":false},"featured_media":10842,"template":"","categories":[72],"class_list":["post-10936","product","type-product","status-publish","has-post-thumbnail","hentry","category-extruded-aluminum-heatsink"],"meta_box":{"hilight_text_group":[{"product_hilight_text":"<li>Optimized thermal performance for electronic components<\/li>\n<li>Customizable dimensions and designs for B2B needs<\/li>\n<li>High precision and quality through CNC machining<\/li>\n<li>Competitive pricing for bulk orders with flexible MOQ<\/li>\n<li>Lightweight and durable aluminum construction<\/li>"}],"feature_list":[]},"_links":{"self":[{"href":"https:\/\/sinoextrud.com\/hu\/wp-json\/wp\/v2\/product\/10936","targetHints":{"allow":["GET"]}}],"collection":[{"href":"https:\/\/sinoextrud.com\/hu\/wp-json\/wp\/v2\/product"}],"about":[{"href":"https:\/\/sinoextrud.com\/hu\/wp-json\/wp\/v2\/types\/product"}],"wp:featuredmedia":[{"embeddable":true,"href":"https:\/\/sinoextrud.com\/hu\/wp-json\/wp\/v2\/media\/10842"}],"wp:attachment":[{"href":"https:\/\/sinoextrud.com\/hu\/wp-json\/wp\/v2\/media?parent=10936"}],"wp:term":[{"taxonomy":"category","embeddable":true,"href":"https:\/\/sinoextrud.com\/hu\/wp-json\/wp\/v2\/categories?post=10936"}],"curies":[{"name":"wp","href":"https:\/\/api.w.org\/{rel}","templated":true}]}}