{"id":10935,"date":"2025-08-01T03:13:27","date_gmt":"2025-08-01T03:13:27","guid":{"rendered":"https:\/\/sinoextrud.com\/product\/aluminum-heatsink-power-box-for-outdoor-use\/"},"modified":"2025-08-01T03:13:27","modified_gmt":"2025-08-01T03:13:27","slug":"aluminium-hutoborda-tapegyseg-kulteri-hasznalatra","status":"publish","type":"product","link":"https:\/\/sinoextrud.com\/hu\/product\/aluminum-heatsink-power-box-for-outdoor-use\/","title":{"rendered":"Alum\u00ednium h\u0171t\u0151borda Power Box k\u00fclt\u00e9ri haszn\u00e1latra"},"content":{"rendered":"<h2>Term\u00e9kek r\u00e9szletei<\/h2>\n<div class=\"product-table\">\n<div class=\"row\">\n<div class=\"cell label\">v\u00e9delmi oszt\u00e1ly<\/div>\n<div class=\"cell value\">IP67-68<\/div>\n<\/div>\n<div class=\"row\">\n<div class=\"cell label\">Anyag<\/div>\n<div class=\"cell value\">ALSI12 \/ ADC12<\/div>\n<\/div>\n<div class=\"row\">\n<div class=\"cell label\">\u00fct\u00e9s\u00e1ll\u00f3s\u00e1g<\/div>\n<div class=\"cell value\">IK08<\/div>\n<\/div>\n<div class=\"row\">\n<div class=\"cell label\">h\u0151m\u00e9rs\u00e9klet-tartom\u00e1ny haszn\u00e1lata<\/div>\n<div class=\"cell value\">-40\u2103-120\u2103<\/div>\n<\/div>\n<div class=\"row\">\n<div class=\"cell label\">Fel\u00fcletkezel\u00e9s<\/div>\n<div class=\"cell value\">Power Coating<\/div>\n<\/div>\n<div class=\"row\">\n<div class=\"cell label\">Alkalmaz\u00e1s<\/div>\n<div class=\"cell value\">Elektronika<\/div>\n<\/div>\n<div class=\"row\">\n<div class=\"cell label\">Folyamat<\/div>\n<div class=\"cell value\">\u00f6nt\u00e9s+megmunk\u00e1l\u00e1s+fel\u00fcletkezel\u00e9s<\/div>\n<\/div>\n<div class=\"row\">\n<div class=\"cell label\">Min\u0151s\u00e9gellen\u0151rz\u00e9s<\/div>\n<div class=\"cell value\">100% Ellen\u0151rz\u00f6tt \/ISO9001 rendszer<\/div>\n<\/div>\n<div class=\"row\">\n<div class=\"cell label\">Szolg\u00e1ltat\u00e1s<\/div>\n<div class=\"cell value\">Egyablakos testreszabott szolg\u00e1ltat\u00e1s<\/div>\n<\/div>\n<div class=\"row\">\n<div class=\"cell label\">Elad\u00f3 egys\u00e9gek<\/div>\n<div class=\"cell value\">Egyetlen t\u00e9tel<\/div>\n<\/div>\n<div class=\"row\">\n<div class=\"cell label\">Egyetlen csomagm\u00e9ret<\/div>\n<div class=\"cell value\">50X40X20 cm<\/div>\n<\/div>\n<div class=\"row\">\n<div class=\"cell label\">Egyetlen brutt\u00f3 t\u00f6meg<\/div>\n<div class=\"cell value\">18.000 KG<\/div>\n<\/div>\n<\/div>\n<p><\/p>\n<h2>Gy\u00e1rt\u00f3 b\u00e1zisunk<\/h2>\n<h3>Gy\u00e1ri panor\u00e1ma<\/h3>\n<p><img decoding=\"async\" src=\"\/wp-content\/uploads\/factory-01.webp\"\/><\/p>\n<h3>Alum\u00ednium r\u00fadgy\u00e1rt\u00f3 m\u0171hely<\/h3>\n<p><img decoding=\"async\" src=\"\/wp-content\/uploads\/factory-02.webp\"\/><\/p>\n<p><img decoding=\"async\" src=\"\/wp-content\/uploads\/factory-03.webp\"\/><\/p>\n<h3>Pen\u00e9sz rakt\u00e1r<\/h3>\n<p><img decoding=\"async\" src=\"\/wp-content\/uploads\/factory-04.webp\"\/><\/p>\n<h3>43 alum\u00ednium extrud\u00e1l\u00f3 vonal (500-5500 tonna)<\/h3>\n<p><img decoding=\"async\" src=\"\/wp-content\/uploads\/factory-05.webp\"\/><\/p>\n<p><img decoding=\"async\" src=\"\/wp-content\/uploads\/factory-06.webp\"\/><\/p>\n<p><img decoding=\"async\" src=\"\/wp-content\/uploads\/factory-07.webp\"\/><\/p>\n<h3>Porfest\u0151 m\u0171hely<\/h3>\n<p><img decoding=\"async\" src=\"\/wp-content\/uploads\/factory-09.webp\"\/><\/p>\n<h3>Anodiz\u00e1l\u00f3 m\u0171hely<\/h3>\n<p><img decoding=\"async\" src=\"\/wp-content\/uploads\/factory-10.webp\"\/><\/p>\n<h3>M\u00e9ly feldolgoz\u00e1si m\u0171hely<\/h3>\n<p><img decoding=\"async\" src=\"\/wp-content\/uploads\/factory-11.webp\"\/><\/p>\n<h3>CNC prec\u00edzi\u00f3s megmunk\u00e1l\u00f3 m\u0171hely<\/h3>\n<p><img decoding=\"async\" src=\"\/wp-content\/uploads\/factory-11.5.webp\"\/><\/p>\n<h3>K\u00e9szterm\u00e9k \u00e9s export rakt\u00e1r<\/h3>\n<p><img decoding=\"async\" src=\"\/wp-content\/uploads\/factory-12.webp\"\/><\/p>\n<p><img decoding=\"async\" src=\"\/wp-content\/uploads\/factory-13.webp\"\/><\/p>\n<p><img decoding=\"async\" src=\"\/wp-content\/uploads\/factory-14.webp\"\/><\/p>\n<h2>GYIK<\/h2>\n<p><strong>1. Mi a f\u0151 funkci\u00f3ja az alum\u00ednium h\u0171t\u0151borda t\u00e1pegys\u00e9gnek?<\/strong><br \/>Els\u0151dleges feladata az elektronikus alkatr\u00e9szek h\u0151j\u00e9nek hat\u00e9kony elvezet\u00e9se a t\u00falmeleged\u00e9s megel\u0151z\u00e9se \u00e9rdek\u00e9ben.<\/p>\n<p><strong>2. Az alum\u00ednium h\u0171t\u0151borda Power Box m\u00e9retre \u00e9s alakra szabhat\u00f3?<\/strong><br \/>Igen, a testreszab\u00e1s az \u00fcgyf\u00e9l egyedi ig\u00e9nyeihez igaz\u00edthat\u00f3.<\/p>\n<p><strong>3. Alkalmas-e az alum\u00ednium h\u0171t\u0151borda t\u00e1pegys\u00e9g k\u00fclt\u00e9ri haszn\u00e1latra?<\/strong><br \/>Igen, \u00fagy tervezt\u00e9k, hogy ellen\u00e1lljon a k\u00fcl\u00f6nb\u00f6z\u0151 k\u00f6rnyezeti felt\u00e9teleknek, de az optim\u00e1lis \u00e9lettartam \u00e9rdek\u00e9ben v\u00e9dett helyen kell tartani.<\/p>\n<p><strong>4. Mennyi az alum\u00ednium h\u0171t\u0151bord\u00e1s t\u00e1pegys\u00e9gek tipikus \u00e9lettartama?<\/strong><br \/>Megfelel\u0151 haszn\u00e1lat mellett hossz\u00fa t\u00e1v\u00fa tart\u00f3ss\u00e1got biztos\u00edt robusztus alum\u00edniumszerkezet\u00e9nek k\u00f6sz\u00f6nhet\u0151en.<\/p>\n<p><strong>5. T\u00e1mogatja ez a term\u00e9k a nagy teljes\u00edtm\u00e9ny\u0171 alkalmaz\u00e1sokat?<\/strong><br \/>Igen, hat\u00e9konyan kezeli a h\u0151t a nagy teljes\u00edtm\u00e9ny\u0171 elektronikus berendez\u00e9sekben.<\/p>\n<p><strong>6. Hogyan j\u00e1rul hozz\u00e1 az alum\u00ednium a Power Box hat\u00e9konys\u00e1g\u00e1hoz?<\/strong><br \/>Az alum\u00ednium kiv\u00e1l\u00f3 h\u0151vezet\u0151 k\u00e9pess\u00e9ggel rendelkezik, \u00edgy ide\u00e1lis a h\u0151elvezet\u00e9shez.<\/p>\n<p><strong>7. Vannak olyan ipar\u00e1gak, amelyek a legink\u00e1bb profit\u00e1lnak ebb\u0151l a term\u00e9kb\u0151l?<\/strong><br \/>Igen, az olyan ipar\u00e1gak, mint az elektronika, az aut\u00f3ipar \u00e9s a t\u00e1vk\u00f6zl\u00e9s gyakran haszn\u00e1lj\u00e1k a megb\u00edzhat\u00f3 h\u0151kezel\u00e9s miatt.<\/p>\n<p><\/p>","protected":false},"featured_media":10766,"template":"","categories":[68],"class_list":["post-10935","product","type-product","status-publish","has-post-thumbnail","hentry","category-cnc-machining-aluminum-profile"],"meta_box":{"hilight_text_group":[{"product_hilight_text":"<li>High thermal conductivity for effective heat dissipation<\/li>\n<li>Constructed with lightweight and durable aluminum material<\/li>\n<li>Ideal for various electronic and industrial applications<\/li>\n<li>Compatible with a wide range of power electronics<\/li>\n<li>Customizable design to fit specific client requirements<\/li>"}],"feature_list":[]},"_links":{"self":[{"href":"https:\/\/sinoextrud.com\/hu\/wp-json\/wp\/v2\/product\/10935","targetHints":{"allow":["GET"]}}],"collection":[{"href":"https:\/\/sinoextrud.com\/hu\/wp-json\/wp\/v2\/product"}],"about":[{"href":"https:\/\/sinoextrud.com\/hu\/wp-json\/wp\/v2\/types\/product"}],"wp:featuredmedia":[{"embeddable":true,"href":"https:\/\/sinoextrud.com\/hu\/wp-json\/wp\/v2\/media\/10766"}],"wp:attachment":[{"href":"https:\/\/sinoextrud.com\/hu\/wp-json\/wp\/v2\/media?parent=10935"}],"wp:term":[{"taxonomy":"category","embeddable":true,"href":"https:\/\/sinoextrud.com\/hu\/wp-json\/wp\/v2\/categories?post=10935"}],"curies":[{"name":"wp","href":"https:\/\/api.w.org\/{rel}","templated":true}]}}