{"id":10934,"date":"2025-08-01T03:13:25","date_gmt":"2025-08-01T03:13:25","guid":{"rendered":"https:\/\/sinoextrud.com\/product\/cnc-aluminum-heatsink-for-electronic-devices\/"},"modified":"2025-08-01T03:13:25","modified_gmt":"2025-08-01T03:13:25","slug":"cnc-aluminium-hutoborda-elektronikus-eszkozokhoz","status":"publish","type":"product","link":"https:\/\/sinoextrud.com\/hu\/product\/cnc-aluminum-heatsink-for-electronic-devices\/","title":{"rendered":"CNC alum\u00ednium h\u0171t\u0151borda elektronikus eszk\u00f6z\u00f6kh\u00f6z"},"content":{"rendered":"<h2>Term\u00e9kek r\u00e9szletei<\/h2>\n<div class=\"product-table\">\n<div class=\"row\">\n<div class=\"cell label\">Fokozat<\/div>\n<div class=\"cell value\">alum\u00ednium\u00f6tv\u00f6zet<\/div>\n<\/div>\n<div class=\"row\">\n<div class=\"cell label\">Tolerancia<\/div>\n<div class=\"cell value\">\u00c2\u00b11%<\/div>\n<\/div>\n<div class=\"row\">\n<div class=\"cell label\">Sz\u00e1ll\u00edt\u00e1si id\u0151<\/div>\n<div class=\"cell value\">22-30 nap<\/div>\n<\/div>\n<div class=\"row\">\n<div class=\"cell label\">Temper<\/div>\n<div class=\"cell value\">\/<\/div>\n<\/div>\n<div class=\"row\">\n<div class=\"cell label\">Alkalmaz\u00e1s<\/div>\n<div class=\"cell value\">H\u0151elnyel\u0151<\/div>\n<\/div>\n<div class=\"row\">\n<div class=\"cell label\">Shape<\/div>\n<div class=\"cell value\">n\u00e9gyzet\/kerek\/n\u00e9gysz\u00f6g\/henger alak\u00fa<\/div>\n<\/div>\n<div class=\"row\">\n<div class=\"cell label\">\u00d6tv\u00f6zet vagy sem<\/div>\n<div class=\"cell value\">Az \u00f6tv\u00f6zet<\/div>\n<\/div>\n<div class=\"row\">\n<div class=\"cell label\">Feldolgoz\u00f3 szolg\u00e1ltat\u00e1s<\/div>\n<div class=\"cell value\">Hajl\u00edt\u00e1s, tekercsel\u00e9s, hegeszt\u00e9s, lyukaszt\u00e1s, v\u00e1g\u00e1s<\/div>\n<\/div>\n<div class=\"row\">\n<div class=\"cell label\">Anyag<\/div>\n<div class=\"cell value\">Alum\u00ednium \u00f6tv\u00f6zet<\/div>\n<\/div>\n<div class=\"row\">\n<div class=\"cell label\">Fel\u00fcletkezel\u00e9s<\/div>\n<div class=\"cell value\">Anodiz\u00e1l\u00e1s\/porbevonat<\/div>\n<\/div>\n<div class=\"row\">\n<div class=\"cell label\">Hossz\u00fas\u00e1g<\/div>\n<div class=\"cell value\">Egy\u00e9ni hossz<\/div>\n<\/div>\n<div class=\"row\">\n<div class=\"cell label\">Vastags\u00e1g<\/div>\n<div class=\"cell value\">0.30mm- Testreszabott<\/div>\n<\/div>\n<div class=\"row\">\n<div class=\"cell label\">Haszn\u00e1lat<\/div>\n<div class=\"cell value\">LED h\u0171t\u0151borda Alum\u00ednium h\u0171t\u0151borda<\/div>\n<\/div>\n<div class=\"row\">\n<div class=\"cell label\">M\u00e9ly folyamat<\/div>\n<div class=\"cell value\">CNC mar\u00e1s Weilding V\u00e1g\u00e1s V\u00e1g\u00e1s hajl\u00edt\u00e1s<\/div>\n<\/div>\n<div class=\"row\">\n<div class=\"cell label\">Szolg\u00e1ltat\u00e1s<\/div>\n<div class=\"cell value\">Egyablakos szolg\u00e1ltat\u00e1s. Megmunk\u00e1l\u00e1s-\u00f6sszeszerel\u00e9s<\/div>\n<\/div>\n<div class=\"row\">\n<div class=\"cell label\">Jellemz\u0151<\/div>\n<div class=\"cell value\">Magas korr\u00f3zi\u00f3\u00e1ll\u00f3s\u00e1g<\/div>\n<\/div>\n<div class=\"row\">\n<div class=\"cell label\">OEM szolg\u00e1ltat\u00e1s<\/div>\n<div class=\"cell value\">Szerkezeti alum\u00ednium alakzatok<\/div>\n<\/div>\n<div class=\"row\">\n<div class=\"cell label\">Csomagol\u00e1s<\/div>\n<div class=\"cell value\">M\u0171anyag f\u00f3lia + EP pap\u00edr + fa<\/div>\n<\/div>\n<div class=\"row\">\n<div class=\"cell label\">Elad\u00f3 egys\u00e9gek<\/div>\n<div class=\"cell value\">Egyetlen t\u00e9tel<\/div>\n<\/div>\n<\/div>\n<p><\/p>\n<h2>Gy\u00e1rt\u00f3 b\u00e1zisunk<\/h2>\n<h3>Gy\u00e1ri panor\u00e1ma<\/h3>\n<p><img decoding=\"async\" src=\"\/wp-content\/uploads\/factory-01.webp\"\/><\/p>\n<h3>Alum\u00ednium r\u00fadgy\u00e1rt\u00f3 m\u0171hely<\/h3>\n<p><img decoding=\"async\" src=\"\/wp-content\/uploads\/factory-02.webp\"\/><\/p>\n<p><img decoding=\"async\" src=\"\/wp-content\/uploads\/factory-03.webp\"\/><\/p>\n<h3>Pen\u00e9sz rakt\u00e1r<\/h3>\n<p><img decoding=\"async\" src=\"\/wp-content\/uploads\/factory-04.webp\"\/><\/p>\n<h3>43 alum\u00ednium extrud\u00e1l\u00f3 vonal (500-5500 tonna)<\/h3>\n<p><img decoding=\"async\" src=\"\/wp-content\/uploads\/factory-05.webp\"\/><\/p>\n<p><img decoding=\"async\" src=\"\/wp-content\/uploads\/factory-06.webp\"\/><\/p>\n<p><img decoding=\"async\" src=\"\/wp-content\/uploads\/factory-07.webp\"\/><\/p>\n<h3>Porfest\u0151 m\u0171hely<\/h3>\n<p><img decoding=\"async\" src=\"\/wp-content\/uploads\/factory-09.webp\"\/><\/p>\n<h3>Anodiz\u00e1l\u00f3 m\u0171hely<\/h3>\n<p><img decoding=\"async\" src=\"\/wp-content\/uploads\/factory-10.webp\"\/><\/p>\n<h3>M\u00e9ly feldolgoz\u00e1si m\u0171hely<\/h3>\n<p><img decoding=\"async\" src=\"\/wp-content\/uploads\/factory-11.webp\"\/><\/p>\n<h3>CNC prec\u00edzi\u00f3s megmunk\u00e1l\u00f3 m\u0171hely<\/h3>\n<p><img decoding=\"async\" src=\"\/wp-content\/uploads\/factory-11.5.webp\"\/><\/p>\n<h3>K\u00e9szterm\u00e9k \u00e9s export rakt\u00e1r<\/h3>\n<p><img decoding=\"async\" src=\"\/wp-content\/uploads\/factory-12.webp\"\/><\/p>\n<p><img decoding=\"async\" src=\"\/wp-content\/uploads\/factory-13.webp\"\/><\/p>\n<p><img decoding=\"async\" src=\"\/wp-content\/uploads\/factory-14.webp\"\/><\/p>\n<h2>GYIK<\/h2>\n<p><strong>1. Milyen anyagokat haszn\u00e1lnak a CNC alum\u00ednium h\u0171t\u0151bord\u00e1ban?<\/strong><br \/>A h\u0171t\u0151borda kiv\u00e1l\u00f3 min\u0151s\u00e9g\u0171 alum\u00edniumb\u00f3l k\u00e9sz\u00fclt a kiv\u00e1l\u00f3 h\u0151elvezet\u00e9s \u00e9rdek\u00e9ben.<\/p>\n<p><strong>2. A h\u0171t\u0151bord\u00e1t testre lehet-e szabni bizonyos alkalmaz\u00e1sokhoz?<\/strong><br \/>Igen, m\u00e9retben, form\u00e1ban \u00e9s kivitelben testreszab\u00e1st k\u00edn\u00e1lunk az \u00d6n ig\u00e9nyeinek megfelel\u0151en.<\/p>\n<p><strong>3. Alkalmas ez a h\u0171t\u0151borda nagy teljes\u00edtm\u00e9ny\u0171 elektronik\u00e1hoz?<\/strong><br \/>Igen, \u00fagy tervezt\u00e9k, hogy hat\u00e9konyan elvezesse a nagy teljes\u00edtm\u00e9ny\u0171 alkatr\u00e9szek h\u0151j\u00e9t.<\/p>\n<p><strong>4. Milyen ipar\u00e1gak sz\u00e1m\u00e1ra el\u0151ny\u00f6s ennek a h\u0171t\u0151bord\u00e1nak a haszn\u00e1lata?<\/strong><br \/>Ez a term\u00e9k el\u0151ny\u00f6s az elektronikai, aut\u00f3ipari \u00e9s ipari alkalmaz\u00e1sokban.<\/p>\n<p><strong>5. A h\u0171t\u0151bord\u00e1n k\u00fcl\u00f6nb\u00f6z\u0151 kivitelek v\u00e1laszthat\u00f3k?<\/strong><br \/>Igen, k\u00fcl\u00f6nb\u00f6z\u0151 elox\u00e1lt \u00e9s festett fel\u00fcleteket k\u00edn\u00e1lunk eszt\u00e9tikai \u00e9s funkcion\u00e1lis c\u00e9lokra.<\/p>\n<p><strong>6. Megrendelhetj\u00fck a CNC alum\u00ednium h\u0171t\u0151bord\u00e1t \u00f6mlesztve?<\/strong><br \/>Igen, t\u00e1mogatjuk a t\u00f6meges megrendel\u00e9seket, \u00e9s versenyk\u00e9pes \u00e1rakat k\u00edn\u00e1lunk nagy mennyis\u00e9gek eset\u00e9n.<\/p>\n<p><strong>7. Van-e a term\u00e9kre garancia?<\/strong><br \/>Igen, garanci\u00e1t v\u00e1llalunk a gy\u00e1rt\u00e1si hib\u00e1kra norm\u00e1l haszn\u00e1lat mellett.<\/p>\n<p><\/p>","protected":false},"featured_media":10843,"template":"","categories":[72],"class_list":["post-10934","product","type-product","status-publish","has-post-thumbnail","hentry","category-extruded-aluminum-heatsink"],"meta_box":{"hilight_text_group":[{"product_hilight_text":"<li>Precision engineered for optimal heat dissipation<\/li>\n<li>Customizable in size, shape, and finish for specific applications<\/li>\n<li>Manufactured using high-grade aluminum for enhanced thermal conductivity<\/li>\n<li>Ideal for use in electronics, automotive, and industrial sectors<\/li>\n<li>Supports OEM and ODM with flexible production capabilities<\/li>"}],"feature_list":[]},"_links":{"self":[{"href":"https:\/\/sinoextrud.com\/hu\/wp-json\/wp\/v2\/product\/10934","targetHints":{"allow":["GET"]}}],"collection":[{"href":"https:\/\/sinoextrud.com\/hu\/wp-json\/wp\/v2\/product"}],"about":[{"href":"https:\/\/sinoextrud.com\/hu\/wp-json\/wp\/v2\/types\/product"}],"wp:featuredmedia":[{"embeddable":true,"href":"https:\/\/sinoextrud.com\/hu\/wp-json\/wp\/v2\/media\/10843"}],"wp:attachment":[{"href":"https:\/\/sinoextrud.com\/hu\/wp-json\/wp\/v2\/media?parent=10934"}],"wp:term":[{"taxonomy":"category","embeddable":true,"href":"https:\/\/sinoextrud.com\/hu\/wp-json\/wp\/v2\/categories?post=10934"}],"curies":[{"name":"wp","href":"https:\/\/api.w.org\/{rel}","templated":true}]}}