{"id":10933,"date":"2025-08-01T03:13:22","date_gmt":"2025-08-01T03:13:22","guid":{"rendered":"https:\/\/sinoextrud.com\/product\/aluminum-heatsink-for-electronic-part-cooling\/"},"modified":"2025-08-01T03:13:22","modified_gmt":"2025-08-01T03:13:22","slug":"aluminium-hutoborda-elektronikus-alkatreszek-hutesehez","status":"publish","type":"product","link":"https:\/\/sinoextrud.com\/hu\/product\/aluminum-heatsink-for-electronic-part-cooling\/","title":{"rendered":"Alum\u00ednium h\u0171t\u0151borda elektronikus alkatr\u00e9sz h\u0171t\u00e9s\u00e9hez"},"content":{"rendered":"<h2>Term\u00e9kek r\u00e9szletei<\/h2>\n<div class=\"product-table\">\n<div class=\"row\">\n<div class=\"cell label\">Fokozat<\/div>\n<div class=\"cell value\">6000-es sorozat<\/div>\n<\/div>\n<div class=\"row\">\n<div class=\"cell label\">Tolerancia<\/div>\n<div class=\"cell value\">\u00c2\u00b11%<\/div>\n<\/div>\n<div class=\"row\">\n<div class=\"cell label\">Sz\u00e1ll\u00edt\u00e1si id\u0151<\/div>\n<div class=\"cell value\">22-30 nap<\/div>\n<\/div>\n<div class=\"row\">\n<div class=\"cell label\">Temper<\/div>\n<div class=\"cell value\">T3-T8<\/div>\n<\/div>\n<div class=\"row\">\n<div class=\"cell label\">Alkalmaz\u00e1s<\/div>\n<div class=\"cell value\">H\u0151elnyel\u0151<\/div>\n<\/div>\n<div class=\"row\">\n<div class=\"cell label\">Shape<\/div>\n<div class=\"cell value\">Testreszabott<\/div>\n<\/div>\n<div class=\"row\">\n<div class=\"cell label\">\u00d6tv\u00f6zet vagy sem<\/div>\n<div class=\"cell value\">Az \u00f6tv\u00f6zet<\/div>\n<\/div>\n<div class=\"row\">\n<div class=\"cell label\">Feldolgoz\u00f3 szolg\u00e1ltat\u00e1s<\/div>\n<div class=\"cell value\">Hajl\u00edt\u00e1s, tekercsel\u00e9s, hegeszt\u00e9s, lyukaszt\u00e1s, v\u00e1g\u00e1s<\/div>\n<\/div>\n<div class=\"row\">\n<div class=\"cell label\">Term\u00e9k neve<\/div>\n<div class=\"cell value\">Alum\u00ednium extrud\u00e1lt profil h\u0171t\u0151borda<\/div>\n<\/div>\n<div class=\"row\">\n<div class=\"cell label\">Anyag<\/div>\n<div class=\"cell value\">6063\/6061\/661\/6005\/6060 T5\/T6 \u00f6tv\u00f6zet<\/div>\n<\/div>\n<div class=\"row\">\n<div class=\"cell label\">Fel\u00fcletkezel\u00e9s<\/div>\n<div class=\"cell value\">Porbevonat, elox\u00e1lt<\/div>\n<\/div>\n<div class=\"row\">\n<div class=\"cell label\">Sz\u00ednes<\/div>\n<div class=\"cell value\">\u00dcgyf\u00e9l k\u00e9r\u00e9se<\/div>\n<\/div>\n<div class=\"row\">\n<div class=\"cell label\">Tan\u00fas\u00edt\u00e1s<\/div>\n<div class=\"cell value\">ISO9001:2008<\/div>\n<\/div>\n<div class=\"row\">\n<div class=\"cell label\">Alkalmaz\u00e1s<\/div>\n<div class=\"cell value\">Ipari berendez\u00e9sek<\/div>\n<\/div>\n<div class=\"row\">\n<div class=\"cell label\">M\u00e9ly folyamat<\/div>\n<div class=\"cell value\">CNC megmunk\u00e1l\u00f3 szolg\u00e1ltat\u00e1s<\/div>\n<\/div>\n<div class=\"row\">\n<div class=\"cell label\">Szolg\u00e1ltat\u00e1s<\/div>\n<div class=\"cell value\">OEM ODM testreszabott<\/div>\n<\/div>\n<div class=\"row\">\n<div class=\"cell label\">Fizet\u00e9si hat\u00e1rid\u0151<\/div>\n<div class=\"cell value\">T\/T<\/div>\n<\/div>\n<div class=\"row\">\n<div class=\"cell label\">Elad\u00f3 egys\u00e9gek<\/div>\n<div class=\"cell value\">Egyetlen t\u00e9tel<\/div>\n<\/div>\n<div class=\"row\">\n<div class=\"cell label\">Egyetlen csomagm\u00e9ret<\/div>\n<div class=\"cell value\">600X4X10 cm<\/div>\n<\/div>\n<div class=\"row\">\n<div class=\"cell label\">Egyetlen brutt\u00f3 t\u00f6meg<\/div>\n<div class=\"cell value\">2.000 KG<\/div>\n<\/div>\n<\/div>\n<p><\/p>\n<h2>Gy\u00e1rt\u00f3 b\u00e1zisunk<\/h2>\n<h3>Gy\u00e1ri panor\u00e1ma<\/h3>\n<p><img decoding=\"async\" src=\"\/wp-content\/uploads\/factory-01.webp\"\/><\/p>\n<h3>Alum\u00ednium r\u00fadgy\u00e1rt\u00f3 m\u0171hely<\/h3>\n<p><img decoding=\"async\" src=\"\/wp-content\/uploads\/factory-02.webp\"\/><\/p>\n<p><img decoding=\"async\" src=\"\/wp-content\/uploads\/factory-03.webp\"\/><\/p>\n<h3>Pen\u00e9sz rakt\u00e1r<\/h3>\n<p><img decoding=\"async\" src=\"\/wp-content\/uploads\/factory-04.webp\"\/><\/p>\n<h3>43 alum\u00ednium extrud\u00e1l\u00f3 vonal (500-5500 tonna)<\/h3>\n<p><img decoding=\"async\" src=\"\/wp-content\/uploads\/factory-05.webp\"\/><\/p>\n<p><img decoding=\"async\" src=\"\/wp-content\/uploads\/factory-06.webp\"\/><\/p>\n<p><img decoding=\"async\" src=\"\/wp-content\/uploads\/factory-07.webp\"\/><\/p>\n<h3>Porfest\u0151 m\u0171hely<\/h3>\n<p><img decoding=\"async\" src=\"\/wp-content\/uploads\/factory-09.webp\"\/><\/p>\n<h3>Anodiz\u00e1l\u00f3 m\u0171hely<\/h3>\n<p><img decoding=\"async\" src=\"\/wp-content\/uploads\/factory-10.webp\"\/><\/p>\n<h3>M\u00e9ly feldolgoz\u00e1si m\u0171hely<\/h3>\n<p><img decoding=\"async\" src=\"\/wp-content\/uploads\/factory-11.webp\"\/><\/p>\n<h3>CNC prec\u00edzi\u00f3s megmunk\u00e1l\u00f3 m\u0171hely<\/h3>\n<p><img decoding=\"async\" src=\"\/wp-content\/uploads\/factory-11.5.webp\"\/><\/p>\n<h3>K\u00e9szterm\u00e9k \u00e9s export rakt\u00e1r<\/h3>\n<p><img decoding=\"async\" src=\"\/wp-content\/uploads\/factory-12.webp\"\/><\/p>\n<p><img decoding=\"async\" src=\"\/wp-content\/uploads\/factory-13.webp\"\/><\/p>\n<p><img decoding=\"async\" src=\"\/wp-content\/uploads\/factory-14.webp\"\/><\/p>\n<h2>GYIK<\/h2>\n<p><strong>1. Mi a f\u0151 felhaszn\u00e1l\u00e1si ter\u00fclete ennek az alum\u00ednium h\u0171t\u0151bord\u00e1nak?<\/strong><br \/>Els\u0151sorban az elektronikus alkatr\u00e9szek hat\u00e9kony h\u0151elvezet\u00e9s\u00e9re haszn\u00e1lj\u00e1k.<\/p>\n<p><strong>2. Testre szabhat\u00f3 ez a h\u0171t\u0151borda k\u00fcl\u00f6nb\u00f6z\u0151 elektronikus alkatr\u00e9szekhez?<\/strong><br \/>Igen, testreszab\u00e1st k\u00edn\u00e1lunk k\u00fcl\u00f6nb\u00f6z\u0151 elektronikus alkatr\u00e9szekhez.<\/p>\n<p><strong>3. Milyen anyagot haszn\u00e1lnak ebben a h\u0171t\u0151bord\u00e1ban?<\/strong><br \/>A h\u0171t\u0151borda kiv\u00e1l\u00f3 min\u0151s\u00e9g\u0171 alum\u00edniumb\u00f3l k\u00e9sz\u00fclt.<\/p>\n<p><strong>4. Az alum\u00ednium h\u0171t\u0151borda ellen\u00e1ll a korr\u00f3zi\u00f3nak?<\/strong><br \/>Igen, \u00fagy tervezt\u00e9k, hogy a tart\u00f3ss\u00e1g \u00e9rdek\u00e9ben korr\u00f3zi\u00f3\u00e1ll\u00f3 legyen.<\/p>\n<p><strong>5. Alkalmazhat\u00f3-e ez a term\u00e9k a k\u00fcl\u00f6nb\u00f6z\u0151 h\u0151elvezet\u00e9si ig\u00e9nyekhez?<\/strong><br \/>Igen, testre szabhat\u00f3, hogy megfeleljen a k\u00fcl\u00f6nb\u00f6z\u0151 h\u0151elvezet\u00e9si k\u00f6vetelm\u00e9nyeknek.<\/p>\n<p><strong>6. T\u00e1mogatja ez a h\u0171t\u0151borda a nemzetk\u00f6zi sz\u00e1ll\u00edt\u00e1st?<\/strong><br \/>Igen, nemzetk\u00f6zi sz\u00e1ll\u00edt\u00e1st biztos\u00edtunk teljes logisztikai t\u00e1mogat\u00e1ssal.<\/p>\n<p><strong>7. K\u00f6nny\u0171-e a term\u00e9k, hogy k\u00f6nnyen integr\u00e1lhat\u00f3 legyen az eszk\u00f6z\u00f6kbe?<\/strong><br \/>Igen, \u00fagy tervezt\u00e9k, hogy k\u00f6nny\u0171 legyen a k\u00f6nny\u0171 integr\u00e1ci\u00f3 \u00e9rdek\u00e9ben.<\/p>\n<p><\/p>","protected":false},"featured_media":10764,"template":"","categories":[72],"class_list":["post-10933","product","type-product","status-publish","has-post-thumbnail","hentry","category-extruded-aluminum-heatsink"],"meta_box":{"hilight_text_group":[{"product_hilight_text":"<li>Efficient heat dissipation for electronic components<\/li>\n<li>Customizable designs to fit various electronic parts<\/li>\n<li>High-quality aluminum for optimal thermal performance<\/li>\n<li>Corrosion-resistant for long-lasting durability<\/li>\n<li>Lightweight construction for ease of integration<\/li>"}],"feature_list":[]},"_links":{"self":[{"href":"https:\/\/sinoextrud.com\/hu\/wp-json\/wp\/v2\/product\/10933","targetHints":{"allow":["GET"]}}],"collection":[{"href":"https:\/\/sinoextrud.com\/hu\/wp-json\/wp\/v2\/product"}],"about":[{"href":"https:\/\/sinoextrud.com\/hu\/wp-json\/wp\/v2\/types\/product"}],"wp:featuredmedia":[{"embeddable":true,"href":"https:\/\/sinoextrud.com\/hu\/wp-json\/wp\/v2\/media\/10764"}],"wp:attachment":[{"href":"https:\/\/sinoextrud.com\/hu\/wp-json\/wp\/v2\/media?parent=10933"}],"wp:term":[{"taxonomy":"category","embeddable":true,"href":"https:\/\/sinoextrud.com\/hu\/wp-json\/wp\/v2\/categories?post=10933"}],"curies":[{"name":"wp","href":"https:\/\/api.w.org\/{rel}","templated":true}]}}