{"id":10930,"date":"2025-08-01T03:13:16","date_gmt":"2025-08-01T03:13:16","guid":{"rendered":"https:\/\/sinoextrud.com\/product\/anodized-aluminum-cup-with-carving-design\/"},"modified":"2025-08-01T03:13:16","modified_gmt":"2025-08-01T03:13:16","slug":"eloxalt-aluminium-csesze-faragott-dizajnnal","status":"publish","type":"product","link":"https:\/\/sinoextrud.com\/hu\/product\/anodized-aluminum-cup-with-carving-design\/","title":{"rendered":"Elox\u00e1lt alum\u00ednium cs\u00e9sze faragott diz\u00e1jnnal"},"content":{"rendered":"<h2>Term\u00e9kek r\u00e9szletei<\/h2>\n<div class=\"product-table\">\n<div class=\"row\">\n<div class=\"cell label\">st\u00edlus<\/div>\n<div class=\"cell value\">Morden luxus<\/div>\n<\/div>\n<div class=\"row\">\n<div class=\"cell label\">\u00c9tk\u00e9szlet t\u00edpus<\/div>\n<div class=\"cell value\">R\u00e9z b\u00f6gr\u00e9k<\/div>\n<\/div>\n<div class=\"row\">\n<div class=\"cell label\">Mint\u00e1zat<\/div>\n<div class=\"cell value\">Szil\u00e1rd<\/div>\n<\/div>\n<div class=\"row\">\n<div class=\"cell label\">Shape<\/div>\n<div class=\"cell value\">K\u00d6RK\u00c9P<\/div>\n<\/div>\n<div class=\"row\">\n<div class=\"cell label\">el\u0151nye<\/div>\n<div class=\"cell value\">Mosogat\u00f3g\u00e9pben moshat\u00f3, mikrohull\u00e1m\u00fa s\u00fct\u0151ben, fagyaszt\u00f3ban, sziv\u00e1rg\u00e1sbiztos<\/div>\n<\/div>\n<div class=\"row\">\n<div class=\"cell label\">felhaszn\u00e1l\u00f3k sz\u00e1ma<\/div>\n<div class=\"cell value\">1<\/div>\n<\/div>\n<div class=\"row\">\n<div class=\"cell label\">funkci\u00f3<\/div>\n<div class=\"cell value\">Hordozhat\u00f3, tart\u00f3s, k\u00f6rnyezetbar\u00e1t<\/div>\n<\/div>\n<div class=\"row\">\n<div class=\"cell label\">anyag<\/div>\n<div class=\"cell value\">F\u00e9m<\/div>\n<\/div>\n<div class=\"row\">\n<div class=\"cell label\">alkalom<\/div>\n<div class=\"cell value\">\u00dczleti aj\u00e1nd\u00e9kok<\/div>\n<\/div>\n<div class=\"row\">\n<div class=\"cell label\">minta t\u00edpusa<\/div>\n<div class=\"cell value\">Gy\u00fcm\u00f6lcs<\/div>\n<\/div>\n<div class=\"row\">\n<div class=\"cell label\">Term\u00e9k neve<\/div>\n<div class=\"cell value\">Moscow Mule r\u00e9z b\u00f6gre<\/div>\n<\/div>\n<div class=\"row\">\n<div class=\"cell label\">Haszn\u00e1lat<\/div>\n<div class=\"cell value\">Hotel \u00c9tterem Otthon Esk\u00fcv\u0151i party<\/div>\n<\/div>\n<div class=\"row\">\n<div class=\"cell label\">Sz\u00ednes<\/div>\n<div class=\"cell value\">Testreszabott sz\u00edn<\/div>\n<\/div>\n<div class=\"row\">\n<div class=\"cell label\">Csomagol\u00e1s<\/div>\n<div class=\"cell value\">Testreszabott csomagol\u00e1s<\/div>\n<\/div>\n<div class=\"row\">\n<div class=\"cell label\">El\u0151ny<\/div>\n<div class=\"cell value\">Kiv\u00e1l\u00f3 min\u0151s\u00e9g\u0171<\/div>\n<\/div>\n<div class=\"row\">\n<div class=\"cell label\">Log\u00f3<\/div>\n<div class=\"cell value\">Egyedi log\u00f3 elfogadhat\u00f3<\/div>\n<\/div>\n<div class=\"row\">\n<div class=\"cell label\">Shape<\/div>\n<div class=\"cell value\">Kerek forma<\/div>\n<\/div>\n<div class=\"row\">\n<div class=\"cell label\">St\u00edlus<\/div>\n<div class=\"cell value\">Divatos<\/div>\n<\/div>\n<div class=\"row\">\n<div class=\"cell label\">T\u00edpus<\/div>\n<div class=\"cell value\">Hot-selling<\/div>\n<\/div>\n<div class=\"row\">\n<div class=\"cell label\">MOQ<\/div>\n<div class=\"cell value\">100 k\u00e9szlet<\/div>\n<\/div>\n<div class=\"row\">\n<div class=\"cell label\">Kulcsszavak<\/div>\n<div class=\"cell value\">Amazon Hot<\/div>\n<\/div>\n<div class=\"row\">\n<div class=\"cell label\">Tervez\u00e9s<\/div>\n<div class=\"cell value\">Egyedi mint\u00e1k elfogad\u00e1sa<\/div>\n<\/div>\n<div class=\"row\">\n<div class=\"cell label\">Elad\u00f3 egys\u00e9gek<\/div>\n<div class=\"cell value\">Egyetlen t\u00e9tel<\/div>\n<\/div>\n<\/div>\n<p><\/p>\n<h2>Gy\u00e1rt\u00f3 b\u00e1zisunk<\/h2>\n<h3>Gy\u00e1ri panor\u00e1ma<\/h3>\n<p><img decoding=\"async\" src=\"\/wp-content\/uploads\/factory-01.webp\"\/><\/p>\n<h3>Alum\u00ednium r\u00fadgy\u00e1rt\u00f3 m\u0171hely<\/h3>\n<p><img decoding=\"async\" src=\"\/wp-content\/uploads\/factory-02.webp\"\/><\/p>\n<p><img decoding=\"async\" src=\"\/wp-content\/uploads\/factory-03.webp\"\/><\/p>\n<h3>Pen\u00e9sz rakt\u00e1r<\/h3>\n<p><img decoding=\"async\" src=\"\/wp-content\/uploads\/factory-04.webp\"\/><\/p>\n<h3>43 alum\u00ednium extrud\u00e1l\u00f3 vonal (500-5500 tonna)<\/h3>\n<p><img decoding=\"async\" src=\"\/wp-content\/uploads\/factory-05.webp\"\/><\/p>\n<p><img decoding=\"async\" src=\"\/wp-content\/uploads\/factory-06.webp\"\/><\/p>\n<p><img decoding=\"async\" src=\"\/wp-content\/uploads\/factory-07.webp\"\/><\/p>\n<h3>Porfest\u0151 m\u0171hely<\/h3>\n<p><img decoding=\"async\" src=\"\/wp-content\/uploads\/factory-09.webp\"\/><\/p>\n<h3>Anodiz\u00e1l\u00f3 m\u0171hely<\/h3>\n<p><img decoding=\"async\" src=\"\/wp-content\/uploads\/factory-10.webp\"\/><\/p>\n<h3>M\u00e9ly feldolgoz\u00e1si m\u0171hely<\/h3>\n<p><img decoding=\"async\" src=\"\/wp-content\/uploads\/factory-11.webp\"\/><\/p>\n<h3>CNC prec\u00edzi\u00f3s megmunk\u00e1l\u00f3 m\u0171hely<\/h3>\n<p><img decoding=\"async\" src=\"\/wp-content\/uploads\/factory-11.5.webp\"\/><\/p>\n<h3>K\u00e9szterm\u00e9k \u00e9s export rakt\u00e1r<\/h3>\n<p><img decoding=\"async\" src=\"\/wp-content\/uploads\/factory-12.webp\"\/><\/p>\n<p><img decoding=\"async\" src=\"\/wp-content\/uploads\/factory-13.webp\"\/><\/p>\n<p><img decoding=\"async\" src=\"\/wp-content\/uploads\/factory-14.webp\"\/><\/p>\n<h2>GYIK<\/h2>\n<p><strong>1. Lehet az alum\u00ednium poharat log\u00f3val testreszabni?<\/strong><br \/>Igen, egyedi grav\u00edroz\u00e1st k\u00edn\u00e1lunk, hogy az \u00d6n log\u00f3j\u00e1t vagy terv\u00e9t is belevegy\u00fck.<\/p>\n<p><strong>2. Az alum\u00ednium cs\u00e9sze elox\u00e1l\u00e1sa ellen\u00e1ll a kop\u00e1snak?<\/strong><br \/>Igen, az elox\u00e1lt fel\u00fclet tart\u00f3s \u00e9s ellen\u00e1ll a karcol\u00e1soknak \u00e9s a fakul\u00e1snak.<\/p>\n<p><strong>3. Milyen m\u00e9retekben kaphat\u00f3k az elox\u00e1lt alum\u00ednium cs\u00e9sz\u00e9k?<\/strong><br \/>T\u00f6bbf\u00e9le m\u00e9retet k\u00edn\u00e1lunk, amelyek az \u00d6n ig\u00e9nyeinek megfelel\u0151en testre szabhat\u00f3k a t\u00f6meges megrendel\u00e9sekhez.<\/p>\n<p><strong>4. Az alum\u00ednium poharakhoz rendelkez\u00e9sre \u00e1llnak sz\u00ednv\u00e1laszt\u00e1si lehet\u0151s\u00e9gek?<\/strong><br \/>Igen, a cs\u00e9sz\u00e9k elox\u00e1lhat\u00f3k k\u00fcl\u00f6nb\u00f6z\u0151 sz\u00ednekben a t\u00f6meges v\u00e1s\u00e1rl\u00e1sokhoz.<\/p>\n<p><strong>5. Az elox\u00e1lt alum\u00ednium cs\u00e9sze alkalmas k\u00fclt\u00e9ri haszn\u00e1latra?<\/strong><br \/>Igen, a tart\u00f3s \u00e9s k\u00f6nny\u0171 kialak\u00edt\u00e1snak k\u00f6sz\u00f6nhet\u0151en ide\u00e1lis k\u00fclt\u00e9ri alkalmaz\u00e1sokhoz.<\/p>\n<p><strong>6. Mennyire k\u00f6rnyezetbar\u00e1t az elox\u00e1lt alum\u00ednium anyag?<\/strong><br \/>Az elox\u00e1lt alum\u00ednium \u00fajrahasznos\u00edthat\u00f3 \u00e9s el\u0151seg\u00edti a k\u00f6rnyezeti fenntarthat\u00f3s\u00e1got.<\/p>\n<p><strong>7. Sz\u00e1ll\u00edtanak elox\u00e1lt alum\u00ednium poharakat nemzetk\u00f6zi szinten?<\/strong><br \/>Igen, nemzetk\u00f6zi sz\u00e1ll\u00edt\u00e1si lehet\u0151s\u00e9geket biztos\u00edtunk \u00e1tfog\u00f3 logisztikai t\u00e1mogat\u00e1ssal.<\/p>\n<p><\/p>","protected":false},"featured_media":10845,"template":"","categories":[68],"class_list":["post-10930","product","type-product","status-publish","has-post-thumbnail","hentry","category-cnc-machining-aluminum-profile"],"meta_box":{"hilight_text_group":[{"product_hilight_text":"<li>Custom laser engraving available for unique designs<\/li>\n<li>Durable anodized finish resists scratches and fading<\/li>\n<li>Lightweight and suitable for various applications<\/li>\n<li>Available in different colors and sizes for bulk orders<\/li>\n<li>Eco-friendly aluminum material promotes sustainability<\/li>"}],"feature_list":[]},"_links":{"self":[{"href":"https:\/\/sinoextrud.com\/hu\/wp-json\/wp\/v2\/product\/10930","targetHints":{"allow":["GET"]}}],"collection":[{"href":"https:\/\/sinoextrud.com\/hu\/wp-json\/wp\/v2\/product"}],"about":[{"href":"https:\/\/sinoextrud.com\/hu\/wp-json\/wp\/v2\/types\/product"}],"wp:featuredmedia":[{"embeddable":true,"href":"https:\/\/sinoextrud.com\/hu\/wp-json\/wp\/v2\/media\/10845"}],"wp:attachment":[{"href":"https:\/\/sinoextrud.com\/hu\/wp-json\/wp\/v2\/media?parent=10930"}],"wp:term":[{"taxonomy":"category","embeddable":true,"href":"https:\/\/sinoextrud.com\/hu\/wp-json\/wp\/v2\/categories?post=10930"}],"curies":[{"name":"wp","href":"https:\/\/api.w.org\/{rel}","templated":true}]}}