{"id":10926,"date":"2025-08-01T03:13:07","date_gmt":"2025-08-01T03:13:07","guid":{"rendered":"https:\/\/sinoextrud.com\/product\/aluminum-heat-sink-plate-for-power-electronics\/"},"modified":"2025-08-01T03:13:07","modified_gmt":"2025-08-01T03:13:07","slug":"aluminium-hutoborda-lemez-teljesitmenyelektronikahoz","status":"publish","type":"product","link":"https:\/\/sinoextrud.com\/hu\/product\/aluminum-heat-sink-plate-for-power-electronics\/","title":{"rendered":"Alum\u00ednium h\u0171t\u0151borda lemez a teljes\u00edtm\u00e9nyelektronik\u00e1hoz"},"content":{"rendered":"<h2>Term\u00e9kek r\u00e9szletei<\/h2>\n<div class=\"product-table\">\n<div class=\"row\">\n<div class=\"cell label\">CNC megmunk\u00e1l\u00e1s vagy sem<\/div>\n<div class=\"cell value\">Cnc megmunk\u00e1l\u00e1s<\/div>\n<\/div>\n<div class=\"row\">\n<div class=\"cell label\">Anyagi k\u00e9pess\u00e9gek<\/div>\n<div class=\"cell value\">Alum\u00ednium, s\u00e1rgar\u00e9z, bronz, r\u00e9z, edzett f\u00e9mek, nemesf\u00e9mek, rozsdamentes ac\u00e9l, ac\u00e9l\u00f6tv\u00f6zetek, r\u00e9z<\/div>\n<\/div>\n<div class=\"row\">\n<div class=\"cell label\">T\u00edpus<\/div>\n<div class=\"cell value\">F\u00far\u00e1s, F\u00far\u00e1s, L\u00e9zermegmunk\u00e1l\u00e1s, L\u00e9zermegmunk\u00e1l\u00e1s, L\u00e9zeres megmunk\u00e1l\u00e1s, Mar\u00e1s, Egy\u00e9b megmunk\u00e1l\u00e1si szolg\u00e1ltat\u00e1sok, Gyors protot\u00edpusgy\u00e1rt\u00e1s, Eszterg\u00e1l\u00e1s, Sz\u00e1lmar\u00e1s, F\u00far\u00f3mar\u00e1s, Sz\u00far\u00f3mar\u00e1s<\/div>\n<\/div>\n<div class=\"row\">\n<div class=\"cell label\">Mikromegmunk\u00e1l\u00e1s vagy sem<\/div>\n<div class=\"cell value\">Nem mikro megmunk\u00e1l\u00e1s<\/div>\n<\/div>\n<div class=\"row\">\n<div class=\"cell label\">Folyamat<\/div>\n<div class=\"cell value\">Cnc megmunk\u00e1l\u00e1s<\/div>\n<\/div>\n<div class=\"row\">\n<div class=\"cell label\">Anyag<\/div>\n<div class=\"cell value\">F\u00e9m \u00f6tv\u00f6zet<\/div>\n<\/div>\n<div class=\"row\">\n<div class=\"cell label\">Kulcssz\u00f3<\/div>\n<div class=\"cell value\">F\u00e9mmegmunk\u00e1l\u00e1s<\/div>\n<\/div>\n<div class=\"row\">\n<div class=\"cell label\">Fel\u00fcletkezel\u00e9s<\/div>\n<div class=\"cell value\">a k\u00f6vetelm\u00e9nyeknek megfelel\u0151en<\/div>\n<\/div>\n<div class=\"row\">\n<div class=\"cell label\">Szolg\u00e1ltat\u00e1s<\/div>\n<div class=\"cell value\">OEM ODM<\/div>\n<\/div>\n<div class=\"row\">\n<div class=\"cell label\">Berendez\u00e9sek<\/div>\n<div class=\"cell value\">3,4,5 tengelyes cnc g\u00e9p<\/div>\n<\/div>\n<div class=\"row\">\n<div class=\"cell label\">-<\/div>\n<div class=\"cell value\">xxxx xxx xxx xx x<\/div>\n<\/div>\n<div class=\"row\">\n<div class=\"cell label\">Csomagol\u00e1s r\u00e9szletei<\/div>\n<div class=\"cell value\">- Bubor\u00e9kos zs\u00e1k + k\u00fcls\u0151 karton<\/div>\n<\/div>\n<div class=\"row\">\n<div class=\"cell label\">Elad\u00f3 egys\u00e9gek<\/div>\n<div class=\"cell value\">Egyetlen t\u00e9tel<\/div>\n<\/div>\n<div class=\"row\">\n<div class=\"cell label\">Egyetlen csomagm\u00e9ret<\/div>\n<div class=\"cell value\">13X8X9 cm<\/div>\n<\/div>\n<div class=\"row\">\n<div class=\"cell label\">Egyetlen brutt\u00f3 t\u00f6meg<\/div>\n<div class=\"cell value\">0,100 KG<\/div>\n<\/div>\n<\/div>\n<p><\/p>\n<h2>Gy\u00e1rt\u00f3 b\u00e1zisunk<\/h2>\n<h3>Gy\u00e1ri panor\u00e1ma<\/h3>\n<p><img decoding=\"async\" src=\"\/wp-content\/uploads\/factory-01.webp\"\/><\/p>\n<h3>Alum\u00ednium r\u00fadgy\u00e1rt\u00f3 m\u0171hely<\/h3>\n<p><img decoding=\"async\" src=\"\/wp-content\/uploads\/factory-02.webp\"\/><\/p>\n<p><img decoding=\"async\" src=\"\/wp-content\/uploads\/factory-03.webp\"\/><\/p>\n<h3>Pen\u00e9sz rakt\u00e1r<\/h3>\n<p><img decoding=\"async\" src=\"\/wp-content\/uploads\/factory-04.webp\"\/><\/p>\n<h3>43 alum\u00ednium extrud\u00e1l\u00f3 vonal (500-5500 tonna)<\/h3>\n<p><img decoding=\"async\" src=\"\/wp-content\/uploads\/factory-05.webp\"\/><\/p>\n<p><img decoding=\"async\" src=\"\/wp-content\/uploads\/factory-06.webp\"\/><\/p>\n<p><img decoding=\"async\" src=\"\/wp-content\/uploads\/factory-07.webp\"\/><\/p>\n<h3>Porfest\u0151 m\u0171hely<\/h3>\n<p><img decoding=\"async\" src=\"\/wp-content\/uploads\/factory-09.webp\"\/><\/p>\n<h3>Anodiz\u00e1l\u00f3 m\u0171hely<\/h3>\n<p><img decoding=\"async\" src=\"\/wp-content\/uploads\/factory-10.webp\"\/><\/p>\n<h3>M\u00e9ly feldolgoz\u00e1si m\u0171hely<\/h3>\n<p><img decoding=\"async\" src=\"\/wp-content\/uploads\/factory-11.webp\"\/><\/p>\n<h3>CNC prec\u00edzi\u00f3s megmunk\u00e1l\u00f3 m\u0171hely<\/h3>\n<p><img decoding=\"async\" src=\"\/wp-content\/uploads\/factory-11.5.webp\"\/><\/p>\n<h3>K\u00e9szterm\u00e9k \u00e9s export rakt\u00e1r<\/h3>\n<p><img decoding=\"async\" src=\"\/wp-content\/uploads\/factory-12.webp\"\/><\/p>\n<p><img decoding=\"async\" src=\"\/wp-content\/uploads\/factory-13.webp\"\/><\/p>\n<p><img decoding=\"async\" src=\"\/wp-content\/uploads\/factory-14.webp\"\/><\/p>\n<h2>GYIK<\/h2>\n<p><strong>1. Mi a f\u0151 funkci\u00f3ja az alum\u00ednium h\u0171t\u0151bord\u00e1nak?<\/strong><br \/>A t\u00falmeleged\u00e9s megel\u0151z\u00e9se \u00e9rdek\u00e9ben elvezeti az elektronikus alkatr\u00e9szek h\u0151j\u00e9t.<\/p>\n<p><strong>2. Testre szabhat\u00f3 a h\u0171t\u0151borda m\u00e9rete?<\/strong><br \/>Igen, m\u00e9retre szab\u00e1st k\u00edn\u00e1lunk az egyedi ig\u00e9nyeknek megfelel\u0151en.<\/p>\n<p><strong>3. Ez a term\u00e9k tiszta alum\u00edniumb\u00f3l k\u00e9sz\u00fclt?<\/strong><br \/>Igen, h\u0171t\u0151bord\u00e1ink kiv\u00e1l\u00f3 min\u0151s\u00e9g\u0171 alum\u00edniumb\u00f3l k\u00e9sz\u00fclnek az optim\u00e1lis teljes\u00edtm\u00e9ny \u00e9rdek\u00e9ben.<\/p>\n<p><strong>4. T\u00e1mogatja a k\u00fcl\u00f6nb\u00f6z\u0151 eszk\u00f6z\u00f6kh\u00f6z val\u00f3 csatlakoztat\u00e1st?<\/strong><br \/>Igen, integr\u00e1lhat\u00f3 k\u00fcl\u00f6nb\u00f6z\u0151 elektronik\u00e1val \u00e9s g\u00e9pekkel.<\/p>\n<p><strong>5. Milyen ipar\u00e1gak haszn\u00e1lj\u00e1k \u00e1ltal\u00e1ban az alum\u00ednium h\u0171t\u0151bord\u00e1kat?<\/strong><br \/>Sz\u00e9les k\u00f6rben haszn\u00e1lj\u00e1k \u0151ket az elektronik\u00e1ban, az aut\u00f3iparban \u00e9s az ipari alkalmaz\u00e1sokban.<\/p>\n<p><strong>6. Haszn\u00e1lhat\u00f3k-e ezek a lemezek k\u00fclt\u00e9ri k\u00f6rnyezetben?<\/strong><br \/>Igen, korr\u00f3zi\u00f3\u00e1ll\u00f3 fel\u00fclet\u00fcknek k\u00f6sz\u00f6nhet\u0151en k\u00fclt\u00e9ri haszn\u00e1latra is alkalmasak.<\/p>\n<p><strong>7. Van-e minim\u00e1lis rendel\u00e9si mennyis\u00e9g a design testreszab\u00e1sakor?<\/strong><br \/>A MOQ a testreszab\u00e1s szintj\u00e9t\u0151l f\u00fcgg, \u00e1ltal\u00e1ban 100 darabt\u00f3l kezd\u0151dik.<\/p>\n<p><\/p>","protected":false},"featured_media":10758,"template":"","categories":[72],"class_list":["post-10926","product","type-product","status-publish","has-post-thumbnail","hentry","category-extruded-aluminum-heatsink"],"meta_box":{"hilight_text_group":[{"product_hilight_text":"<li>High thermal conductivity for efficient heat dissipation<\/li>\n<li>Lightweight and durable aluminum construction<\/li>\n<li>Customizable shapes and sizes to fit specific applications<\/li>\n<li>Corrosion-resistant finish for long-lasting performance<\/li>\n<li>Compatible with various electronic devices and equipment<\/li>"}],"feature_list":[]},"_links":{"self":[{"href":"https:\/\/sinoextrud.com\/hu\/wp-json\/wp\/v2\/product\/10926","targetHints":{"allow":["GET"]}}],"collection":[{"href":"https:\/\/sinoextrud.com\/hu\/wp-json\/wp\/v2\/product"}],"about":[{"href":"https:\/\/sinoextrud.com\/hu\/wp-json\/wp\/v2\/types\/product"}],"wp:featuredmedia":[{"embeddable":true,"href":"https:\/\/sinoextrud.com\/hu\/wp-json\/wp\/v2\/media\/10758"}],"wp:attachment":[{"href":"https:\/\/sinoextrud.com\/hu\/wp-json\/wp\/v2\/media?parent=10926"}],"wp:term":[{"taxonomy":"category","embeddable":true,"href":"https:\/\/sinoextrud.com\/hu\/wp-json\/wp\/v2\/categories?post=10926"}],"curies":[{"name":"wp","href":"https:\/\/api.w.org\/{rel}","templated":true}]}}