{"id":10925,"date":"2025-08-01T03:13:04","date_gmt":"2025-08-01T03:13:04","guid":{"rendered":"https:\/\/sinoextrud.com\/product\/led-light-aluminum-housing-for-outdoor-use\/"},"modified":"2025-08-01T03:13:04","modified_gmt":"2025-08-01T03:13:04","slug":"led-feny-aluminium-haz-kulteri-hasznalatra","status":"publish","type":"product","link":"https:\/\/sinoextrud.com\/hu\/product\/led-light-aluminum-housing-for-outdoor-use\/","title":{"rendered":"LED f\u00e9ny alum\u00ednium h\u00e1z k\u00fclt\u00e9ri haszn\u00e1latra"},"content":{"rendered":"<h2>Term\u00e9kek r\u00e9szletei<\/h2>\n<div class=\"product-table\">\n<div class=\"row\">\n<div class=\"cell label\">Term\u00e9k neve<\/div>\n<div class=\"cell value\">Egyedi alum\u00ednium h\u0171t\u0151szekr\u00e9ny Die Casting alkatr\u00e9szek<\/div>\n<\/div>\n<div class=\"row\">\n<div class=\"cell label\">Tolerancia<\/div>\n<div class=\"cell value\">0.01mm<\/div>\n<\/div>\n<div class=\"row\">\n<div class=\"cell label\">Anyag<\/div>\n<div class=\"cell value\">Vas, SS, sz\u00e9nac\u00e9l, alum\u00ednium \u00f6tv\u00f6zet, cink, magn\u00e9zium, stb.<\/div>\n<\/div>\n<div class=\"row\">\n<div class=\"cell label\">Csomag<\/div>\n<div class=\"cell value\">Bubor\u00e9k + karton + fa tok<\/div>\n<\/div>\n<div class=\"row\">\n<div class=\"cell label\">Min\u0151s\u00e9gellen\u0151rz\u00e9s<\/div>\n<div class=\"cell value\">Szigor\u00faan 100% ellen\u0151rz\u00e9s<\/div>\n<\/div>\n<div class=\"row\">\n<div class=\"cell label\">Folyamat<\/div>\n<div class=\"cell value\">\u00f6nt\u00e9s + megmunk\u00e1l\u00e1s (ha sz\u00fcks\u00e9ges) + fel\u00fcletkezel\u00e9s<\/div>\n<\/div>\n<div class=\"row\">\n<div class=\"cell label\">Fel\u00fcletkezel\u00e9s<\/div>\n<div class=\"cell value\">\u00dcgyfelek kereslete<\/div>\n<\/div>\n<div class=\"row\">\n<div class=\"cell label\">Szolg\u00e1ltat\u00e1s<\/div>\n<div class=\"cell value\">OEM\\ODM<\/div>\n<\/div>\n<div class=\"row\">\n<div class=\"cell label\">\u00c1tfut\u00e1si id\u0151<\/div>\n<div class=\"cell value\">15-35 nap<\/div>\n<\/div>\n<div class=\"row\">\n<div class=\"cell label\">Kulcssz\u00f3<\/div>\n<div class=\"cell value\">Die Casting alum\u00ednium term\u00e9kek alkatr\u00e9szek<\/div>\n<\/div>\n<div class=\"row\">\n<div class=\"cell label\">Elad\u00f3 egys\u00e9gek<\/div>\n<div class=\"cell value\">Egyetlen t\u00e9tel<\/div>\n<\/div>\n<div class=\"row\">\n<div class=\"cell label\">Egyetlen csomagm\u00e9ret<\/div>\n<div class=\"cell value\">10X20X15 cm<\/div>\n<\/div>\n<div class=\"row\">\n<div class=\"cell label\">Egyetlen brutt\u00f3 t\u00f6meg<\/div>\n<div class=\"cell value\">1.000 KG<\/div>\n<\/div>\n<\/div>\n<p><\/p>\n<h2>Gy\u00e1rt\u00f3 b\u00e1zisunk<\/h2>\n<h3>Gy\u00e1ri panor\u00e1ma<\/h3>\n<p><img decoding=\"async\" src=\"\/wp-content\/uploads\/factory-01.webp\"\/><\/p>\n<h3>Alum\u00ednium r\u00fadgy\u00e1rt\u00f3 m\u0171hely<\/h3>\n<p><img decoding=\"async\" src=\"\/wp-content\/uploads\/factory-02.webp\"\/><\/p>\n<p><img decoding=\"async\" src=\"\/wp-content\/uploads\/factory-03.webp\"\/><\/p>\n<h3>Pen\u00e9sz rakt\u00e1r<\/h3>\n<p><img decoding=\"async\" src=\"\/wp-content\/uploads\/factory-04.webp\"\/><\/p>\n<h3>43 alum\u00ednium extrud\u00e1l\u00f3 vonal (500-5500 tonna)<\/h3>\n<p><img decoding=\"async\" src=\"\/wp-content\/uploads\/factory-05.webp\"\/><\/p>\n<p><img decoding=\"async\" src=\"\/wp-content\/uploads\/factory-06.webp\"\/><\/p>\n<p><img decoding=\"async\" src=\"\/wp-content\/uploads\/factory-07.webp\"\/><\/p>\n<h3>Porfest\u0151 m\u0171hely<\/h3>\n<p><img decoding=\"async\" src=\"\/wp-content\/uploads\/factory-09.webp\"\/><\/p>\n<h3>Anodiz\u00e1l\u00f3 m\u0171hely<\/h3>\n<p><img decoding=\"async\" src=\"\/wp-content\/uploads\/factory-10.webp\"\/><\/p>\n<h3>M\u00e9ly feldolgoz\u00e1si m\u0171hely<\/h3>\n<p><img decoding=\"async\" src=\"\/wp-content\/uploads\/factory-11.webp\"\/><\/p>\n<h3>CNC prec\u00edzi\u00f3s megmunk\u00e1l\u00f3 m\u0171hely<\/h3>\n<p><img decoding=\"async\" src=\"\/wp-content\/uploads\/factory-11.5.webp\"\/><\/p>\n<h3>K\u00e9szterm\u00e9k \u00e9s export rakt\u00e1r<\/h3>\n<p><img decoding=\"async\" src=\"\/wp-content\/uploads\/factory-12.webp\"\/><\/p>\n<p><img decoding=\"async\" src=\"\/wp-content\/uploads\/factory-13.webp\"\/><\/p>\n<p><img decoding=\"async\" src=\"\/wp-content\/uploads\/factory-14.webp\"\/><\/p>\n<h2>GYIK<\/h2>\n<p><strong>1. Testre szabhat\u00f3 a LED-es f\u00e9ny alum\u00ednium h\u00e1z?<\/strong><br \/>Igen, testreszabhat\u00f3 lehet\u0151s\u00e9geket k\u00edn\u00e1lunk, bele\u00e9rtve a m\u00e9retet, a sz\u00ednt \u00e9s a designt, hogy megfeleljen az \u00d6n ig\u00e9nyeinek.<\/p>\n<p><strong>2. Milyen anyagokat haszn\u00e1lnak a LED-es l\u00e1mpa alum\u00ednium h\u00e1z\u00e1ban?<\/strong><br \/>A h\u00e1z kiv\u00e1l\u00f3 min\u0151s\u00e9g\u0171 alum\u00edniumb\u00f3l k\u00e9sz\u00fclt a tart\u00f3ss\u00e1g \u00e9s a h\u0151kezel\u00e9s \u00e9rdek\u00e9ben.<\/p>\n<p><strong>3. A LED-es l\u00e1mpa alum\u00ednium h\u00e1z id\u0151j\u00e1r\u00e1s\u00e1ll\u00f3?<\/strong><br \/>Igen, korr\u00f3zi\u00f3\u00e1ll\u00f3 kivitel\u0171, \u00edgy k\u00fcl\u00f6nb\u00f6z\u0151 k\u00f6rnyezeti k\u00f6r\u00fclm\u00e9nyek k\u00f6z\u00f6tt is haszn\u00e1lhat\u00f3.<\/p>\n<p><strong>4. A h\u00e1z t\u00e1mogatja a hat\u00e9kony h\u0151elvezet\u00e9st?<\/strong><br \/>Term\u00e9szetesen az alum\u00edniumszerkezet el\u0151seg\u00edti a hat\u00e9kony h\u0151elvezet\u00e9st a LED \u00e9lettartam\u00e1nak meghosszabb\u00edt\u00e1sa \u00e9rdek\u00e9ben.<\/p>\n<p><strong>5. Ez a h\u00e1z k\u00fcl\u00f6nb\u00f6z\u0151 LED-modulokhoz is illeszkedik?<\/strong><br \/>Igen, \u00fagy tervezt\u00e9k, hogy k\u00fcl\u00f6nb\u00f6z\u0151 LED-modulok \u00e9s meghajt\u00f3k befogad\u00e1s\u00e1ra alkalmas legyen a rugalmass\u00e1g \u00e9rdek\u00e9ben.<\/p>\n<p><strong>6. A LED f\u00e9ny alum\u00ednium h\u00e1z k\u00fcl\u00f6nb\u00f6z\u0151 m\u00e9retekben kaphat\u00f3?<\/strong><br \/>Igen, t\u00f6bbf\u00e9le m\u00e9retet k\u00edn\u00e1lunk, \u00e9s sz\u00fcks\u00e9g szerint egyedi m\u00e9retekre is szabhatjuk.<\/p>\n<p><strong>7. Adnak-e t\u00f6meges rendel\u00e9si kedvezm\u00e9nyeket a LED-es k\u00f6nny\u0171 alum\u00ednium h\u00e1zakra?<\/strong><br \/>Igen, versenyk\u00e9pes \u00e1rakat \u00e9s kedvezm\u00e9nyeket k\u00edn\u00e1lunk nagy mennyis\u00e9g\u0171 megrendel\u00e9sek eset\u00e9n.<\/p>\n<p><\/p>","protected":false},"featured_media":10848,"template":"","categories":[55],"class_list":["post-10925","product","type-product","status-publish","has-post-thumbnail","hentry","category-extruded-aluminum-profiles"],"meta_box":{"hilight_text_group":[{"product_hilight_text":"<li>Durable and lightweight aluminum construction<\/li>\n<li>Efficient heat dissipation for extended LED lifespan<\/li>\n<li>Customizable designs to fit different LED applications<\/li>\n<li>Corrosion-resistant finish suitable for various environments<\/li>\n<li>Compatible with a wide range of LED modules and drivers<\/li>"}],"feature_list":[]},"_links":{"self":[{"href":"https:\/\/sinoextrud.com\/hu\/wp-json\/wp\/v2\/product\/10925","targetHints":{"allow":["GET"]}}],"collection":[{"href":"https:\/\/sinoextrud.com\/hu\/wp-json\/wp\/v2\/product"}],"about":[{"href":"https:\/\/sinoextrud.com\/hu\/wp-json\/wp\/v2\/types\/product"}],"wp:featuredmedia":[{"embeddable":true,"href":"https:\/\/sinoextrud.com\/hu\/wp-json\/wp\/v2\/media\/10848"}],"wp:attachment":[{"href":"https:\/\/sinoextrud.com\/hu\/wp-json\/wp\/v2\/media?parent=10925"}],"wp:term":[{"taxonomy":"category","embeddable":true,"href":"https:\/\/sinoextrud.com\/hu\/wp-json\/wp\/v2\/categories?post=10925"}],"curies":[{"name":"wp","href":"https:\/\/api.w.org\/{rel}","templated":true}]}}