{"id":10924,"date":"2025-08-01T03:13:02","date_gmt":"2025-08-01T03:13:02","guid":{"rendered":"https:\/\/sinoextrud.com\/product\/aluminum-heat-sink-material-for-custom-solutions\/"},"modified":"2025-08-01T03:13:02","modified_gmt":"2025-08-01T03:13:02","slug":"aluminium-hutoborda-anyag-egyedi-megoldasokhoz","status":"publish","type":"product","link":"https:\/\/sinoextrud.com\/hu\/product\/aluminum-heat-sink-material-for-custom-solutions\/","title":{"rendered":"Alum\u00ednium h\u0171t\u0151bord\u00e1k anyaga egyedi megold\u00e1sokhoz"},"content":{"rendered":"<h2>Term\u00e9kek r\u00e9szletei<\/h2>\n<div class=\"product-table\">\n<div class=\"row\">\n<div class=\"cell label\">Fokozat<\/div>\n<div class=\"cell value\">6000-es sorozat<\/div>\n<\/div>\n<div class=\"row\">\n<div class=\"cell label\">Tolerancia<\/div>\n<div class=\"cell value\">\u00c2\u00b11%<\/div>\n<\/div>\n<div class=\"row\">\n<div class=\"cell label\">Sz\u00e1ll\u00edt\u00e1si id\u0151<\/div>\n<div class=\"cell value\">15-21 nap<\/div>\n<\/div>\n<div class=\"row\">\n<div class=\"cell label\">Temper<\/div>\n<div class=\"cell value\">T4-T6<\/div>\n<\/div>\n<div class=\"row\">\n<div class=\"cell label\">Alkalmaz\u00e1s<\/div>\n<div class=\"cell value\">Ipari<\/div>\n<\/div>\n<div class=\"row\">\n<div class=\"cell label\">Shape<\/div>\n<div class=\"cell value\">testreszabott<\/div>\n<\/div>\n<div class=\"row\">\n<div class=\"cell label\">\u00d6tv\u00f6zet vagy sem<\/div>\n<div class=\"cell value\">Az \u00f6tv\u00f6zet<\/div>\n<\/div>\n<div class=\"row\">\n<div class=\"cell label\">Feldolgoz\u00f3 szolg\u00e1ltat\u00e1s<\/div>\n<div class=\"cell value\">Hajl\u00edt\u00e1s, tekercsel\u00e9s, hegeszt\u00e9s, lyukaszt\u00e1s, v\u00e1g\u00e1s<\/div>\n<\/div>\n<div class=\"row\">\n<div class=\"cell label\">T\u00edpus<\/div>\n<div class=\"cell value\">OEM ODM<\/div>\n<\/div>\n<div class=\"row\">\n<div class=\"cell label\">Vastags\u00e1g<\/div>\n<div class=\"cell value\">1mm-500mm<\/div>\n<\/div>\n<div class=\"row\">\n<div class=\"cell label\">Sz\u00e9less\u00e9g<\/div>\n<div class=\"cell value\">10mm-600mm<\/div>\n<\/div>\n<div class=\"row\">\n<div class=\"cell label\">Hossz\u00fas\u00e1g<\/div>\n<div class=\"cell value\">1000mm-12000mm vagy testreszabott<\/div>\n<\/div>\n<div class=\"row\">\n<div class=\"cell label\">Standard<\/div>\n<div class=\"cell value\">GB, ASTM, EN, JIS, AISI, DIN, GB, ASTM, EN, JIS, AISI, DIN<\/div>\n<\/div>\n<div class=\"row\">\n<div class=\"cell label\">Fel\u00fclet<\/div>\n<div class=\"cell value\">Mill Finish, elox\u00e1l\u00e1s, porbevonat stb.<\/div>\n<\/div>\n<div class=\"row\">\n<div class=\"cell label\">Tan\u00fas\u00edt\u00e1s<\/div>\n<div class=\"cell value\">CE, ISO9001, ISO14001, ISO45001, IATF16949, ISO9001, ISO14001, ISO45001, IATF16949<\/div>\n<\/div>\n<div class=\"row\">\n<div class=\"cell label\">Alkalmaz\u00e1s<\/div>\n<div class=\"cell value\">Vas\u00fati k\u00f6zleked\u00e9s, aut\u00f3ipar, elektronikai, elektromos \u00e9s egy\u00e9b ipar\u00e1gak<\/div>\n<\/div>\n<div class=\"row\">\n<div class=\"cell label\">Csomagol\u00e1s r\u00e9szletei<\/div>\n<div class=\"cell value\">Karton \/ bubor\u00e9kf\u00f3lia \/ fa raklap<\/div>\n<\/div>\n<div class=\"row\">\n<div class=\"cell label\">Kik\u00fcld\u0151 kik\u00f6t\u0151<\/div>\n<div class=\"cell value\">Qingdao<\/div>\n<\/div>\n<div class=\"row\">\n<div class=\"cell label\">Elad\u00f3 egys\u00e9gek<\/div>\n<div class=\"cell value\">Egyetlen t\u00e9tel<\/div>\n<\/div>\n<div class=\"row\">\n<div class=\"cell label\">Ell\u00e1t\u00e1si k\u00e9pess\u00e9g<\/div>\n<div class=\"cell value\">1500 tonna havonta<\/div>\n<\/div>\n<\/div>\n<p><\/p>\n<h2>Gy\u00e1rt\u00f3 b\u00e1zisunk<\/h2>\n<h3>Gy\u00e1ri panor\u00e1ma<\/h3>\n<p><img decoding=\"async\" src=\"\/wp-content\/uploads\/factory-01.webp\"\/><\/p>\n<h3>Alum\u00ednium r\u00fadgy\u00e1rt\u00f3 m\u0171hely<\/h3>\n<p><img decoding=\"async\" src=\"\/wp-content\/uploads\/factory-02.webp\"\/><\/p>\n<p><img decoding=\"async\" src=\"\/wp-content\/uploads\/factory-03.webp\"\/><\/p>\n<h3>Pen\u00e9sz rakt\u00e1r<\/h3>\n<p><img decoding=\"async\" src=\"\/wp-content\/uploads\/factory-04.webp\"\/><\/p>\n<h3>43 alum\u00ednium extrud\u00e1l\u00f3 vonal (500-5500 tonna)<\/h3>\n<p><img decoding=\"async\" src=\"\/wp-content\/uploads\/factory-05.webp\"\/><\/p>\n<p><img decoding=\"async\" src=\"\/wp-content\/uploads\/factory-06.webp\"\/><\/p>\n<p><img decoding=\"async\" src=\"\/wp-content\/uploads\/factory-07.webp\"\/><\/p>\n<h3>Porfest\u0151 m\u0171hely<\/h3>\n<p><img decoding=\"async\" src=\"\/wp-content\/uploads\/factory-09.webp\"\/><\/p>\n<h3>Anodiz\u00e1l\u00f3 m\u0171hely<\/h3>\n<p><img decoding=\"async\" src=\"\/wp-content\/uploads\/factory-10.webp\"\/><\/p>\n<h3>M\u00e9ly feldolgoz\u00e1si m\u0171hely<\/h3>\n<p><img decoding=\"async\" src=\"\/wp-content\/uploads\/factory-11.webp\"\/><\/p>\n<h3>CNC prec\u00edzi\u00f3s megmunk\u00e1l\u00f3 m\u0171hely<\/h3>\n<p><img decoding=\"async\" src=\"\/wp-content\/uploads\/factory-11.5.webp\"\/><\/p>\n<h3>K\u00e9szterm\u00e9k \u00e9s export rakt\u00e1r<\/h3>\n<p><img decoding=\"async\" src=\"\/wp-content\/uploads\/factory-12.webp\"\/><\/p>\n<p><img decoding=\"async\" src=\"\/wp-content\/uploads\/factory-13.webp\"\/><\/p>\n<p><img decoding=\"async\" src=\"\/wp-content\/uploads\/factory-14.webp\"\/><\/p>\n<h2>GYIK<\/h2>\n<p><strong>1. Mik a legfontosabb el\u0151nyei az alum\u00ednium h\u0171t\u0151bord\u00e1k haszn\u00e1lat\u00e1nak?<\/strong><br \/>Az alum\u00ednium kiv\u00e1l\u00f3 h\u0151vezet\u0151 k\u00e9pess\u00e9ggel rendelkezik \u00e9s k\u00f6nny\u0171, \u00edgy ide\u00e1lis a h\u0151elvezet\u00e9shez.<\/p>\n<p><strong>2. Az alum\u00ednium h\u0171t\u0151bord\u00e1k testreszabhat\u00f3k egyedi form\u00e1kra?<\/strong><br \/>Igen, az alum\u00ednium h\u0171t\u0151bord\u00e1k k\u00f6nnyen megmunk\u00e1lhat\u00f3k \u00e9s testreszabhat\u00f3k b\u00e1rmilyen speci\u00e1lis form\u00e1ra.<\/p>\n<p><strong>3. Ez az anyag ellen\u00e1ll a korr\u00f3zi\u00f3nak?<\/strong><br \/>Igen, az alum\u00ednium nagym\u00e9rt\u00e9kben ellen\u00e1ll a korr\u00f3zi\u00f3nak, ami n\u00f6veli a h\u0171t\u0151bord\u00e1k \u00e9lettartam\u00e1t.<\/p>\n<p><strong>4. Milyen ipar\u00e1gak haszn\u00e1lnak \u00e1ltal\u00e1ban alum\u00ednium h\u0171t\u0151bord\u00e1kat?<\/strong><br \/>Az alum\u00ednium h\u0171t\u0151bord\u00e1kat \u00e1ltal\u00e1ban az elektronikai, aut\u00f3ipari \u00e9s HVAC-iparban haszn\u00e1lj\u00e1k a hat\u00e9kony h\u0151kezel\u00e9s \u00e9rdek\u00e9ben.<\/p>\n<p><strong>5. Hogyan viszonyul az alum\u00ednium a r\u00e9zhez a h\u0171t\u0151bord\u00e1k eset\u00e9ben?<\/strong><br \/>Az alum\u00ednium olcs\u00f3bb \u00e9s k\u00f6nnyebb, mint a r\u00e9z, ugyanakkor j\u00f3 h\u0151teljes\u00edtm\u00e9nyt ny\u00fajt.<\/p>\n<p><strong>6. \u00dajrahasznos\u00edthatjuk az alum\u00ednium h\u0171t\u0151borda anyagokat?<\/strong><br \/>Igen, az alum\u00ednium teljes m\u00e9rt\u00e9kben \u00fajrahasznos\u00edthat\u00f3, t\u00e1mogatva a k\u00f6rnyezeti fenntarthat\u00f3s\u00e1gi kezdem\u00e9nyez\u00e9seket.<\/p>\n<p><strong>7. Az alum\u00ednium h\u0171t\u0151bord\u00e1k t\u00e1mogatj\u00e1k a magas h\u0151m\u00e9rs\u00e9klet\u0171 alkalmaz\u00e1sokat?<\/strong><br \/>Igen, az alum\u00ednium h\u0171t\u0151bord\u00e1k hat\u00e9konyan kezelik a h\u0151t a magas h\u0151m\u00e9rs\u00e9klet\u0171 alkalmaz\u00e1sokban, biztos\u00edtva a rendszer stabilit\u00e1s\u00e1t.<\/p>\n<p><\/p>","protected":false},"featured_media":10756,"template":"","categories":[72],"class_list":["post-10924","product","type-product","status-publish","has-post-thumbnail","hentry","category-extruded-aluminum-heatsink"],"meta_box":{"hilight_text_group":[{"product_hilight_text":"<li>Excellent thermal conductivity for efficient heat dispersion<\/li>\n<li>Lightweight material, ideal for various applications<\/li>\n<li>Offers high resistance to corrosion and environmental factors<\/li>\n<li>Easy to machine and customize to specific requirements<\/li>\n<li>Supports green initiatives with recyclable properties<\/li>"}],"feature_list":[]},"_links":{"self":[{"href":"https:\/\/sinoextrud.com\/hu\/wp-json\/wp\/v2\/product\/10924","targetHints":{"allow":["GET"]}}],"collection":[{"href":"https:\/\/sinoextrud.com\/hu\/wp-json\/wp\/v2\/product"}],"about":[{"href":"https:\/\/sinoextrud.com\/hu\/wp-json\/wp\/v2\/types\/product"}],"wp:featuredmedia":[{"embeddable":true,"href":"https:\/\/sinoextrud.com\/hu\/wp-json\/wp\/v2\/media\/10756"}],"wp:attachment":[{"href":"https:\/\/sinoextrud.com\/hu\/wp-json\/wp\/v2\/media?parent=10924"}],"wp:term":[{"taxonomy":"category","embeddable":true,"href":"https:\/\/sinoextrud.com\/hu\/wp-json\/wp\/v2\/categories?post=10924"}],"curies":[{"name":"wp","href":"https:\/\/api.w.org\/{rel}","templated":true}]}}