{"id":10923,"date":"2025-08-01T03:13:00","date_gmt":"2025-08-01T03:13:00","guid":{"rendered":"https:\/\/sinoextrud.com\/product\/white-aluminum-enclosure-heat-sink\/"},"modified":"2025-08-01T03:13:00","modified_gmt":"2025-08-01T03:13:00","slug":"feher-aluminium-haz-hutoborda","status":"publish","type":"product","link":"https:\/\/sinoextrud.com\/hu\/product\/white-aluminum-enclosure-heat-sink\/","title":{"rendered":"Feh\u00e9r alum\u00ednium h\u00e1z h\u0171t\u0151borda"},"content":{"rendered":"<h2>Term\u00e9kek r\u00e9szletei<\/h2>\n<div class=\"product-table\">\n<div class=\"row\">\n<div class=\"cell label\">Fokozat<\/div>\n<div class=\"cell value\">6000-es sorozat<\/div>\n<\/div>\n<div class=\"row\">\n<div class=\"cell label\">Tolerancia<\/div>\n<div class=\"cell value\">\u00c2\u00b11%<\/div>\n<\/div>\n<div class=\"row\">\n<div class=\"cell label\">Sz\u00e1ll\u00edt\u00e1si id\u0151<\/div>\n<div class=\"cell value\">8-14 nap<\/div>\n<\/div>\n<div class=\"row\">\n<div class=\"cell label\">Temper<\/div>\n<div class=\"cell value\">T3-T8<\/div>\n<\/div>\n<div class=\"row\">\n<div class=\"cell label\">Alkalmaz\u00e1s<\/div>\n<div class=\"cell value\">H\u0151elnyel\u0151<\/div>\n<\/div>\n<div class=\"row\">\n<div class=\"cell label\">Shape<\/div>\n<div class=\"cell value\">N\u00e9gyzet<\/div>\n<\/div>\n<div class=\"row\">\n<div class=\"cell label\">\u00d6tv\u00f6zet vagy sem<\/div>\n<div class=\"cell value\">Az \u00f6tv\u00f6zet<\/div>\n<\/div>\n<div class=\"row\">\n<div class=\"cell label\">Feldolgoz\u00f3 szolg\u00e1ltat\u00e1s<\/div>\n<div class=\"cell value\">Hajl\u00edt\u00e1s, tekercsel\u00e9s, hegeszt\u00e9s, lyukaszt\u00e1s, v\u00e1g\u00e1s, extrud\u00e1l\u00e1s<\/div>\n<\/div>\n<div class=\"row\">\n<div class=\"cell label\">Term\u00e9k neve<\/div>\n<div class=\"cell value\">LED alum\u00ednium profil<\/div>\n<\/div>\n<div class=\"row\">\n<div class=\"cell label\">Folyamat<\/div>\n<div class=\"cell value\">Extrud\u00e1l\u00e1s<\/div>\n<\/div>\n<div class=\"row\">\n<div class=\"cell label\">Anyag<\/div>\n<div class=\"cell value\">1070 alum\u00ednium<\/div>\n<\/div>\n<div class=\"row\">\n<div class=\"cell label\">Tan\u00fas\u00edt\u00e1s<\/div>\n<div class=\"cell value\">ISO9001:2015<\/div>\n<\/div>\n<div class=\"row\">\n<div class=\"cell label\">M\u00e9ret<\/div>\n<div class=\"cell value\">93.5*49.5mm<\/div>\n<\/div>\n<div class=\"row\">\n<div class=\"cell label\">Fel\u00fcletkezel\u00e9s<\/div>\n<div class=\"cell value\">Mill Finish<\/div>\n<\/div>\n<div class=\"row\">\n<div class=\"cell label\">Kulcssz\u00f3<\/div>\n<div class=\"cell value\">extrud\u00e1lt alum\u00ednium h\u0171t\u0151bord\u00e1s h\u00e1z<\/div>\n<\/div>\n<div class=\"row\">\n<div class=\"cell label\">Haszn\u00e1lat<\/div>\n<div class=\"cell value\">H\u0151elnyel\u0151<\/div>\n<\/div>\n<div class=\"row\">\n<div class=\"cell label\">T\u00edpus<\/div>\n<div class=\"cell value\">OEM alum\u00ednium h\u0171t\u0151borda extrud\u00e1l\u00e1s profilok<\/div>\n<\/div>\n<div class=\"row\">\n<div class=\"cell label\">Elad\u00f3 egys\u00e9gek<\/div>\n<div class=\"cell value\">Egyetlen t\u00e9tel<\/div>\n<\/div>\n<div class=\"row\">\n<div class=\"cell label\">Egyetlen csomagm\u00e9ret<\/div>\n<div class=\"cell value\">10X10X5 cm<\/div>\n<\/div>\n<div class=\"row\">\n<div class=\"cell label\">Egyetlen brutt\u00f3 t\u00f6meg<\/div>\n<div class=\"cell value\">1.500 KG<\/div>\n<\/div>\n<\/div>\n<p><\/p>\n<h2>Gy\u00e1rt\u00f3 b\u00e1zisunk<\/h2>\n<h3>Gy\u00e1ri panor\u00e1ma<\/h3>\n<p><img decoding=\"async\" src=\"\/wp-content\/uploads\/factory-01.webp\"\/><\/p>\n<h3>Alum\u00ednium r\u00fadgy\u00e1rt\u00f3 m\u0171hely<\/h3>\n<p><img decoding=\"async\" src=\"\/wp-content\/uploads\/factory-02.webp\"\/><\/p>\n<p><img decoding=\"async\" src=\"\/wp-content\/uploads\/factory-03.webp\"\/><\/p>\n<h3>Pen\u00e9sz rakt\u00e1r<\/h3>\n<p><img decoding=\"async\" src=\"\/wp-content\/uploads\/factory-04.webp\"\/><\/p>\n<h3>43 alum\u00ednium extrud\u00e1l\u00f3 vonal (500-5500 tonna)<\/h3>\n<p><img decoding=\"async\" src=\"\/wp-content\/uploads\/factory-05.webp\"\/><\/p>\n<p><img decoding=\"async\" src=\"\/wp-content\/uploads\/factory-06.webp\"\/><\/p>\n<p><img decoding=\"async\" src=\"\/wp-content\/uploads\/factory-07.webp\"\/><\/p>\n<h3>Porfest\u0151 m\u0171hely<\/h3>\n<p><img decoding=\"async\" src=\"\/wp-content\/uploads\/factory-09.webp\"\/><\/p>\n<h3>Anodiz\u00e1l\u00f3 m\u0171hely<\/h3>\n<p><img decoding=\"async\" src=\"\/wp-content\/uploads\/factory-10.webp\"\/><\/p>\n<h3>M\u00e9ly feldolgoz\u00e1si m\u0171hely<\/h3>\n<p><img decoding=\"async\" src=\"\/wp-content\/uploads\/factory-11.webp\"\/><\/p>\n<h3>CNC prec\u00edzi\u00f3s megmunk\u00e1l\u00f3 m\u0171hely<\/h3>\n<p><img decoding=\"async\" src=\"\/wp-content\/uploads\/factory-11.5.webp\"\/><\/p>\n<h3>K\u00e9szterm\u00e9k \u00e9s export rakt\u00e1r<\/h3>\n<p><img decoding=\"async\" src=\"\/wp-content\/uploads\/factory-12.webp\"\/><\/p>\n<p><img decoding=\"async\" src=\"\/wp-content\/uploads\/factory-13.webp\"\/><\/p>\n<p><img decoding=\"async\" src=\"\/wp-content\/uploads\/factory-14.webp\"\/><\/p>\n<h2>GYIK<\/h2>\n<p><strong>1. Mi a feh\u00e9r alum\u00ednium h\u00e1zas h\u0171t\u0151bord\u00e1k els\u0151dleges funkci\u00f3ja?<\/strong><br \/>A h\u0171t\u0151bord\u00e1t \u00fagy tervezt\u00e9k, hogy hat\u00e9konyan elvezesse az elektronikus eszk\u00f6z\u00f6k \u00e9s alkatr\u00e9szek h\u0151j\u00e9t.<\/p>\n<p><strong>2. Testre szabhat\u00f3-e a h\u0171t\u0151borda m\u00e9rete?<\/strong><br \/>Igen, a m\u00e9retek testreszab\u00e1s\u00e1t k\u00edn\u00e1ljuk az egyedi felszerel\u00e9si k\u00f6vetelm\u00e9nyeknek megfelel\u0151en.<\/p>\n<p><strong>3. Alkalmas ez a h\u0171t\u0151borda kem\u00e9ny ipari k\u00f6rnyezetbe?<\/strong><br \/>Igen, robusztus anyagokkal tervezt\u00e9k, hogy ellen\u00e1lljon az ig\u00e9nyes ipari k\u00f6r\u00fclm\u00e9nyeknek.<\/p>\n<p><strong>4. Sz\u00fcks\u00e9g van-e a h\u0171t\u0151bord\u00e1hoz tov\u00e1bbi r\u00f6gz\u00edt\u0151elemekre?<\/strong><br \/>A szerel\u00e9si lehet\u0151s\u00e9geket \u00fagy tervezt\u00e9k, hogy sokoldal\u00faak legyenek, \u00e9s az alkalmaz\u00e1si ig\u00e9nyekt\u0151l f\u00fcgg\u0151en tov\u00e1bbi hardvereket ig\u00e9nyelhetnek vagy nem ig\u00e9nyelhetnek.<\/p>\n<p><strong>5. Mekkora a v\u00e1rhat\u00f3 \u00e9lettartama ennek a h\u0171t\u0151bord\u00e1nak?<\/strong><br \/>A kiv\u00e1l\u00f3 min\u0151s\u00e9g\u0171 alum\u00edniumb\u00f3l k\u00e9sz\u00fclt term\u00e9k hossz\u00fa t\u00e1v\u00fa tart\u00f3ss\u00e1got \u00e9s teljes\u00edtm\u00e9nyt biztos\u00edt.<\/p>\n<p><strong>6. Haszn\u00e1lhat\u00f3-e a h\u0171t\u0151borda belt\u00e9ri \u00e9s k\u00fclt\u00e9ri alkalmaz\u00e1sokban egyar\u00e1nt?<\/strong><br \/>Igen, fel\u00e9p\u00edt\u00e9se lehet\u0151v\u00e9 teszi a hat\u00e9kony haszn\u00e1latot mind belt\u00e9ri, mind k\u00fclt\u00e9ri k\u00f6rnyezetben, megfelel\u0151 telep\u00edt\u00e9s mellett.<\/p>\n<p><strong>7. Milyen ipar\u00e1gakban haszn\u00e1lnak \u00e1ltal\u00e1ban alum\u00ednium h\u0171t\u0151bord\u00e1kat?<\/strong><br \/>Sz\u00e9les k\u00f6rben haszn\u00e1lj\u00e1k \u0151ket az elektronikai, aut\u00f3ipari, t\u00e1vk\u00f6zl\u00e9si \u00e9s energiaiparban.<\/p>\n<p><\/p>","protected":false},"featured_media":10849,"template":"","categories":[72],"class_list":["post-10923","product","type-product","status-publish","has-post-thumbnail","hentry","category-extruded-aluminum-heatsink"],"meta_box":{"hilight_text_group":[{"product_hilight_text":"<li>Engineered for optimal heat dissipation in electronic devices<\/li>\n<li>Suitable for a wide range of industrial applications<\/li>\n<li>Customizable dimensions to fit specific client needs<\/li>\n<li>Constructed from high-quality aluminum for durability and efficiency<\/li>\n<li>Available for OEM and ODM with flexible manufacturing options<\/li>"}],"feature_list":[]},"_links":{"self":[{"href":"https:\/\/sinoextrud.com\/hu\/wp-json\/wp\/v2\/product\/10923","targetHints":{"allow":["GET"]}}],"collection":[{"href":"https:\/\/sinoextrud.com\/hu\/wp-json\/wp\/v2\/product"}],"about":[{"href":"https:\/\/sinoextrud.com\/hu\/wp-json\/wp\/v2\/types\/product"}],"wp:featuredmedia":[{"embeddable":true,"href":"https:\/\/sinoextrud.com\/hu\/wp-json\/wp\/v2\/media\/10849"}],"wp:attachment":[{"href":"https:\/\/sinoextrud.com\/hu\/wp-json\/wp\/v2\/media?parent=10923"}],"wp:term":[{"taxonomy":"category","embeddable":true,"href":"https:\/\/sinoextrud.com\/hu\/wp-json\/wp\/v2\/categories?post=10923"}],"curies":[{"name":"wp","href":"https:\/\/api.w.org\/{rel}","templated":true}]}}