{"id":10919,"date":"2025-08-01T03:12:49","date_gmt":"2025-08-01T03:12:49","guid":{"rendered":"https:\/\/sinoextrud.com\/product\/extruded-aluminum-heatsink-for-5g-signal-tower\/"},"modified":"2025-08-01T03:12:49","modified_gmt":"2025-08-01T03:12:49","slug":"extrudalt-aluminium-hutoborda-5g-jelzotoronyhoz","status":"publish","type":"product","link":"https:\/\/sinoextrud.com\/hu\/product\/extruded-aluminum-heatsink-for-5g-signal-tower\/","title":{"rendered":"Extrud\u00e1lt alum\u00ednium h\u0171t\u0151borda az 5G jelz\u0151toronyhoz"},"content":{"rendered":"<h2>Term\u00e9kek r\u00e9szletei<\/h2>\n<div class=\"product-table\">\n<div class=\"row\">\n<div class=\"cell label\">Fokozat<\/div>\n<div class=\"cell value\">1000-es sorozat<\/div>\n<\/div>\n<div class=\"row\">\n<div class=\"cell label\">Tolerancia<\/div>\n<div class=\"cell value\">\u00c2\u00b11%<\/div>\n<\/div>\n<div class=\"row\">\n<div class=\"cell label\">Sz\u00e1ll\u00edt\u00e1si id\u0151<\/div>\n<div class=\"cell value\">8-14 nap<\/div>\n<\/div>\n<div class=\"row\">\n<div class=\"cell label\">Shape<\/div>\n<div class=\"cell value\">N\u00e9gyzet<\/div>\n<\/div>\n<div class=\"row\">\n<div class=\"cell label\">Fel\u00fcletkezel\u00e9s<\/div>\n<div class=\"cell value\">Pol\u00edrozott<\/div>\n<\/div>\n<div class=\"row\">\n<div class=\"cell label\">Hossz\u00fas\u00e1g<\/div>\n<div class=\"cell value\">testreszabott<\/div>\n<\/div>\n<div class=\"row\">\n<div class=\"cell label\">Haszn\u00e1lja a  c\u00edmet.<\/div>\n<div class=\"cell value\">H\u0151elnyel\u0151<\/div>\n<\/div>\n<div class=\"row\">\n<div class=\"cell label\">Kem\u00e9nys\u00e9g<\/div>\n<div class=\"cell value\">HB30-45<\/div>\n<\/div>\n<div class=\"row\">\n<div class=\"cell label\">\u00d6tv\u00f6zet vagy sem<\/div>\n<div class=\"cell value\">Az \u00f6tv\u00f6zet<\/div>\n<\/div>\n<div class=\"row\">\n<div class=\"cell label\">Temper<\/div>\n<div class=\"cell value\">O - H112<\/div>\n<\/div>\n<div class=\"row\">\n<div class=\"cell label\">Al (Min)<\/div>\n<div class=\"cell value\">95%<\/div>\n<\/div>\n<div class=\"row\">\n<div class=\"cell label\">Falvastags\u00e1g<\/div>\n<div class=\"cell value\">0.3mm-10mm<\/div>\n<\/div>\n<div class=\"row\">\n<div class=\"cell label\">Feldolgoz\u00f3 szolg\u00e1ltat\u00e1s<\/div>\n<div class=\"cell value\">F\u00f3li\u00e1z\u00e1s, hajl\u00edt\u00e1s, hegeszt\u00e9s, lyukaszt\u00e1s, v\u00e1g\u00e1s<\/div>\n<\/div>\n<div class=\"row\">\n<div class=\"cell label\">Term\u00e9k neve<\/div>\n<div class=\"cell value\">Alum\u00ednium cs\u0151<\/div>\n<\/div>\n<div class=\"row\">\n<div class=\"cell label\">Shape<\/div>\n<div class=\"cell value\">\u00dcgyfelek rajzai<\/div>\n<\/div>\n<div class=\"row\">\n<div class=\"cell label\">Sz\u00ednes<\/div>\n<div class=\"cell value\">Testreszabott sz\u00edn<\/div>\n<\/div>\n<div class=\"row\">\n<div class=\"cell label\">Anyag<\/div>\n<div class=\"cell value\">Alum\u00ednium \u00f6tv\u00f6zet<\/div>\n<\/div>\n<div class=\"row\">\n<div class=\"cell label\">T\u00edpus<\/div>\n<div class=\"cell value\">OEM alum\u00ednium extrud\u00e1l\u00e1s profilok<\/div>\n<\/div>\n<div class=\"row\">\n<div class=\"cell label\">Kulcssz\u00f3<\/div>\n<div class=\"cell value\">Alumimnum cs\u00f6vek<\/div>\n<\/div>\n<div class=\"row\">\n<div class=\"cell label\">Feldolgoz\u00e1s<\/div>\n<div class=\"cell value\">Rajzolt<\/div>\n<\/div>\n<div class=\"row\">\n<div class=\"cell label\">Tan\u00fas\u00edt\u00e1s<\/div>\n<div class=\"cell value\">ISO9001:2008<\/div>\n<\/div>\n<div class=\"row\">\n<div class=\"cell label\">Standard<\/div>\n<div class=\"cell value\">GB\/T 5237<\/div>\n<\/div>\n<div class=\"row\">\n<div class=\"cell label\">MOQ<\/div>\n<div class=\"cell value\">500kg<\/div>\n<\/div>\n<div class=\"row\">\n<div class=\"cell label\">Elad\u00f3 egys\u00e9gek<\/div>\n<div class=\"cell value\">Egyetlen t\u00e9tel<\/div>\n<\/div>\n<div class=\"row\">\n<div class=\"cell label\">Egyetlen csomagm\u00e9ret<\/div>\n<div class=\"cell value\">10X3X1 cm<\/div>\n<\/div>\n<div class=\"row\">\n<div class=\"cell label\">Egyetlen brutt\u00f3 t\u00f6meg<\/div>\n<div class=\"cell value\">1.000 KG<\/div>\n<\/div>\n<\/div>\n<p><\/p>\n<h2>Gy\u00e1rt\u00f3 b\u00e1zisunk<\/h2>\n<h3>Gy\u00e1ri panor\u00e1ma<\/h3>\n<p><img decoding=\"async\" src=\"\/wp-content\/uploads\/factory-01.webp\"\/><\/p>\n<h3>Alum\u00ednium r\u00fadgy\u00e1rt\u00f3 m\u0171hely<\/h3>\n<p><img decoding=\"async\" src=\"\/wp-content\/uploads\/factory-02.webp\"\/><\/p>\n<p><img decoding=\"async\" src=\"\/wp-content\/uploads\/factory-03.webp\"\/><\/p>\n<h3>Pen\u00e9sz rakt\u00e1r<\/h3>\n<p><img decoding=\"async\" src=\"\/wp-content\/uploads\/factory-04.webp\"\/><\/p>\n<h3>43 alum\u00ednium extrud\u00e1l\u00f3 vonal (500-5500 tonna)<\/h3>\n<p><img decoding=\"async\" src=\"\/wp-content\/uploads\/factory-05.webp\"\/><\/p>\n<p><img decoding=\"async\" src=\"\/wp-content\/uploads\/factory-06.webp\"\/><\/p>\n<p><img decoding=\"async\" src=\"\/wp-content\/uploads\/factory-07.webp\"\/><\/p>\n<h3>Porfest\u0151 m\u0171hely<\/h3>\n<p><img decoding=\"async\" src=\"\/wp-content\/uploads\/factory-09.webp\"\/><\/p>\n<h3>Anodiz\u00e1l\u00f3 m\u0171hely<\/h3>\n<p><img decoding=\"async\" src=\"\/wp-content\/uploads\/factory-10.webp\"\/><\/p>\n<h3>M\u00e9ly feldolgoz\u00e1si m\u0171hely<\/h3>\n<p><img decoding=\"async\" src=\"\/wp-content\/uploads\/factory-11.webp\"\/><\/p>\n<h3>CNC prec\u00edzi\u00f3s megmunk\u00e1l\u00f3 m\u0171hely<\/h3>\n<p><img decoding=\"async\" src=\"\/wp-content\/uploads\/factory-11.5.webp\"\/><\/p>\n<h3>K\u00e9szterm\u00e9k \u00e9s export rakt\u00e1r<\/h3>\n<p><img decoding=\"async\" src=\"\/wp-content\/uploads\/factory-12.webp\"\/><\/p>\n<p><img decoding=\"async\" src=\"\/wp-content\/uploads\/factory-13.webp\"\/><\/p>\n<p><img decoding=\"async\" src=\"\/wp-content\/uploads\/factory-14.webp\"\/><\/p>\n<h2>GYIK<\/h2>\n<p><strong>1. Mi teszi ezt az alum\u00ednium h\u0171t\u0151bord\u00e1t alkalmass\u00e1 az 5G jelz\u0151tornyok sz\u00e1m\u00e1ra?<\/strong><br \/>A h\u0171t\u0151bord\u00e1t nagy h\u0151vezet\u0151 k\u00e9pess\u00e9g\u0171re tervezt\u00e9k, ami elengedhetetlen az 5G alkalmaz\u00e1sokhoz.<\/p>\n<p><strong>2. Testre szabhat\u00f3 a h\u0171t\u0151borda m\u00e9rete?<\/strong><br \/>Igen, a m\u00e9retek testre szabhat\u00f3k, hogy illeszkedjenek az adott 5G toronyberendez\u00e9sekhez.<\/p>\n<p><strong>3. Ez a h\u0171t\u0151borda ellen\u00e1ll a korr\u00f3zi\u00f3nak?<\/strong><br \/>Igen, a h\u0171t\u0151borda korszer\u0171 korr\u00f3zi\u00f3\u00e1ll\u00f3 anyagokb\u00f3l k\u00e9sz\u00fcl.<\/p>\n<p><strong>4. Az alum\u00ednium h\u0171t\u0151bord\u00e1b\u00f3l rendelkez\u00e9sre \u00e1llnak mint\u00e1k?<\/strong><br \/>Igen, mint\u00e1kat biztos\u00edtunk tesztel\u00e9sre \u00e9s \u00e9rt\u00e9kel\u00e9sre a t\u00f6meges megrendel\u00e9sek el\u0151tt.<\/p>\n<p><strong>5. Mennyi a minim\u00e1lis rendel\u00e9si mennyis\u00e9g az egyedi h\u0171t\u0151bord\u00e1khoz?<\/strong><br \/>A MOQ a testreszab\u00e1si r\u00e9szletekt\u0151l f\u00fcgg, \u00e1ltal\u00e1ban 500 darabt\u00f3l kezd\u0151dik.<\/p>\n<p><strong>6. T\u00e1mogatja ez a term\u00e9k a nemzetk\u00f6zi sz\u00e1ll\u00edt\u00e1st?<\/strong><br \/>Igen, a sz\u00fcks\u00e9ges logisztikai t\u00e1mogat\u00e1ssal vil\u00e1gm\u00e9ret\u0171 sz\u00e1ll\u00edt\u00e1st k\u00edn\u00e1lunk.<\/p>\n<p><strong>7. Be\u00e9p\u00edthet\u00fcnk-e egyedi m\u00e1rkajelz\u00e9seket vagy diz\u00e1jnelemeket a h\u0171t\u0151bord\u00e1ba?<\/strong><br \/>Igen, teljes k\u00f6r\u0171 testreszab\u00e1st tesz\u00fcnk lehet\u0151v\u00e9, bele\u00e9rtve a m\u00e1rka\u00e9p\u00edt\u00e9st \u00e9s a designelemeket is a t\u00f6meges megrendel\u00e9sek eset\u00e9ben.<\/p>\n<p><\/p>","protected":false},"featured_media":10852,"template":"","categories":[72],"class_list":["post-10919","product","type-product","status-publish","has-post-thumbnail","hentry","category-extruded-aluminum-heatsink"],"meta_box":{"hilight_text_group":[{"product_hilight_text":"<li>Optimized for high thermal conductivity in 5G environments<\/li>\n<li>Customizable designs to fit diverse 5G signal tower configurations<\/li>\n<li>Lightweight yet durable construction for easy installation<\/li>\n<li>Advanced corrosion resistance for long-lasting performance<\/li>\n<li>Supports OEM and ODM with high precision manufacturing<\/li>"}],"feature_list":[]},"_links":{"self":[{"href":"https:\/\/sinoextrud.com\/hu\/wp-json\/wp\/v2\/product\/10919","targetHints":{"allow":["GET"]}}],"collection":[{"href":"https:\/\/sinoextrud.com\/hu\/wp-json\/wp\/v2\/product"}],"about":[{"href":"https:\/\/sinoextrud.com\/hu\/wp-json\/wp\/v2\/types\/product"}],"wp:featuredmedia":[{"embeddable":true,"href":"https:\/\/sinoextrud.com\/hu\/wp-json\/wp\/v2\/media\/10852"}],"wp:attachment":[{"href":"https:\/\/sinoextrud.com\/hu\/wp-json\/wp\/v2\/media?parent=10919"}],"wp:term":[{"taxonomy":"category","embeddable":true,"href":"https:\/\/sinoextrud.com\/hu\/wp-json\/wp\/v2\/categories?post=10919"}],"curies":[{"name":"wp","href":"https:\/\/api.w.org\/{rel}","templated":true}]}}