{"id":10918,"date":"2025-08-01T03:12:46","date_gmt":"2025-08-01T03:12:46","guid":{"rendered":"https:\/\/sinoextrud.com\/product\/aluminum-heat-sink-for-led-lights\/"},"modified":"2025-08-01T03:12:46","modified_gmt":"2025-08-01T03:12:46","slug":"aluminium-hutoborda-led-lampakhoz","status":"publish","type":"product","link":"https:\/\/sinoextrud.com\/hu\/product\/aluminum-heat-sink-for-led-lights\/","title":{"rendered":"Alum\u00ednium h\u0171t\u0151borda LED-es l\u00e1mp\u00e1khoz"},"content":{"rendered":"<h2>Term\u00e9kek r\u00e9szletei<\/h2>\n<div class=\"product-table\">\n<div class=\"row\">\n<div class=\"cell label\">Fokozat<\/div>\n<div class=\"cell value\">6000-es sorozat<\/div>\n<\/div>\n<div class=\"row\">\n<div class=\"cell label\">Tolerancia<\/div>\n<div class=\"cell value\">\u00c2\u00b11%<\/div>\n<\/div>\n<div class=\"row\">\n<div class=\"cell label\">Sz\u00e1ll\u00edt\u00e1si id\u0151<\/div>\n<div class=\"cell value\">15-21 nap<\/div>\n<\/div>\n<div class=\"row\">\n<div class=\"cell label\">Temper<\/div>\n<div class=\"cell value\">T3-T8<\/div>\n<\/div>\n<div class=\"row\">\n<div class=\"cell label\">Alkalmaz\u00e1s<\/div>\n<div class=\"cell value\">\u00c9p\u00edt\u00e9szeti, ipari, dekor\u00e1ci\u00f3s, energetikai, sz\u00e1ll\u00edt\u00e1si stb.<\/div>\n<\/div>\n<div class=\"row\">\n<div class=\"cell label\">Shape<\/div>\n<div class=\"cell value\">Testreszabott<\/div>\n<\/div>\n<div class=\"row\">\n<div class=\"cell label\">\u00d6tv\u00f6zet vagy sem<\/div>\n<div class=\"cell value\">Az \u00f6tv\u00f6zet<\/div>\n<\/div>\n<div class=\"row\">\n<div class=\"cell label\">Feldolgoz\u00f3 szolg\u00e1ltat\u00e1s<\/div>\n<div class=\"cell value\">Hajl\u00edt\u00e1s, tekercsel\u00e9s, hegeszt\u00e9s, lyukaszt\u00e1s, v\u00e1g\u00e1s, CNC<\/div>\n<\/div>\n<div class=\"row\">\n<div class=\"cell label\">Term\u00e9k neve<\/div>\n<div class=\"cell value\">Alum\u00ednium h\u0171t\u0151borda<\/div>\n<\/div>\n<div class=\"row\">\n<div class=\"cell label\">Anyag<\/div>\n<div class=\"cell value\">6063, 6061,6082,6463,6005,6060<\/div>\n<\/div>\n<div class=\"row\">\n<div class=\"cell label\">MOQ<\/div>\n<div class=\"cell value\">100db<\/div>\n<\/div>\n<div class=\"row\">\n<div class=\"cell label\">Port<\/div>\n<div class=\"cell value\">Guangzhou\/Shenzhen\/Foshan<\/div>\n<\/div>\n<div class=\"row\">\n<div class=\"cell label\">Sz\u00ednes<\/div>\n<div class=\"cell value\">Ez\u00fcst\/fekete\/v\u00f6r\u00f6s\/k\u00e9k \u00e9s testreszabott<\/div>\n<\/div>\n<div class=\"row\">\n<div class=\"cell label\">Fel\u00fcletkezel\u00e9s<\/div>\n<div class=\"cell value\">Malom, elox\u00e1l\u00e1s, porfest\u00e9s, porfest\u00e9k, faanyag, kr\u00f3m, ecset, stb.<\/div>\n<\/div>\n<div class=\"row\">\n<div class=\"cell label\">Minta<\/div>\n<div class=\"cell value\">Ingyenes minta<\/div>\n<\/div>\n<div class=\"row\">\n<div class=\"cell label\">M\u00e9ly folyamat<\/div>\n<div class=\"cell value\">Lyukaszt\u00e1s F\u00far\u00e1s Precison v\u00e1g\u00e1s CNC<\/div>\n<\/div>\n<div class=\"row\">\n<div class=\"cell label\">Vastags\u00e1g<\/div>\n<div class=\"cell value\">Testreszabott<\/div>\n<\/div>\n<div class=\"row\">\n<div class=\"cell label\">Hossz\u00fas\u00e1g<\/div>\n<div class=\"cell value\">Egy\u00e9ni hossz<\/div>\n<\/div>\n<div class=\"row\">\n<div class=\"cell label\">Elad\u00f3 egys\u00e9gek<\/div>\n<div class=\"cell value\">Egyetlen t\u00e9tel<\/div>\n<\/div>\n<div class=\"row\">\n<div class=\"cell label\">Egyetlen csomagm\u00e9ret<\/div>\n<div class=\"cell value\">50X5X5 cm<\/div>\n<\/div>\n<div class=\"row\">\n<div class=\"cell label\">Egyetlen brutt\u00f3 t\u00f6meg<\/div>\n<div class=\"cell value\">3.000 KG<\/div>\n<\/div>\n<\/div>\n<p><\/p>\n<h2>Gy\u00e1rt\u00f3 b\u00e1zisunk<\/h2>\n<h3>Gy\u00e1ri panor\u00e1ma<\/h3>\n<p><img decoding=\"async\" src=\"\/wp-content\/uploads\/factory-01.webp\"\/><\/p>\n<h3>Alum\u00ednium r\u00fadgy\u00e1rt\u00f3 m\u0171hely<\/h3>\n<p><img decoding=\"async\" src=\"\/wp-content\/uploads\/factory-02.webp\"\/><\/p>\n<p><img decoding=\"async\" src=\"\/wp-content\/uploads\/factory-03.webp\"\/><\/p>\n<h3>Pen\u00e9sz rakt\u00e1r<\/h3>\n<p><img decoding=\"async\" src=\"\/wp-content\/uploads\/factory-04.webp\"\/><\/p>\n<h3>43 alum\u00ednium extrud\u00e1l\u00f3 vonal (500-5500 tonna)<\/h3>\n<p><img decoding=\"async\" src=\"\/wp-content\/uploads\/factory-05.webp\"\/><\/p>\n<p><img decoding=\"async\" src=\"\/wp-content\/uploads\/factory-06.webp\"\/><\/p>\n<p><img decoding=\"async\" src=\"\/wp-content\/uploads\/factory-07.webp\"\/><\/p>\n<h3>Porfest\u0151 m\u0171hely<\/h3>\n<p><img decoding=\"async\" src=\"\/wp-content\/uploads\/factory-09.webp\"\/><\/p>\n<h3>Anodiz\u00e1l\u00f3 m\u0171hely<\/h3>\n<p><img decoding=\"async\" src=\"\/wp-content\/uploads\/factory-10.webp\"\/><\/p>\n<h3>M\u00e9ly feldolgoz\u00e1si m\u0171hely<\/h3>\n<p><img decoding=\"async\" src=\"\/wp-content\/uploads\/factory-11.webp\"\/><\/p>\n<h3>CNC prec\u00edzi\u00f3s megmunk\u00e1l\u00f3 m\u0171hely<\/h3>\n<p><img decoding=\"async\" src=\"\/wp-content\/uploads\/factory-11.5.webp\"\/><\/p>\n<h3>K\u00e9szterm\u00e9k \u00e9s export rakt\u00e1r<\/h3>\n<p><img decoding=\"async\" src=\"\/wp-content\/uploads\/factory-12.webp\"\/><\/p>\n<p><img decoding=\"async\" src=\"\/wp-content\/uploads\/factory-13.webp\"\/><\/p>\n<p><img decoding=\"async\" src=\"\/wp-content\/uploads\/factory-14.webp\"\/><\/p>\n<h2>GYIK<\/h2>\n<p><strong>1. Mi a f\u0151 c\u00e9lja az alum\u00ednium h\u0171t\u0151bord\u00e1nak a LED-es l\u00e1mp\u00e1khoz?<\/strong><br \/>\u00dagy tervezt\u00e9k, hogy jav\u00edtsa a LED-l\u00e1mp\u00e1k h\u0151kezel\u00e9s\u00e9t, \u00e9s hat\u00e9kony h\u0151elvezet\u00e9st biztos\u00edtson.<\/p>\n<p><strong>2. Az alum\u00ednium h\u0171t\u0151borda testre szabhat\u00f3, hogy illeszkedjen a k\u00fcl\u00f6nb\u00f6z\u0151 LED-es l\u00e1mp\u00e1khoz?<\/strong><br \/>Igen, egyedi m\u00e9retek \u00e9s konfigur\u00e1ci\u00f3k \u00e1llnak rendelkez\u00e9sre, hogy megfeleljenek az adott LED-f\u00e9nym\u00e9reteknek \u00e9s h\u0151kezel\u00e9si ig\u00e9nyeknek.<\/p>\n<p><strong>3. Mi\u00e9rt haszn\u00e1lnak alum\u00edniumot a LED h\u0171t\u0151bord\u00e1khoz?<\/strong><br \/>Az alum\u00edniumot kiv\u00e1l\u00f3 h\u0151vezet\u0151 \u00e9s k\u00f6nny\u0171 tulajdons\u00e1gai miatt haszn\u00e1lj\u00e1k, \u00edgy hat\u00e9kony h\u0151elvezet\u0151.<\/p>\n<p><strong>4. Hogyan seg\u00edt az alum\u00ednium h\u0171t\u0151borda a LED \u00e9lettartam\u00e1nak meghosszabb\u00edt\u00e1s\u00e1ban?<\/strong><br \/>A h\u0151 hat\u00e9kony elvezet\u00e9s\u00e9vel a h\u0171t\u0151borda seg\u00edt fenntartani az optim\u00e1lis \u00fczemi h\u0151m\u00e9rs\u00e9kletet, \u00edgy meghosszabb\u00edtja a LED \u00e9lettartam\u00e1t.<\/p>\n<p><strong>5. Ezek az alum\u00ednium h\u0171t\u0151bord\u00e1k minden t\u00edpus\u00fa LED-es l\u00e1mp\u00e1hoz alkalmasak?<\/strong><br \/>A legt\u00f6bb LED-es l\u00e1mp\u00e1val kompatibilisek, de egyedi kialak\u00edt\u00e1sokra lehet sz\u00fcks\u00e9g bizonyos modellekhez.<\/p>\n<p><strong>6. K\u00edn\u00e1l t\u00e1mogat\u00e1st olyan nagyszab\u00e1s\u00fa projektekhez, amelyek sok alum\u00ednium h\u0171t\u0151bord\u00e1t ig\u00e9nyelnek?<\/strong><br \/>Igen, sk\u00e1l\u00e1zhat\u00f3 megold\u00e1sokat k\u00edn\u00e1lunk, \u00e9s t\u00e1mogatjuk a nagy projektek t\u00f6meges megrendel\u00e9seit.<\/p>\n<p><strong>7. Lehets\u00e9ges-e minta h\u0171t\u0151bord\u00e1t kapni a LED-es l\u00e1mpatestekkel val\u00f3 tesztel\u00e9shez?<\/strong><br \/>Igen, a LED-rendszerekkel val\u00f3 kompatibilit\u00e1s \u00e9s teljes\u00edtm\u00e9ny tesztel\u00e9s\u00e9hez rendelhet\u0151 mintadarabok \u00e1llnak rendelkez\u00e9sre.<\/p>\n<p><\/p>","protected":false},"featured_media":10752,"template":"","categories":[72],"class_list":["post-10918","product","type-product","status-publish","has-post-thumbnail","hentry","category-extruded-aluminum-heatsink"],"meta_box":{"hilight_text_group":[{"product_hilight_text":"<li>Optimized for LED lighting systems to maximize thermal management<\/li>\n<li>Manufactured with high-grade aluminum for enhanced heat dissipation<\/li>\n<li>Available in various sizes and fin configurations to suit different requirements<\/li>\n<li>Supports custom design orders to align with specific project needs<\/li>\n<li>Lightweight yet durable, ideal for prolonged use in lighting installations<\/li>"}],"feature_list":[]},"_links":{"self":[{"href":"https:\/\/sinoextrud.com\/hu\/wp-json\/wp\/v2\/product\/10918","targetHints":{"allow":["GET"]}}],"collection":[{"href":"https:\/\/sinoextrud.com\/hu\/wp-json\/wp\/v2\/product"}],"about":[{"href":"https:\/\/sinoextrud.com\/hu\/wp-json\/wp\/v2\/types\/product"}],"wp:featuredmedia":[{"embeddable":true,"href":"https:\/\/sinoextrud.com\/hu\/wp-json\/wp\/v2\/media\/10752"}],"wp:attachment":[{"href":"https:\/\/sinoextrud.com\/hu\/wp-json\/wp\/v2\/media?parent=10918"}],"wp:term":[{"taxonomy":"category","embeddable":true,"href":"https:\/\/sinoextrud.com\/hu\/wp-json\/wp\/v2\/categories?post=10918"}],"curies":[{"name":"wp","href":"https:\/\/api.w.org\/{rel}","templated":true}]}}