{"id":10917,"date":"2025-08-01T03:12:43","date_gmt":"2025-08-01T03:12:43","guid":{"rendered":"https:\/\/sinoextrud.com\/product\/extruded-aluminum-heat-sink-enclosure\/"},"modified":"2025-08-01T03:12:43","modified_gmt":"2025-08-01T03:12:43","slug":"extrudalt-aluminium-hutoborda-haz","status":"publish","type":"product","link":"https:\/\/sinoextrud.com\/hu\/product\/extruded-aluminum-heat-sink-enclosure\/","title":{"rendered":"Extrud\u00e1lt alum\u00ednium h\u0171t\u0151bord\u00e1s h\u00e1z"},"content":{"rendered":"<h2>Term\u00e9kek r\u00e9szletei<\/h2>\n<div class=\"product-table\">\n<div class=\"row\">\n<div class=\"cell label\">Fokozat<\/div>\n<div class=\"cell value\">6063-T5<\/div>\n<\/div>\n<div class=\"row\">\n<div class=\"cell label\">Tolerancia<\/div>\n<div class=\"cell value\">\u00c2\u00b110%<\/div>\n<\/div>\n<div class=\"row\">\n<div class=\"cell label\">Temper<\/div>\n<div class=\"cell value\">T3-T8<\/div>\n<\/div>\n<div class=\"row\">\n<div class=\"cell label\">Alkalmaz\u00e1s<\/div>\n<div class=\"cell value\">Hegeszt\u0151g\u00e9p, frekvenciakonverzi\u00f3<\/div>\n<\/div>\n<div class=\"row\">\n<div class=\"cell label\">Shape<\/div>\n<div class=\"cell value\">N\u00e9gyzet<\/div>\n<\/div>\n<div class=\"row\">\n<div class=\"cell label\">\u00d6tv\u00f6zet vagy sem<\/div>\n<div class=\"cell value\">Az \u00f6tv\u00f6zet<\/div>\n<\/div>\n<div class=\"row\">\n<div class=\"cell label\">Feldolgoz\u00f3 szolg\u00e1ltat\u00e1s<\/div>\n<div class=\"cell value\">Hajl\u00edt\u00e1s, tekercsel\u00e9s, hegeszt\u00e9s, lyukaszt\u00e1s, v\u00e1g\u00e1s, CNC<\/div>\n<\/div>\n<div class=\"row\">\n<div class=\"cell label\">Sz\u00ednes<\/div>\n<div class=\"cell value\">Ez\u00fcst\u00f6s<\/div>\n<\/div>\n<div class=\"row\">\n<div class=\"cell label\">Term\u00e9k neve<\/div>\n<div class=\"cell value\">Extrud\u00e1lt alum\u00ednium h\u0171t\u0151borda<\/div>\n<\/div>\n<div class=\"row\">\n<div class=\"cell label\">Csomagol\u00e1s<\/div>\n<div class=\"cell value\">Karton\/f\u00e1b\u00f3l k\u00e9sz\u00fclt raklap\/OEM<\/div>\n<\/div>\n<div class=\"row\">\n<div class=\"cell label\">Fel\u00fcletkezel\u00e9s<\/div>\n<div class=\"cell value\">Zs\u00edrtalan\u00edt\u00e1s<\/div>\n<\/div>\n<div class=\"row\">\n<div class=\"cell label\">alkalmaz\u00e1s<\/div>\n<div class=\"cell value\">Inverter\/hegeszt\u0151g\u00e9p<\/div>\n<\/div>\n<div class=\"row\">\n<div class=\"cell label\">Sz\u00e1ll\u00edt\u00e1si id\u0151<\/div>\n<div class=\"cell value\">El\u0151legfizet\u00e9s 30-40 napra<\/div>\n<\/div>\n<div class=\"row\">\n<div class=\"cell label\">Csomagol\u00e1s r\u00e9szletei<\/div>\n<div class=\"cell value\">Karton\/t\u00e1lca\/OEM<\/div>\n<\/div>\n<div class=\"row\">\n<div class=\"cell label\">Kik\u00fcld\u0151 kik\u00f6t\u0151<\/div>\n<div class=\"cell value\">Shanghai<\/div>\n<\/div>\n<div class=\"row\">\n<div class=\"cell label\">Elad\u00f3 egys\u00e9gek<\/div>\n<div class=\"cell value\">Egyetlen t\u00e9tel<\/div>\n<\/div>\n<div class=\"row\">\n<div class=\"cell label\">Egyetlen csomagm\u00e9ret<\/div>\n<div class=\"cell value\">22X10X15 cm<\/div>\n<\/div>\n<div class=\"row\">\n<div class=\"cell label\">Egyetlen brutt\u00f3 t\u00f6meg<\/div>\n<div class=\"cell value\">1.600 KG<\/div>\n<\/div>\n<div class=\"row\">\n<div class=\"cell label\">Ell\u00e1t\u00e1si k\u00e9pess\u00e9g<\/div>\n<div class=\"cell value\">50000 darab havonta<\/div>\n<\/div>\n<\/div>\n<p><\/p>\n<h2>Gy\u00e1rt\u00f3 b\u00e1zisunk<\/h2>\n<h3>Gy\u00e1ri panor\u00e1ma<\/h3>\n<p><img decoding=\"async\" src=\"\/wp-content\/uploads\/factory-01.webp\"\/><\/p>\n<h3>Alum\u00ednium r\u00fadgy\u00e1rt\u00f3 m\u0171hely<\/h3>\n<p><img decoding=\"async\" src=\"\/wp-content\/uploads\/factory-02.webp\"\/><\/p>\n<p><img decoding=\"async\" src=\"\/wp-content\/uploads\/factory-03.webp\"\/><\/p>\n<h3>Pen\u00e9sz rakt\u00e1r<\/h3>\n<p><img decoding=\"async\" src=\"\/wp-content\/uploads\/factory-04.webp\"\/><\/p>\n<h3>43 alum\u00ednium extrud\u00e1l\u00f3 vonal (500-5500 tonna)<\/h3>\n<p><img decoding=\"async\" src=\"\/wp-content\/uploads\/factory-05.webp\"\/><\/p>\n<p><img decoding=\"async\" src=\"\/wp-content\/uploads\/factory-06.webp\"\/><\/p>\n<p><img decoding=\"async\" src=\"\/wp-content\/uploads\/factory-07.webp\"\/><\/p>\n<h3>Porfest\u0151 m\u0171hely<\/h3>\n<p><img decoding=\"async\" src=\"\/wp-content\/uploads\/factory-09.webp\"\/><\/p>\n<h3>Anodiz\u00e1l\u00f3 m\u0171hely<\/h3>\n<p><img decoding=\"async\" src=\"\/wp-content\/uploads\/factory-10.webp\"\/><\/p>\n<h3>M\u00e9ly feldolgoz\u00e1si m\u0171hely<\/h3>\n<p><img decoding=\"async\" src=\"\/wp-content\/uploads\/factory-11.webp\"\/><\/p>\n<h3>CNC prec\u00edzi\u00f3s megmunk\u00e1l\u00f3 m\u0171hely<\/h3>\n<p><img decoding=\"async\" src=\"\/wp-content\/uploads\/factory-11.5.webp\"\/><\/p>\n<h3>K\u00e9szterm\u00e9k \u00e9s export rakt\u00e1r<\/h3>\n<p><img decoding=\"async\" src=\"\/wp-content\/uploads\/factory-12.webp\"\/><\/p>\n<p><img decoding=\"async\" src=\"\/wp-content\/uploads\/factory-13.webp\"\/><\/p>\n<p><img decoding=\"async\" src=\"\/wp-content\/uploads\/factory-14.webp\"\/><\/p>\n<h2>GYIK<\/h2>\n<p><strong>1. Milyen anyagokat haszn\u00e1lnak a h\u0171t\u0151borda burkolat\u00e1nak gy\u00e1rt\u00e1s\u00e1hoz?<\/strong><br \/>A h\u00e1z kiv\u00e1l\u00f3 min\u0151s\u00e9g\u0171 extrud\u00e1lt alum\u00edniumb\u00f3l k\u00e9sz\u00fclt a tart\u00f3ss\u00e1g \u00e9s a teljes\u00edtm\u00e9ny biztos\u00edt\u00e1sa \u00e9rdek\u00e9ben.<\/p>\n<p><strong>2. A h\u0171t\u0151borda m\u00e9retei testre szabhat\u00f3k?<\/strong><br \/>Igen, egyedi m\u00e9reteket k\u00edn\u00e1lunk az egyedi projektig\u00e9nyeknek megfelel\u0151en, optim\u00e1lis teljes\u00edtm\u00e9nyt biztos\u00edtva.<\/p>\n<p><strong>3. Az alum\u00ednium h\u0171t\u0151borda alkalmas k\u00fclt\u00e9ri haszn\u00e1latra?<\/strong><br \/>Igen, korr\u00f3zi\u00f3\u00e1ll\u00f3 tulajdons\u00e1gai miatt ide\u00e1lis k\u00fclt\u00e9ri alkalmaz\u00e1sokhoz.<\/p>\n<p><strong>4. Milyen ipar\u00e1gak sz\u00e1m\u00e1ra el\u0151ny\u00f6s a h\u0171t\u0151bord\u00e1s h\u00e1z haszn\u00e1lata?<\/strong><br \/>Ez a term\u00e9k alkalmas elektronikai, aut\u00f3ipari \u00e9s k\u00fcl\u00f6nb\u00f6z\u0151 ipari alkalmaz\u00e1sokhoz.<\/p>\n<p><strong>5. Adnak-e garanci\u00e1t az alum\u00ednium h\u0171t\u0151bord\u00e1kra?<\/strong><br \/>Igen, garanci\u00e1t v\u00e1llalunk term\u00e9keink min\u0151s\u00e9g\u00e9nek \u00e9s teljes\u00edtm\u00e9ny\u00e9nek garant\u00e1l\u00e1s\u00e1ra.<\/p>\n<p><strong>6. Hogyan befoly\u00e1solja az extrud\u00e1l\u00e1si folyamat a h\u0171t\u0151borda min\u0151s\u00e9g\u00e9t?<\/strong><br \/>Az extrud\u00e1l\u00e1s pontoss\u00e1got \u00e9s k\u00f6vetkezetess\u00e9get biztos\u00edt, ami megb\u00edzhat\u00f3 h\u0151elvezet\u00e9si teljes\u00edtm\u00e9nyt eredm\u00e9nyez.<\/p>\n<p><strong>7. A burkolat elox\u00e1lhat\u00f3 vagy festhet\u0151-e tov\u00e1bbi v\u00e9delem vagy eszt\u00e9tikai c\u00e9llal?<\/strong><br \/>Igen, k\u00e9r\u00e9sre olyan fel\u00fcletkezel\u00e9sek, mint az elox\u00e1l\u00e1s vagy a fest\u00e9s, biztos\u00edthat\u00f3k.<\/p>\n<p><\/p>","protected":false},"featured_media":10853,"template":"","categories":[55],"class_list":["post-10917","product","type-product","status-publish","has-post-thumbnail","hentry","category-extruded-aluminum-profiles"],"meta_box":{"hilight_text_group":[{"product_hilight_text":"<li>High thermal conductivity for efficient heat dissipation<\/li>\n<li>Customizable dimensions to fit specific project needs<\/li>\n<li>Lightweight and corrosion-resistant for durability<\/li>\n<li>Ideal for electronics, automotive, and industrial use<\/li>\n<li>Precision extrusion process ensures consistent quality<\/li>"}],"feature_list":[]},"_links":{"self":[{"href":"https:\/\/sinoextrud.com\/hu\/wp-json\/wp\/v2\/product\/10917","targetHints":{"allow":["GET"]}}],"collection":[{"href":"https:\/\/sinoextrud.com\/hu\/wp-json\/wp\/v2\/product"}],"about":[{"href":"https:\/\/sinoextrud.com\/hu\/wp-json\/wp\/v2\/types\/product"}],"wp:featuredmedia":[{"embeddable":true,"href":"https:\/\/sinoextrud.com\/hu\/wp-json\/wp\/v2\/media\/10853"}],"wp:attachment":[{"href":"https:\/\/sinoextrud.com\/hu\/wp-json\/wp\/v2\/media?parent=10917"}],"wp:term":[{"taxonomy":"category","embeddable":true,"href":"https:\/\/sinoextrud.com\/hu\/wp-json\/wp\/v2\/categories?post=10917"}],"curies":[{"name":"wp","href":"https:\/\/api.w.org\/{rel}","templated":true}]}}