{"id":10916,"date":"2025-08-01T03:12:41","date_gmt":"2025-08-01T03:12:41","guid":{"rendered":"https:\/\/sinoextrud.com\/product\/aluminum-heat-sink-for-led-lighting-systems\/"},"modified":"2025-08-01T03:12:41","modified_gmt":"2025-08-01T03:12:41","slug":"aluminium-hutoborda-led-vilagitasi-rendszerekhez","status":"publish","type":"product","link":"https:\/\/sinoextrud.com\/hu\/product\/aluminum-heat-sink-for-led-lighting-systems\/","title":{"rendered":"Alum\u00ednium h\u0171t\u0151borda LED vil\u00e1g\u00edt\u00e1si rendszerekhez"},"content":{"rendered":"<h2>Term\u00e9kek r\u00e9szletei<\/h2>\n<div class=\"product-table\">\n<div class=\"row\">\n<div class=\"cell label\">Fel\u00fcletkezel\u00e9s<\/div>\n<div class=\"cell value\">An\u00f3dos oxid\u00e1ci\u00f3<\/div>\n<\/div>\n<div class=\"row\">\n<div class=\"cell label\">Shape<\/div>\n<div class=\"cell value\">K\u00d6RK\u00c9P<\/div>\n<\/div>\n<div class=\"row\">\n<div class=\"cell label\">Test anyaga<\/div>\n<div class=\"cell value\">Alum\u00ednium<\/div>\n<\/div>\n<div class=\"row\">\n<div class=\"cell label\">T\u00edpus<\/div>\n<div class=\"cell value\">H\u0151elnyel\u0151k<\/div>\n<\/div>\n<div class=\"row\">\n<div class=\"cell label\">Vil\u00e1g\u00edt\u00e1si megold\u00e1sok szolg\u00e1ltat\u00e1s<\/div>\n<div class=\"cell value\">Vil\u00e1g\u00edt\u00e1s \u00e9s \u00e1ramk\u00f6r\u00f6k tervez\u00e9se, automatikus CAD elrendez\u00e9s<\/div>\n<\/div>\n<div class=\"row\">\n<div class=\"cell label\">Garancia (\u00e9v)<\/div>\n<div class=\"cell value\">3 \u00e9v<\/div>\n<\/div>\n<div class=\"row\">\n<div class=\"cell label\">Folyamat<\/div>\n<div class=\"cell value\">hidegkov\u00e1csol\u00e1s<\/div>\n<\/div>\n<div class=\"row\">\n<div class=\"cell label\">IP-besorol\u00e1s<\/div>\n<div class=\"cell value\">IP65<\/div>\n<\/div>\n<div class=\"row\">\n<div class=\"cell label\">Karossz\u00e9ria sz\u00edne<\/div>\n<div class=\"cell value\">Fekete<\/div>\n<\/div>\n<div class=\"row\">\n<div class=\"cell label\">Term\u00e9k neve<\/div>\n<div class=\"cell value\">Alum\u00ednium Led h\u0171t\u0151borda<\/div>\n<\/div>\n<div class=\"row\">\n<div class=\"cell label\">Modell<\/div>\n<div class=\"cell value\">YL15660<\/div>\n<\/div>\n<div class=\"row\">\n<div class=\"cell label\">Dimenzi\u00f3<\/div>\n<div class=\"cell value\">Dia153*H60<\/div>\n<\/div>\n<div class=\"row\">\n<div class=\"cell label\">Teljes\u00edtm\u00e9ny<\/div>\n<div class=\"cell value\">50-70W<\/div>\n<\/div>\n<div class=\"row\">\n<div class=\"cell label\">Anyag<\/div>\n<div class=\"cell value\">AL1070<\/div>\n<\/div>\n<div class=\"row\">\n<div class=\"cell label\">Alkalmaz\u00e1s<\/div>\n<div class=\"cell value\">Led vil\u00e1g\u00edt\u00e1s h\u0171t\u0151borda<\/div>\n<\/div>\n<div class=\"row\">\n<div class=\"cell label\">Sz\u00ednes<\/div>\n<div class=\"cell value\">Fekete stb.<\/div>\n<\/div>\n<div class=\"row\">\n<div class=\"cell label\">Haszn\u00e1lat<\/div>\n<div class=\"cell value\">LED h\u0171t\u0151borda Alum\u00ednium h\u0171t\u0151borda<\/div>\n<\/div>\n<div class=\"row\">\n<div class=\"cell label\">Testreszab\u00e1s<\/div>\n<div class=\"cell value\">El\u00e9rhet\u0151<\/div>\n<\/div>\n<div class=\"row\">\n<div class=\"cell label\">Feldolgoz\u00e1si technika<\/div>\n<div class=\"cell value\">An\u00f3dos oxid\u00e1ci\u00f3<\/div>\n<\/div>\n<div class=\"row\">\n<div class=\"cell label\">Elad\u00f3 egys\u00e9gek<\/div>\n<div class=\"cell value\">Egyetlen t\u00e9tel<\/div>\n<\/div>\n<div class=\"row\">\n<div class=\"cell label\">Egyetlen csomagm\u00e9ret<\/div>\n<div class=\"cell value\">15.5X15.5X6.5 cm<\/div>\n<\/div>\n<div class=\"row\">\n<div class=\"cell label\">Egyetlen brutt\u00f3 t\u00f6meg<\/div>\n<div class=\"cell value\">1.500 KG<\/div>\n<\/div>\n<\/div>\n<p><\/p>\n<h2>Gy\u00e1rt\u00f3 b\u00e1zisunk<\/h2>\n<h3>Gy\u00e1ri panor\u00e1ma<\/h3>\n<p><img decoding=\"async\" src=\"\/wp-content\/uploads\/factory-01.webp\"\/><\/p>\n<h3>Alum\u00ednium r\u00fadgy\u00e1rt\u00f3 m\u0171hely<\/h3>\n<p><img decoding=\"async\" src=\"\/wp-content\/uploads\/factory-02.webp\"\/><\/p>\n<p><img decoding=\"async\" src=\"\/wp-content\/uploads\/factory-03.webp\"\/><\/p>\n<h3>Pen\u00e9sz rakt\u00e1r<\/h3>\n<p><img decoding=\"async\" src=\"\/wp-content\/uploads\/factory-04.webp\"\/><\/p>\n<h3>43 alum\u00ednium extrud\u00e1l\u00f3 vonal (500-5500 tonna)<\/h3>\n<p><img decoding=\"async\" src=\"\/wp-content\/uploads\/factory-05.webp\"\/><\/p>\n<p><img decoding=\"async\" src=\"\/wp-content\/uploads\/factory-06.webp\"\/><\/p>\n<p><img decoding=\"async\" src=\"\/wp-content\/uploads\/factory-07.webp\"\/><\/p>\n<h3>Porfest\u0151 m\u0171hely<\/h3>\n<p><img decoding=\"async\" src=\"\/wp-content\/uploads\/factory-09.webp\"\/><\/p>\n<h3>Anodiz\u00e1l\u00f3 m\u0171hely<\/h3>\n<p><img decoding=\"async\" src=\"\/wp-content\/uploads\/factory-10.webp\"\/><\/p>\n<h3>M\u00e9ly feldolgoz\u00e1si m\u0171hely<\/h3>\n<p><img decoding=\"async\" src=\"\/wp-content\/uploads\/factory-11.webp\"\/><\/p>\n<h3>CNC prec\u00edzi\u00f3s megmunk\u00e1l\u00f3 m\u0171hely<\/h3>\n<p><img decoding=\"async\" src=\"\/wp-content\/uploads\/factory-11.5.webp\"\/><\/p>\n<h3>K\u00e9szterm\u00e9k \u00e9s export rakt\u00e1r<\/h3>\n<p><img decoding=\"async\" src=\"\/wp-content\/uploads\/factory-12.webp\"\/><\/p>\n<p><img decoding=\"async\" src=\"\/wp-content\/uploads\/factory-13.webp\"\/><\/p>\n<p><img decoding=\"async\" src=\"\/wp-content\/uploads\/factory-14.webp\"\/><\/p>\n<h2>GYIK<\/h2>\n<p><strong>1. Mi\u00e9rt alkalmasak az alum\u00ednium h\u0171t\u0151bord\u00e1k LED-es vil\u00e1g\u00edt\u00e1shoz?<\/strong><br \/>Az alum\u00ednium h\u0171t\u0151bord\u00e1k kiv\u00e1l\u00f3 h\u0151vezet\u0151 k\u00e9pess\u00e9ggel rendelkeznek, \u00edgy ide\u00e1lisak a LED-es vil\u00e1g\u00edt\u00e1si rendszerek h\u0151elvezet\u00e9s\u00e9re.<\/p>\n<p><strong>2. A h\u0171t\u0151borda testre szabhat\u00f3 a k\u00fcl\u00f6nb\u00f6z\u0151 LED-f\u00e9nym\u00e9retekhez?<\/strong><br \/>Igen, alum\u00ednium h\u0171t\u0151bord\u00e1inkat a k\u00fcl\u00f6nb\u00f6z\u0151 LED-l\u00e1mp\u00e1k egyedi m\u00e9reteihez \u00e9s kialak\u00edt\u00e1saihoz lehet igaz\u00edtani.<\/p>\n<p><strong>3. Ez az alum\u00ednium h\u0171t\u0151borda alkalmas k\u00fclt\u00e9ri LED vil\u00e1g\u00edt\u00e1shoz?<\/strong><br \/>Igen, tart\u00f3s anyagokb\u00f3l k\u00e9sz\u00fclt, alkalmas mind belt\u00e9ri, mind k\u00fclt\u00e9ri vil\u00e1g\u00edt\u00e1si alkalmaz\u00e1sokhoz.<\/p>\n<p><strong>4. Az alum\u00ednium h\u0171t\u0151bord\u00e1k karbantart\u00e1st ig\u00e9nyelnek?<\/strong><br \/>Az alum\u00ednium h\u0171t\u0151bord\u00e1k \u00e1ltal\u00e1ban minim\u00e1lis karbantart\u00e1st ig\u00e9nyelnek, de az optim\u00e1lis teljes\u00edtm\u00e9ny biztos\u00edt\u00e1sa \u00e9rdek\u00e9ben aj\u00e1nlott a rendszeres tiszt\u00edt\u00e1s.<\/p>\n<p><strong>5. Az alum\u00ednium h\u0171t\u0151bord\u00e1k jav\u00edthatj\u00e1k a LED-es vil\u00e1g\u00edt\u00e1s \u00e9lettartam\u00e1t?<\/strong><br \/>Igen, a h\u0151 hat\u00e9kony elvezet\u00e9s\u00e9vel az alum\u00ednium h\u0171t\u0151bord\u00e1k seg\u00edtenek meghosszabb\u00edtani a LED-es l\u00e1mp\u00e1k \u00e9lettartam\u00e1t.<\/p>\n<p><strong>6. Ezek a h\u0171t\u0151bord\u00e1k kompatibilisek a nagy teljes\u00edtm\u00e9ny\u0171 LED-alkalmaz\u00e1sokkal?<\/strong><br \/>Term\u00e9szetesen, alum\u00ednium h\u0171t\u0151bord\u00e1inkat \u00fagy tervezt\u00fck, hogy a nagy teljes\u00edtm\u00e9ny\u0171 LED-eket a h\u0151kibocs\u00e1t\u00e1s hat\u00e9kony kezel\u00e9s\u00e9vel t\u00e1mogass\u00e1k.<\/p>\n<p><strong>7. K\u00edn\u00e1lnak-e alum\u00ednium h\u0171t\u0151bord\u00e1khoz nagy t\u00e9telben t\u00f6rt\u00e9n\u0151 beszerz\u00e9si lehet\u0151s\u00e9get?<\/strong><br \/>Igen, versenyk\u00e9pes \u00e1rakat k\u00edn\u00e1lunk, \u00e9s t\u00e1mogatjuk a nagy t\u00e9telben t\u00f6rt\u00e9n\u0151 megrendel\u00e9seket, hogy megfeleljen az \u00d6n \u00fczleti ig\u00e9nyeinek.<\/p>\n<p><\/p>","protected":false},"featured_media":10750,"template":"","categories":[72],"class_list":["post-10916","product","type-product","status-publish","has-post-thumbnail","hentry","category-extruded-aluminum-heatsink"],"meta_box":{"hilight_text_group":[{"product_hilight_text":"<li>Optimized for efficient heat dissipation in LED systems<\/li>\n<li>Customizable dimensions and designs to fit various LED configurations<\/li>\n<li>Made from high-quality aluminum for enhanced thermal conductivity<\/li>\n<li>Lightweight yet durable construction ideal for diverse lighting applications<\/li>\n<li>Supports both high-power and compact LED lighting solutions<\/li>"}],"feature_list":[]},"_links":{"self":[{"href":"https:\/\/sinoextrud.com\/hu\/wp-json\/wp\/v2\/product\/10916","targetHints":{"allow":["GET"]}}],"collection":[{"href":"https:\/\/sinoextrud.com\/hu\/wp-json\/wp\/v2\/product"}],"about":[{"href":"https:\/\/sinoextrud.com\/hu\/wp-json\/wp\/v2\/types\/product"}],"wp:featuredmedia":[{"embeddable":true,"href":"https:\/\/sinoextrud.com\/hu\/wp-json\/wp\/v2\/media\/10750"}],"wp:attachment":[{"href":"https:\/\/sinoextrud.com\/hu\/wp-json\/wp\/v2\/media?parent=10916"}],"wp:term":[{"taxonomy":"category","embeddable":true,"href":"https:\/\/sinoextrud.com\/hu\/wp-json\/wp\/v2\/categories?post=10916"}],"curies":[{"name":"wp","href":"https:\/\/api.w.org\/{rel}","templated":true}]}}