{"id":10914,"date":"2025-08-01T03:12:36","date_gmt":"2025-08-01T03:12:36","guid":{"rendered":"https:\/\/sinoextrud.com\/product\/aluminum-heat-sink-for-bitcoin-miner-cooling\/"},"modified":"2025-08-01T03:12:36","modified_gmt":"2025-08-01T03:12:36","slug":"aluminium-hutoborda-bitcoin-banyasz-huteshez","status":"publish","type":"product","link":"https:\/\/sinoextrud.com\/hu\/product\/aluminum-heat-sink-for-bitcoin-miner-cooling\/","title":{"rendered":"Alum\u00ednium h\u0171t\u0151borda a Bitcoin Miner h\u0171t\u00e9s\u00e9hez"},"content":{"rendered":"<h2>Term\u00e9kek r\u00e9szletei<\/h2>\n<div class=\"product-table\">\n<div class=\"row\">\n<div class=\"cell label\">Fokozat<\/div>\n<div class=\"cell value\">AL 6063 T5<\/div>\n<\/div>\n<div class=\"row\">\n<div class=\"cell label\">Tolerancia<\/div>\n<div class=\"cell value\">GB\/T 3190-2008,GB\/T 14846-2008,ISO 2768<\/div>\n<\/div>\n<div class=\"row\">\n<div class=\"cell label\">Sz\u00e1ll\u00edt\u00e1si id\u0151<\/div>\n<div class=\"cell value\">15-21 nap<\/div>\n<\/div>\n<div class=\"row\">\n<div class=\"cell label\">Temper<\/div>\n<div class=\"cell value\">T3-T8<\/div>\n<\/div>\n<div class=\"row\">\n<div class=\"cell label\">Alkalmaz\u00e1s<\/div>\n<div class=\"cell value\">H\u0151elnyel\u0151<\/div>\n<\/div>\n<div class=\"row\">\n<div class=\"cell label\">Shape<\/div>\n<div class=\"cell value\">N\u00e9gyzet<\/div>\n<\/div>\n<div class=\"row\">\n<div class=\"cell label\">\u00d6tv\u00f6zet vagy sem<\/div>\n<div class=\"cell value\">Az \u00f6tv\u00f6zet<\/div>\n<\/div>\n<div class=\"row\">\n<div class=\"cell label\">Feldolgoz\u00f3 szolg\u00e1ltat\u00e1s<\/div>\n<div class=\"cell value\">V\u00e1g\u00e1s, f\u00far\u00e1s \u00e9s csavaroz\u00e1s, CNC megmunk\u00e1l\u00e1s, elox\u00e1l\u00e1s<\/div>\n<\/div>\n<div class=\"row\">\n<div class=\"cell label\">Uszonyok vastags\u00e1ga<\/div>\n<div class=\"cell value\">1,8 mm<\/div>\n<\/div>\n<div class=\"row\">\n<div class=\"cell label\">Alaplemez vastags\u00e1ga<\/div>\n<div class=\"cell value\">10 mm<\/div>\n<\/div>\n<div class=\"row\">\n<div class=\"cell label\">S\u00faly<\/div>\n<div class=\"cell value\">11,52 kg\/m<\/div>\n<\/div>\n<div class=\"row\">\n<div class=\"cell label\">Standard form\u00e1k Mennyis\u00e9g<\/div>\n<div class=\"cell value\">30,000+k\u00e9szlet<\/div>\n<\/div>\n<div class=\"row\">\n<div class=\"cell label\">Elad\u00f3 egys\u00e9gek<\/div>\n<div class=\"cell value\">Egyetlen t\u00e9tel<\/div>\n<\/div>\n<div class=\"row\">\n<div class=\"cell label\">Egyetlen csomagm\u00e9ret<\/div>\n<div class=\"cell value\">25X22X6 cm<\/div>\n<\/div>\n<div class=\"row\">\n<div class=\"cell label\">Egyetlen brutt\u00f3 t\u00f6meg<\/div>\n<div class=\"cell value\">3.000 KG<\/div>\n<\/div>\n<\/div>\n<p><\/p>\n<h2>Gy\u00e1rt\u00f3 b\u00e1zisunk<\/h2>\n<h3>Gy\u00e1ri panor\u00e1ma<\/h3>\n<p><img decoding=\"async\" src=\"\/wp-content\/uploads\/factory-01.webp\"\/><\/p>\n<h3>Alum\u00ednium r\u00fadgy\u00e1rt\u00f3 m\u0171hely<\/h3>\n<p><img decoding=\"async\" src=\"\/wp-content\/uploads\/factory-02.webp\"\/><\/p>\n<p><img decoding=\"async\" src=\"\/wp-content\/uploads\/factory-03.webp\"\/><\/p>\n<h3>Pen\u00e9sz rakt\u00e1r<\/h3>\n<p><img decoding=\"async\" src=\"\/wp-content\/uploads\/factory-04.webp\"\/><\/p>\n<h3>43 alum\u00ednium extrud\u00e1l\u00f3 vonal (500-5500 tonna)<\/h3>\n<p><img decoding=\"async\" src=\"\/wp-content\/uploads\/factory-05.webp\"\/><\/p>\n<p><img decoding=\"async\" src=\"\/wp-content\/uploads\/factory-06.webp\"\/><\/p>\n<p><img decoding=\"async\" src=\"\/wp-content\/uploads\/factory-07.webp\"\/><\/p>\n<h3>Porfest\u0151 m\u0171hely<\/h3>\n<p><img decoding=\"async\" src=\"\/wp-content\/uploads\/factory-09.webp\"\/><\/p>\n<h3>Anodiz\u00e1l\u00f3 m\u0171hely<\/h3>\n<p><img decoding=\"async\" src=\"\/wp-content\/uploads\/factory-10.webp\"\/><\/p>\n<h3>M\u00e9ly feldolgoz\u00e1si m\u0171hely<\/h3>\n<p><img decoding=\"async\" src=\"\/wp-content\/uploads\/factory-11.webp\"\/><\/p>\n<h3>CNC prec\u00edzi\u00f3s megmunk\u00e1l\u00f3 m\u0171hely<\/h3>\n<p><img decoding=\"async\" src=\"\/wp-content\/uploads\/factory-11.5.webp\"\/><\/p>\n<h3>K\u00e9szterm\u00e9k \u00e9s export rakt\u00e1r<\/h3>\n<p><img decoding=\"async\" src=\"\/wp-content\/uploads\/factory-12.webp\"\/><\/p>\n<p><img decoding=\"async\" src=\"\/wp-content\/uploads\/factory-13.webp\"\/><\/p>\n<p><img decoding=\"async\" src=\"\/wp-content\/uploads\/factory-14.webp\"\/><\/p>\n<h2>GYIK<\/h2>\n<p><strong>1. Az alum\u00ednium h\u0171t\u0151borda kompatibilis az \u00f6sszes bitcoin b\u00e1ny\u00e1szattal?<\/strong><br \/>Igen, \u00fagy tervezt\u00e9k, hogy a bitcoin b\u00e1ny\u00e1szati berendez\u00e9sek sz\u00e9les sk\u00e1l\u00e1j\u00e1val kompatibilis legyen.<\/p>\n<p><strong>2. Milyen el\u0151ny\u00f6kkel j\u00e1r az alum\u00ednium h\u0171t\u0151borda haszn\u00e1lata?<\/strong><br \/>Az alum\u00ednium kiv\u00e1l\u00f3 h\u0151vezet\u0151 k\u00e9pess\u00e9ggel rendelkezik \u00e9s k\u00f6nny\u0171, \u00edgy ide\u00e1lis a bitcoin b\u00e1ny\u00e1szok sz\u00e1m\u00e1ra.<\/p>\n<p><strong>3. Az alum\u00ednium h\u0171t\u0151borda m\u00e9retei testre szabhat\u00f3k?<\/strong><br \/>Igen, testreszab\u00e1st k\u00edn\u00e1lunk, hogy biztos\u00edtsuk a t\u00f6k\u00e9letes illeszked\u00e9st az \u00d6n b\u00e1ny\u00e1szati be\u00e1ll\u00edt\u00e1saihoz.<\/p>\n<p><strong>4. Hogyan jav\u00edtja az alum\u00ednium h\u0171t\u0151borda a b\u00e1ny\u00e1sz teljes\u00edtm\u00e9ny\u00e9t?<\/strong><br \/>Hat\u00e9konyan elvezeti a h\u0151t, megakad\u00e1lyozza a t\u00falmeleged\u00e9st \u00e9s potenci\u00e1lisan jav\u00edtja a b\u00e1ny\u00e1szok hat\u00e9konys\u00e1g\u00e1t.<\/p>\n<p><strong>5. K\u00edn\u00e1lnak \u00f6mlesztett \u00e1rakat az alum\u00ednium h\u0171t\u0151bord\u00e1khoz?<\/strong><br \/>Igen, kedvezm\u00e9nyes \u00e1rakat biztos\u00edtunk a t\u00f6meges megrendel\u00e9sekhez, hogy t\u00e1mogassuk a nagyszab\u00e1s\u00fa b\u00e1ny\u00e1szati m\u0171veleteket.<\/p>\n<p><strong>6. Mennyi az alum\u00ednium h\u0171t\u0151borda v\u00e1rhat\u00f3 \u00e9lettartama?<\/strong><br \/>Tart\u00f3s alum\u00edniumb\u00f3l k\u00e9sz\u00fclt, \u00edgy hossz\u00fa \u00e9lettartamot \u00e9s egyenletes teljes\u00edtm\u00e9nyt biztos\u00edt.<\/p>\n<p><strong>7. Az alum\u00ednium h\u0171t\u0151borda cs\u00f6kkentheti az energiafogyaszt\u00e1st?<\/strong><br \/>Az optim\u00e1lis h\u0151m\u00e9rs\u00e9klet fenntart\u00e1sa r\u00e9v\u00e9n hat\u00e9konyabb energiafelhaszn\u00e1l\u00e1st eredm\u00e9nyezhet a b\u00e1ny\u00e1szati m\u0171veletekben.<\/p>\n<p><\/p>","protected":false},"featured_media":10828,"template":"","categories":[72],"class_list":["post-10914","product","type-product","status-publish","has-post-thumbnail","hentry","category-extruded-aluminum-heatsink"],"meta_box":{"hilight_text_group":[{"product_hilight_text":"<li>Engineered specifically for efficient cooling of bitcoin miners<\/li>\n<li>Made from high-quality aluminum for excellent thermal conductivity<\/li>\n<li>Customizable dimensions to fit various mining equipment<\/li>\n<li>Facilitates optimum heat dissipation to enhance miner lifespan<\/li>\n<li>Supports large volume orders for professional mining operations<\/li>"}],"feature_list":[]},"_links":{"self":[{"href":"https:\/\/sinoextrud.com\/hu\/wp-json\/wp\/v2\/product\/10914","targetHints":{"allow":["GET"]}}],"collection":[{"href":"https:\/\/sinoextrud.com\/hu\/wp-json\/wp\/v2\/product"}],"about":[{"href":"https:\/\/sinoextrud.com\/hu\/wp-json\/wp\/v2\/types\/product"}],"wp:featuredmedia":[{"embeddable":true,"href":"https:\/\/sinoextrud.com\/hu\/wp-json\/wp\/v2\/media\/10828"}],"wp:attachment":[{"href":"https:\/\/sinoextrud.com\/hu\/wp-json\/wp\/v2\/media?parent=10914"}],"wp:term":[{"taxonomy":"category","embeddable":true,"href":"https:\/\/sinoextrud.com\/hu\/wp-json\/wp\/v2\/categories?post=10914"}],"curies":[{"name":"wp","href":"https:\/\/api.w.org\/{rel}","templated":true}]}}