{"id":10912,"date":"2025-08-01T03:12:31","date_gmt":"2025-08-01T03:12:31","guid":{"rendered":"https:\/\/sinoextrud.com\/product\/aluminum-heat-sink-extrusion-for-custom-cooling\/"},"modified":"2025-08-01T03:12:31","modified_gmt":"2025-08-01T03:12:31","slug":"aluminium-hutoborda-extrudalas-egyedi-huteshez","status":"publish","type":"product","link":"https:\/\/sinoextrud.com\/hu\/product\/aluminum-heat-sink-extrusion-for-custom-cooling\/","title":{"rendered":"Alum\u00ednium h\u0171t\u0151borda extrud\u00e1l\u00e1s egyedi h\u0171t\u00e9shez"},"content":{"rendered":"<h2>Term\u00e9kek r\u00e9szletei<\/h2>\n<div class=\"product-table\">\n<div class=\"row\">\n<div class=\"cell label\">Fokozat<\/div>\n<div class=\"cell value\">6000-es sorozat<\/div>\n<\/div>\n<div class=\"row\">\n<div class=\"cell label\">Tolerancia<\/div>\n<div class=\"cell value\">\u00c2\u00b110%<\/div>\n<\/div>\n<div class=\"row\">\n<div class=\"cell label\">Sz\u00e1ll\u00edt\u00e1si id\u0151<\/div>\n<div class=\"cell value\">22-30 nap<\/div>\n<\/div>\n<div class=\"row\">\n<div class=\"cell label\">Temper<\/div>\n<div class=\"cell value\">T3-T8<\/div>\n<\/div>\n<div class=\"row\">\n<div class=\"cell label\">Alkalmaz\u00e1s<\/div>\n<div class=\"cell value\">Dekor\u00e1ci\u00f3k<\/div>\n<\/div>\n<div class=\"row\">\n<div class=\"cell label\">Shape<\/div>\n<div class=\"cell value\">T - Profil<\/div>\n<\/div>\n<div class=\"row\">\n<div class=\"cell label\">\u00d6tv\u00f6zet vagy sem<\/div>\n<div class=\"cell value\">Az \u00f6tv\u00f6zet<\/div>\n<\/div>\n<div class=\"row\">\n<div class=\"cell label\">Feldolgoz\u00f3 szolg\u00e1ltat\u00e1s<\/div>\n<div class=\"cell value\">Hajl\u00edt\u00e1s, lyukaszt\u00e1s, v\u00e1g\u00e1s<\/div>\n<\/div>\n<div class=\"row\">\n<div class=\"cell label\">Term\u00e9k neve<\/div>\n<div class=\"cell value\">Testreszabott extrud\u00e1lt alum\u00ednium profil h\u0171t\u0151borda<\/div>\n<\/div>\n<div class=\"row\">\n<div class=\"cell label\">Fel\u00fcletkezel\u00e9s<\/div>\n<div class=\"cell value\">csiszol\u00e1s<\/div>\n<\/div>\n<div class=\"row\">\n<div class=\"cell label\">Sz\u00ednes<\/div>\n<div class=\"cell value\">testreszabott<\/div>\n<\/div>\n<div class=\"row\">\n<div class=\"cell label\">Anyag<\/div>\n<div class=\"cell value\">6063\/6061\/661\/6005\/6060 T5\/T6 \u00f6tv\u00f6zet<\/div>\n<\/div>\n<div class=\"row\">\n<div class=\"cell label\">Hossz\u00fas\u00e1g<\/div>\n<div class=\"cell value\">Az \u00d6n ig\u00e9nye szerint<\/div>\n<\/div>\n<div class=\"row\">\n<div class=\"cell label\">Tan\u00fas\u00edt\u00e1s<\/div>\n<div class=\"cell value\">ISO9001:2008<\/div>\n<\/div>\n<div class=\"row\">\n<div class=\"cell label\">MOQ<\/div>\n<div class=\"cell value\">1kg<\/div>\n<\/div>\n<div class=\"row\">\n<div class=\"cell label\">M\u00e9ret<\/div>\n<div class=\"cell value\">Rajzok<\/div>\n<\/div>\n<div class=\"row\">\n<div class=\"cell label\">Fizet\u00e9si hat\u00e1rid\u0151<\/div>\n<div class=\"cell value\">T\/T<\/div>\n<\/div>\n<div class=\"row\">\n<div class=\"cell label\">Alkalmaz\u00e1s<\/div>\n<div class=\"cell value\">Robotkeret, munka\u00e1llom\u00e1sok stb.<\/div>\n<\/div>\n<div class=\"row\">\n<div class=\"cell label\">Elad\u00f3 egys\u00e9gek<\/div>\n<div class=\"cell value\">Egyetlen t\u00e9tel<\/div>\n<\/div>\n<\/div>\n<p><\/p>\n<h2>Gy\u00e1rt\u00f3 b\u00e1zisunk<\/h2>\n<h3>Gy\u00e1ri panor\u00e1ma<\/h3>\n<p><img decoding=\"async\" src=\"\/wp-content\/uploads\/factory-01.webp\"\/><\/p>\n<h3>Alum\u00ednium r\u00fadgy\u00e1rt\u00f3 m\u0171hely<\/h3>\n<p><img decoding=\"async\" src=\"\/wp-content\/uploads\/factory-02.webp\"\/><\/p>\n<p><img decoding=\"async\" src=\"\/wp-content\/uploads\/factory-03.webp\"\/><\/p>\n<h3>Pen\u00e9sz rakt\u00e1r<\/h3>\n<p><img decoding=\"async\" src=\"\/wp-content\/uploads\/factory-04.webp\"\/><\/p>\n<h3>43 alum\u00ednium extrud\u00e1l\u00f3 vonal (500-5500 tonna)<\/h3>\n<p><img decoding=\"async\" src=\"\/wp-content\/uploads\/factory-05.webp\"\/><\/p>\n<p><img decoding=\"async\" src=\"\/wp-content\/uploads\/factory-06.webp\"\/><\/p>\n<p><img decoding=\"async\" src=\"\/wp-content\/uploads\/factory-07.webp\"\/><\/p>\n<h3>Porfest\u0151 m\u0171hely<\/h3>\n<p><img decoding=\"async\" src=\"\/wp-content\/uploads\/factory-09.webp\"\/><\/p>\n<h3>Anodiz\u00e1l\u00f3 m\u0171hely<\/h3>\n<p><img decoding=\"async\" src=\"\/wp-content\/uploads\/factory-10.webp\"\/><\/p>\n<h3>M\u00e9ly feldolgoz\u00e1si m\u0171hely<\/h3>\n<p><img decoding=\"async\" src=\"\/wp-content\/uploads\/factory-11.webp\"\/><\/p>\n<h3>CNC prec\u00edzi\u00f3s megmunk\u00e1l\u00f3 m\u0171hely<\/h3>\n<p><img decoding=\"async\" src=\"\/wp-content\/uploads\/factory-11.5.webp\"\/><\/p>\n<h3>K\u00e9szterm\u00e9k \u00e9s export rakt\u00e1r<\/h3>\n<p><img decoding=\"async\" src=\"\/wp-content\/uploads\/factory-12.webp\"\/><\/p>\n<p><img decoding=\"async\" src=\"\/wp-content\/uploads\/factory-13.webp\"\/><\/p>\n<p><img decoding=\"async\" src=\"\/wp-content\/uploads\/factory-14.webp\"\/><\/p>\n<h2>GYIK<\/h2>\n<p><strong>1. Az alum\u00ednium h\u0171t\u0151borda extrud\u00e1l\u00e1sok testre szabhat\u00f3k?<\/strong><br \/>Igen, testreszab\u00e1si lehet\u0151s\u00e9geket biztos\u00edtunk az egyedi m\u00e9ret- \u00e9s tervez\u00e9si k\u00f6vetelm\u00e9nyekhez.<\/p>\n<p><strong>2. Milyen ipar\u00e1gak haszn\u00e1lj\u00e1k az alum\u00ednium h\u0171t\u0151bord\u00e1kat?<\/strong><br \/>\u00c1ltal\u00e1ban az elektronikai, az aut\u00f3ipari \u00e9s a LED-es vil\u00e1g\u00edt\u00e1si \u00e1gazatokban haszn\u00e1lj\u00e1k \u0151ket.<\/p>\n<p><strong>3. Hogyan jav\u00edtja az alum\u00ednium a h\u0151elvezet\u00e9st?<\/strong><br \/>Az alum\u00ednium h\u0151vezet\u0151 k\u00e9pess\u00e9ge lehet\u0151v\u00e9 teszi a hat\u00e9kony h\u0151elvezet\u00e9st az alkatr\u00e9szekt\u0151l.<\/p>\n<p><strong>4. Megrendelhetem ezeket az extrud\u00e1lt r\u00e9szeket \u00f6mlesztve?<\/strong><br \/>Igen, nagy t\u00e9telben t\u00f6rt\u00e9n\u0151 megrendel\u00e9sek versenyk\u00e9pes \u00e1ron kaphat\u00f3k.<\/p>\n<p><strong>5. El\u00e9g tart\u00f3sak-e ezek az extrud\u00e1l\u00e1sok k\u00fclt\u00e9ri haszn\u00e1latra?<\/strong><br \/>Igen, korr\u00f3zi\u00f3\u00e1ll\u00f3 tulajdons\u00e1gokkal rendelkeznek, amelyek alkalmasak k\u00fclt\u00e9ri k\u00f6rnyezetben val\u00f3 haszn\u00e1latra.<\/p>\n<p><strong>6. Mennyi a minim\u00e1lis rendel\u00e9si mennyis\u00e9g egy egyedi tervez\u00e9s eset\u00e9n?<\/strong><br \/>A MOQ a specifik\u00e1ci\u00f3t\u00f3l f\u00fcgg, \u00e1ltal\u00e1ban 200 darabt\u00f3l kezd\u0151dik.<\/p>\n<p><strong>7. K\u00edn\u00e1l technikai t\u00e1mogat\u00e1st a telep\u00edt\u00e9shez?<\/strong><br \/>Igen, k\u00e9r\u00e9sre technikai seg\u00edts\u00e9gny\u00fajt\u00e1s \u00e9s ir\u00e1nymutat\u00e1sok \u00e1llnak rendelkez\u00e9sre.<\/p>\n<p><\/p>","protected":false},"featured_media":10748,"template":"","categories":[72],"class_list":["post-10912","product","type-product","status-publish","has-post-thumbnail","hentry","category-extruded-aluminum-heatsink"],"meta_box":{"hilight_text_group":[{"product_hilight_text":"<li>Optimal thermal management for numerous applications<\/li>\n<li>Customizable dimensions to fit diverse client specifications<\/li>\n<li>Lightweight and corrosion-resistant for long-term durability<\/li>\n<li>Supports OEM and ODM with flexible order quantities<\/li>\n<li>Enhanced heat dissipation efficiency<\/li>"}],"feature_list":[]},"_links":{"self":[{"href":"https:\/\/sinoextrud.com\/hu\/wp-json\/wp\/v2\/product\/10912","targetHints":{"allow":["GET"]}}],"collection":[{"href":"https:\/\/sinoextrud.com\/hu\/wp-json\/wp\/v2\/product"}],"about":[{"href":"https:\/\/sinoextrud.com\/hu\/wp-json\/wp\/v2\/types\/product"}],"wp:featuredmedia":[{"embeddable":true,"href":"https:\/\/sinoextrud.com\/hu\/wp-json\/wp\/v2\/media\/10748"}],"wp:attachment":[{"href":"https:\/\/sinoextrud.com\/hu\/wp-json\/wp\/v2\/media?parent=10912"}],"wp:term":[{"taxonomy":"category","embeddable":true,"href":"https:\/\/sinoextrud.com\/hu\/wp-json\/wp\/v2\/categories?post=10912"}],"curies":[{"name":"wp","href":"https:\/\/api.w.org\/{rel}","templated":true}]}}