{"id":10911,"date":"2025-08-01T03:12:29","date_gmt":"2025-08-01T03:12:29","guid":{"rendered":"https:\/\/sinoextrud.com\/product\/black-anodized-aluminum-heat-sink-for-devices\/"},"modified":"2025-08-01T03:12:29","modified_gmt":"2025-08-01T03:12:29","slug":"fekete-eloxalt-aluminium-hutoborda-keszulekekhez","status":"publish","type":"product","link":"https:\/\/sinoextrud.com\/hu\/product\/black-anodized-aluminum-heat-sink-for-devices\/","title":{"rendered":"Fekete elox\u00e1lt alum\u00ednium h\u0171t\u0151borda k\u00e9sz\u00fcl\u00e9kekhez"},"content":{"rendered":"<h2>Term\u00e9kek r\u00e9szletei<\/h2>\n<div class=\"product-table\">\n<div class=\"row\">\n<div class=\"cell label\">Fokozat<\/div>\n<div class=\"cell value\">6000-es sorozat<\/div>\n<\/div>\n<div class=\"row\">\n<div class=\"cell label\">Tolerancia<\/div>\n<div class=\"cell value\">\u00c2\u00b11%<\/div>\n<\/div>\n<div class=\"row\">\n<div class=\"cell label\">Sz\u00e1ll\u00edt\u00e1si id\u0151<\/div>\n<div class=\"cell value\">20-30 nap<\/div>\n<\/div>\n<div class=\"row\">\n<div class=\"cell label\">Temper<\/div>\n<div class=\"cell value\">T3-T8<\/div>\n<\/div>\n<div class=\"row\">\n<div class=\"cell label\">Alkalmaz\u00e1s<\/div>\n<div class=\"cell value\">Dekor\u00e1ci\u00f3k<\/div>\n<\/div>\n<div class=\"row\">\n<div class=\"cell label\">Shape<\/div>\n<div class=\"cell value\">T - Profil<\/div>\n<\/div>\n<div class=\"row\">\n<div class=\"cell label\">\u00d6tv\u00f6zet vagy sem<\/div>\n<div class=\"cell value\">Az \u00f6tv\u00f6zet<\/div>\n<\/div>\n<div class=\"row\">\n<div class=\"cell label\">Feldolgoz\u00f3 szolg\u00e1ltat\u00e1s<\/div>\n<div class=\"cell value\">Hajl\u00edt\u00e1s, tekercsel\u00e9s, hegeszt\u00e9s, lyukaszt\u00e1s, v\u00e1g\u00e1s<\/div>\n<\/div>\n<div class=\"row\">\n<div class=\"cell label\">term\u00e9k neve<\/div>\n<div class=\"cell value\">Alum\u00ednium profilok ipari<\/div>\n<\/div>\n<div class=\"row\">\n<div class=\"cell label\">Fel\u00fcletkezel\u00e9s<\/div>\n<div class=\"cell value\">malom, elox\u00e1lt, porfestett, elektrofor\u00e9zis, faanyag, f\u0171r\u00e9sz\u00e1ru, fa<\/div>\n<\/div>\n<div class=\"row\">\n<div class=\"cell label\">Sz\u00ednes<\/div>\n<div class=\"cell value\">Testreszabott sz\u00edn<\/div>\n<\/div>\n<div class=\"row\">\n<div class=\"cell label\">M\u00e9ret<\/div>\n<div class=\"cell value\">Testreszabott m\u00e9ret<\/div>\n<\/div>\n<div class=\"row\">\n<div class=\"cell label\">Folyamat<\/div>\n<div class=\"cell value\">Hajl\u00edt\u00e1s, tekercsel\u00e9s, hegeszt\u00e9s, lyukaszt\u00e1s, v\u00e1g\u00e1s<\/div>\n<\/div>\n<div class=\"row\">\n<div class=\"cell label\">Szolg\u00e1ltat\u00e1s<\/div>\n<div class=\"cell value\">Testreszabott OEM<\/div>\n<\/div>\n<div class=\"row\">\n<div class=\"cell label\">Tan\u00fas\u00edt\u00e1s<\/div>\n<div class=\"cell value\">ISO9001:2015<\/div>\n<\/div>\n<div class=\"row\">\n<div class=\"cell label\">Haszn\u00e1lat<\/div>\n<div class=\"cell value\">Dekor\u00e1ci\u00f3 Led f\u00e9ny<\/div>\n<\/div>\n<div class=\"row\">\n<div class=\"cell label\">MOQ<\/div>\n<div class=\"cell value\">1 darab<\/div>\n<\/div>\n<div class=\"row\">\n<div class=\"cell label\">\u00c1tfut\u00e1si id\u0151<\/div>\n<div class=\"cell value\">10-30nap<\/div>\n<\/div>\n<div class=\"row\">\n<div class=\"cell label\">Elad\u00f3 egys\u00e9gek<\/div>\n<div class=\"cell value\">Egyetlen t\u00e9tel<\/div>\n<\/div>\n<div class=\"row\">\n<div class=\"cell label\">Egyetlen csomagm\u00e9ret<\/div>\n<div class=\"cell value\">10X10X5 cm<\/div>\n<\/div>\n<div class=\"row\">\n<div class=\"cell label\">Egyetlen brutt\u00f3 t\u00f6meg<\/div>\n<div class=\"cell value\">1.000 KG<\/div>\n<\/div>\n<\/div>\n<p><\/p>\n<h2>Gy\u00e1rt\u00f3 b\u00e1zisunk<\/h2>\n<h3>Gy\u00e1ri panor\u00e1ma<\/h3>\n<p><img decoding=\"async\" src=\"\/wp-content\/uploads\/factory-01.webp\"\/><\/p>\n<h3>Alum\u00ednium r\u00fadgy\u00e1rt\u00f3 m\u0171hely<\/h3>\n<p><img decoding=\"async\" src=\"\/wp-content\/uploads\/factory-02.webp\"\/><\/p>\n<p><img decoding=\"async\" src=\"\/wp-content\/uploads\/factory-03.webp\"\/><\/p>\n<h3>Pen\u00e9sz rakt\u00e1r<\/h3>\n<p><img decoding=\"async\" src=\"\/wp-content\/uploads\/factory-04.webp\"\/><\/p>\n<h3>43 alum\u00ednium extrud\u00e1l\u00f3 vonal (500-5500 tonna)<\/h3>\n<p><img decoding=\"async\" src=\"\/wp-content\/uploads\/factory-05.webp\"\/><\/p>\n<p><img decoding=\"async\" src=\"\/wp-content\/uploads\/factory-06.webp\"\/><\/p>\n<p><img decoding=\"async\" src=\"\/wp-content\/uploads\/factory-07.webp\"\/><\/p>\n<h3>Porfest\u0151 m\u0171hely<\/h3>\n<p><img decoding=\"async\" src=\"\/wp-content\/uploads\/factory-09.webp\"\/><\/p>\n<h3>Anodiz\u00e1l\u00f3 m\u0171hely<\/h3>\n<p><img decoding=\"async\" src=\"\/wp-content\/uploads\/factory-10.webp\"\/><\/p>\n<h3>M\u00e9ly feldolgoz\u00e1si m\u0171hely<\/h3>\n<p><img decoding=\"async\" src=\"\/wp-content\/uploads\/factory-11.webp\"\/><\/p>\n<h3>CNC prec\u00edzi\u00f3s megmunk\u00e1l\u00f3 m\u0171hely<\/h3>\n<p><img decoding=\"async\" src=\"\/wp-content\/uploads\/factory-11.5.webp\"\/><\/p>\n<h3>K\u00e9szterm\u00e9k \u00e9s export rakt\u00e1r<\/h3>\n<p><img decoding=\"async\" src=\"\/wp-content\/uploads\/factory-12.webp\"\/><\/p>\n<p><img decoding=\"async\" src=\"\/wp-content\/uploads\/factory-13.webp\"\/><\/p>\n<p><img decoding=\"async\" src=\"\/wp-content\/uploads\/factory-14.webp\"\/><\/p>\n<h2>GYIK<\/h2>\n<p><strong>1. Milyen anyagokat haszn\u00e1lnak a h\u0171t\u0151bord\u00e1ban?<\/strong><br \/>A h\u0171t\u0151borda kiv\u00e1l\u00f3 min\u0151s\u00e9g\u0171 elox\u00e1lt alum\u00edniumb\u00f3l k\u00e9sz\u00fclt az optim\u00e1lis teljes\u00edtm\u00e9ny \u00e9rdek\u00e9ben.<\/p>\n<p><strong>2. Mi\u00e9rt v\u00e1lasszon elox\u00e1lt fel\u00fcletet?<\/strong><br \/>Az elox\u00e1lt fel\u00fclet n\u00f6veli a korr\u00f3zi\u00f3\u00e1ll\u00f3s\u00e1got \u00e9s eleg\u00e1ns fekete megjelen\u00e9st biztos\u00edt.<\/p>\n<p><strong>3. Haszn\u00e1lhat\u00f3-e ez a h\u0171t\u0151borda magas h\u0151m\u00e9rs\u00e9klet\u0171 k\u00f6rnyezetben?<\/strong><br \/>Igen, \u00fagy tervezt\u00e9k, hogy magas h\u0151m\u00e9rs\u00e9kleti k\u00f6r\u00fclm\u00e9nyek k\u00f6z\u00f6tt is hat\u00e9konyan m\u0171k\u00f6dj\u00f6n.<\/p>\n<p><strong>4. Rendelkez\u00e9sre \u00e1ll a h\u0171t\u0151borda testreszab\u00e1sa?<\/strong><br \/>Igen, a m\u00e9retek \u00e9s form\u00e1k az \u00d6n ig\u00e9nyei szerint testre szabhat\u00f3k.<\/p>\n<p><strong>5. Haszn\u00e1lhat\u00f3-e a h\u0171t\u0151borda b\u00e1rmilyen t\u00edpus\u00fa elektronikus eszk\u00f6zh\u00f6z?<\/strong><br \/>Igen, az elektronikus eszk\u00f6z\u00f6k sz\u00e9les sk\u00e1l\u00e1j\u00e1hoz alkalmas, \u00e9s hat\u00e9kony h\u0151kezel\u00e9st biztos\u00edt.<\/p>\n<p><strong>6. Hogyan jav\u00edtja ez a h\u0171t\u0151borda az eszk\u00f6z teljes\u00edtm\u00e9ny\u00e9t?<\/strong><br \/>A h\u0151 hat\u00e9kony elvezet\u00e9s\u00e9vel seg\u00edt fenntartani az eszk\u00f6z optim\u00e1lis teljes\u00edtm\u00e9ny\u00e9t \u00e9s megb\u00edzhat\u00f3s\u00e1g\u00e1t.<\/p>\n<p><strong>7. Nagy megrendel\u00e9sek eset\u00e9n k\u00edn\u00e1lnak \u00f6mlesztett \u00e1rakat?<\/strong><br \/>Igen, versenyk\u00e9pes \u00e1rak \u00e9s kedvezm\u00e9nyek \u00e1llnak rendelkez\u00e9sre nagybev\u00e1s\u00e1rl\u00e1s eset\u00e9n.<\/p>\n<p><\/p>","protected":false},"featured_media":10856,"template":"","categories":[72],"class_list":["post-10911","product","type-product","status-publish","has-post-thumbnail","hentry","category-extruded-aluminum-heatsink"],"meta_box":{"hilight_text_group":[{"product_hilight_text":"<li>Effective heat dissipation for electronic devices<\/li>\n<li>Lightweight and durable aluminum construction<\/li>\n<li>Customizable to specific dimensions and shapes<\/li>\n<li>Corrosion-resistant anodized finish in black<\/li>\n<li>Ideal for both industrial and consumer electronic applications<\/li>"}],"feature_list":[]},"_links":{"self":[{"href":"https:\/\/sinoextrud.com\/hu\/wp-json\/wp\/v2\/product\/10911","targetHints":{"allow":["GET"]}}],"collection":[{"href":"https:\/\/sinoextrud.com\/hu\/wp-json\/wp\/v2\/product"}],"about":[{"href":"https:\/\/sinoextrud.com\/hu\/wp-json\/wp\/v2\/types\/product"}],"wp:featuredmedia":[{"embeddable":true,"href":"https:\/\/sinoextrud.com\/hu\/wp-json\/wp\/v2\/media\/10856"}],"wp:attachment":[{"href":"https:\/\/sinoextrud.com\/hu\/wp-json\/wp\/v2\/media?parent=10911"}],"wp:term":[{"taxonomy":"category","embeddable":true,"href":"https:\/\/sinoextrud.com\/hu\/wp-json\/wp\/v2\/categories?post=10911"}],"curies":[{"name":"wp","href":"https:\/\/api.w.org\/{rel}","templated":true}]}}