{"id":10910,"date":"2025-08-01T03:12:26","date_gmt":"2025-08-01T03:12:26","guid":{"rendered":"https:\/\/sinoextrud.com\/product\/aluminum-heat-sink-components-for-oem-systems\/"},"modified":"2025-08-01T03:12:26","modified_gmt":"2025-08-01T03:12:26","slug":"aluminium-hutoborda-alkatreszek-oem-rendszerekhez","status":"publish","type":"product","link":"https:\/\/sinoextrud.com\/hu\/product\/aluminum-heat-sink-components-for-oem-systems\/","title":{"rendered":"Alum\u00ednium h\u0171t\u0151bord\u00e1k alkatr\u00e9szek OEM rendszerekhez"},"content":{"rendered":"<h2>Term\u00e9kek r\u00e9szletei<\/h2>\n<div class=\"product-table\">\n<div class=\"row\">\n<div class=\"cell label\">Fokozat<\/div>\n<div class=\"cell value\">6000-es sorozat<\/div>\n<\/div>\n<div class=\"row\">\n<div class=\"cell label\">Tolerancia<\/div>\n<div class=\"cell value\">\u00c2\u00b11%<\/div>\n<\/div>\n<div class=\"row\">\n<div class=\"cell label\">Sz\u00e1ll\u00edt\u00e1si id\u0151<\/div>\n<div class=\"cell value\">8-14 nap<\/div>\n<\/div>\n<div class=\"row\">\n<div class=\"cell label\">Temper<\/div>\n<div class=\"cell value\">T4-T8<\/div>\n<\/div>\n<div class=\"row\">\n<div class=\"cell label\">Alkalmaz\u00e1s<\/div>\n<div class=\"cell value\">H\u0151elnyel\u0151<\/div>\n<\/div>\n<div class=\"row\">\n<div class=\"cell label\">Shape<\/div>\n<div class=\"cell value\">testreszabott<\/div>\n<\/div>\n<div class=\"row\">\n<div class=\"cell label\">\u00d6tv\u00f6zet vagy sem<\/div>\n<div class=\"cell value\">Az \u00f6tv\u00f6zet<\/div>\n<\/div>\n<div class=\"row\">\n<div class=\"cell label\">Feldolgoz\u00f3 szolg\u00e1ltat\u00e1s<\/div>\n<div class=\"cell value\">Lyukaszt\u00e1s, v\u00e1g\u00e1s<\/div>\n<\/div>\n<div class=\"row\">\n<div class=\"cell label\">Fel\u00fcletkezel\u00e9s<\/div>\n<div class=\"cell value\">Anodiz\u00e1l\u00e1s, porbevonat, lengyel, ecset, elektrop\u00e9zis vagy testreszabott.<\/div>\n<\/div>\n<div class=\"row\">\n<div class=\"cell label\">Anyag<\/div>\n<div class=\"cell value\">6063\/6061\/661\/6005\/6463 T4\/T5\/T6 \u00f6tv\u00f6zet<\/div>\n<\/div>\n<div class=\"row\">\n<div class=\"cell label\">Tan\u00fas\u00edt\u00e1s<\/div>\n<div class=\"cell value\">ISO9001,ISO14000,CE,ROHS<\/div>\n<\/div>\n<div class=\"row\">\n<div class=\"cell label\">Sz\u00ednes<\/div>\n<div class=\"cell value\">opcion\u00e1lis<\/div>\n<\/div>\n<div class=\"row\">\n<div class=\"cell label\">T\u00edpus<\/div>\n<div class=\"cell value\">OEM alum\u00ednium extrud\u00e1l\u00e1s profilok<\/div>\n<\/div>\n<div class=\"row\">\n<div class=\"cell label\">Haszn\u00e1lat<\/div>\n<div class=\"cell value\">Alum\u00ednium h\u0171t\u0151borda<\/div>\n<\/div>\n<div class=\"row\">\n<div class=\"cell label\">M\u00e9lyrehat\u00f3 feldolgoz\u00e1s<\/div>\n<div class=\"cell value\">v\u00e1g\u00e1s, f\u00far\u00e1s, menetv\u00e1g\u00e1s, hajl\u00edt\u00e1s stb.<\/div>\n<\/div>\n<div class=\"row\">\n<div class=\"cell label\">Hossz\u00fas\u00e1g<\/div>\n<div class=\"cell value\">3-6 m\u00e9ter vagy testreszabott<\/div>\n<\/div>\n<div class=\"row\">\n<div class=\"cell label\">\u00dczleti t\u00edpus<\/div>\n<div class=\"cell value\">Gy\u00e1rt\u00f3, gy\u00e1r<\/div>\n<\/div>\n<div class=\"row\">\n<div class=\"cell label\">Term\u00e9k neve<\/div>\n<div class=\"cell value\">Alum\u00ednium extrud\u00e1l\u00e1s profil<\/div>\n<\/div>\n<div class=\"row\">\n<div class=\"cell label\">Elad\u00f3 egys\u00e9gek<\/div>\n<div class=\"cell value\">Egyetlen t\u00e9tel<\/div>\n<\/div>\n<div class=\"row\">\n<div class=\"cell label\">Egyetlen csomagm\u00e9ret<\/div>\n<div class=\"cell value\">10X5X5 cm<\/div>\n<\/div>\n<div class=\"row\">\n<div class=\"cell label\">Egyetlen brutt\u00f3 t\u00f6meg<\/div>\n<div class=\"cell value\">2.000 KG<\/div>\n<\/div>\n<\/div>\n<p><\/p>\n<h2>Gy\u00e1rt\u00f3 b\u00e1zisunk<\/h2>\n<h3>Gy\u00e1ri panor\u00e1ma<\/h3>\n<p><img decoding=\"async\" src=\"\/wp-content\/uploads\/factory-01.webp\"\/><\/p>\n<h3>Alum\u00ednium r\u00fadgy\u00e1rt\u00f3 m\u0171hely<\/h3>\n<p><img decoding=\"async\" src=\"\/wp-content\/uploads\/factory-02.webp\"\/><\/p>\n<p><img decoding=\"async\" src=\"\/wp-content\/uploads\/factory-03.webp\"\/><\/p>\n<h3>Pen\u00e9sz rakt\u00e1r<\/h3>\n<p><img decoding=\"async\" src=\"\/wp-content\/uploads\/factory-04.webp\"\/><\/p>\n<h3>43 alum\u00ednium extrud\u00e1l\u00f3 vonal (500-5500 tonna)<\/h3>\n<p><img decoding=\"async\" src=\"\/wp-content\/uploads\/factory-05.webp\"\/><\/p>\n<p><img decoding=\"async\" src=\"\/wp-content\/uploads\/factory-06.webp\"\/><\/p>\n<p><img decoding=\"async\" src=\"\/wp-content\/uploads\/factory-07.webp\"\/><\/p>\n<h3>Porfest\u0151 m\u0171hely<\/h3>\n<p><img decoding=\"async\" src=\"\/wp-content\/uploads\/factory-09.webp\"\/><\/p>\n<h3>Anodiz\u00e1l\u00f3 m\u0171hely<\/h3>\n<p><img decoding=\"async\" src=\"\/wp-content\/uploads\/factory-10.webp\"\/><\/p>\n<h3>M\u00e9ly feldolgoz\u00e1si m\u0171hely<\/h3>\n<p><img decoding=\"async\" src=\"\/wp-content\/uploads\/factory-11.webp\"\/><\/p>\n<h3>CNC prec\u00edzi\u00f3s megmunk\u00e1l\u00f3 m\u0171hely<\/h3>\n<p><img decoding=\"async\" src=\"\/wp-content\/uploads\/factory-11.5.webp\"\/><\/p>\n<h3>K\u00e9szterm\u00e9k \u00e9s export rakt\u00e1r<\/h3>\n<p><img decoding=\"async\" src=\"\/wp-content\/uploads\/factory-12.webp\"\/><\/p>\n<p><img decoding=\"async\" src=\"\/wp-content\/uploads\/factory-13.webp\"\/><\/p>\n<p><img decoding=\"async\" src=\"\/wp-content\/uploads\/factory-14.webp\"\/><\/p>\n<h2>GYIK<\/h2>\n<p><strong>1. Mi az alum\u00ednium h\u0171t\u0151bord\u00e1k els\u0151dleges funkci\u00f3ja?<\/strong><br \/>\u00dagy tervezt\u00e9k \u0151ket, hogy elvezess\u00e9k a h\u0151t az elektronikus eszk\u00f6z\u00f6kb\u0151l a t\u00falmeleged\u00e9s megel\u0151z\u00e9se \u00e9rdek\u00e9ben.<\/p>\n<p><strong>2. Az alum\u00ednium h\u0171t\u0151borda komponensek testreszabhat\u00f3k egyedi m\u00e9retekre?<\/strong><br \/>Igen, testreszab\u00e1st k\u00edn\u00e1lunk a k\u00fcl\u00f6nb\u00f6z\u0151 elektronikus eszk\u00f6z\u00f6k k\u00f6vetelm\u00e9nyeihez.<\/p>\n<p><strong>3. Ezek az alkatr\u00e9szek minden t\u00edpus\u00fa elektronikus eszk\u00f6zzel kompatibilisek?<\/strong><br \/>A legt\u00f6bb eszk\u00f6z h\u0151kezel\u00e9si ig\u00e9nyeinek megfelel\u0151en alak\u00edthat\u00f3k ki.<\/p>\n<p><strong>4. Aj\u00e1nlja az alum\u00ednium h\u0171t\u0151bord\u00e1s alkatr\u00e9szeket a nagy teljes\u00edtm\u00e9ny\u0171 sz\u00e1m\u00edt\u00e1stechnik\u00e1hoz?<\/strong><br \/>Igen, hat\u00e9kony h\u0151elvezet\u00e9s\u00fck miatt ide\u00e1lisak a nagy teljes\u00edtm\u00e9ny\u0171 alkalmaz\u00e1sokhoz.<\/p>\n<p><strong>5. Hogyan jav\u00edtj\u00e1k az alum\u00ednium h\u0171t\u0151bord\u00e1k az eszk\u00f6z teljes\u00edtm\u00e9ny\u00e9t?<\/strong><br \/>Ezek biztos\u00edtj\u00e1k az optim\u00e1lis h\u0151m\u00e9rs\u00e9klet-szab\u00e1lyoz\u00e1st, meghosszabb\u00edtva a k\u00e9sz\u00fcl\u00e9k m\u0171k\u00f6d\u00e9si \u00e9lettartam\u00e1t.<\/p>\n<p><strong>6. Milyen anyagokat haszn\u00e1lnak ezeknek a h\u0171t\u0151bord\u00e1knak a gy\u00e1rt\u00e1s\u00e1hoz?<\/strong><br \/>Kiv\u00e1l\u00f3 min\u0151s\u00e9g\u0171 alum\u00edniumb\u00f3l k\u00e9sz\u00fclnek, amely kiv\u00e1l\u00f3 h\u0151vezet\u0151 k\u00e9pess\u00e9g\u00e9r\u0151l ismert.<\/p>\n<p><strong>7. Felhaszn\u00e1lhat\u00f3k-e ezek az \u00f6sszetev\u0151k k\u00f6rnyezetbar\u00e1t term\u00e9kmegold\u00e1sokban?<\/strong><br \/>Igen, hat\u00e9kony h\u0151kezel\u00e9s\u00fck t\u00e1mogatja az energiahat\u00e9kony tervez\u00e9st.<\/p>\n<p><\/p>","protected":false},"featured_media":10747,"template":"","categories":[72],"class_list":["post-10910","product","type-product","status-publish","has-post-thumbnail","hentry","category-extruded-aluminum-heatsink"],"meta_box":{"hilight_text_group":[{"product_hilight_text":"<li>Engineered for efficient thermal management in various applications<\/li>\n<li>Available in multiple sizes to fit diverse electronic devices<\/li>\n<li>High-quality aluminum for enhanced heat dissipation<\/li>\n<li>Customizable design for specific B2B requirements<\/li>\n<li>Lightweight yet robust structure ensures longevity<\/li>"}],"feature_list":[]},"_links":{"self":[{"href":"https:\/\/sinoextrud.com\/hu\/wp-json\/wp\/v2\/product\/10910","targetHints":{"allow":["GET"]}}],"collection":[{"href":"https:\/\/sinoextrud.com\/hu\/wp-json\/wp\/v2\/product"}],"about":[{"href":"https:\/\/sinoextrud.com\/hu\/wp-json\/wp\/v2\/types\/product"}],"wp:featuredmedia":[{"embeddable":true,"href":"https:\/\/sinoextrud.com\/hu\/wp-json\/wp\/v2\/media\/10747"}],"wp:attachment":[{"href":"https:\/\/sinoextrud.com\/hu\/wp-json\/wp\/v2\/media?parent=10910"}],"wp:term":[{"taxonomy":"category","embeddable":true,"href":"https:\/\/sinoextrud.com\/hu\/wp-json\/wp\/v2\/categories?post=10910"}],"curies":[{"name":"wp","href":"https:\/\/api.w.org\/{rel}","templated":true}]}}