{"id":10906,"date":"2025-08-01T03:12:17","date_gmt":"2025-08-01T03:12:17","guid":{"rendered":"https:\/\/sinoextrud.com\/product\/led-street-lamp-sleeves-for-outdoor-fixtures\/"},"modified":"2025-08-01T03:12:17","modified_gmt":"2025-08-01T03:12:17","slug":"led-utcai-lampa-huvelyek-kulteri-lampatestekhez","status":"publish","type":"product","link":"https:\/\/sinoextrud.com\/hu\/product\/led-street-lamp-sleeves-for-outdoor-fixtures\/","title":{"rendered":"LED utcai l\u00e1mpa h\u00fcvelyek k\u00fclt\u00e9ri l\u00e1mpatestekhez"},"content":{"rendered":"<h2>Term\u00e9kek r\u00e9szletei<\/h2>\n<div class=\"product-table\">\n<div class=\"row\">\n<div class=\"cell label\">Fokozat<\/div>\n<div class=\"cell value\">6000-es sorozat<\/div>\n<\/div>\n<div class=\"row\">\n<div class=\"cell label\">Tolerancia<\/div>\n<div class=\"cell value\">\u00c2\u00b11%<\/div>\n<\/div>\n<div class=\"row\">\n<div class=\"cell label\">Sz\u00e1ll\u00edt\u00e1si id\u0151<\/div>\n<div class=\"cell value\">22-30 nap<\/div>\n<\/div>\n<div class=\"row\">\n<div class=\"cell label\">Temper<\/div>\n<div class=\"cell value\">T3-T8<\/div>\n<\/div>\n<div class=\"row\">\n<div class=\"cell label\">Alkalmaz\u00e1s<\/div>\n<div class=\"cell value\">Vas\u00fat\/elektronika\/elektronika\/elektronikus\/elektronikus\/elektronikus\/elektronikai\/elektronikai\/elektronikai\/elektronikai\/ipari<\/div>\n<\/div>\n<div class=\"row\">\n<div class=\"cell label\">Shape<\/div>\n<div class=\"cell value\">egy\u00e9ni<\/div>\n<\/div>\n<div class=\"row\">\n<div class=\"cell label\">\u00d6tv\u00f6zet vagy sem<\/div>\n<div class=\"cell value\">Az \u00f6tv\u00f6zet<\/div>\n<\/div>\n<div class=\"row\">\n<div class=\"cell label\">Feldolgoz\u00f3 szolg\u00e1ltat\u00e1s<\/div>\n<div class=\"cell value\">Hajl\u00edt\u00e1s, tekercsel\u00e9s, hegeszt\u00e9s, lyukaszt\u00e1s, v\u00e1g\u00e1s<\/div>\n<\/div>\n<div class=\"row\">\n<div class=\"cell label\">Term\u00e9k neve<\/div>\n<div class=\"cell value\">Egyedi alum\u00ednium profil<\/div>\n<\/div>\n<div class=\"row\">\n<div class=\"cell label\">Anyag<\/div>\n<div class=\"cell value\">6063 6061 6005 5083 Alum\u00ednium \u00f6tv\u00f6zet<\/div>\n<\/div>\n<div class=\"row\">\n<div class=\"cell label\">Sz\u00ednes<\/div>\n<div class=\"cell value\">Ez\u00fcst, fekete, arany fekete \u00e9s \u00edgy tov\u00e1bb<\/div>\n<\/div>\n<div class=\"row\">\n<div class=\"cell label\">Fel\u00fcletkezel\u00e9s<\/div>\n<div class=\"cell value\">Mill Finish, elox\u00e1l\u00e1s, porbevonat<\/div>\n<\/div>\n<div class=\"row\">\n<div class=\"cell label\">M\u00e9ly folyamat<\/div>\n<div class=\"cell value\">Lyukaszt\u00e1s F\u00far\u00e1s Precison v\u00e1g\u00e1s CNC<\/div>\n<\/div>\n<div class=\"row\">\n<div class=\"cell label\">shape<\/div>\n<div class=\"cell value\">Testreszabott<\/div>\n<\/div>\n<div class=\"row\">\n<div class=\"cell label\">Haszn\u00e1lat<\/div>\n<div class=\"cell value\">Aut\u00f3keretek \u00e9s -alkatr\u00e9szek, rep\u00fcl\u0151g\u00e9p-alkatr\u00e9szek, napelemes fotovoltaikus panelek<\/div>\n<\/div>\n<div class=\"row\">\n<div class=\"cell label\">Minta<\/div>\n<div class=\"cell value\">Ingyenes minta<\/div>\n<\/div>\n<div class=\"row\">\n<div class=\"cell label\">Hossz\u00fas\u00e1g<\/div>\n<div class=\"cell value\">Egy\u00e9ni hossz<\/div>\n<\/div>\n<div class=\"row\">\n<div class=\"cell label\">Szolg\u00e1ltat\u00e1s<\/div>\n<div class=\"cell value\">OEM ODM<\/div>\n<\/div>\n<div class=\"row\">\n<div class=\"cell label\">Elad\u00f3 egys\u00e9gek<\/div>\n<div class=\"cell value\">Egyetlen t\u00e9tel<\/div>\n<\/div>\n<div class=\"row\">\n<div class=\"cell label\">Egyetlen csomagm\u00e9ret<\/div>\n<div class=\"cell value\">30X20X20 cm<\/div>\n<\/div>\n<div class=\"row\">\n<div class=\"cell label\">Egyetlen brutt\u00f3 t\u00f6meg<\/div>\n<div class=\"cell value\">3.000 KG<\/div>\n<\/div>\n<\/div>\n<p><\/p>\n<h2>Gy\u00e1rt\u00f3 b\u00e1zisunk<\/h2>\n<h3>Gy\u00e1ri panor\u00e1ma<\/h3>\n<p><img decoding=\"async\" src=\"\/wp-content\/uploads\/factory-01.webp\"\/><\/p>\n<h3>Alum\u00ednium r\u00fadgy\u00e1rt\u00f3 m\u0171hely<\/h3>\n<p><img decoding=\"async\" src=\"\/wp-content\/uploads\/factory-02.webp\"\/><\/p>\n<p><img decoding=\"async\" src=\"\/wp-content\/uploads\/factory-03.webp\"\/><\/p>\n<h3>Pen\u00e9sz rakt\u00e1r<\/h3>\n<p><img decoding=\"async\" src=\"\/wp-content\/uploads\/factory-04.webp\"\/><\/p>\n<h3>43 alum\u00ednium extrud\u00e1l\u00f3 vonal (500-5500 tonna)<\/h3>\n<p><img decoding=\"async\" src=\"\/wp-content\/uploads\/factory-05.webp\"\/><\/p>\n<p><img decoding=\"async\" src=\"\/wp-content\/uploads\/factory-06.webp\"\/><\/p>\n<p><img decoding=\"async\" src=\"\/wp-content\/uploads\/factory-07.webp\"\/><\/p>\n<h3>Porfest\u0151 m\u0171hely<\/h3>\n<p><img decoding=\"async\" src=\"\/wp-content\/uploads\/factory-09.webp\"\/><\/p>\n<h3>Anodiz\u00e1l\u00f3 m\u0171hely<\/h3>\n<p><img decoding=\"async\" src=\"\/wp-content\/uploads\/factory-10.webp\"\/><\/p>\n<h3>M\u00e9ly feldolgoz\u00e1si m\u0171hely<\/h3>\n<p><img decoding=\"async\" src=\"\/wp-content\/uploads\/factory-11.webp\"\/><\/p>\n<h3>CNC prec\u00edzi\u00f3s megmunk\u00e1l\u00f3 m\u0171hely<\/h3>\n<p><img decoding=\"async\" src=\"\/wp-content\/uploads\/factory-11.5.webp\"\/><\/p>\n<h3>K\u00e9szterm\u00e9k \u00e9s export rakt\u00e1r<\/h3>\n<p><img decoding=\"async\" src=\"\/wp-content\/uploads\/factory-12.webp\"\/><\/p>\n<p><img decoding=\"async\" src=\"\/wp-content\/uploads\/factory-13.webp\"\/><\/p>\n<p><img decoding=\"async\" src=\"\/wp-content\/uploads\/factory-14.webp\"\/><\/p>\n<h2>GYIK<\/h2>\n<p><strong>1. A LED utcai l\u00e1mpa h\u00fcvelyek testre szabhat\u00f3k a k\u00fcl\u00f6nb\u00f6z\u0151 l\u00e1mpam\u00e9retekhez?<\/strong><br \/>Igen, h\u00fcvelyeinket az utcai l\u00e1mp\u00e1k m\u00e9ret\u00e9nek \u00e9s form\u00e1j\u00e1nak sz\u00e9les sk\u00e1l\u00e1j\u00e1ra lehet szabni.<\/p>\n<p><strong>2. Az ujjak id\u0151j\u00e1r\u00e1s\u00e1ll\u00f3ak?<\/strong><br \/>Igen, \u00fagy tervezt\u00e9k \u0151ket, hogy ellen\u00e1lljanak a k\u00fcl\u00f6nb\u00f6z\u0151 id\u0151j\u00e1r\u00e1si k\u00f6r\u00fclm\u00e9nyeknek, bele\u00e9rtve az es\u0151t, a havat \u00e9s az UV-sug\u00e1rz\u00e1st.<\/p>\n<p><strong>3. Hogyan hatnak a LED-es utcai l\u00e1mpah\u00fcvelyek az energiahat\u00e9konys\u00e1gra?<\/strong><br \/>H\u00fcvelyeink jav\u00edtj\u00e1k a f\u00e9nyeloszl\u00e1st, \u00e9s a l\u00e1mpa teljes\u00edtm\u00e9ny\u00e9nek optimaliz\u00e1l\u00e1s\u00e1val hozz\u00e1j\u00e1rulnak az energiafogyaszt\u00e1s cs\u00f6kkent\u00e9s\u00e9hez.<\/p>\n<p><strong>4. Milyen anyagokat haszn\u00e1lnak a h\u00fcvelyek \u00e9p\u00edt\u00e9s\u00e9hez?<\/strong><br \/>A h\u00fcvelyek kiv\u00e1l\u00f3 min\u0151s\u00e9g\u0171, tart\u00f3s anyagokb\u00f3l k\u00e9sz\u00fclnek, amelyek hossz\u00fa t\u00e1v\u00fa v\u00e9delmet biztos\u00edtanak.<\/p>\n<p><strong>5. Ezek a LED-es utcai l\u00e1mpa h\u00fcvelyek k\u00f6nnyen telep\u00edthet\u0151k?<\/strong><br \/>Igen, gyors \u00e9s egyszer\u0171 telep\u00edt\u00e9sre tervezt\u00e9k \u0151ket, hogy cs\u00f6kkents\u00e9k az \u00e1ll\u00e1sid\u0151t.<\/p>\n<p><strong>6. K\u00edn\u00e1l nemzetk\u00f6zi sz\u00e1ll\u00edt\u00e1st a LED utcai l\u00e1mpa h\u00fcvelyekhez?<\/strong><br \/>Igen, glob\u00e1lis sz\u00e1ll\u00edt\u00e1si szolg\u00e1ltat\u00e1sokat ny\u00fajtunk a nemzetk\u00f6zi \u00fcgyfelek ig\u00e9nyeinek kiel\u00e9g\u00edt\u00e9s\u00e9re.<\/p>\n<p><strong>7. Megrendelhetek mint\u00e1kat a LED-es utcai l\u00e1mpah\u00fcvelyekb\u0151l a nagybev\u00e1s\u00e1rl\u00e1s el\u0151tt?<\/strong><br \/>Igen, rendel\u00e9si mint\u00e1k \u00e1llnak rendelkez\u00e9sre, hogy \u00d6n felm\u00e9rhesse term\u00e9keink min\u0151s\u00e9g\u00e9t.<\/p>\n<p><\/p>","protected":false},"featured_media":10859,"template":"","categories":[55],"class_list":["post-10906","product","type-product","status-publish","has-post-thumbnail","hentry","category-extruded-aluminum-profiles"],"meta_box":{"hilight_text_group":[{"product_hilight_text":"<li>Provides protection and enhances longevity of LED street lamps<\/li>\n<li>Customizable to fit various lamp sizes and shapes for B2B clients<\/li>\n<li>Manufactured with weather-resistant and durable materials<\/li>\n<li>Supports easy installation to minimize maintenance time and cost<\/li>\n<li>Designed to improve energy efficiency and light distribution<\/li>"}],"feature_list":[]},"_links":{"self":[{"href":"https:\/\/sinoextrud.com\/hu\/wp-json\/wp\/v2\/product\/10906","targetHints":{"allow":["GET"]}}],"collection":[{"href":"https:\/\/sinoextrud.com\/hu\/wp-json\/wp\/v2\/product"}],"about":[{"href":"https:\/\/sinoextrud.com\/hu\/wp-json\/wp\/v2\/types\/product"}],"wp:featuredmedia":[{"embeddable":true,"href":"https:\/\/sinoextrud.com\/hu\/wp-json\/wp\/v2\/media\/10859"}],"wp:attachment":[{"href":"https:\/\/sinoextrud.com\/hu\/wp-json\/wp\/v2\/media?parent=10906"}],"wp:term":[{"taxonomy":"category","embeddable":true,"href":"https:\/\/sinoextrud.com\/hu\/wp-json\/wp\/v2\/categories?post=10906"}],"curies":[{"name":"wp","href":"https:\/\/api.w.org\/{rel}","templated":true}]}}