{"id":10905,"date":"2025-08-01T03:12:14","date_gmt":"2025-08-01T03:12:14","guid":{"rendered":"https:\/\/sinoextrud.com\/product\/aluminum-extrusions-for-led-lighting-systems\/"},"modified":"2025-08-01T03:12:14","modified_gmt":"2025-08-01T03:12:14","slug":"aluminium-extrudalt-reszek-led-vilagitasi-rendszerekhez","status":"publish","type":"product","link":"https:\/\/sinoextrud.com\/hu\/product\/aluminum-extrusions-for-led-lighting-systems\/","title":{"rendered":"Alum\u00ednium extrud\u00e1l\u00e1s LED vil\u00e1g\u00edt\u00e1si rendszerekhez"},"content":{"rendered":"<h2>Term\u00e9kek r\u00e9szletei<\/h2>\n<div class=\"product-table\">\n<div class=\"row\">\n<div class=\"cell label\">L\u00e1mpa f\u00e9nyhasznos\u00edt\u00e1sa (lm\/w)<\/div>\n<div class=\"cell value\">100<\/div>\n<\/div>\n<div class=\"row\">\n<div class=\"cell label\">T\u00e1mogat\u00e1s Dimmer<\/div>\n<div class=\"cell value\">Igen<\/div>\n<\/div>\n<div class=\"row\">\n<div class=\"cell label\">Anyag<\/div>\n<div class=\"cell value\">Alum\u00ednium \u00f6tv\u00f6zet<\/div>\n<\/div>\n<div class=\"row\">\n<div class=\"cell label\">Garancia (\u00e9v)<\/div>\n<div class=\"cell value\">3 \u00e9v<\/div>\n<\/div>\n<div class=\"row\">\n<div class=\"cell label\">Sz\u00ednh\u0151m\u00e9rs\u00e9klet (CCT)<\/div>\n<div class=\"cell value\">6000K (nappali f\u00e9nyjelz\u00e9s)<\/div>\n<\/div>\n<div class=\"row\">\n<div class=\"cell label\">Bemeneti fesz\u00fclts\u00e9g (V)<\/div>\n<div class=\"cell value\">DC 12V<\/div>\n<\/div>\n<div class=\"row\">\n<div class=\"cell label\">Sz\u00ednvisszaad\u00e1si index(Ra)<\/div>\n<div class=\"cell value\">95<\/div>\n<\/div>\n<div class=\"row\">\n<div class=\"cell label\">Munkaid\u0151<\/div>\n<div class=\"cell value\">50000<\/div>\n<\/div>\n<div class=\"row\">\n<div class=\"cell label\">Term\u00e9k s\u00falya\uff08kg\uff09<\/div>\n<div class=\"cell value\">0.2<\/div>\n<\/div>\n<div class=\"row\">\n<div class=\"cell label\">Fel\u00fclet<\/div>\n<div class=\"cell value\">Elox\u00e1l\u00e1s<\/div>\n<\/div>\n<div class=\"row\">\n<div class=\"cell label\">Temper<\/div>\n<div class=\"cell value\">T3-T8<\/div>\n<\/div>\n<div class=\"row\">\n<div class=\"cell label\">Fokozat<\/div>\n<div class=\"cell value\">6000-es sorozat<\/div>\n<\/div>\n<div class=\"row\">\n<div class=\"cell label\">Shape<\/div>\n<div class=\"cell value\">T - Profil<\/div>\n<\/div>\n<div class=\"row\">\n<div class=\"cell label\">Vil\u00e1g\u00edt\u00e1si megold\u00e1sok szolg\u00e1ltat\u00e1s<\/div>\n<div class=\"cell value\">Projekt telep\u00edt\u00e9s, Helysz\u00edni m\u00e9r\u00e9s, Agi32 elrendez\u00e9s, DIALux evo elrendez\u00e9s, automatikus CAD elrendez\u00e9s, Egy\u00e9b, Vil\u00e1g\u00edt\u00e1s \u00e9s \u00e1ramk\u00f6r\u00f6k tervez\u00e9se, Egy\u00e9b<\/div>\n<\/div>\n<div class=\"row\">\n<div class=\"cell label\">Lapvastags\u00e1g (mm)<\/div>\n<div class=\"cell value\">1mm<\/div>\n<\/div>\n<div class=\"row\">\n<div class=\"cell label\">Term\u00e9k neve<\/div>\n<div class=\"cell value\">LED alum\u00ednium profil<\/div>\n<\/div>\n<div class=\"row\">\n<div class=\"cell label\">Hossz\u00fas\u00e1g<\/div>\n<div class=\"cell value\">1m\/2m\/3m (egy\u00e9b hossz\u00fas\u00e1g)<\/div>\n<\/div>\n<div class=\"row\">\n<div class=\"cell label\">Sz\u00ednes<\/div>\n<div class=\"cell value\">Ez\u00fcst Feh\u00e9r Fekete<\/div>\n<\/div>\n<div class=\"row\">\n<div class=\"cell label\">Tartoz\u00e9kok<\/div>\n<div class=\"cell value\">Alum\u00ednium profil + PC burkolat<\/div>\n<\/div>\n<div class=\"row\">\n<div class=\"cell label\">Haszn\u00e1lat<\/div>\n<div class=\"cell value\">Morden Line\u00e1ris f\u00e9nyrendszer<\/div>\n<\/div>\n<div class=\"row\">\n<div class=\"cell label\">Dimenzi\u00f3<\/div>\n<div class=\"cell value\">Custom<\/div>\n<\/div>\n<div class=\"row\">\n<div class=\"cell label\">Elad\u00f3 egys\u00e9gek<\/div>\n<div class=\"cell value\">Egyetlen t\u00e9tel<\/div>\n<\/div>\n<div class=\"row\">\n<div class=\"cell label\">Egyetlen csomagm\u00e9ret<\/div>\n<div class=\"cell value\">110X4.73X2.2 cm<\/div>\n<\/div>\n<div class=\"row\">\n<div class=\"cell label\">Egyetlen brutt\u00f3 t\u00f6meg<\/div>\n<div class=\"cell value\">0,240 KG<\/div>\n<\/div>\n<\/div>\n<p><\/p>\n<h2>Gy\u00e1rt\u00f3 b\u00e1zisunk<\/h2>\n<h3>Gy\u00e1ri panor\u00e1ma<\/h3>\n<p><img decoding=\"async\" src=\"\/wp-content\/uploads\/factory-01.webp\"\/><\/p>\n<h3>Alum\u00ednium r\u00fadgy\u00e1rt\u00f3 m\u0171hely<\/h3>\n<p><img decoding=\"async\" src=\"\/wp-content\/uploads\/factory-02.webp\"\/><\/p>\n<p><img decoding=\"async\" src=\"\/wp-content\/uploads\/factory-03.webp\"\/><\/p>\n<h3>Pen\u00e9sz rakt\u00e1r<\/h3>\n<p><img decoding=\"async\" src=\"\/wp-content\/uploads\/factory-04.webp\"\/><\/p>\n<h3>43 alum\u00ednium extrud\u00e1l\u00f3 vonal (500-5500 tonna)<\/h3>\n<p><img decoding=\"async\" src=\"\/wp-content\/uploads\/factory-05.webp\"\/><\/p>\n<p><img decoding=\"async\" src=\"\/wp-content\/uploads\/factory-06.webp\"\/><\/p>\n<p><img decoding=\"async\" src=\"\/wp-content\/uploads\/factory-07.webp\"\/><\/p>\n<h3>Porfest\u0151 m\u0171hely<\/h3>\n<p><img decoding=\"async\" src=\"\/wp-content\/uploads\/factory-09.webp\"\/><\/p>\n<h3>Anodiz\u00e1l\u00f3 m\u0171hely<\/h3>\n<p><img decoding=\"async\" src=\"\/wp-content\/uploads\/factory-10.webp\"\/><\/p>\n<h3>M\u00e9ly feldolgoz\u00e1si m\u0171hely<\/h3>\n<p><img decoding=\"async\" src=\"\/wp-content\/uploads\/factory-11.webp\"\/><\/p>\n<h3>CNC prec\u00edzi\u00f3s megmunk\u00e1l\u00f3 m\u0171hely<\/h3>\n<p><img decoding=\"async\" src=\"\/wp-content\/uploads\/factory-11.5.webp\"\/><\/p>\n<h3>K\u00e9szterm\u00e9k \u00e9s export rakt\u00e1r<\/h3>\n<p><img decoding=\"async\" src=\"\/wp-content\/uploads\/factory-12.webp\"\/><\/p>\n<p><img decoding=\"async\" src=\"\/wp-content\/uploads\/factory-13.webp\"\/><\/p>\n<p><img decoding=\"async\" src=\"\/wp-content\/uploads\/factory-14.webp\"\/><\/p>\n<h2>GYIK<\/h2>\n<p><strong>1. Ezek az alum\u00ednium extrud\u00e1l\u00e1sok testre szabhat\u00f3k a k\u00fcl\u00f6nb\u00f6z\u0151 LED-es l\u00e1mp\u00e1khoz?<\/strong><br \/>Igen, testreszab\u00e1si lehet\u0151s\u00e9geket k\u00edn\u00e1lunk a k\u00fcl\u00f6nb\u00f6z\u0151 LED-modellekhez \u00e9s specifik\u00e1ci\u00f3khoz.<\/p>\n<p><strong>2. Alkalmasak-e ezek a profilok belt\u00e9ri \u00e9s k\u00fclt\u00e9ri LED-vil\u00e1g\u00edt\u00e1shoz egyar\u00e1nt?<\/strong><br \/>Igen, \u00fagy tervezt\u00e9k \u0151ket, hogy ellen\u00e1lljanak a k\u00fcl\u00f6nb\u00f6z\u0151 k\u00f6rnyezeteknek, \u00edgy ide\u00e1lisak belt\u00e9ri \u00e9s k\u00fclt\u00e9ri haszn\u00e1latra egyar\u00e1nt.<\/p>\n<p><strong>3. Milyen fel\u00fcletek \u00e1llnak rendelkez\u00e9sre ezekhez az alum\u00ednium extrud\u00e1l\u00e1sokhoz?<\/strong><br \/>K\u00fcl\u00f6nb\u00f6z\u0151 kiviteleket k\u00edn\u00e1lunk, bele\u00e9rtve az elox\u00e1lt, porsz\u00f3rt \u00e9s csiszolt fel\u00fcleteket, hogy megfeleljen a projekt ig\u00e9nyeinek.<\/p>\n<p><strong>4. Seg\u00edtenek-e a extrud\u00e1l\u00e1sok a h\u0151elvezet\u00e9sben a LED-es l\u00e1mp\u00e1k eset\u00e9ben?<\/strong><br \/>Igen, \u00fagy tervezt\u00e9k \u0151ket, hogy maximaliz\u00e1lj\u00e1k a h\u0151elvezet\u00e9st \u00e9s meghosszabb\u00edts\u00e1k a LED-ek \u00e9lettartam\u00e1t.<\/p>\n<p><strong>5. Mi a tipikus hossza a LED-es l\u00e1mp\u00e1k alum\u00edniumprofiljainak?<\/strong><br \/>Szabv\u00e1nyos hossz\u00fas\u00e1gok \u00e1llnak rendelkez\u00e9sre, egyedi k\u00e9r\u00e9sre egyedi hossz\u00fas\u00e1gok, hogy megfeleljenek az \u00d6n egyedi ig\u00e9nyeinek.<\/p>\n<p><strong>6. Van-e minim\u00e1lis rendel\u00e9si mennyis\u00e9g a nagybev\u00e1s\u00e1rl\u00e1shoz?<\/strong><br \/>A MOQ v\u00e1ltoz\u00f3, \u00e9s a projekt m\u00e9ret\u00e9t\u0151l f\u00fcgg\u0151en \u00e1ltal\u00e1ban 100 darabt\u00f3l kezd\u0151dik.<\/p>\n<p><strong>7. K\u00edn\u00e1l nemzetk\u00f6zi sz\u00e1ll\u00edt\u00e1st ezekhez az alum\u00ednium extrud\u00e1l\u00e1sokhoz?<\/strong><br \/>Igen, a nemzetk\u00f6zi sz\u00e1ll\u00edt\u00e1s teljes logisztikai t\u00e1mogat\u00e1ssal el\u00e9rhet\u0151 az \u00d6n tart\u00f3zkod\u00e1si hely\u00e9re.<\/p>\n<p><\/p>","protected":false},"featured_media":10743,"template":"","categories":[55],"class_list":["post-10905","product","type-product","status-publish","has-post-thumbnail","hentry","category-extruded-aluminum-profiles"],"meta_box":{"hilight_text_group":[{"product_hilight_text":"<li>Specially designed for optimal LED light integration<\/li>\n<li>Available in various profiles and finishes to suit B2B applications<\/li>\n<li>High heat dissipation efficiency to enhance LED longevity<\/li>\n<li>Robust construction with premium-grade aluminum materials<\/li>\n<li>Easy installation and maintenance for professional setups<\/li>"}],"feature_list":[]},"_links":{"self":[{"href":"https:\/\/sinoextrud.com\/hu\/wp-json\/wp\/v2\/product\/10905","targetHints":{"allow":["GET"]}}],"collection":[{"href":"https:\/\/sinoextrud.com\/hu\/wp-json\/wp\/v2\/product"}],"about":[{"href":"https:\/\/sinoextrud.com\/hu\/wp-json\/wp\/v2\/types\/product"}],"wp:featuredmedia":[{"embeddable":true,"href":"https:\/\/sinoextrud.com\/hu\/wp-json\/wp\/v2\/media\/10743"}],"wp:attachment":[{"href":"https:\/\/sinoextrud.com\/hu\/wp-json\/wp\/v2\/media?parent=10905"}],"wp:term":[{"taxonomy":"category","embeddable":true,"href":"https:\/\/sinoextrud.com\/hu\/wp-json\/wp\/v2\/categories?post=10905"}],"curies":[{"name":"wp","href":"https:\/\/api.w.org\/{rel}","templated":true}]}}