{"id":10904,"date":"2025-08-01T03:12:11","date_gmt":"2025-08-01T03:12:11","guid":{"rendered":"https:\/\/sinoextrud.com\/product\/led-lamp-aluminum-housing-for-lighting-systems\/"},"modified":"2025-08-01T03:12:11","modified_gmt":"2025-08-01T03:12:11","slug":"led-lampa-aluminium-haz-vilagitasi-rendszerekhez","status":"publish","type":"product","link":"https:\/\/sinoextrud.com\/hu\/product\/led-lamp-aluminum-housing-for-lighting-systems\/","title":{"rendered":"LED l\u00e1mpa alum\u00ednium h\u00e1z vil\u00e1g\u00edt\u00e1si rendszerekhez"},"content":{"rendered":"<h2>Term\u00e9kek r\u00e9szletei<\/h2>\n<div class=\"product-table\">\n<div class=\"row\">\n<div class=\"cell label\">Term\u00e9k neve<\/div>\n<div class=\"cell value\">Egyedi OEM alum\u00ednium Die Casting LED l\u00e1mpatestek h\u00e1za<\/div>\n<\/div>\n<div class=\"row\">\n<div class=\"cell label\">Sz\u00ednes<\/div>\n<div class=\"cell value\">Az \u00fcgyf\u00e9l szerint<\/div>\n<\/div>\n<div class=\"row\">\n<div class=\"cell label\">Anyag<\/div>\n<div class=\"cell value\">Alum\u00ednium \u00f6tv\u00f6zet<\/div>\n<\/div>\n<div class=\"row\">\n<div class=\"cell label\">M\u00f3dszer<\/div>\n<div class=\"cell value\">Nyomdai \u00f6nt\u00e9s<\/div>\n<\/div>\n<div class=\"row\">\n<div class=\"cell label\">Log\u00f3<\/div>\n<div class=\"cell value\">Testreszabott log\u00f3<\/div>\n<\/div>\n<div class=\"row\">\n<div class=\"cell label\">Tervez\u00e9si szolg\u00e1ltat\u00e1s<\/div>\n<div class=\"cell value\">Az \u00fcgyfelek ig\u00e9nyei szerint<\/div>\n<\/div>\n<div class=\"row\">\n<div class=\"cell label\">Befejez\u00e9s<\/div>\n<div class=\"cell value\">Porsz\u00f3r\u00e1s<\/div>\n<\/div>\n<div class=\"row\">\n<div class=\"cell label\">Kulcsszavak<\/div>\n<div class=\"cell value\">Led h\u00e1z<\/div>\n<\/div>\n<div class=\"row\">\n<div class=\"cell label\">Tan\u00fas\u00edtv\u00e1ny<\/div>\n<div class=\"cell value\">ISO9001:2015\/TS16949<\/div>\n<\/div>\n<div class=\"row\">\n<div class=\"cell label\">MOQ<\/div>\n<div class=\"cell value\">100db<\/div>\n<\/div>\n<div class=\"row\">\n<div class=\"cell label\">Elad\u00f3 egys\u00e9gek<\/div>\n<div class=\"cell value\">Egyetlen t\u00e9tel<\/div>\n<\/div>\n<div class=\"row\">\n<div class=\"cell label\">Egyetlen csomagm\u00e9ret<\/div>\n<div class=\"cell value\">20X20X10 cm<\/div>\n<\/div>\n<div class=\"row\">\n<div class=\"cell label\">Egyetlen brutt\u00f3 t\u00f6meg<\/div>\n<div class=\"cell value\">1.500 KG<\/div>\n<\/div>\n<\/div>\n<p><\/p>\n<h2>Gy\u00e1rt\u00f3 b\u00e1zisunk<\/h2>\n<h3>Gy\u00e1ri panor\u00e1ma<\/h3>\n<p><img decoding=\"async\" src=\"\/wp-content\/uploads\/factory-01.webp\"\/><\/p>\n<h3>Alum\u00ednium r\u00fadgy\u00e1rt\u00f3 m\u0171hely<\/h3>\n<p><img decoding=\"async\" src=\"\/wp-content\/uploads\/factory-02.webp\"\/><\/p>\n<p><img decoding=\"async\" src=\"\/wp-content\/uploads\/factory-03.webp\"\/><\/p>\n<h3>Pen\u00e9sz rakt\u00e1r<\/h3>\n<p><img decoding=\"async\" src=\"\/wp-content\/uploads\/factory-04.webp\"\/><\/p>\n<h3>43 alum\u00ednium extrud\u00e1l\u00f3 vonal (500-5500 tonna)<\/h3>\n<p><img decoding=\"async\" src=\"\/wp-content\/uploads\/factory-05.webp\"\/><\/p>\n<p><img decoding=\"async\" src=\"\/wp-content\/uploads\/factory-06.webp\"\/><\/p>\n<p><img decoding=\"async\" src=\"\/wp-content\/uploads\/factory-07.webp\"\/><\/p>\n<h3>Porfest\u0151 m\u0171hely<\/h3>\n<p><img decoding=\"async\" src=\"\/wp-content\/uploads\/factory-09.webp\"\/><\/p>\n<h3>Anodiz\u00e1l\u00f3 m\u0171hely<\/h3>\n<p><img decoding=\"async\" src=\"\/wp-content\/uploads\/factory-10.webp\"\/><\/p>\n<h3>M\u00e9ly feldolgoz\u00e1si m\u0171hely<\/h3>\n<p><img decoding=\"async\" src=\"\/wp-content\/uploads\/factory-11.webp\"\/><\/p>\n<h3>CNC prec\u00edzi\u00f3s megmunk\u00e1l\u00f3 m\u0171hely<\/h3>\n<p><img decoding=\"async\" src=\"\/wp-content\/uploads\/factory-11.5.webp\"\/><\/p>\n<h3>K\u00e9szterm\u00e9k \u00e9s export rakt\u00e1r<\/h3>\n<p><img decoding=\"async\" src=\"\/wp-content\/uploads\/factory-12.webp\"\/><\/p>\n<p><img decoding=\"async\" src=\"\/wp-content\/uploads\/factory-13.webp\"\/><\/p>\n<p><img decoding=\"async\" src=\"\/wp-content\/uploads\/factory-14.webp\"\/><\/p>\n<h2>GYIK<\/h2>\n<p><strong>1. Milyen anyagokat haszn\u00e1lnak a LED l\u00e1mpa alum\u00ednium h\u00e1z\u00e1ban?<\/strong><br \/>A h\u00e1z kiv\u00e1l\u00f3 min\u0151s\u00e9g\u0171 alum\u00edniumb\u00f3l k\u00e9sz\u00fclt a hat\u00e9kony h\u0151elvezet\u00e9s \u00e9rdek\u00e9ben.<\/p>\n<p><strong>2. Az alum\u00ednium h\u00e1z testre szabhat\u00f3 az egyedi ig\u00e9nyekhez?<\/strong><br \/>Igen, testreszab\u00e1st k\u00edn\u00e1lunk a m\u00e9ret, a design \u00e9s a kivitel tekintet\u00e9ben.<\/p>\n<p><strong>3. A LED-l\u00e1mpa alum\u00ednium h\u00e1za alkalmas k\u00fclt\u00e9ri haszn\u00e1latra?<\/strong><br \/>Igen, a tart\u00f3s alum\u00edniumszerkezet ide\u00e1lis k\u00fclt\u00e9ri alkalmaz\u00e1sokhoz.<\/p>\n<p><strong>4. T\u00e1mogatja-e a LED-es h\u00e1z az energiahat\u00e9kony vil\u00e1g\u00edt\u00e1si megold\u00e1sokat?<\/strong><br \/>Igen, \u00fagy tervezt\u00e9k, hogy energiatakar\u00e9kos LED-l\u00e1mp\u00e1kkal m\u0171k\u00f6dj\u00f6n.<\/p>\n<p><strong>5. Milyen el\u0151ny\u00f6kkel j\u00e1r az alum\u00ednium haszn\u00e1lata a LED-l\u00e1mp\u00e1k h\u00e1z\u00e1hoz?<\/strong><br \/>Az alum\u00ednium kiv\u00e1l\u00f3 h\u0151kezel\u00e9st \u00e9s hossz\u00fa \u00e9lettartamot biztos\u00edt.<\/p>\n<p><strong>6. Rendelhetek mint\u00e1t, miel\u0151tt nagy t\u00e9telben rendeln\u00e9k?<\/strong><br \/>Igen, mint\u00e1kat biztos\u00edtunk, hogy \u00d6n felm\u00e9rhesse a min\u0151s\u00e9get \u00e9s az ig\u00e9nyeinek val\u00f3 megfelel\u00e9st.<\/p>\n<p><strong>7. Milyen sz\u00e1ll\u00edt\u00e1si lehet\u0151s\u00e9gek vannak a nemzetk\u00f6zi megrendel\u00e9sek eset\u00e9n?<\/strong><br \/>Nemzetk\u00f6zi sz\u00e1ll\u00edt\u00e1st k\u00edn\u00e1lunk \u00e1tfog\u00f3 logisztikai t\u00e1mogat\u00e1ssal.<\/p>\n<p><\/p>","protected":false},"featured_media":10860,"template":"","categories":[55],"class_list":["post-10904","product","type-product","status-publish","has-post-thumbnail","hentry","category-extruded-aluminum-profiles"],"meta_box":{"hilight_text_group":[{"product_hilight_text":"<li>Constructed from high-quality aluminum for excellent heat dissipation<\/li>\n<li>Designed for various LED lamp applications across multiple industries<\/li>\n<li>Lightweight yet sturdy construction for enhanced durability<\/li>\n<li>Available in different sizes and finishes for customization<\/li>\n<li>Supports OEM and ODM services for tailored solutions<\/li>"}],"feature_list":[]},"_links":{"self":[{"href":"https:\/\/sinoextrud.com\/hu\/wp-json\/wp\/v2\/product\/10904","targetHints":{"allow":["GET"]}}],"collection":[{"href":"https:\/\/sinoextrud.com\/hu\/wp-json\/wp\/v2\/product"}],"about":[{"href":"https:\/\/sinoextrud.com\/hu\/wp-json\/wp\/v2\/types\/product"}],"wp:featuredmedia":[{"embeddable":true,"href":"https:\/\/sinoextrud.com\/hu\/wp-json\/wp\/v2\/media\/10860"}],"wp:attachment":[{"href":"https:\/\/sinoextrud.com\/hu\/wp-json\/wp\/v2\/media?parent=10904"}],"wp:term":[{"taxonomy":"category","embeddable":true,"href":"https:\/\/sinoextrud.com\/hu\/wp-json\/wp\/v2\/categories?post=10904"}],"curies":[{"name":"wp","href":"https:\/\/api.w.org\/{rel}","templated":true}]}}