{"id":10903,"date":"2025-08-01T03:12:09","date_gmt":"2025-08-01T03:12:09","guid":{"rendered":"https:\/\/sinoextrud.com\/product\/aluminum-extrusion-heat-sink-for-power-modules\/"},"modified":"2025-08-01T03:12:09","modified_gmt":"2025-08-01T03:12:09","slug":"aluminium-extrudalt-hutoborda-teljesitmenymodulokhoz","status":"publish","type":"product","link":"https:\/\/sinoextrud.com\/hu\/product\/aluminum-extrusion-heat-sink-for-power-modules\/","title":{"rendered":"Alum\u00ednium extrud\u00e1lt h\u0171t\u0151borda teljes\u00edtm\u00e9nymodulokhoz"},"content":{"rendered":"<h2>Term\u00e9kek r\u00e9szletei<\/h2>\n<div class=\"product-table\">\n<div class=\"row\">\n<div class=\"cell label\">Anyag<\/div>\n<div class=\"cell value\">Rozsdamentes ac\u00e9l\/alum\u00ednium\/SECC\/SGCC<\/div>\n<\/div>\n<div class=\"row\">\n<div class=\"cell label\">Vastags\u00e1g<\/div>\n<div class=\"cell value\">0,08-10 Mm<\/div>\n<\/div>\n<div class=\"row\">\n<div class=\"cell label\">Tolerancia<\/div>\n<div class=\"cell value\">0.01-0.1mm<\/div>\n<\/div>\n<div class=\"row\">\n<div class=\"cell label\">Tan\u00fas\u00edtv\u00e1ny<\/div>\n<div class=\"cell value\">ISO9001:2015<\/div>\n<\/div>\n<div class=\"row\">\n<div class=\"cell label\">Befejez\u00e9s<\/div>\n<div class=\"cell value\">Anodiz\u00e1l\u00e1s, fest\u00e9s, porbevonat, Zin bevonat\u00fa<\/div>\n<\/div>\n<div class=\"row\">\n<div class=\"cell label\">Rajzol\u00e1si form\u00e1tum<\/div>\n<div class=\"cell value\">2D\/(PDF\/CAD)3D(IGES\/STEP)<\/div>\n<\/div>\n<div class=\"row\">\n<div class=\"cell label\">Haszn\u00e1lat<\/div>\n<div class=\"cell value\">F\u00e9m kieg\u00e9sz\u00edt\u0151k<\/div>\n<\/div>\n<div class=\"row\">\n<div class=\"cell label\">Folyamat<\/div>\n<div class=\"cell value\">B\u00e9lyegz\u00e9s<\/div>\n<\/div>\n<div class=\"row\">\n<div class=\"cell label\">MOQ<\/div>\n<div class=\"cell value\">1 DB<\/div>\n<\/div>\n<div class=\"row\">\n<div class=\"cell label\">Elad\u00f3 egys\u00e9gek<\/div>\n<div class=\"cell value\">Egyetlen t\u00e9tel<\/div>\n<\/div>\n<div class=\"row\">\n<div class=\"cell label\">Egyetlen csomagm\u00e9ret<\/div>\n<div class=\"cell value\">45X36X30 cm<\/div>\n<\/div>\n<div class=\"row\">\n<div class=\"cell label\">Egyetlen brutt\u00f3 t\u00f6meg<\/div>\n<div class=\"cell value\">0,300 KG<\/div>\n<\/div>\n<\/div>\n<p><\/p>\n<h2>Gy\u00e1rt\u00f3 b\u00e1zisunk<\/h2>\n<h3>Gy\u00e1ri panor\u00e1ma<\/h3>\n<p><img decoding=\"async\" src=\"\/wp-content\/uploads\/factory-01.webp\"\/><\/p>\n<h3>Alum\u00ednium r\u00fadgy\u00e1rt\u00f3 m\u0171hely<\/h3>\n<p><img decoding=\"async\" src=\"\/wp-content\/uploads\/factory-02.webp\"\/><\/p>\n<p><img decoding=\"async\" src=\"\/wp-content\/uploads\/factory-03.webp\"\/><\/p>\n<h3>Pen\u00e9sz rakt\u00e1r<\/h3>\n<p><img decoding=\"async\" src=\"\/wp-content\/uploads\/factory-04.webp\"\/><\/p>\n<h3>43 alum\u00ednium extrud\u00e1l\u00f3 vonal (500-5500 tonna)<\/h3>\n<p><img decoding=\"async\" src=\"\/wp-content\/uploads\/factory-05.webp\"\/><\/p>\n<p><img decoding=\"async\" src=\"\/wp-content\/uploads\/factory-06.webp\"\/><\/p>\n<p><img decoding=\"async\" src=\"\/wp-content\/uploads\/factory-07.webp\"\/><\/p>\n<h3>Porfest\u0151 m\u0171hely<\/h3>\n<p><img decoding=\"async\" src=\"\/wp-content\/uploads\/factory-09.webp\"\/><\/p>\n<h3>Anodiz\u00e1l\u00f3 m\u0171hely<\/h3>\n<p><img decoding=\"async\" src=\"\/wp-content\/uploads\/factory-10.webp\"\/><\/p>\n<h3>M\u00e9ly feldolgoz\u00e1si m\u0171hely<\/h3>\n<p><img decoding=\"async\" src=\"\/wp-content\/uploads\/factory-11.webp\"\/><\/p>\n<h3>CNC prec\u00edzi\u00f3s megmunk\u00e1l\u00f3 m\u0171hely<\/h3>\n<p><img decoding=\"async\" src=\"\/wp-content\/uploads\/factory-11.5.webp\"\/><\/p>\n<h3>K\u00e9szterm\u00e9k \u00e9s export rakt\u00e1r<\/h3>\n<p><img decoding=\"async\" src=\"\/wp-content\/uploads\/factory-12.webp\"\/><\/p>\n<p><img decoding=\"async\" src=\"\/wp-content\/uploads\/factory-13.webp\"\/><\/p>\n<p><img decoding=\"async\" src=\"\/wp-content\/uploads\/factory-14.webp\"\/><\/p>\n<h2>GYIK<\/h2>\n<p><strong>1. Mire haszn\u00e1lj\u00e1k az alum\u00ednium extrud\u00e1lt h\u0171t\u0151bord\u00e1t?<\/strong><br \/>Az elektronikai alkatr\u00e9szek h\u0151elvezet\u00e9s\u00e9re, teljes\u00edtm\u00e9ny\u00fck \u00e9s \u00e9lettartamuk fokoz\u00e1s\u00e1ra szolg\u00e1l.<\/p>\n<p><strong>2. Testre szabhat\u00f3 a h\u0171t\u0151borda m\u00e9rete?<\/strong><br \/>Igen, a m\u00e9retet \u00e9s a profilt az \u00d6n egyedi ig\u00e9nyei szerint tudjuk testre szabni.<\/p>\n<p><strong>3. Az alum\u00ednium j\u00f3 anyag a h\u0171t\u0151bord\u00e1khoz?<\/strong><br \/>Igen, az alum\u00ednium kiv\u00e1l\u00f3 h\u0151vezet\u0151, \u00edgy ide\u00e1lis h\u0171t\u0151bord\u00e1khoz.<\/p>\n<p><strong>4. Hogyan jav\u00edtja a teljes\u00edtm\u00e9nyt egy alum\u00ednium extrud\u00e1lt h\u0171t\u0151borda?<\/strong><br \/>Hat\u00e9konyan vezeti el a h\u0151t, megakad\u00e1lyozva a t\u00falmeleged\u00e9st \u00e9s az elektronika esetleges k\u00e1rosod\u00e1s\u00e1t.<\/p>\n<p><strong>5. Alkalmasak-e ezek a h\u0171t\u0151bord\u00e1k ipari alkalmaz\u00e1sokhoz?<\/strong><br \/>Igen, \u00fagy tervezt\u00e9k \u0151ket, hogy megfeleljenek a k\u00fcl\u00f6nb\u00f6z\u0151 ipari \u00e9s kereskedelmi alkalmaz\u00e1sok ig\u00e9nyeinek.<\/p>\n<p><strong>6. Mennyi a tipikus \u00e1tfut\u00e1si id\u0151 egy rendel\u00e9sn\u00e9l?<\/strong><br \/>Az \u00e1tfut\u00e1si id\u0151 v\u00e1ltoz\u00f3, jellemz\u0151en 2-4 h\u00e9t, a mennyis\u00e9gt\u0151l \u00e9s a testreszab\u00e1st\u00f3l f\u00fcgg\u0151en.<\/p>\n<p><strong>7. K\u00edn\u00e1l t\u00e1mogat\u00e1st a nemzetk\u00f6zi sz\u00e1ll\u00edt\u00e1shoz?<\/strong><br \/>Igen, \u00e1tfog\u00f3 logisztikai t\u00e1mogat\u00e1st ny\u00fajtunk a nemzetk\u00f6zi megrendel\u00e9sekhez.<\/p>\n<p><\/p>","protected":false},"featured_media":10741,"template":"","categories":[72],"class_list":["post-10903","product","type-product","status-publish","has-post-thumbnail","hentry","category-extruded-aluminum-heatsink"],"meta_box":{"hilight_text_group":[{"product_hilight_text":"<li>Enhanced thermal performance for efficient heat dissipation<\/li>\n<li>Customizable dimensions and profiles for specific applications<\/li>\n<li>Lightweight yet durable construction for ease of installation<\/li>\n<li>Suitable for various electronics and industrial equipment<\/li>\n<li>Corrosion-resistant aluminum material for longevity<\/li>"}],"feature_list":[]},"_links":{"self":[{"href":"https:\/\/sinoextrud.com\/hu\/wp-json\/wp\/v2\/product\/10903","targetHints":{"allow":["GET"]}}],"collection":[{"href":"https:\/\/sinoextrud.com\/hu\/wp-json\/wp\/v2\/product"}],"about":[{"href":"https:\/\/sinoextrud.com\/hu\/wp-json\/wp\/v2\/types\/product"}],"wp:featuredmedia":[{"embeddable":true,"href":"https:\/\/sinoextrud.com\/hu\/wp-json\/wp\/v2\/media\/10741"}],"wp:attachment":[{"href":"https:\/\/sinoextrud.com\/hu\/wp-json\/wp\/v2\/media?parent=10903"}],"wp:term":[{"taxonomy":"category","embeddable":true,"href":"https:\/\/sinoextrud.com\/hu\/wp-json\/wp\/v2\/categories?post=10903"}],"curies":[{"name":"wp","href":"https:\/\/api.w.org\/{rel}","templated":true}]}}