{"id":10899,"date":"2025-08-01T03:11:59","date_gmt":"2025-08-01T03:11:59","guid":{"rendered":"https:\/\/sinoextrud.com\/product\/round-processing-extruded-aluminum-heat-sink\/"},"modified":"2025-08-01T03:11:59","modified_gmt":"2025-08-01T03:11:59","slug":"kerek-feldolgozas-extrudalt-aluminium-hutoborda","status":"publish","type":"product","link":"https:\/\/sinoextrud.com\/hu\/product\/round-processing-extruded-aluminum-heat-sink\/","title":{"rendered":"Kerek feldolgoz\u00e1s extrud\u00e1lt alum\u00ednium h\u0171t\u0151borda"},"content":{"rendered":"<h2>Term\u00e9kek r\u00e9szletei<\/h2>\n<div class=\"product-table\">\n<div class=\"row\">\n<div class=\"cell label\">Fokozat<\/div>\n<div class=\"cell value\">6061;6063;6463<\/div>\n<\/div>\n<div class=\"row\">\n<div class=\"cell label\">Tolerancia<\/div>\n<div class=\"cell value\">\u00c2\u00b11%<\/div>\n<\/div>\n<div class=\"row\">\n<div class=\"cell label\">Sz\u00e1ll\u00edt\u00e1si id\u0151<\/div>\n<div class=\"cell value\">8-14 nap<\/div>\n<\/div>\n<div class=\"row\">\n<div class=\"cell label\">Temper<\/div>\n<div class=\"cell value\">T5;T6<\/div>\n<\/div>\n<div class=\"row\">\n<div class=\"cell label\">Alkalmaz\u00e1s<\/div>\n<div class=\"cell value\">radi\u00e1tor<\/div>\n<\/div>\n<div class=\"row\">\n<div class=\"cell label\">Shape<\/div>\n<div class=\"cell value\">T - Profil<\/div>\n<\/div>\n<div class=\"row\">\n<div class=\"cell label\">\u00d6tv\u00f6zet vagy sem<\/div>\n<div class=\"cell value\">Az \u00f6tv\u00f6zet<\/div>\n<\/div>\n<div class=\"row\">\n<div class=\"cell label\">Feldolgoz\u00f3 szolg\u00e1ltat\u00e1s<\/div>\n<div class=\"cell value\">Lyukaszt\u00e1s, v\u00e1g\u00e1s<\/div>\n<\/div>\n<div class=\"row\">\n<div class=\"cell label\">T\u00edpus<\/div>\n<div class=\"cell value\">alum\u00ednium h\u0171t\u0151borda<\/div>\n<\/div>\n<div class=\"row\">\n<div class=\"cell label\">Anyag<\/div>\n<div class=\"cell value\">Alum\u00ednium<\/div>\n<\/div>\n<div class=\"row\">\n<div class=\"cell label\">Befejez\u00e9s<\/div>\n<div class=\"cell value\">Porsz\u00f3rt, fest\u00e9s, elox\u00e1l\u00e1s, horganyz\u00e1s, csiszolt, term\u00e9szetes, egy\u00e9ni<\/div>\n<\/div>\n<div class=\"row\">\n<div class=\"cell label\">M\u00e9ret<\/div>\n<div class=\"cell value\">3D, CAD, PDF<\/div>\n<\/div>\n<div class=\"row\">\n<div class=\"cell label\">Prec\u00edzi\u00f3s<\/div>\n<div class=\"cell value\">+-0.1mm<\/div>\n<\/div>\n<div class=\"row\">\n<div class=\"cell label\">Feldolgoz\u00e1s<\/div>\n<div class=\"cell value\">CNC<\/div>\n<\/div>\n<div class=\"row\">\n<div class=\"cell label\">QC rendszer<\/div>\n<div class=\"cell value\">R\u00e9szletes QC nyilv\u00e1ntart\u00e1sok vezet\u00e9se<\/div>\n<\/div>\n<div class=\"row\">\n<div class=\"cell label\">Hegeszt\u00e9s<\/div>\n<div class=\"cell value\">TIG, MIG, Spot<\/div>\n<\/div>\n<div class=\"row\">\n<div class=\"cell label\">Tan\u00fas\u00edtv\u00e1ny<\/div>\n<div class=\"cell value\">ISO9001:2008,ISO14000<\/div>\n<\/div>\n<div class=\"row\">\n<div class=\"cell label\">\u00dczleti t\u00edpus<\/div>\n<div class=\"cell value\">Gy\u00e1rt\u00f3, gy\u00e1r<\/div>\n<\/div>\n<div class=\"row\">\n<div class=\"cell label\">Elad\u00f3 egys\u00e9gek<\/div>\n<div class=\"cell value\">Egyetlen t\u00e9tel<\/div>\n<\/div>\n<div class=\"row\">\n<div class=\"cell label\">Egyetlen csomagm\u00e9ret<\/div>\n<div class=\"cell value\">10X10X10 cm<\/div>\n<\/div>\n<div class=\"row\">\n<div class=\"cell label\">Egyetlen brutt\u00f3 t\u00f6meg<\/div>\n<div class=\"cell value\">1.000 KG<\/div>\n<\/div>\n<\/div>\n<p><\/p>\n<h2>Gy\u00e1rt\u00f3 b\u00e1zisunk<\/h2>\n<h3>Gy\u00e1ri panor\u00e1ma<\/h3>\n<p><img decoding=\"async\" src=\"\/wp-content\/uploads\/factory-01.webp\"\/><\/p>\n<h3>Alum\u00ednium r\u00fadgy\u00e1rt\u00f3 m\u0171hely<\/h3>\n<p><img decoding=\"async\" src=\"\/wp-content\/uploads\/factory-02.webp\"\/><\/p>\n<p><img decoding=\"async\" src=\"\/wp-content\/uploads\/factory-03.webp\"\/><\/p>\n<h3>Pen\u00e9sz rakt\u00e1r<\/h3>\n<p><img decoding=\"async\" src=\"\/wp-content\/uploads\/factory-04.webp\"\/><\/p>\n<h3>43 alum\u00ednium extrud\u00e1l\u00f3 vonal (500-5500 tonna)<\/h3>\n<p><img decoding=\"async\" src=\"\/wp-content\/uploads\/factory-05.webp\"\/><\/p>\n<p><img decoding=\"async\" src=\"\/wp-content\/uploads\/factory-06.webp\"\/><\/p>\n<p><img decoding=\"async\" src=\"\/wp-content\/uploads\/factory-07.webp\"\/><\/p>\n<h3>Porfest\u0151 m\u0171hely<\/h3>\n<p><img decoding=\"async\" src=\"\/wp-content\/uploads\/factory-09.webp\"\/><\/p>\n<h3>Anodiz\u00e1l\u00f3 m\u0171hely<\/h3>\n<p><img decoding=\"async\" src=\"\/wp-content\/uploads\/factory-10.webp\"\/><\/p>\n<h3>M\u00e9ly feldolgoz\u00e1si m\u0171hely<\/h3>\n<p><img decoding=\"async\" src=\"\/wp-content\/uploads\/factory-11.webp\"\/><\/p>\n<h3>CNC prec\u00edzi\u00f3s megmunk\u00e1l\u00f3 m\u0171hely<\/h3>\n<p><img decoding=\"async\" src=\"\/wp-content\/uploads\/factory-11.5.webp\"\/><\/p>\n<h3>K\u00e9szterm\u00e9k \u00e9s export rakt\u00e1r<\/h3>\n<p><img decoding=\"async\" src=\"\/wp-content\/uploads\/factory-12.webp\"\/><\/p>\n<p><img decoding=\"async\" src=\"\/wp-content\/uploads\/factory-13.webp\"\/><\/p>\n<p><img decoding=\"async\" src=\"\/wp-content\/uploads\/factory-14.webp\"\/><\/p>\n<h2>GYIK<\/h2>\n<p><strong>1. Mit\u0151l hat\u00e9konyak az extrud\u00e1lt alum\u00ednium h\u0171t\u0151bord\u00e1k?<\/strong><br \/>Az extrud\u00e1l\u00e1s folyamata lehet\u0151v\u00e9 teszi az optim\u00e1lis h\u0151elvezet\u00e9st, ami fokozza az eszk\u00f6z teljes\u00edtm\u00e9ny\u00e9t.<\/p>\n<p><strong>2. Testreszabhatom ezt az alum\u00ednium h\u0171t\u0151bord\u00e1t a term\u00e9kemhez?<\/strong><br \/>Igen, m\u00e9retben, kialak\u00edt\u00e1sban \u00e9s kivitelben testreszab\u00e1st k\u00edn\u00e1lunk, hogy megfeleljen az \u00d6n ig\u00e9nyeinek.<\/p>\n<p><strong>3. Alkalmas ez a h\u0171t\u0151borda magas h\u0151m\u00e9rs\u00e9klet\u0171 alkalmaz\u00e1sokhoz?<\/strong><br \/>Igen, alum\u00ednium anyag\u00e1t \u00fagy tervezt\u00e9k, hogy magas h\u0151m\u00e9rs\u00e9klet\u0171 k\u00f6rnyezetben is megb\u00edzhat\u00f3an m\u0171k\u00f6dj\u00f6n.<\/p>\n<p><strong>4. T\u00e1mogatja ez a term\u00e9k az ipari felhaszn\u00e1l\u00e1sra sz\u00e1nt nagy t\u00e9telben t\u00f6rt\u00e9n\u0151 megrendel\u00e9seket?<\/strong><br \/>Term\u00e9szetesen kis- \u00e9s nagyipari megrendel\u00e9seket egyar\u00e1nt kiszolg\u00e1lunk, rugalmas MOQ-kkal.<\/p>\n<p><strong>5. Mennyire tart\u00f3s az extrud\u00e1lt alum\u00ednium h\u0171t\u0151borda?<\/strong><br \/>Kiv\u00e1l\u00f3 min\u0151s\u00e9g\u0171 alum\u00edniumb\u00f3l k\u00e9sz\u00fclt, \u00edgy kiv\u00e1l\u00f3 tart\u00f3ss\u00e1got \u00e9s korr\u00f3zi\u00f3\u00e1ll\u00f3s\u00e1got biztos\u00edt.<\/p>\n<p><strong>6. K\u00e9rhetek konkr\u00e9t sz\u00ednt a h\u0171t\u0151bord\u00e1hoz?<\/strong><br \/>Igen, lehet\u0151s\u00e9get biztos\u00edtunk a sz\u00edn testreszab\u00e1s\u00e1ra, hogy igazodjon a term\u00e9k diz\u00e1jnj\u00e1hoz.<\/p>\n<p><strong>7. Biztos\u00edtanak m\u0171szaki t\u00e1mogat\u00e1st a h\u0171t\u0151bord\u00e1k integr\u00e1l\u00e1s\u00e1hoz?<\/strong><br \/>Igen, csapatunk \u00e1tfog\u00f3 t\u00e1mogat\u00e1st ny\u00fajt a h\u0171t\u0151bord\u00e1k rendszerbe t\u00f6rt\u00e9n\u0151 integr\u00e1l\u00e1s\u00e1hoz.<\/p>\n<p><\/p>","protected":false},"featured_media":10863,"template":"","categories":[72],"class_list":["post-10899","product","type-product","status-publish","has-post-thumbnail","hentry","category-extruded-aluminum-heatsink"],"meta_box":{"hilight_text_group":[{"product_hilight_text":"<li>Efficient heat dissipation for enhanced performance<\/li>\n<li>Customizable sizes and finishes to meet specific needs<\/li>\n<li>Lightweight design suitable for various electronic applications<\/li>\n<li>Corrosion-resistant aluminum material ensures longevity<\/li>\n<li>Supports both small and large-scale production requirements<\/li>"}],"feature_list":[]},"_links":{"self":[{"href":"https:\/\/sinoextrud.com\/hu\/wp-json\/wp\/v2\/product\/10899","targetHints":{"allow":["GET"]}}],"collection":[{"href":"https:\/\/sinoextrud.com\/hu\/wp-json\/wp\/v2\/product"}],"about":[{"href":"https:\/\/sinoextrud.com\/hu\/wp-json\/wp\/v2\/types\/product"}],"wp:featuredmedia":[{"embeddable":true,"href":"https:\/\/sinoextrud.com\/hu\/wp-json\/wp\/v2\/media\/10863"}],"wp:attachment":[{"href":"https:\/\/sinoextrud.com\/hu\/wp-json\/wp\/v2\/media?parent=10899"}],"wp:term":[{"taxonomy":"category","embeddable":true,"href":"https:\/\/sinoextrud.com\/hu\/wp-json\/wp\/v2\/categories?post=10899"}],"curies":[{"name":"wp","href":"https:\/\/api.w.org\/{rel}","templated":true}]}}