{"id":10897,"date":"2025-08-01T03:11:55","date_gmt":"2025-08-01T03:11:55","guid":{"rendered":"https:\/\/sinoextrud.com\/product\/gold-anodized-aluminum-phone-holder\/"},"modified":"2025-08-01T03:11:55","modified_gmt":"2025-08-01T03:11:55","slug":"arany-eloxalt-aluminium-telefontarto","status":"publish","type":"product","link":"https:\/\/sinoextrud.com\/hu\/product\/gold-anodized-aluminum-phone-holder\/","title":{"rendered":"Arany elox\u00e1lt alum\u00ednium telefontart\u00f3"},"content":{"rendered":"<h2>Term\u00e9kek r\u00e9szletei<\/h2>\n<div class=\"product-table\">\n<div class=\"row\">\n<div class=\"cell label\">szerkezet<\/div>\n<div class=\"cell value\">Egyoldali konzol<\/div>\n<\/div>\n<div class=\"row\">\n<div class=\"cell label\">szabv\u00e1nyos vagy nem szabv\u00e1nyos<\/div>\n<div class=\"cell value\">Standard<\/div>\n<\/div>\n<div class=\"row\">\n<div class=\"cell label\">Term\u00e9k neve<\/div>\n<div class=\"cell value\">Alum\u00ednium Cell Mobile Phone Table Stand Holder vagy Tablet Bracket<\/div>\n<\/div>\n<div class=\"row\">\n<div class=\"cell label\">T\u00e9tel<\/div>\n<div class=\"cell value\">f\u00e9m telefontart\u00f3<\/div>\n<\/div>\n<div class=\"row\">\n<div class=\"cell label\">M\u00e9ret<\/div>\n<div class=\"cell value\">\u00dcgyf\u00e9l ig\u00e9nye<\/div>\n<\/div>\n<div class=\"row\">\n<div class=\"cell label\">Tan\u00fas\u00edtv\u00e1ny<\/div>\n<div class=\"cell value\">ISO9001:2008<\/div>\n<\/div>\n<div class=\"row\">\n<div class=\"cell label\">Technol\u00f3gia<\/div>\n<div class=\"cell value\">13 \u00e9v tapasztalat<\/div>\n<\/div>\n<div class=\"row\">\n<div class=\"cell label\">Szolg\u00e1ltat\u00e1s<\/div>\n<div class=\"cell value\">Testreszabott OEM<\/div>\n<\/div>\n<div class=\"row\">\n<div class=\"cell label\">Anyag<\/div>\n<div class=\"cell value\">alum\u00ednium<\/div>\n<\/div>\n<div class=\"row\">\n<div class=\"cell label\">Befejez\u00e9s<\/div>\n<div class=\"cell value\">elox\u00e1lt<\/div>\n<\/div>\n<div class=\"row\">\n<div class=\"cell label\">Folyamat<\/div>\n<div class=\"cell value\">b\u00e9lyegz\u00e9s<\/div>\n<\/div>\n<div class=\"row\">\n<div class=\"cell label\">Tan\u00fas\u00edt\u00e1s<\/div>\n<div class=\"cell value\">ISO9001<\/div>\n<\/div>\n<div class=\"row\">\n<div class=\"cell label\">Csomagol\u00e1s r\u00e9szletei<\/div>\n<div class=\"cell value\">Gy\u00e1ri k\u00f6zvetlen \u00e9rt\u00e9kes\u00edt\u00e9s f\u00e9m b\u00e9lyegz\u00e9s elox\u00e1lt alum\u00ednium Cell Mobile Phone Table Stand tart\u00f3 vagy Tablet Bracket<\/div>\n<\/div>\n<div class=\"row\">\n<div class=\"cell label\">Kik\u00fcld\u0151 kik\u00f6t\u0151<\/div>\n<div class=\"cell value\">xiamen<\/div>\n<\/div>\n<div class=\"row\">\n<div class=\"cell label\">Elad\u00f3 egys\u00e9gek<\/div>\n<div class=\"cell value\">Egyetlen t\u00e9tel<\/div>\n<\/div>\n<div class=\"row\">\n<div class=\"cell label\">Egyetlen csomagm\u00e9ret<\/div>\n<div class=\"cell value\">12X11X8 cm<\/div>\n<\/div>\n<div class=\"row\">\n<div class=\"cell label\">Egyetlen brutt\u00f3 t\u00f6meg<\/div>\n<div class=\"cell value\">0,080 KG<\/div>\n<\/div>\n<div class=\"row\">\n<div class=\"cell label\">Ell\u00e1t\u00e1si k\u00e9pess\u00e9g<\/div>\n<div class=\"cell value\">100000 darab havonta<\/div>\n<\/div>\n<\/div>\n<p><\/p>\n<h2>Gy\u00e1rt\u00f3 b\u00e1zisunk<\/h2>\n<h3>Gy\u00e1ri panor\u00e1ma<\/h3>\n<p><img decoding=\"async\" src=\"\/wp-content\/uploads\/factory-01.webp\"\/><\/p>\n<h3>Alum\u00ednium r\u00fadgy\u00e1rt\u00f3 m\u0171hely<\/h3>\n<p><img decoding=\"async\" src=\"\/wp-content\/uploads\/factory-02.webp\"\/><\/p>\n<p><img decoding=\"async\" src=\"\/wp-content\/uploads\/factory-03.webp\"\/><\/p>\n<h3>Pen\u00e9sz rakt\u00e1r<\/h3>\n<p><img decoding=\"async\" src=\"\/wp-content\/uploads\/factory-04.webp\"\/><\/p>\n<h3>43 alum\u00ednium extrud\u00e1l\u00f3 vonal (500-5500 tonna)<\/h3>\n<p><img decoding=\"async\" src=\"\/wp-content\/uploads\/factory-05.webp\"\/><\/p>\n<p><img decoding=\"async\" src=\"\/wp-content\/uploads\/factory-06.webp\"\/><\/p>\n<p><img decoding=\"async\" src=\"\/wp-content\/uploads\/factory-07.webp\"\/><\/p>\n<h3>Porfest\u0151 m\u0171hely<\/h3>\n<p><img decoding=\"async\" src=\"\/wp-content\/uploads\/factory-09.webp\"\/><\/p>\n<h3>Anodiz\u00e1l\u00f3 m\u0171hely<\/h3>\n<p><img decoding=\"async\" src=\"\/wp-content\/uploads\/factory-10.webp\"\/><\/p>\n<h3>M\u00e9ly feldolgoz\u00e1si m\u0171hely<\/h3>\n<p><img decoding=\"async\" src=\"\/wp-content\/uploads\/factory-11.webp\"\/><\/p>\n<h3>CNC prec\u00edzi\u00f3s megmunk\u00e1l\u00f3 m\u0171hely<\/h3>\n<p><img decoding=\"async\" src=\"\/wp-content\/uploads\/factory-11.5.webp\"\/><\/p>\n<h3>K\u00e9szterm\u00e9k \u00e9s export rakt\u00e1r<\/h3>\n<p><img decoding=\"async\" src=\"\/wp-content\/uploads\/factory-12.webp\"\/><\/p>\n<p><img decoding=\"async\" src=\"\/wp-content\/uploads\/factory-13.webp\"\/><\/p>\n<p><img decoding=\"async\" src=\"\/wp-content\/uploads\/factory-14.webp\"\/><\/p>\n<h2>GYIK<\/h2>\n<p><strong>1. Az arany elox\u00e1lt alum\u00ednium telefontart\u00f3 \u00e1ll\u00edthat\u00f3?<\/strong><br \/>Igen, \u00e1ll\u00edthat\u00f3 sz\u00f6ggel rendelkezik a legjobb n\u00e9z\u00e9si poz\u00edci\u00f3 el\u00e9r\u00e9se \u00e9rdek\u00e9ben.<\/p>\n<p><strong>2. Milyen telefonok kompatibilisek ezzel a tart\u00f3val?<\/strong><br \/>A tart\u00f3t \u00fagy tervezt\u00e9k, hogy a legt\u00f6bb okostelefon modell befogad\u00e1s\u00e1ra alkalmas legyen.<\/p>\n<p><strong>3. K\u00f6nnyen cs\u00faszik a telefontart\u00f3 a fel\u00fcleteken?<\/strong><br \/>Nem, a k\u00fcl\u00f6nb\u00f6z\u0151 fel\u00fcleteken val\u00f3 stabilit\u00e1s \u00e9rdek\u00e9ben cs\u00fasz\u00e1smentes talppal rendelkezik.<\/p>\n<p><strong>4. Haszn\u00e1lhat\u00f3 a telefontart\u00f3 f\u00fcgg\u0151leges \u00e9s \u00e1ll\u00f3 helyzetben is?<\/strong><br \/>Igen, t\u00e1mogatja a portr\u00e9- \u00e9s a t\u00e1jk\u00e9pi t\u00e1jol\u00e1st is.<\/p>\n<p><strong>5. Tart\u00f3s az arany elox\u00e1lt alum\u00ednium telefontart\u00f3?<\/strong><br \/>Igen, robusztus, aranysz\u00edn\u0171re elox\u00e1lt alum\u00edniumb\u00f3l k\u00e9sz\u00fclt a hosszabb haszn\u00e1lat \u00e9rdek\u00e9ben.<\/p>\n<p><strong>6. A tart\u00f3 karcol\u00e1sokat hagy a telefonon?<\/strong><br \/>Nem, a telefon karcol\u00e1sainak elker\u00fcl\u00e9se \u00e9rdek\u00e9ben v\u00e9d\u0151bet\u00e9ttel van ell\u00e1tva.<\/p>\n<p><strong>7. Haszn\u00e1lhatom a telefontart\u00f3t a telefonom t\u00f6lt\u00e9se k\u00f6zben?<\/strong><br \/>Igen, \u00fagy tervezt\u00e9k, hogy k\u00f6nnyen hozz\u00e1f\u00e9rjen a t\u00f6lt\u0151portokhoz.<\/p>\n<p><\/p>","protected":false},"featured_media":10864,"template":"","categories":[68],"class_list":["post-10897","product","type-product","status-publish","has-post-thumbnail","hentry","category-cnc-machining-aluminum-profile"],"meta_box":{"hilight_text_group":[{"product_hilight_text":"<li>Constructed from durable gold anodized aluminum for long-lasting use<\/li>\n<li>Stylish design that complements any workspace or environment<\/li>\n<li>Adjustable angle to provide the best viewing experience<\/li>\n<li>Non-slip base to ensure the phone holder stays securely in place<\/li>\n<li>Compatible with a wide range of smartphone models<\/li>"}],"feature_list":[]},"_links":{"self":[{"href":"https:\/\/sinoextrud.com\/hu\/wp-json\/wp\/v2\/product\/10897","targetHints":{"allow":["GET"]}}],"collection":[{"href":"https:\/\/sinoextrud.com\/hu\/wp-json\/wp\/v2\/product"}],"about":[{"href":"https:\/\/sinoextrud.com\/hu\/wp-json\/wp\/v2\/types\/product"}],"wp:featuredmedia":[{"embeddable":true,"href":"https:\/\/sinoextrud.com\/hu\/wp-json\/wp\/v2\/media\/10864"}],"wp:attachment":[{"href":"https:\/\/sinoextrud.com\/hu\/wp-json\/wp\/v2\/media?parent=10897"}],"wp:term":[{"taxonomy":"category","embeddable":true,"href":"https:\/\/sinoextrud.com\/hu\/wp-json\/wp\/v2\/categories?post=10897"}],"curies":[{"name":"wp","href":"https:\/\/api.w.org\/{rel}","templated":true}]}}