{"id":10895,"date":"2025-08-01T03:11:51","date_gmt":"2025-08-01T03:11:51","guid":{"rendered":"https:\/\/sinoextrud.com\/product\/led-aluminum-radiator-for-lighting-fixtures\/"},"modified":"2025-08-01T03:11:51","modified_gmt":"2025-08-01T03:11:51","slug":"led-aluminium-radiator-vilagitotestekhez","status":"publish","type":"product","link":"https:\/\/sinoextrud.com\/hu\/product\/led-aluminum-radiator-for-lighting-fixtures\/","title":{"rendered":"LED alum\u00ednium radi\u00e1tor vil\u00e1g\u00edt\u00f3testekhez"},"content":{"rendered":"<h2>Term\u00e9kek r\u00e9szletei<\/h2>\n<div class=\"product-table\">\n<div class=\"row\">\n<div class=\"cell label\">Anyagi k\u00e9pess\u00e9gek<\/div>\n<div class=\"cell value\">Alum\u00ednium, s\u00e1rgar\u00e9z, bronz, r\u00e9z, edzett f\u00e9mek, nemesf\u00e9mek, rozsdamentes ac\u00e9l, ac\u00e9l\u00f6tv\u00f6zetek, r\u00e9z<\/div>\n<\/div>\n<div class=\"row\">\n<div class=\"cell label\">T\u00edpus<\/div>\n<div class=\"cell value\">F\u00far\u00e1s, F\u00far\u00e1s, L\u00e9zermegmunk\u00e1l\u00e1s, L\u00e9zermegmunk\u00e1l\u00e1s, L\u00e9zeres megmunk\u00e1l\u00e1s, Mar\u00e1s, Egy\u00e9b megmunk\u00e1l\u00e1si szolg\u00e1ltat\u00e1sok, Eszterg\u00e1l\u00e1s, Hegeszt\u00e9s \/ k\u00e9miai megmunk\u00e1l\u00e1s, Gyors protot\u00edpusgy\u00e1rt\u00e1s, R\u00e9zs\u00fatol\u00e1s<\/div>\n<\/div>\n<div class=\"row\">\n<div class=\"cell label\">Mikromegmunk\u00e1l\u00e1s vagy sem<\/div>\n<div class=\"cell value\">Mikro megmunk\u00e1l\u00e1s<\/div>\n<\/div>\n<div class=\"row\">\n<div class=\"cell label\">Anyag<\/div>\n<div class=\"cell value\">Alum\u00ednium \u00f6tv\u00f6zet<\/div>\n<\/div>\n<div class=\"row\">\n<div class=\"cell label\">Folyamat<\/div>\n<div class=\"cell value\">CNC megmunk\u00e1l\u00e1s<\/div>\n<\/div>\n<div class=\"row\">\n<div class=\"cell label\">Fel\u00fcletkezel\u00e9s<\/div>\n<div class=\"cell value\">Sz\u00ednes elox\u00e1l\u00e1s, porbevonat<\/div>\n<\/div>\n<div class=\"row\">\n<div class=\"cell label\">Tolerancia<\/div>\n<div class=\"cell value\">0.01-0.05mm<\/div>\n<\/div>\n<div class=\"row\">\n<div class=\"cell label\">Alkalmaz\u00e1s<\/div>\n<div class=\"cell value\">Elektronikus\/vil\u00e1g\u00edt\u00e1si\/termikus megold\u00e1s<\/div>\n<\/div>\n<div class=\"row\">\n<div class=\"cell label\">Rajzol\u00e1si form\u00e1tum<\/div>\n<div class=\"cell value\">2D\/(PDF\/CAD)3D(IGES\/STEP)<\/div>\n<\/div>\n<div class=\"row\">\n<div class=\"cell label\">Sz\u00ednes<\/div>\n<div class=\"cell value\">Testreszabott<\/div>\n<\/div>\n<div class=\"row\">\n<div class=\"cell label\">Csomagol\u00e1s<\/div>\n<div class=\"cell value\">Testreszabott<\/div>\n<\/div>\n<div class=\"row\">\n<div class=\"cell label\">Szolg\u00e1ltat\u00e1s<\/div>\n<div class=\"cell value\">Testreszabott OEM<\/div>\n<\/div>\n<div class=\"row\">\n<div class=\"cell label\">MOQ<\/div>\n<div class=\"cell value\">1db<\/div>\n<\/div>\n<div class=\"row\">\n<div class=\"cell label\">Elad\u00f3 egys\u00e9gek<\/div>\n<div class=\"cell value\">Egyetlen t\u00e9tel<\/div>\n<\/div>\n<div class=\"row\">\n<div class=\"cell label\">Egyetlen csomagm\u00e9ret<\/div>\n<div class=\"cell value\">60X4536X45 cm<\/div>\n<\/div>\n<div class=\"row\">\n<div class=\"cell label\">Egyetlen brutt\u00f3 t\u00f6meg<\/div>\n<div class=\"cell value\">6.000 KG<\/div>\n<\/div>\n<\/div>\n<p><\/p>\n<h2>Gy\u00e1rt\u00f3 b\u00e1zisunk<\/h2>\n<h3>Gy\u00e1ri panor\u00e1ma<\/h3>\n<p><img decoding=\"async\" src=\"\/wp-content\/uploads\/factory-01.webp\"\/><\/p>\n<h3>Alum\u00ednium r\u00fadgy\u00e1rt\u00f3 m\u0171hely<\/h3>\n<p><img decoding=\"async\" src=\"\/wp-content\/uploads\/factory-02.webp\"\/><\/p>\n<p><img decoding=\"async\" src=\"\/wp-content\/uploads\/factory-03.webp\"\/><\/p>\n<h3>Pen\u00e9sz rakt\u00e1r<\/h3>\n<p><img decoding=\"async\" src=\"\/wp-content\/uploads\/factory-04.webp\"\/><\/p>\n<h3>43 alum\u00ednium extrud\u00e1l\u00f3 vonal (500-5500 tonna)<\/h3>\n<p><img decoding=\"async\" src=\"\/wp-content\/uploads\/factory-05.webp\"\/><\/p>\n<p><img decoding=\"async\" src=\"\/wp-content\/uploads\/factory-06.webp\"\/><\/p>\n<p><img decoding=\"async\" src=\"\/wp-content\/uploads\/factory-07.webp\"\/><\/p>\n<h3>Porfest\u0151 m\u0171hely<\/h3>\n<p><img decoding=\"async\" src=\"\/wp-content\/uploads\/factory-09.webp\"\/><\/p>\n<h3>Anodiz\u00e1l\u00f3 m\u0171hely<\/h3>\n<p><img decoding=\"async\" src=\"\/wp-content\/uploads\/factory-10.webp\"\/><\/p>\n<h3>M\u00e9ly feldolgoz\u00e1si m\u0171hely<\/h3>\n<p><img decoding=\"async\" src=\"\/wp-content\/uploads\/factory-11.webp\"\/><\/p>\n<h3>CNC prec\u00edzi\u00f3s megmunk\u00e1l\u00f3 m\u0171hely<\/h3>\n<p><img decoding=\"async\" src=\"\/wp-content\/uploads\/factory-11.5.webp\"\/><\/p>\n<h3>K\u00e9szterm\u00e9k \u00e9s export rakt\u00e1r<\/h3>\n<p><img decoding=\"async\" src=\"\/wp-content\/uploads\/factory-12.webp\"\/><\/p>\n<p><img decoding=\"async\" src=\"\/wp-content\/uploads\/factory-13.webp\"\/><\/p>\n<p><img decoding=\"async\" src=\"\/wp-content\/uploads\/factory-14.webp\"\/><\/p>\n<h2>GYIK<\/h2>\n<p><strong>1. Milyen el\u0151ny\u00f6kkel j\u00e1r az alum\u00ednium radi\u00e1tor haszn\u00e1lata a LED-hez?<\/strong><br \/>Az alum\u00ednium hat\u00e9kony h\u0151elvezet\u00e9st biztos\u00edt, fokozva a LED teljes\u00edtm\u00e9ny\u00e9t \u00e9s \u00e9lettartam\u00e1t.<\/p>\n<p><strong>2. A Led alum\u00ednium radi\u00e1tor testre szabhat\u00f3 az adott alkalmaz\u00e1sokhoz?<\/strong><br \/>Igen, m\u00e9ret, kivitel \u00e9s kialak\u00edt\u00e1s tekintet\u00e9ben testre szabhat\u00f3, hogy megfeleljen az adott projekt ig\u00e9nyeinek.<\/p>\n<p><strong>3. T\u00e1mogatja a radi\u00e1tor a k\u00fcl\u00f6nb\u00f6z\u0151 t\u00edpus\u00fa LED-rendszereket?<\/strong><br \/>Igen, LED-es alum\u00ednium radi\u00e1toraink kompatibilisek a k\u00fcl\u00f6nb\u00f6z\u0151 LED-konfigur\u00e1ci\u00f3kkal.<\/p>\n<p><strong>4. Ez a radi\u00e1tor ellen\u00e1ll a rozsd\u00e1nak \u00e9s a korr\u00f3zi\u00f3nak?<\/strong><br \/>Az alum\u00edniumszerkezet korr\u00f3zi\u00f3\u00e1ll\u00f3 a hossz\u00fa t\u00e1v\u00fa haszn\u00e1lat \u00e9rdek\u00e9ben.<\/p>\n<p><strong>5. Mennyi az \u00e1tfut\u00e1si id\u0151 a Led alum\u00ednium radi\u00e1torok t\u00f6meges megrendel\u00e9seihez?<\/strong><br \/>Az \u00e1tfut\u00e1si id\u0151 v\u00e1ltoz\u00f3, jellemz\u0151en 4-6 h\u00e9t, a megrendel\u00e9s m\u00e9ret\u00e9t\u0151l f\u00fcgg\u0151en.<\/p>\n<p><strong>6. Adnak-e mint\u00e1kat tesztel\u00e9sre, miel\u0151tt t\u00f6meges megrendel\u00e9st adn\u00e1nak le?<\/strong><br \/>Igen, a kompatibilit\u00e1s \u00e9s az el\u00e9gedetts\u00e9g biztos\u00edt\u00e1sa \u00e9rdek\u00e9ben tesztel\u00e9sre rendelkez\u00e9sre \u00e1llnak mintaegys\u00e9gek.<\/p>\n<p><strong>7. Megfelel-e a radi\u00e1tor kialak\u00edt\u00e1sa a nemzetk\u00f6zi szabv\u00e1nyoknak?<\/strong><br \/>Igen, tervez\u00e9seink megfelelnek a nemzetk\u00f6zi h\u0151kezel\u00e9si \u00e9s biztons\u00e1gi szabv\u00e1nyoknak, \u00e9s gyakran meg is haladj\u00e1k azokat.<\/p>\n<p><\/p>","protected":false},"featured_media":10865,"template":"","categories":[72],"class_list":["post-10895","product","type-product","status-publish","has-post-thumbnail","hentry","category-extruded-aluminum-heatsink"],"meta_box":{"hilight_text_group":[{"product_hilight_text":"<li>Efficient heat dissipation for extended LED lifespan<\/li>\n<li>Lightweight yet durable aluminum construction<\/li>\n<li>Customizable dimensions and finishes for various applications<\/li>\n<li>Compatible with a wide range of LED systems<\/li>\n<li>Corrosion-resistant for enhanced longevity<\/li>"}],"feature_list":[]},"_links":{"self":[{"href":"https:\/\/sinoextrud.com\/hu\/wp-json\/wp\/v2\/product\/10895","targetHints":{"allow":["GET"]}}],"collection":[{"href":"https:\/\/sinoextrud.com\/hu\/wp-json\/wp\/v2\/product"}],"about":[{"href":"https:\/\/sinoextrud.com\/hu\/wp-json\/wp\/v2\/types\/product"}],"wp:featuredmedia":[{"embeddable":true,"href":"https:\/\/sinoextrud.com\/hu\/wp-json\/wp\/v2\/media\/10865"}],"wp:attachment":[{"href":"https:\/\/sinoextrud.com\/hu\/wp-json\/wp\/v2\/media?parent=10895"}],"wp:term":[{"taxonomy":"category","embeddable":true,"href":"https:\/\/sinoextrud.com\/hu\/wp-json\/wp\/v2\/categories?post=10895"}],"curies":[{"name":"wp","href":"https:\/\/api.w.org\/{rel}","templated":true}]}}