{"id":10894,"date":"2025-08-01T03:11:48","date_gmt":"2025-08-01T03:11:48","guid":{"rendered":"https:\/\/sinoextrud.com\/product\/aluminium-profile-heatsink-for-custom-enclosures\/"},"modified":"2025-08-01T03:11:48","modified_gmt":"2025-08-01T03:11:48","slug":"aluminium-profil-hutoborda-egyedi-szekrenyekhez","status":"publish","type":"product","link":"https:\/\/sinoextrud.com\/hu\/product\/aluminium-profile-heatsink-for-custom-enclosures\/","title":{"rendered":"Alum\u00ednium profil h\u0171t\u0151borda egyedi szekr\u00e9nyekhez"},"content":{"rendered":"<h2>Term\u00e9kek r\u00e9szletei<\/h2>\n<div class=\"product-table\">\n<div class=\"row\">\n<div class=\"cell label\">Fokozat<\/div>\n<div class=\"cell value\">6000-es sorozat<\/div>\n<\/div>\n<div class=\"row\">\n<div class=\"cell label\">Tolerancia<\/div>\n<div class=\"cell value\">\u00c2\u00b11%<\/div>\n<\/div>\n<div class=\"row\">\n<div class=\"cell label\">Sz\u00e1ll\u00edt\u00e1si id\u0151<\/div>\n<div class=\"cell value\">22-30 nap<\/div>\n<\/div>\n<div class=\"row\">\n<div class=\"cell label\">Temper<\/div>\n<div class=\"cell value\">T3-T8<\/div>\n<\/div>\n<div class=\"row\">\n<div class=\"cell label\">Alkalmaz\u00e1s<\/div>\n<div class=\"cell value\">led\/elektronika\/elektronikus\/processzor\/ipar<\/div>\n<\/div>\n<div class=\"row\">\n<div class=\"cell label\">Shape<\/div>\n<div class=\"cell value\">egy\u00e9ni<\/div>\n<\/div>\n<div class=\"row\">\n<div class=\"cell label\">\u00d6tv\u00f6zet vagy sem<\/div>\n<div class=\"cell value\">Az \u00f6tv\u00f6zet<\/div>\n<\/div>\n<div class=\"row\">\n<div class=\"cell label\">Feldolgoz\u00f3 szolg\u00e1ltat\u00e1s<\/div>\n<div class=\"cell value\">Hajl\u00edt\u00e1s, tekercsel\u00e9s, hegeszt\u00e9s, lyukaszt\u00e1s, v\u00e1g\u00e1s<\/div>\n<\/div>\n<div class=\"row\">\n<div class=\"cell label\">Term\u00e9k neve<\/div>\n<div class=\"cell value\">Egyedi alum\u00ednium h\u0171t\u0151borda<\/div>\n<\/div>\n<div class=\"row\">\n<div class=\"cell label\">Anyag<\/div>\n<div class=\"cell value\">6063 6061 6005 Alum\u00ednium \u00f6tv\u00f6zet<\/div>\n<\/div>\n<div class=\"row\">\n<div class=\"cell label\">Sz\u00ednes<\/div>\n<div class=\"cell value\">Ez\u00fcst, fekete, arany fekete \u00e9s \u00edgy tov\u00e1bb<\/div>\n<\/div>\n<div class=\"row\">\n<div class=\"cell label\">Fel\u00fcletkezel\u00e9s<\/div>\n<div class=\"cell value\">Mill Finish, elox\u00e1l\u00e1s, porbevonat<\/div>\n<\/div>\n<div class=\"row\">\n<div class=\"cell label\">Tan\u00fas\u00edt\u00e1s<\/div>\n<div class=\"cell value\">ISO9001:2008<\/div>\n<\/div>\n<div class=\"row\">\n<div class=\"cell label\">shape<\/div>\n<div class=\"cell value\">Testreszabott<\/div>\n<\/div>\n<div class=\"row\">\n<div class=\"cell label\">Haszn\u00e1lat<\/div>\n<div class=\"cell value\">Led\/elektronika\/elektronikus\/processzor\/ipar<\/div>\n<\/div>\n<div class=\"row\">\n<div class=\"cell label\">Minta<\/div>\n<div class=\"cell value\">Ingyenes minta<\/div>\n<\/div>\n<div class=\"row\">\n<div class=\"cell label\">Hossz\u00fas\u00e1g<\/div>\n<div class=\"cell value\">Egy\u00e9ni hossz<\/div>\n<\/div>\n<div class=\"row\">\n<div class=\"cell label\">Szolg\u00e1ltat\u00e1s<\/div>\n<div class=\"cell value\">OEM ODM<\/div>\n<\/div>\n<div class=\"row\">\n<div class=\"cell label\">Elad\u00f3 egys\u00e9gek<\/div>\n<div class=\"cell value\">Egyetlen t\u00e9tel<\/div>\n<\/div>\n<div class=\"row\">\n<div class=\"cell label\">Egyetlen csomagm\u00e9ret<\/div>\n<div class=\"cell value\">30X20X20 cm<\/div>\n<\/div>\n<div class=\"row\">\n<div class=\"cell label\">Egyetlen brutt\u00f3 t\u00f6meg<\/div>\n<div class=\"cell value\">3.000 KG<\/div>\n<\/div>\n<\/div>\n<p><\/p>\n<h2>Gy\u00e1rt\u00f3 b\u00e1zisunk<\/h2>\n<h3>Gy\u00e1ri panor\u00e1ma<\/h3>\n<p><img decoding=\"async\" src=\"\/wp-content\/uploads\/factory-01.webp\"\/><\/p>\n<h3>Alum\u00ednium r\u00fadgy\u00e1rt\u00f3 m\u0171hely<\/h3>\n<p><img decoding=\"async\" src=\"\/wp-content\/uploads\/factory-02.webp\"\/><\/p>\n<p><img decoding=\"async\" src=\"\/wp-content\/uploads\/factory-03.webp\"\/><\/p>\n<h3>Pen\u00e9sz rakt\u00e1r<\/h3>\n<p><img decoding=\"async\" src=\"\/wp-content\/uploads\/factory-04.webp\"\/><\/p>\n<h3>43 alum\u00ednium extrud\u00e1l\u00f3 vonal (500-5500 tonna)<\/h3>\n<p><img decoding=\"async\" src=\"\/wp-content\/uploads\/factory-05.webp\"\/><\/p>\n<p><img decoding=\"async\" src=\"\/wp-content\/uploads\/factory-06.webp\"\/><\/p>\n<p><img decoding=\"async\" src=\"\/wp-content\/uploads\/factory-07.webp\"\/><\/p>\n<h3>Porfest\u0151 m\u0171hely<\/h3>\n<p><img decoding=\"async\" src=\"\/wp-content\/uploads\/factory-09.webp\"\/><\/p>\n<h3>Anodiz\u00e1l\u00f3 m\u0171hely<\/h3>\n<p><img decoding=\"async\" src=\"\/wp-content\/uploads\/factory-10.webp\"\/><\/p>\n<h3>M\u00e9ly feldolgoz\u00e1si m\u0171hely<\/h3>\n<p><img decoding=\"async\" src=\"\/wp-content\/uploads\/factory-11.webp\"\/><\/p>\n<h3>CNC prec\u00edzi\u00f3s megmunk\u00e1l\u00f3 m\u0171hely<\/h3>\n<p><img decoding=\"async\" src=\"\/wp-content\/uploads\/factory-11.5.webp\"\/><\/p>\n<h3>K\u00e9szterm\u00e9k \u00e9s export rakt\u00e1r<\/h3>\n<p><img decoding=\"async\" src=\"\/wp-content\/uploads\/factory-12.webp\"\/><\/p>\n<p><img decoding=\"async\" src=\"\/wp-content\/uploads\/factory-13.webp\"\/><\/p>\n<p><img decoding=\"async\" src=\"\/wp-content\/uploads\/factory-14.webp\"\/><\/p>\n<h2>GYIK<\/h2>\n<p><strong>1. Milyen anyagokat haszn\u00e1lnak az alum\u00ednium profilos h\u0171t\u0151bord\u00e1ban?<\/strong><br \/>A h\u0171t\u0151bord\u00e1k els\u0151sorban kiv\u00e1l\u00f3 min\u0151s\u00e9g\u0171 alum\u00edniumb\u00f3l k\u00e9sz\u00fclnek, amely kiv\u00e1l\u00f3 h\u0151vezet\u0151 \u00e9s k\u00f6nny\u0171 tulajdons\u00e1gair\u00f3l ismert.<\/p>\n<p><strong>2. Az alum\u00ednium profilos h\u0171t\u0151bord\u00e1t lehet-e egyedi ig\u00e9nyekre szabni?<\/strong><br \/>Igen, testreszab\u00e1si lehet\u0151s\u00e9geket biztos\u00edtunk a m\u00e9retek, form\u00e1k \u00e9s fel\u00fcletek tekintet\u00e9ben.<\/p>\n<p><strong>3. Alkalmas-e az alum\u00ednium profil\u00fa h\u0171t\u0151borda nagy teljes\u00edtm\u00e9ny\u0171 alkalmaz\u00e1sokhoz?<\/strong><br \/>Igen, hat\u00e9kony h\u0151kezel\u00e9se miatt ide\u00e1lis sz\u00e1mos nagy teljes\u00edtm\u00e9ny\u0171 elektronikus eszk\u00f6zh\u00f6z.<\/p>\n<p><strong>4. Az alum\u00ednium profil\u00fa h\u0171t\u0151borda t\u00e1mogatja a m\u00e1rkajelz\u00e9st?<\/strong><br \/>M\u00e1rka\u00e9p\u00edt\u00e9si lehet\u0151s\u00e9gek \u00e1llnak rendelkez\u00e9sre; a t\u00f6meges megrendel\u00e9sekhez log\u00f3kat \u00e9s egyedi mint\u00e1kat is mell\u00e9kelhet.<\/p>\n<p><strong>5. Vannak minim\u00e1lis rendel\u00e9si k\u00f6vetelm\u00e9nyek az egyedi h\u0171t\u0151bord\u00e1khoz?<\/strong><br \/>A MOQ a specifik\u00e1ci\u00f3t\u00f3l f\u00fcgg, de \u00e1ltal\u00e1ban 100 darabn\u00e1l kezd\u0151dik az egyedi megrendel\u00e9sekn\u00e9l.<\/p>\n<p><strong>6. Az alum\u00ednium profil\u00fa h\u0171t\u0151borda k\u00f6rnyezetbar\u00e1t?<\/strong><br \/>Igen, \u00fajrahasznos\u00edthat\u00f3 anyagokb\u00f3l k\u00e9sz\u00fclt, t\u00e1mogatva a fenntarthat\u00f3 gyakorlatokat.<\/p>\n<p><strong>7. Seg\u00edts\u00e9get ny\u00fajtanak az alum\u00ednium profilos h\u0171t\u0151bord\u00e1k nemzetk\u00f6zi sz\u00e1ll\u00edt\u00e1s\u00e1ban?<\/strong><br \/>Igen, glob\u00e1lis sz\u00e1ll\u00edt\u00e1si megold\u00e1sokat k\u00edn\u00e1lunk, \u00e9s kezelj\u00fck az \u00f6sszes sz\u00fcks\u00e9ges exportdokument\u00e1ci\u00f3t.<\/p>\n<p><\/p>","protected":false},"featured_media":10736,"template":"","categories":[72],"class_list":["post-10894","product","type-product","status-publish","has-post-thumbnail","hentry","category-extruded-aluminum-heatsink"],"meta_box":{"hilight_text_group":[{"product_hilight_text":"<li>Efficient thermal management for electronic devices<\/li>\n<li>Lightweight and corrosion-resistant aluminium material<\/li>\n<li>Customizable dimensions to fit specific device requirements<\/li>\n<li>Supports OEM and ODM customization options<\/li>\n<li>Sustainable and recyclable material choice<\/li>"}],"feature_list":[]},"_links":{"self":[{"href":"https:\/\/sinoextrud.com\/hu\/wp-json\/wp\/v2\/product\/10894","targetHints":{"allow":["GET"]}}],"collection":[{"href":"https:\/\/sinoextrud.com\/hu\/wp-json\/wp\/v2\/product"}],"about":[{"href":"https:\/\/sinoextrud.com\/hu\/wp-json\/wp\/v2\/types\/product"}],"wp:featuredmedia":[{"embeddable":true,"href":"https:\/\/sinoextrud.com\/hu\/wp-json\/wp\/v2\/media\/10736"}],"wp:attachment":[{"href":"https:\/\/sinoextrud.com\/hu\/wp-json\/wp\/v2\/media?parent=10894"}],"wp:term":[{"taxonomy":"category","embeddable":true,"href":"https:\/\/sinoextrud.com\/hu\/wp-json\/wp\/v2\/categories?post=10894"}],"curies":[{"name":"wp","href":"https:\/\/api.w.org\/{rel}","templated":true}]}}