{"id":10892,"date":"2025-08-01T03:11:43","date_gmt":"2025-08-01T03:11:43","guid":{"rendered":"https:\/\/sinoextrud.com\/product\/aluminium-heat-sink-for-superconducting-applications\/"},"modified":"2025-08-01T03:11:43","modified_gmt":"2025-08-01T03:11:43","slug":"aluminium-hutoborda-szupravezeto-alkalmazasokhoz","status":"publish","type":"product","link":"https:\/\/sinoextrud.com\/hu\/product\/aluminium-heat-sink-for-superconducting-applications\/","title":{"rendered":"Alum\u00ednium h\u0171t\u0151borda szupravezet\u0151 alkalmaz\u00e1sokhoz"},"content":{"rendered":"<h2>Term\u00e9kek r\u00e9szletei<\/h2>\n<div class=\"product-table\">\n<div class=\"row\">\n<div class=\"cell label\">Fokozat<\/div>\n<div class=\"cell value\">6000-es sorozat<\/div>\n<\/div>\n<div class=\"row\">\n<div class=\"cell label\">Tolerancia<\/div>\n<div class=\"cell value\">\u00c2\u00b110%<\/div>\n<\/div>\n<div class=\"row\">\n<div class=\"cell label\">Sz\u00e1ll\u00edt\u00e1si id\u0151<\/div>\n<div class=\"cell value\">31-45 nap<\/div>\n<\/div>\n<div class=\"row\">\n<div class=\"cell label\">Temper<\/div>\n<div class=\"cell value\">T3-T8<\/div>\n<\/div>\n<div class=\"row\">\n<div class=\"cell label\">Alkalmaz\u00e1s<\/div>\n<div class=\"cell value\">H\u0151elnyel\u0151<\/div>\n<\/div>\n<div class=\"row\">\n<div class=\"cell label\">Shape<\/div>\n<div class=\"cell value\">lapos<\/div>\n<\/div>\n<div class=\"row\">\n<div class=\"cell label\">\u00d6tv\u00f6zet vagy sem<\/div>\n<div class=\"cell value\">Nem \u00f6tv\u00f6zet<\/div>\n<\/div>\n<div class=\"row\">\n<div class=\"cell label\">Feldolgoz\u00f3 szolg\u00e1ltat\u00e1s<\/div>\n<div class=\"cell value\">Hajl\u00edt\u00e1s, tekercsel\u00e9s, hegeszt\u00e9s, lyukaszt\u00e1s, v\u00e1g\u00e1s<\/div>\n<\/div>\n<div class=\"row\">\n<div class=\"cell label\">Term\u00e9k neve<\/div>\n<div class=\"cell value\">Testreszabott v\u00edzh\u0171t\u0151 lemez alum\u00ednium foly\u00e9kony hideg lemez<\/div>\n<\/div>\n<div class=\"row\">\n<div class=\"cell label\">Anyag<\/div>\n<div class=\"cell value\">6063 alum\u00ednium \u00f6tv\u00f6zet<\/div>\n<\/div>\n<div class=\"row\">\n<div class=\"cell label\">MOQ<\/div>\n<div class=\"cell value\">1db<\/div>\n<\/div>\n<div class=\"row\">\n<div class=\"cell label\">Haszn\u00e1lat<\/div>\n<div class=\"cell value\">v\u00edzh\u0171t\u00e9si rendszer<\/div>\n<\/div>\n<div class=\"row\">\n<div class=\"cell label\">Tan\u00fas\u00edt\u00e1s<\/div>\n<div class=\"cell value\">ISO 9001\/ROHS<\/div>\n<\/div>\n<div class=\"row\">\n<div class=\"cell label\">M\u00e9ret<\/div>\n<div class=\"cell value\">\u00dcgyfelek rajzai<\/div>\n<\/div>\n<div class=\"row\">\n<div class=\"cell label\">Kulcssz\u00f3<\/div>\n<div class=\"cell value\">h\u0171t\u00f6tt h\u0171t\u0151borda, v\u00edzh\u0171t\u0151 lemez, folyad\u00e9kh\u0171t\u0151 lemez, vizes blokk<\/div>\n<\/div>\n<div class=\"row\">\n<div class=\"cell label\">Csomag<\/div>\n<div class=\"cell value\">egyedi csomagol\u00e1s<\/div>\n<\/div>\n<div class=\"row\">\n<div class=\"cell label\">Sz\u00e1ll\u00edt\u00e1si id\u0151<\/div>\n<div class=\"cell value\">20-45 nap<\/div>\n<\/div>\n<div class=\"row\">\n<div class=\"cell label\">Gy\u00e1rt\u00e1s<\/div>\n<div class=\"cell value\">CNC megmunk\u00e1l\u00e1s stb.<\/div>\n<\/div>\n<div class=\"row\">\n<div class=\"cell label\">Elad\u00f3 egys\u00e9gek<\/div>\n<div class=\"cell value\">Egyetlen t\u00e9tel<\/div>\n<\/div>\n<div class=\"row\">\n<div class=\"cell label\">Egyetlen csomagm\u00e9ret<\/div>\n<div class=\"cell value\">35X30X2 cm<\/div>\n<\/div>\n<div class=\"row\">\n<div class=\"cell label\">Egyetlen brutt\u00f3 t\u00f6meg<\/div>\n<div class=\"cell value\">1.200 KG<\/div>\n<\/div>\n<\/div>\n<p><\/p>\n<h2>Gy\u00e1rt\u00f3 b\u00e1zisunk<\/h2>\n<h3>Gy\u00e1ri panor\u00e1ma<\/h3>\n<p><img decoding=\"async\" src=\"\/wp-content\/uploads\/factory-01.webp\"\/><\/p>\n<h3>Alum\u00ednium r\u00fadgy\u00e1rt\u00f3 m\u0171hely<\/h3>\n<p><img decoding=\"async\" src=\"\/wp-content\/uploads\/factory-02.webp\"\/><\/p>\n<p><img decoding=\"async\" src=\"\/wp-content\/uploads\/factory-03.webp\"\/><\/p>\n<h3>Pen\u00e9sz rakt\u00e1r<\/h3>\n<p><img decoding=\"async\" src=\"\/wp-content\/uploads\/factory-04.webp\"\/><\/p>\n<h3>43 alum\u00ednium extrud\u00e1l\u00f3 vonal (500-5500 tonna)<\/h3>\n<p><img decoding=\"async\" src=\"\/wp-content\/uploads\/factory-05.webp\"\/><\/p>\n<p><img decoding=\"async\" src=\"\/wp-content\/uploads\/factory-06.webp\"\/><\/p>\n<p><img decoding=\"async\" src=\"\/wp-content\/uploads\/factory-07.webp\"\/><\/p>\n<h3>Porfest\u0151 m\u0171hely<\/h3>\n<p><img decoding=\"async\" src=\"\/wp-content\/uploads\/factory-09.webp\"\/><\/p>\n<h3>Anodiz\u00e1l\u00f3 m\u0171hely<\/h3>\n<p><img decoding=\"async\" src=\"\/wp-content\/uploads\/factory-10.webp\"\/><\/p>\n<h3>M\u00e9ly feldolgoz\u00e1si m\u0171hely<\/h3>\n<p><img decoding=\"async\" src=\"\/wp-content\/uploads\/factory-11.webp\"\/><\/p>\n<h3>CNC prec\u00edzi\u00f3s megmunk\u00e1l\u00f3 m\u0171hely<\/h3>\n<p><img decoding=\"async\" src=\"\/wp-content\/uploads\/factory-11.5.webp\"\/><\/p>\n<h3>K\u00e9szterm\u00e9k \u00e9s export rakt\u00e1r<\/h3>\n<p><img decoding=\"async\" src=\"\/wp-content\/uploads\/factory-12.webp\"\/><\/p>\n<p><img decoding=\"async\" src=\"\/wp-content\/uploads\/factory-13.webp\"\/><\/p>\n<p><img decoding=\"async\" src=\"\/wp-content\/uploads\/factory-14.webp\"\/><\/p>\n<h2>GYIK<\/h2>\n<p><strong>1. Mi az alum\u00ednium h\u0171t\u0151bord\u00e1k els\u0151dleges funkci\u00f3ja?<\/strong><br \/>Els\u0151dleges feladata a szupravezet\u0151 alkalmaz\u00e1sokban a h\u0151 hat\u00e9kony elvezet\u00e9se.<\/p>\n<p><strong>2. Az alum\u00ednium h\u0171t\u0151bord\u00e1t testre lehet-e szabni az egyedi k\u00f6vetelm\u00e9nyekhez?<\/strong><br \/>Igen, testre szabhat\u00f3, hogy megfeleljen az adott m\u00e9ret- \u00e9s h\u0151technikai el\u0151\u00edr\u00e1soknak.<\/p>\n<p><strong>3. Alkalmas ez az alum\u00ednium h\u0171t\u0151borda minden t\u00edpus\u00fa szupravezet\u0151 rendszerhez?<\/strong><br \/>\u00c1tlagos h\u0151m\u00e9rs\u00e9klet\u0171 szupravezet\u0151 rendszerekhez tervezt\u00e9k, de testre szabhat\u00f3 m\u00e1s t\u00edpusokhoz is.<\/p>\n<p><strong>4. T\u00e1mogatja-e a megl\u00e9v\u0151 h\u0171t\u0151rendszerekkel val\u00f3 integr\u00e1ci\u00f3t?<\/strong><br \/>Igen, kompatibilis a k\u00fcl\u00f6nb\u00f6z\u0151 h\u0171t\u0151rendszerekkel \u00e9s folyad\u00e9kokkal a z\u00f6kken\u0151mentes integr\u00e1ci\u00f3 \u00e9rdek\u00e9ben.<\/p>\n<p><strong>5. Milyen anyagokat haszn\u00e1lnak az alum\u00ednium h\u0171t\u0151bord\u00e1ban?<\/strong><br \/>Kiv\u00e1l\u00f3 min\u0151s\u00e9g\u0171 alum\u00edniumb\u00f3l k\u00e9sz\u00fcl, amely kiv\u00e1l\u00f3 h\u0151vezet\u0151 k\u00e9pess\u00e9get \u00e9s korr\u00f3zi\u00f3\u00e1ll\u00f3s\u00e1got biztos\u00edt.<\/p>\n<p><strong>6. Hogyan j\u00e1rul hozz\u00e1 az alum\u00ednium h\u0171t\u0151borda a rendszer hat\u00e9konys\u00e1g\u00e1hoz?<\/strong><br \/>A h\u0151 hat\u00e9kony elvezet\u00e9s\u00e9vel n\u00f6veli a szupravezet\u0151 rendszerek \u00e1ltal\u00e1nos teljes\u00edtm\u00e9ny\u00e9t \u00e9s megb\u00edzhat\u00f3s\u00e1g\u00e1t.<\/p>\n<p><strong>7. Biztos\u00edtanak technikai t\u00e1mogat\u00e1st a telep\u00edt\u00e9shez?<\/strong><br \/>Igen, \u00e1tfog\u00f3 telep\u00edt\u00e9si \u00e9s m\u0171szaki t\u00e1mogat\u00e1s \u00e1ll minden \u00fcgyf\u00e9l rendelkez\u00e9s\u00e9re.<\/p>\n<p><\/p>","protected":false},"featured_media":10734,"template":"","categories":[72],"class_list":["post-10892","product","type-product","status-publish","has-post-thumbnail","hentry","category-extruded-aluminum-heatsink"],"meta_box":{"hilight_text_group":[{"product_hilight_text":"<li>Efficient thermal management for superconducting applications<\/li>\n<li>Customizable design to fit specific system requirements<\/li>\n<li>Lightweight construction for easy installation and handling<\/li>\n<li>Corrosion-resistant materials for long-term performance<\/li>\n<li>Compatible with various cooling fluids and systems<\/li>"}],"feature_list":[]},"_links":{"self":[{"href":"https:\/\/sinoextrud.com\/hu\/wp-json\/wp\/v2\/product\/10892","targetHints":{"allow":["GET"]}}],"collection":[{"href":"https:\/\/sinoextrud.com\/hu\/wp-json\/wp\/v2\/product"}],"about":[{"href":"https:\/\/sinoextrud.com\/hu\/wp-json\/wp\/v2\/types\/product"}],"wp:featuredmedia":[{"embeddable":true,"href":"https:\/\/sinoextrud.com\/hu\/wp-json\/wp\/v2\/media\/10734"}],"wp:attachment":[{"href":"https:\/\/sinoextrud.com\/hu\/wp-json\/wp\/v2\/media?parent=10892"}],"wp:term":[{"taxonomy":"category","embeddable":true,"href":"https:\/\/sinoextrud.com\/hu\/wp-json\/wp\/v2\/categories?post=10892"}],"curies":[{"name":"wp","href":"https:\/\/api.w.org\/{rel}","templated":true}]}}