{"id":10891,"date":"2025-08-01T03:11:41","date_gmt":"2025-08-01T03:11:41","guid":{"rendered":"https:\/\/sinoextrud.com\/product\/highly-quality-aluminum-heat-sink-for-devices\/"},"modified":"2025-08-01T03:11:41","modified_gmt":"2025-08-01T03:11:41","slug":"kivalo-minosegu-aluminium-hutoborda-eszkozokhoz","status":"publish","type":"product","link":"https:\/\/sinoextrud.com\/hu\/product\/highly-quality-aluminum-heat-sink-for-devices\/","title":{"rendered":"Kiv\u00e1l\u00f3 min\u0151s\u00e9g\u0171 alum\u00ednium h\u0171t\u0151bord\u00e1k k\u00e9sz\u00fcl\u00e9kekhez"},"content":{"rendered":"<h2>Term\u00e9kek r\u00e9szletei<\/h2>\n<div class=\"product-table\">\n<div class=\"row\">\n<div class=\"cell label\">Fokozat<\/div>\n<div class=\"cell value\">6000-es sorozat<\/div>\n<\/div>\n<div class=\"row\">\n<div class=\"cell label\">Tolerancia<\/div>\n<div class=\"cell value\">0.01mm<\/div>\n<\/div>\n<div class=\"row\">\n<div class=\"cell label\">Sz\u00e1ll\u00edt\u00e1si id\u0151<\/div>\n<div class=\"cell value\">7 napon bel\u00fcl<\/div>\n<\/div>\n<div class=\"row\">\n<div class=\"cell label\">Temper<\/div>\n<div class=\"cell value\">T3-T8<\/div>\n<\/div>\n<div class=\"row\">\n<div class=\"cell label\">Alkalmaz\u00e1s<\/div>\n<div class=\"cell value\">Aut\u00f3ipar, ipar, rep\u00fcl\u0151g\u00e9pipar<\/div>\n<\/div>\n<div class=\"row\">\n<div class=\"cell label\">Shape<\/div>\n<div class=\"cell value\">Testreszabott \u00e9s rakt\u00e1rk\u00e9szlet<\/div>\n<\/div>\n<div class=\"row\">\n<div class=\"cell label\">\u00d6tv\u00f6zet vagy sem<\/div>\n<div class=\"cell value\">Az \u00f6tv\u00f6zet<\/div>\n<\/div>\n<div class=\"row\">\n<div class=\"cell label\">Feldolgoz\u00f3 szolg\u00e1ltat\u00e1s<\/div>\n<div class=\"cell value\">Hajl\u00edt\u00e1s, hegeszt\u00e9s, lyukaszt\u00e1s, v\u00e1g\u00e1s<\/div>\n<\/div>\n<div class=\"row\">\n<div class=\"cell label\">Term\u00e9k neve<\/div>\n<div class=\"cell value\">Professzion\u00e1lis magas min\u0151s\u00e9g\u0171 alum\u00ednium \u00f6tv\u00f6zetb\u0151l k\u00e9sz\u00fclt h\u0171t\u0151borda<\/div>\n<\/div>\n<div class=\"row\">\n<div class=\"cell label\">M\u00e9ret<\/div>\n<div class=\"cell value\">az \u00fcgyf\u00e9l k\u00e9r\u00e9se<\/div>\n<\/div>\n<div class=\"row\">\n<div class=\"cell label\">Anyag<\/div>\n<div class=\"cell value\">alum\u00ednium \u00f6tv\u00f6zet, r\u00e9z<\/div>\n<\/div>\n<div class=\"row\">\n<div class=\"cell label\">Sz\u00ednes<\/div>\n<div class=\"cell value\">piros z\u00f6ld k\u00e9k k\u00e9k ez\u00fcst fekete \u00e9s \u00edgy tov\u00e1bb<\/div>\n<\/div>\n<div class=\"row\">\n<div class=\"cell label\">Befejez\u00e9s<\/div>\n<div class=\"cell value\">elox\u00e1l\u00e1s, homokf\u00fav\u00e1s, porfest\u00e9s, pol\u00edroz\u00e1s<\/div>\n<\/div>\n<div class=\"row\">\n<div class=\"cell label\">Folyamat<\/div>\n<div class=\"cell value\">B\u00e9lyegz\u00e9s, lyukaszt\u00e1s, hajl\u00edt\u00e1s, hegeszt\u00e9s<\/div>\n<\/div>\n<div class=\"row\">\n<div class=\"cell label\">Tolerancia<\/div>\n<div class=\"cell value\">0.01mm<\/div>\n<\/div>\n<div class=\"row\">\n<div class=\"cell label\">Extrud\u00e1l\u00f3 g\u00e9p<\/div>\n<div class=\"cell value\">600,800,1000,1800, 2250,2800,3000, 5500, 7500, 10000 tonna stb.<\/div>\n<\/div>\n<div class=\"row\">\n<div class=\"cell label\">Szolg\u00e1ltat\u00e1s<\/div>\n<div class=\"cell value\">ODM OEM<\/div>\n<\/div>\n<div class=\"row\">\n<div class=\"cell label\">Tan\u00fas\u00edt\u00e1s<\/div>\n<div class=\"cell value\">ISO 9001:2008<\/div>\n<\/div>\n<div class=\"row\">\n<div class=\"cell label\">Elad\u00f3 egys\u00e9gek<\/div>\n<div class=\"cell value\">Egyetlen t\u00e9tel<\/div>\n<\/div>\n<div class=\"row\">\n<div class=\"cell label\">Egyetlen csomagm\u00e9ret<\/div>\n<div class=\"cell value\">30X10X10 cm<\/div>\n<\/div>\n<div class=\"row\">\n<div class=\"cell label\">Egyetlen brutt\u00f3 t\u00f6meg<\/div>\n<div class=\"cell value\">2.000 KG<\/div>\n<\/div>\n<\/div>\n<p><\/p>\n<h2>Gy\u00e1rt\u00f3 b\u00e1zisunk<\/h2>\n<h3>Gy\u00e1ri panor\u00e1ma<\/h3>\n<p><img decoding=\"async\" src=\"\/wp-content\/uploads\/factory-01.webp\"\/><\/p>\n<h3>Alum\u00ednium r\u00fadgy\u00e1rt\u00f3 m\u0171hely<\/h3>\n<p><img decoding=\"async\" src=\"\/wp-content\/uploads\/factory-02.webp\"\/><\/p>\n<p><img decoding=\"async\" src=\"\/wp-content\/uploads\/factory-03.webp\"\/><\/p>\n<h3>Pen\u00e9sz rakt\u00e1r<\/h3>\n<p><img decoding=\"async\" src=\"\/wp-content\/uploads\/factory-04.webp\"\/><\/p>\n<h3>43 alum\u00ednium extrud\u00e1l\u00f3 vonal (500-5500 tonna)<\/h3>\n<p><img decoding=\"async\" src=\"\/wp-content\/uploads\/factory-05.webp\"\/><\/p>\n<p><img decoding=\"async\" src=\"\/wp-content\/uploads\/factory-06.webp\"\/><\/p>\n<p><img decoding=\"async\" src=\"\/wp-content\/uploads\/factory-07.webp\"\/><\/p>\n<h3>Porfest\u0151 m\u0171hely<\/h3>\n<p><img decoding=\"async\" src=\"\/wp-content\/uploads\/factory-09.webp\"\/><\/p>\n<h3>Anodiz\u00e1l\u00f3 m\u0171hely<\/h3>\n<p><img decoding=\"async\" src=\"\/wp-content\/uploads\/factory-10.webp\"\/><\/p>\n<h3>M\u00e9ly feldolgoz\u00e1si m\u0171hely<\/h3>\n<p><img decoding=\"async\" src=\"\/wp-content\/uploads\/factory-11.webp\"\/><\/p>\n<h3>CNC prec\u00edzi\u00f3s megmunk\u00e1l\u00f3 m\u0171hely<\/h3>\n<p><img decoding=\"async\" src=\"\/wp-content\/uploads\/factory-11.5.webp\"\/><\/p>\n<h3>K\u00e9szterm\u00e9k \u00e9s export rakt\u00e1r<\/h3>\n<p><img decoding=\"async\" src=\"\/wp-content\/uploads\/factory-12.webp\"\/><\/p>\n<p><img decoding=\"async\" src=\"\/wp-content\/uploads\/factory-13.webp\"\/><\/p>\n<p><img decoding=\"async\" src=\"\/wp-content\/uploads\/factory-14.webp\"\/><\/p>\n<h2>GYIK<\/h2>\n<p><strong>1. Milyen anyagokat haszn\u00e1lnak az alum\u00ednium h\u0171t\u0151bord\u00e1ban?<\/strong><br \/>Kiv\u00e1l\u00f3 min\u0151s\u00e9g\u0171 alum\u00edniumot haszn\u00e1lunk a kiv\u00e1l\u00f3 h\u0151vezet\u0151 k\u00e9pess\u00e9g \u00e9s teljes\u00edtm\u00e9ny \u00e9rdek\u00e9ben.<\/p>\n<p><strong>2. Az alum\u00ednium h\u0171t\u0151borda m\u00e9retre szabhat\u00f3?<\/strong><br \/>Igen, a m\u00e9retek testreszab\u00e1s\u00e1t k\u00edn\u00e1ljuk az egyedi ig\u00e9nyeknek megfelel\u0151en.<\/p>\n<p><strong>3. Ez az alum\u00ednium h\u0171t\u0151borda kompatibilis a k\u00fcl\u00f6nb\u00f6z\u0151 eszk\u00f6z\u00f6kkel?<\/strong><br \/>Igen, \u00fagy tervezt\u00e9k, hogy az elektronikus eszk\u00f6z\u00f6k sz\u00e9les sk\u00e1l\u00e1j\u00e1val kompatibilis legyen.<\/p>\n<p><strong>4. Milyen ipar\u00e1gak sz\u00e1m\u00e1ra el\u0151ny\u00f6s lehet ennek a h\u0171t\u0151bord\u00e1nak a haszn\u00e1lata?<\/strong><br \/>Az olyan ipar\u00e1gak, mint az elektronika, az aut\u00f3ipar \u00e9s a t\u00e1vk\u00f6zl\u00e9s nagy hasznot h\u00fazhatnak bel\u0151le.<\/p>\n<p><strong>5. Mi az alum\u00ednium h\u0171t\u0151borda s\u00falyel\u0151nye?<\/strong><br \/>K\u00f6nny\u0171 kialak\u00edt\u00e1ssal rendelkezik, \u00edgy k\u00f6nnyen kezelhet\u0151 \u00e9s telep\u00edthet\u0151.<\/p>\n<p><strong>6. K\u00edn\u00e1lnak-e t\u00f6meges v\u00e1s\u00e1rl\u00e1si lehet\u0151s\u00e9geket B2B \u00fcgyfelek sz\u00e1m\u00e1ra?<\/strong><br \/>Igen, t\u00e1mogatjuk a nagybev\u00e1s\u00e1rl\u00e1st, versenyk\u00e9pes \u00e1rk\u00e9pz\u00e9ssel B2B \u00fcgyfelek sz\u00e1m\u00e1ra.<\/p>\n<p><strong>7. Hogyan jav\u00edtja ez a h\u0171t\u0151borda a h\u0151kezel\u00e9st?<\/strong><br \/>Tervez\u00e9s\u00fcnk maximaliz\u00e1lja a fel\u00fcletet a hat\u00e9kony h\u0151elvezet\u00e9s \u00e9rdek\u00e9ben, jav\u00edtva az \u00e1ltal\u00e1nos h\u0151gazd\u00e1lkod\u00e1st.<\/p>\n<p><\/p>","protected":false},"featured_media":10867,"template":"","categories":[72],"class_list":["post-10891","product","type-product","status-publish","has-post-thumbnail","hentry","category-extruded-aluminum-heatsink"],"meta_box":{"hilight_text_group":[{"product_hilight_text":"<li>Engineered for optimal thermal management<\/li>\n<li>Customizable dimensions to meet specific B2B requirements<\/li>\n<li>Constructed with high-grade aluminum for superior heat dissipation<\/li>\n<li>Lightweight design aiding in easy installation<\/li>\n<li>Compatible with a wide range of electronic devices<\/li>"}],"feature_list":[]},"_links":{"self":[{"href":"https:\/\/sinoextrud.com\/hu\/wp-json\/wp\/v2\/product\/10891","targetHints":{"allow":["GET"]}}],"collection":[{"href":"https:\/\/sinoextrud.com\/hu\/wp-json\/wp\/v2\/product"}],"about":[{"href":"https:\/\/sinoextrud.com\/hu\/wp-json\/wp\/v2\/types\/product"}],"wp:featuredmedia":[{"embeddable":true,"href":"https:\/\/sinoextrud.com\/hu\/wp-json\/wp\/v2\/media\/10867"}],"wp:attachment":[{"href":"https:\/\/sinoextrud.com\/hu\/wp-json\/wp\/v2\/media?parent=10891"}],"wp:term":[{"taxonomy":"category","embeddable":true,"href":"https:\/\/sinoextrud.com\/hu\/wp-json\/wp\/v2\/categories?post=10891"}],"curies":[{"name":"wp","href":"https:\/\/api.w.org\/{rel}","templated":true}]}}