{"id":10887,"date":"2025-08-01T03:08:26","date_gmt":"2025-08-01T03:08:26","guid":{"rendered":"https:\/\/sinoextrud.com\/product\/precision-gold-anodized-aluminum-package-box\/"},"modified":"2025-08-01T03:08:57","modified_gmt":"2025-08-01T03:08:57","slug":"precizios-arany-eloxalt-aluminium-csomagolo-doboz","status":"publish","type":"product","link":"https:\/\/sinoextrud.com\/hu\/product\/precision-gold-anodized-aluminum-package-box\/","title":{"rendered":"Prec\u00edzi\u00f3s arany elox\u00e1lt alum\u00ednium csomagol\u00f3 doboz"},"content":{"rendered":"<h2>Term\u00e9kek r\u00e9szletei<\/h2>\n<div class=\"product-table\">\n<div class=\"row\">\n<div class=\"cell label\">CNC megmunk\u00e1l\u00e1s vagy sem<\/div>\n<div class=\"cell value\">Cnc megmunk\u00e1l\u00e1s<\/div>\n<\/div>\n<div class=\"row\">\n<div class=\"cell label\">Anyagi k\u00e9pess\u00e9gek<\/div>\n<div class=\"cell value\">Alum\u00ednium, s\u00e1rgar\u00e9z, bronz, r\u00e9z, edzett f\u00e9mek, nemesf\u00e9mek, rozsdamentes ac\u00e9l, ac\u00e9l\u00f6tv\u00f6zetek, m\u0171anyagok, m\u0171anyag<\/div>\n<\/div>\n<div class=\"row\">\n<div class=\"cell label\">T\u00edpus<\/div>\n<div class=\"cell value\">F\u00far\u00e1s, F\u00far\u00e1s, L\u00e9zermegmunk\u00e1l\u00e1s, L\u00e9zermegmunk\u00e1l\u00e1s, L\u00e9zeres megmunk\u00e1l\u00e1s, Mar\u00e1s, Egy\u00e9b megmunk\u00e1l\u00e1si szolg\u00e1ltat\u00e1sok, Eszterg\u00e1l\u00e1s, Hegeszt\u00e9s \/ k\u00e9miai megmunk\u00e1l\u00e1s, Gyors protot\u00edpusgy\u00e1rt\u00e1s, R\u00e9zs\u00fatol\u00e1s<\/div>\n<\/div>\n<div class=\"row\">\n<div class=\"cell label\">Mikromegmunk\u00e1l\u00e1s vagy sem<\/div>\n<div class=\"cell value\">Nem mikro megmunk\u00e1l\u00e1s<\/div>\n<\/div>\n<div class=\"row\">\n<div class=\"cell label\">T\u00e9tel<\/div>\n<div class=\"cell value\">CNC megmunk\u00e1l\u00e1s mar\u00e1s f\u00e9m burkolat<\/div>\n<\/div>\n<div class=\"row\">\n<div class=\"cell label\">\u00dczleti biztons\u00e1g<\/div>\n<div class=\"cell value\">NDA v\u00e9dett, online kereskedelmi biztos\u00edt\u00e1si megrendel\u00e9s<\/div>\n<\/div>\n<div class=\"row\">\n<div class=\"cell label\">Munk\u00e1ink<\/div>\n<div class=\"cell value\">Egyedi f\u00e9m gy\u00e1rt\u00e1s<\/div>\n<\/div>\n<div class=\"row\">\n<div class=\"cell label\">Anyagi k\u00e9pess\u00e9gek<\/div>\n<div class=\"cell value\">Ac\u00e9l, rozsdamentes ac\u00e9l, alum\u00ednium, r\u00e9z, s\u00e1rgar\u00e9z, cink\u00f6tv\u00f6zet, tit\u00e1n stb.<\/div>\n<\/div>\n<div class=\"row\">\n<div class=\"cell label\">Feldolgoz\u00e1sok<\/div>\n<div class=\"cell value\">B\u00e9lyegz\u00e9s, m\u00e9lyh\u00faz\u00e1s, CNC megmunk\u00e1l\u00e1s, eszterg\u00e1l\u00e1s, hegeszt\u00e9s, \u00f6nt\u00e9s stb.<\/div>\n<\/div>\n<div class=\"row\">\n<div class=\"cell label\">Fel\u00fcleti kezel\u00e9sek<\/div>\n<div class=\"cell value\">Porbevonat, pol\u00edroz\u00e1s, f\u00e9nyez\u00e9s, brusing, galvaniz\u00e1l\u00e1s, elox\u00e1l\u00e1s, PVD bevonat stb.<\/div>\n<\/div>\n<div class=\"row\">\n<div class=\"cell label\">Tan\u00fas\u00edtv\u00e1nyok<\/div>\n<div class=\"cell value\">ISO9001:2008,TS16949,ROHS<\/div>\n<\/div>\n<div class=\"row\">\n<div class=\"cell label\">Egyedi szolg\u00e1ltat\u00e1s<\/div>\n<div class=\"cell value\">OEM ODM<\/div>\n<\/div>\n<div class=\"row\">\n<div class=\"cell label\">Kiszolg\u00e1lt ipar\u00e1gak<\/div>\n<div class=\"cell value\">Aut\u00f3ipar, \u00e9p\u00edt\u0151ipar, HAVC, k\u00e9sz\u00fcl\u00e9k, orvosi, elektronikus, g\u00e9p stb.<\/div>\n<\/div>\n<div class=\"row\">\n<div class=\"cell label\">Min\u0151s\u00e9gellen\u0151rz\u00e9s<\/div>\n<div class=\"cell value\">100% Szigor\u00fa ellen\u0151rz\u00e9s az elej\u00e9t\u0151l a v\u00e9g\u00e9ig<\/div>\n<\/div>\n<div class=\"row\">\n<div class=\"cell label\">Elad\u00f3 egys\u00e9gek<\/div>\n<div class=\"cell value\">Egyetlen t\u00e9tel<\/div>\n<\/div>\n<div class=\"row\">\n<div class=\"cell label\">Egyetlen csomagm\u00e9ret<\/div>\n<div class=\"cell value\">12X6X2 cm<\/div>\n<\/div>\n<div class=\"row\">\n<div class=\"cell label\">Egyetlen brutt\u00f3 t\u00f6meg<\/div>\n<div class=\"cell value\">0,100 KG<\/div>\n<\/div>\n<\/div>\n<p><\/p>\n<h2>Gy\u00e1rt\u00f3 b\u00e1zisunk<\/h2>\n<h3>Gy\u00e1ri panor\u00e1ma<\/h3>\n<p><img decoding=\"async\" src=\"\/wp-content\/uploads\/factory-01.webp\"\/><\/p>\n<h3>Alum\u00ednium r\u00fadgy\u00e1rt\u00f3 m\u0171hely<\/h3>\n<p><img decoding=\"async\" src=\"\/wp-content\/uploads\/factory-02.webp\"\/><\/p>\n<\/p>\n<p><img decoding=\"async\" src=\"\/wp-content\/uploads\/factory-03.webp\"\/><\/p>\n<h3>Pen\u00e9sz rakt\u00e1r<\/h3>\n<p><img decoding=\"async\" src=\"\/wp-content\/uploads\/factory-04.webp\"\/><\/p>\n<h3>43 alum\u00ednium extrud\u00e1l\u00f3 vonal (500-5500 tonna)<\/h3>\n<p><img decoding=\"async\" src=\"\/wp-content\/uploads\/factory-05.webp\"\/><\/p>\n<p><img decoding=\"async\" src=\"\/wp-content\/uploads\/factory-06.webp\"\/><\/p>\n<p><img decoding=\"async\" src=\"\/wp-content\/uploads\/factory-07.webp\"\/><\/p>\n<h3>Porfest\u0151 m\u0171hely<\/h3>\n<p><img decoding=\"async\" src=\"\/wp-content\/uploads\/factory-09.webp\"\/><\/p>\n<h3>Anodiz\u00e1l\u00f3 m\u0171hely<\/h3>\n<p><img decoding=\"async\" src=\"\/wp-content\/uploads\/factory-10.webp\"\/><\/p>\n<h3>M\u00e9ly feldolgoz\u00e1si m\u0171hely<\/h3>\n<p><img decoding=\"async\" src=\"\/wp-content\/uploads\/factory-11.webp\"\/><\/p>\n<h3>CNC prec\u00edzi\u00f3s megmunk\u00e1l\u00f3 m\u0171hely<\/h3>\n<p><img decoding=\"async\" src=\"\/wp-content\/uploads\/factory-11.5.webp\"\/><\/p>\n<h3>K\u00e9szterm\u00e9k \u00e9s export rakt\u00e1r<\/h3>\n<p><img decoding=\"async\" src=\"\/wp-content\/uploads\/factory-12.webp\"\/><\/p>\n<p><img decoding=\"async\" src=\"\/wp-content\/uploads\/factory-13.webp\"\/><\/p>\n<p><img decoding=\"async\" src=\"\/wp-content\/uploads\/factory-14.webp\"\/><\/p>\n<h2>GYIK<\/h2>\n<p><strong>1. Mi a doboz f\u0151 anyaga?<\/strong><br \/>A doboz kiv\u00e1l\u00f3 min\u0151s\u00e9g\u0171, aranysz\u00edn\u0171re elox\u00e1lt alum\u00edniumb\u00f3l k\u00e9sz\u00fclt, amely tart\u00f3ss\u00e1got \u00e9s eszt\u00e9tikai megjelen\u00e9st biztos\u00edt.<\/p>\n<p><strong>2. Testre szabhat\u00f3 a doboz m\u00e9rete?<\/strong><br \/>Igen, testreszabhat\u00f3 m\u00e9reteket k\u00edn\u00e1lunk a k\u00fcl\u00f6nb\u00f6z\u0151 term\u00e9kig\u00e9nyeknek megfelel\u0151en.<\/p>\n<p><strong>3. Alkalmas ez a term\u00e9k luxusm\u00e1rk\u00e1k sz\u00e1m\u00e1ra?<\/strong><br \/>Abszol\u00fat, a pr\u00e9mium kivitel \u00e9s a massz\u00edv fel\u00e9p\u00edt\u00e9s ide\u00e1lis a luxuscsomagol\u00e1shoz.<\/p>\n<p><strong>4. Az elox\u00e1lt fel\u00fclet korr\u00f3zi\u00f3\u00e1ll\u00f3s\u00e1got biztos\u00edt?<\/strong><br \/>Igen, az arany elox\u00e1lt fel\u00fclet kiv\u00e1l\u00f3 korr\u00f3zi\u00f3\u00e1ll\u00f3s\u00e1got biztos\u00edt.<\/p>\n<p><strong>5. Hozz\u00e1adhatjuk a log\u00f3nkat a dobozhoz?<\/strong><br \/>Igen, a log\u00f3 testreszab\u00e1sa el\u00e9rhet\u0151 a t\u00f6meges megrendel\u00e9sekhez, hogy n\u00f6velje a m\u00e1rka l\u00e1that\u00f3s\u00e1g\u00e1t.<\/p>\n<p><strong>6. Kaphat\u00f3 ez a term\u00e9k k\u00fcl\u00f6nb\u00f6z\u0151 sz\u00ednekben?<\/strong><br \/>B\u00e1r az arany a standard, k\u00e9r\u00e9sre egyedi sz\u00ednv\u00e1laszt\u00e9k is rendelkez\u00e9sre \u00e1ll.<\/p>\n<p><strong>7. K\u00edn\u00e1lnak-e k\u00f6rnyezetbar\u00e1t csomagol\u00e1si lehet\u0151s\u00e9geket?<\/strong><br \/>Igen, a k\u00f6rnyezetbar\u00e1t csomagol\u00e1si megold\u00e1sok megvitathat\u00f3k a k\u00f6rnyezetv\u00e9delmi el\u0151\u00edr\u00e1sok betart\u00e1sa \u00e9rdek\u00e9ben.<\/p>\n<p><\/p>","protected":false},"featured_media":10870,"template":"","categories":[68],"class_list":["post-10887","product","type-product","status-publish","has-post-thumbnail","hentry","category-cnc-machining-aluminum-profile"],"meta_box":{"hilight_text_group":[],"feature_list":[]},"_links":{"self":[{"href":"https:\/\/sinoextrud.com\/hu\/wp-json\/wp\/v2\/product\/10887","targetHints":{"allow":["GET"]}}],"collection":[{"href":"https:\/\/sinoextrud.com\/hu\/wp-json\/wp\/v2\/product"}],"about":[{"href":"https:\/\/sinoextrud.com\/hu\/wp-json\/wp\/v2\/types\/product"}],"wp:featuredmedia":[{"embeddable":true,"href":"https:\/\/sinoextrud.com\/hu\/wp-json\/wp\/v2\/media\/10870"}],"wp:attachment":[{"href":"https:\/\/sinoextrud.com\/hu\/wp-json\/wp\/v2\/media?parent=10887"}],"wp:term":[{"taxonomy":"category","embeddable":true,"href":"https:\/\/sinoextrud.com\/hu\/wp-json\/wp\/v2\/categories?post=10887"}],"curies":[{"name":"wp","href":"https:\/\/api.w.org\/{rel}","templated":true}]}}