{"id":10879,"date":"2025-08-01T03:04:36","date_gmt":"2025-08-01T03:04:36","guid":{"rendered":"https:\/\/sinoextrud.com\/product\/aluminium-alloy-heat-sink-for-electronic-devices\/"},"modified":"2025-08-01T03:06:12","modified_gmt":"2025-08-01T03:06:12","slug":"aluminiumotvozetbol-keszult-hutoborda-elektronikus-eszkozokhoz","status":"publish","type":"product","link":"https:\/\/sinoextrud.com\/hu\/product\/aluminium-alloy-heat-sink-for-electronic-devices\/","title":{"rendered":"Alum\u00ednium \u00f6tv\u00f6zetb\u0151l k\u00e9sz\u00fclt h\u0171t\u0151borda elektronikus eszk\u00f6z\u00f6kh\u00f6z"},"content":{"rendered":"<h2>Term\u00e9kek r\u00e9szletei<\/h2>\n<div class=\"product-table\">\n<div class=\"row\">\n<div class=\"cell label\">T\u00edpus<\/div>\n<div class=\"cell value\">ig\u00e9ny szerint testreszabott<\/div>\n<\/div>\n<div class=\"row\">\n<div class=\"cell label\">R\u00f6gz\u00edt\u00e9si m\u00f3dszer<\/div>\n<div class=\"cell value\">hegeszt\u00e9s<\/div>\n<\/div>\n<div class=\"row\">\n<div class=\"cell label\">Anyag<\/div>\n<div class=\"cell value\">Alum\u00ednium, r\u00e9z, s\u00e1rgar\u00e9z<\/div>\n<\/div>\n<div class=\"row\">\n<div class=\"cell label\">Hossz\u00fas\u00e1g<\/div>\n<div class=\"cell value\">ig\u00e9ny szerint testreszabott<\/div>\n<\/div>\n<div class=\"row\">\n<div class=\"cell label\">Sz\u00e9less\u00e9g<\/div>\n<div class=\"cell value\">ig\u00e9ny szerint testreszabott<\/div>\n<\/div>\n<div class=\"row\">\n<div class=\"cell label\">M\u00e9ret \/ m\u00e9ret<\/div>\n<div class=\"cell value\">ig\u00e9ny szerint testreszabott<\/div>\n<\/div>\n<div class=\"row\">\n<div class=\"cell label\">Term\u00e9k neve<\/div>\n<div class=\"cell value\">Extrud\u00e1lt alum\u00ednium h\u0171t\u0151borda<\/div>\n<\/div>\n<div class=\"row\">\n<div class=\"cell label\">Fel\u00fcletkezel\u00e9s<\/div>\n<div class=\"cell value\">anodiz\u00e1l\u00e1s ,er\u0151bevonat<\/div>\n<\/div>\n<div class=\"row\">\n<div class=\"cell label\">Jellemz\u0151<\/div>\n<div class=\"cell value\">nagy teljes\u00edtm\u00e9ny<\/div>\n<\/div>\n<div class=\"row\">\n<div class=\"cell label\">Alkalmaz\u00e1s<\/div>\n<div class=\"cell value\">R\u00e1di\u00f3, telev\u00edzi\u00f3, csillagvizsg\u00e1l\u00f3, m\u0171hold, rep\u00fcl\u0151g\u00e9p, haj\u00f3, aut\u00f3<\/div>\n<\/div>\n<div class=\"row\">\n<div class=\"cell label\">Min\u0151s\u00e9g<\/div>\n<div class=\"cell value\">100% teljes k\u00f6r\u0171 ellen\u0151rz\u00e9s<\/div>\n<\/div>\n<div class=\"row\">\n<div class=\"cell label\">MOQ<\/div>\n<div class=\"cell value\">mint\u00e1k \u00e9s kis megrendel\u00e9sek elfogadhat\u00f3ak<\/div>\n<\/div>\n<div class=\"row\">\n<div class=\"cell label\">\u00c1tfut\u00e1si id\u0151<\/div>\n<div class=\"cell value\">15-20 nap<\/div>\n<\/div>\n<div class=\"row\">\n<div class=\"cell label\">Szolg\u00e1ltat\u00e1s<\/div>\n<div class=\"cell value\">Testreszabott OEM ODM<\/div>\n<\/div>\n<div class=\"row\">\n<div class=\"cell label\">Csomagol\u00e1s<\/div>\n<div class=\"cell value\">Karton+fadoboz<\/div>\n<\/div>\n<div class=\"row\">\n<div class=\"cell label\">Garancia<\/div>\n<div class=\"cell value\">3\u00e9v<\/div>\n<\/div>\n<div class=\"row\">\n<div class=\"cell label\">Elad\u00f3 egys\u00e9gek<\/div>\n<div class=\"cell value\">Egyetlen t\u00e9tel<\/div>\n<\/div>\n<div class=\"row\">\n<div class=\"cell label\">Egyetlen csomagm\u00e9ret<\/div>\n<div class=\"cell value\">32.8X9.6X7.8 cm<\/div>\n<\/div>\n<div class=\"row\">\n<div class=\"cell label\">Egyetlen brutt\u00f3 t\u00f6meg<\/div>\n<div class=\"cell value\">0,670 KG<\/div>\n<\/div>\n<\/div>\n<p><\/p>\n<h2>Gy\u00e1rt\u00f3 b\u00e1zisunk<\/h2>\n<h3>Gy\u00e1ri panor\u00e1ma<\/h3>\n<p><img decoding=\"async\" src=\"\/wp-content\/uploads\/factory-01.webp\"\/><\/p>\n<h3>Alum\u00ednium r\u00fadgy\u00e1rt\u00f3 m\u0171hely<\/h3>\n<p><img decoding=\"async\" src=\"\/wp-content\/uploads\/factory-02.webp\"\/><\/p>\n<\/p>\n<p><img decoding=\"async\" src=\"\/wp-content\/uploads\/factory-03.webp\"\/><\/p>\n<h3>Pen\u00e9sz rakt\u00e1r<\/h3>\n<p><img decoding=\"async\" src=\"\/wp-content\/uploads\/factory-04.webp\"\/><\/p>\n<h3>43 alum\u00ednium extrud\u00e1l\u00f3 vonal (500-5500 tonna)<\/h3>\n<p><img decoding=\"async\" src=\"\/wp-content\/uploads\/factory-05.webp\"\/><\/p>\n<p><img decoding=\"async\" src=\"\/wp-content\/uploads\/factory-06.webp\"\/><\/p>\n<p><img decoding=\"async\" src=\"\/wp-content\/uploads\/factory-07.webp\"\/><\/p>\n<h3>Porfest\u0151 m\u0171hely<\/h3>\n<p><img decoding=\"async\" src=\"\/wp-content\/uploads\/factory-09.webp\"\/><\/p>\n<h3>Anodiz\u00e1l\u00f3 m\u0171hely<\/h3>\n<p><img decoding=\"async\" src=\"\/wp-content\/uploads\/factory-10.webp\"\/><\/p>\n<h3>M\u00e9ly feldolgoz\u00e1si m\u0171hely<\/h3>\n<p><img decoding=\"async\" src=\"\/wp-content\/uploads\/factory-11.webp\"\/><\/p>\n<h3>CNC prec\u00edzi\u00f3s megmunk\u00e1l\u00f3 m\u0171hely<\/h3>\n<p><img decoding=\"async\" src=\"\/wp-content\/uploads\/factory-11.5.webp\"\/><\/p>\n<h3>K\u00e9szterm\u00e9k \u00e9s export rakt\u00e1r<\/h3>\n<p><img decoding=\"async\" src=\"\/wp-content\/uploads\/factory-12.webp\"\/><\/p>\n<p><img decoding=\"async\" src=\"\/wp-content\/uploads\/factory-13.webp\"\/><\/p>\n<p><img decoding=\"async\" src=\"\/wp-content\/uploads\/factory-14.webp\"\/><\/p>\n<h2>GYIK<\/h2>\n<p><strong>1. Milyen eszk\u00f6z\u00f6kkel haszn\u00e1lhat\u00f3 az alum\u00ednium\u00f6tv\u00f6zet h\u0171t\u0151borda?<\/strong><br \/>A h\u0171t\u0151borda a hat\u00e9kony h\u0151kezel\u00e9st ig\u00e9nyl\u0151 elektronikus eszk\u00f6z\u00f6k sz\u00e9les sk\u00e1l\u00e1j\u00e1hoz alkalmas.<\/p>\n<p><strong>2. Testre szabhat\u00f3 az alum\u00ednium\u00f6tv\u00f6zet h\u0171t\u0151borda?<\/strong><br \/>Igen, testreszabhat\u00f3 formatervez\u00e9st k\u00edn\u00e1lunk, hogy illeszkedjen az adott eszk\u00f6z m\u00e9reteihez \u00e9s k\u00f6vetelm\u00e9nyeihez.<\/p>\n<p><strong>3. Milyen anyagb\u00f3l k\u00e9sz\u00fclt a h\u0171t\u0151borda?<\/strong><br \/>A h\u0171t\u0151borda kiv\u00e1l\u00f3 min\u0151s\u00e9g\u0171 alum\u00ednium\u00f6tv\u00f6zetb\u0151l k\u00e9sz\u00fclt az optim\u00e1lis h\u0151elvezet\u00e9s \u00e9rdek\u00e9ben.<\/p>\n<p><strong>4. Az alum\u00ednium\u00f6tv\u00f6zet h\u0171t\u0151borda ellen\u00e1ll a korr\u00f3zi\u00f3nak?<\/strong><br \/>Igen, korr\u00f3zi\u00f3\u00e1ll\u00f3 anyagokb\u00f3l k\u00e9sz\u00fclt a hossz\u00fa \u00e9lettartam biztos\u00edt\u00e1sa \u00e9rdek\u00e9ben.<\/p>\n<p><strong>5. Az alum\u00ednium\u00f6tv\u00f6zet h\u0171t\u0151borda t\u00e1mogatja az OEM szolg\u00e1ltat\u00e1sokat?<\/strong><br \/>Igen, OEM-szolg\u00e1ltat\u00e1sok \u00e1llnak rendelkez\u00e9sre, hogy a term\u00e9ket az \u00d6n ig\u00e9nyeihez igaz\u00edtsuk.<\/p>\n<p><strong>6. Mennyire hat\u00e9kony ennek a h\u0171t\u0151bord\u00e1nak a h\u0151elvezet\u00e9se?<\/strong><br \/>Az alum\u00ednium\u00f6tv\u00f6zetb\u0151l k\u00e9sz\u00fclt h\u0171t\u0151borda rendk\u00edv\u00fcl hat\u00e9kony h\u0151kezel\u00e9si k\u00e9pess\u00e9gekkel rendelkezik.<\/p>\n<p><strong>7. Az alum\u00ednium\u00f6tv\u00f6zet h\u0171t\u0151borda nemzetk\u00f6zi sz\u00e1ll\u00edt\u00e1sa el\u00e9rhet\u0151?<\/strong><br \/>Igen, nemzetk\u00f6zi sz\u00e1ll\u00edt\u00e1si lehet\u0151s\u00e9geket biztos\u00edtunk \u00e9s seg\u00edt\u00fcnk a logisztik\u00e1ban.<\/p>\n<p><\/p>","protected":false},"featured_media":10731,"template":"","categories":[72],"class_list":["post-10879","product","type-product","status-publish","has-post-thumbnail","hentry","category-extruded-aluminum-heatsink"],"meta_box":{"hilight_text_group":[],"feature_list":[]},"_links":{"self":[{"href":"https:\/\/sinoextrud.com\/hu\/wp-json\/wp\/v2\/product\/10879","targetHints":{"allow":["GET"]}}],"collection":[{"href":"https:\/\/sinoextrud.com\/hu\/wp-json\/wp\/v2\/product"}],"about":[{"href":"https:\/\/sinoextrud.com\/hu\/wp-json\/wp\/v2\/types\/product"}],"wp:featuredmedia":[{"embeddable":true,"href":"https:\/\/sinoextrud.com\/hu\/wp-json\/wp\/v2\/media\/10731"}],"wp:attachment":[{"href":"https:\/\/sinoextrud.com\/hu\/wp-json\/wp\/v2\/media?parent=10879"}],"wp:term":[{"taxonomy":"category","embeddable":true,"href":"https:\/\/sinoextrud.com\/hu\/wp-json\/wp\/v2\/categories?post=10879"}],"curies":[{"name":"wp","href":"https:\/\/api.w.org\/{rel}","templated":true}]}}