{"id":10877,"date":"2025-08-01T02:41:42","date_gmt":"2025-08-01T02:41:42","guid":{"rendered":"https:\/\/sinoextrud.com\/product\/3d-printing-aluminium-heat-sink-for-custom-projects\/"},"modified":"2025-08-01T02:41:42","modified_gmt":"2025-08-01T02:41:42","slug":"3d-nyomtatas-aluminium-hutoborda-egyedi-projektekhez","status":"publish","type":"product","link":"https:\/\/sinoextrud.com\/hu\/product\/3d-printing-aluminium-heat-sink-for-custom-projects\/","title":{"rendered":"3D nyomtat\u00e1s Alum\u00ednium h\u0171t\u0151borda egyedi projektekhez"},"content":{"rendered":"<h2>Term\u00e9kek r\u00e9szletei<\/h2>\n<div class=\"product-table\">\n<div class=\"row\">\n<div class=\"cell label\">Fokozat<\/div>\n<div class=\"cell value\">6000-es sorozat<\/div>\n<\/div>\n<div class=\"row\">\n<div class=\"cell label\">Tolerancia<\/div>\n<div class=\"cell value\">\u00c2\u00b11%<\/div>\n<\/div>\n<div class=\"row\">\n<div class=\"cell label\">Sz\u00e1ll\u00edt\u00e1si id\u0151<\/div>\n<div class=\"cell value\">15-21 nap<\/div>\n<\/div>\n<div class=\"row\">\n<div class=\"cell label\">Temper<\/div>\n<div class=\"cell value\">T3-T8<\/div>\n<\/div>\n<div class=\"row\">\n<div class=\"cell label\">Alkalmaz\u00e1s<\/div>\n<div class=\"cell value\">\u00c9p\u00edt\u00e9szeti, ipari, dekor\u00e1ci\u00f3s, energetikai, sz\u00e1ll\u00edt\u00e1si stb.<\/div>\n<\/div>\n<div class=\"row\">\n<div class=\"cell label\">Shape<\/div>\n<div class=\"cell value\">Testreszabott<\/div>\n<\/div>\n<div class=\"row\">\n<div class=\"cell label\">\u00d6tv\u00f6zet vagy sem<\/div>\n<div class=\"cell value\">Az \u00f6tv\u00f6zet<\/div>\n<\/div>\n<div class=\"row\">\n<div class=\"cell label\">Feldolgoz\u00f3 szolg\u00e1ltat\u00e1s<\/div>\n<div class=\"cell value\">Hajl\u00edt\u00e1s, tekercsel\u00e9s, hegeszt\u00e9s, lyukaszt\u00e1s, v\u00e1g\u00e1s, CNC<\/div>\n<\/div>\n<div class=\"row\">\n<div class=\"cell label\">Term\u00e9k neve<\/div>\n<div class=\"cell value\">Alum\u00ednium h\u0171t\u0151borda<\/div>\n<\/div>\n<div class=\"row\">\n<div class=\"cell label\">Anyag<\/div>\n<div class=\"cell value\">6063, 6061,6082,6463,6005,6060<\/div>\n<\/div>\n<div class=\"row\">\n<div class=\"cell label\">MOQ<\/div>\n<div class=\"cell value\">100db<\/div>\n<\/div>\n<div class=\"row\">\n<div class=\"cell label\">Port<\/div>\n<div class=\"cell value\">Guangzhou\/Shenzhen<\/div>\n<\/div>\n<div class=\"row\">\n<div class=\"cell label\">Sz\u00ednes<\/div>\n<div class=\"cell value\">Ez\u00fcst\/fekete\/v\u00f6r\u00f6s\/k\u00e9k \u00e9s testreszabott<\/div>\n<\/div>\n<div class=\"row\">\n<div class=\"cell label\">Fel\u00fcletkezel\u00e9s<\/div>\n<div class=\"cell value\">Malom, elox\u00e1l\u00e1s, porfest\u00e9s, porfest\u00e9k, faanyag, kr\u00f3m, ecset, stb.<\/div>\n<\/div>\n<div class=\"row\">\n<div class=\"cell label\">Minta<\/div>\n<div class=\"cell value\">Ingyenes minta<\/div>\n<\/div>\n<div class=\"row\">\n<div class=\"cell label\">M\u00e9ly folyamat<\/div>\n<div class=\"cell value\">Lyukaszt\u00e1s F\u00far\u00e1s Precison v\u00e1g\u00e1s CNC<\/div>\n<\/div>\n<div class=\"row\">\n<div class=\"cell label\">Vastags\u00e1g<\/div>\n<div class=\"cell value\">Testreszabott<\/div>\n<\/div>\n<div class=\"row\">\n<div class=\"cell label\">Hossz\u00fas\u00e1g<\/div>\n<div class=\"cell value\">Egy\u00e9ni hossz<\/div>\n<\/div>\n<div class=\"row\">\n<div class=\"cell label\">Elad\u00f3 egys\u00e9gek<\/div>\n<div class=\"cell value\">Egyetlen t\u00e9tel<\/div>\n<\/div>\n<div class=\"row\">\n<div class=\"cell label\">Egyetlen csomagm\u00e9ret<\/div>\n<div class=\"cell value\">50X5X5 cm<\/div>\n<\/div>\n<div class=\"row\">\n<div class=\"cell label\">Egyetlen brutt\u00f3 t\u00f6meg<\/div>\n<div class=\"cell value\">3.000 KG<\/div>\n<\/div>\n<\/div>\n<p><\/p>\n<h2>Gy\u00e1rt\u00f3 b\u00e1zisunk<\/h2>\n<h3>Gy\u00e1ri panor\u00e1ma<\/h3>\n<p><img decoding=\"async\" src=\"\/wp-content\/uploads\/factory-01.webp\"\/><\/p>\n<h3>Alum\u00ednium r\u00fadgy\u00e1rt\u00f3 m\u0171hely<\/h3>\n<p><img decoding=\"async\" src=\"\/wp-content\/uploads\/factory-02.webp\"\/><\/p>\n<p><img decoding=\"async\" src=\"\/wp-content\/uploads\/factory-03.webp\"\/><\/p>\n<h3>Pen\u00e9sz rakt\u00e1r<\/h3>\n<p><img decoding=\"async\" src=\"\/wp-content\/uploads\/factory-04.webp\"\/><\/p>\n<h3>43 alum\u00ednium extrud\u00e1l\u00f3 vonal (500-5500 tonna)<\/h3>\n<p><img decoding=\"async\" src=\"\/wp-content\/uploads\/factory-05.webp\"\/><\/p>\n<p><img decoding=\"async\" src=\"\/wp-content\/uploads\/factory-06.webp\"\/><\/p>\n<p><img decoding=\"async\" src=\"\/wp-content\/uploads\/factory-07.webp\"\/><\/p>\n<h3>Porfest\u0151 m\u0171hely<\/h3>\n<p><img decoding=\"async\" src=\"\/wp-content\/uploads\/factory-09.webp\"\/><\/p>\n<h3>Anodiz\u00e1l\u00f3 m\u0171hely<\/h3>\n<p><img decoding=\"async\" src=\"\/wp-content\/uploads\/factory-10.webp\"\/><\/p>\n<h3>M\u00e9ly feldolgoz\u00e1si m\u0171hely<\/h3>\n<p><img decoding=\"async\" src=\"\/wp-content\/uploads\/factory-11.webp\"\/><\/p>\n<h3>CNC prec\u00edzi\u00f3s megmunk\u00e1l\u00f3 m\u0171hely<\/h3>\n<p><img decoding=\"async\" src=\"\/wp-content\/uploads\/factory-11.5.webp\"\/><\/p>\n<h3>K\u00e9szterm\u00e9k \u00e9s export rakt\u00e1r<\/h3>\n<p><img decoding=\"async\" src=\"\/wp-content\/uploads\/factory-12.webp\"\/><\/p>\n<p><img decoding=\"async\" src=\"\/wp-content\/uploads\/factory-13.webp\"\/><\/p>\n<p><img decoding=\"async\" src=\"\/wp-content\/uploads\/factory-14.webp\"\/><\/p>\n<h2>GYIK<\/h2>\n<p><strong>1. Milyen alkalmaz\u00e1sok alkalmasak a 3D nyomtat\u00e1s\u00fa alum\u00ednium h\u0171t\u0151bord\u00e1ra?<\/strong><br \/>Ez a h\u0171t\u0151borda ide\u00e1lis az elektronikai, aut\u00f3ipari \u00e9s sz\u00e1m\u00edt\u00e1stechnikai eszk\u00f6z\u00f6kben val\u00f3 hat\u00e9kony h\u0151kezel\u00e9shez.<\/p>\n<p><strong>2. Testre szabhat\u00f3 a h\u0171t\u0151borda kialak\u00edt\u00e1sa?<\/strong><br \/>Igen, egyedi terveket k\u00edn\u00e1lunk az egyedi h\u0151- \u00e9s t\u00e9rbeli k\u00f6vetelm\u00e9nyek kiel\u00e9g\u00edt\u00e9s\u00e9re.<\/p>\n<p><strong>3. Milyen el\u0151nyei vannak az alum\u00ednium h\u0171t\u0151bord\u00e1knak?<\/strong><br \/>Az alum\u00ednium kiv\u00e1l\u00f3 h\u0151vezet\u0151 k\u00e9pess\u00e9ggel rendelkezik, \u00edgy ide\u00e1lis a hat\u00e9kony h\u0151elvezet\u00e9shez.<\/p>\n<p><strong>4. A 3D nyomtatott h\u0171t\u0151borda k\u00e9pes kezelni a nagy teljes\u00edtm\u00e9ny\u0171 elektronikus alkatr\u00e9szeket?<\/strong><br \/>Igen, \u00fagy tervezt\u00e9k, hogy hat\u00e9konyan kezelje a nagy teljes\u00edtm\u00e9ny\u0171 alkatr\u00e9szek h\u0151j\u00e9t.<\/p>\n<p><strong>5. Milyen el\u0151ny\u00f6kkel j\u00e1r a 3D nyomtat\u00e1si elj\u00e1r\u00e1s a h\u0171t\u0151bord\u00e1k gy\u00e1rt\u00e1s\u00e1ban?<\/strong><br \/>A 3D nyomtat\u00e1s lehet\u0151v\u00e9 teszi az \u00f6sszetett geometri\u00e1k \u00e9s a prec\u00edz gy\u00e1rt\u00e1s megval\u00f3s\u00edt\u00e1s\u00e1t a h\u0151elvezet\u00e9s hat\u00e9konys\u00e1g\u00e1nak jav\u00edt\u00e1sa \u00e9rdek\u00e9ben.<\/p>\n<p><strong>6. Mennyi a tipikus \u00e1tfut\u00e1si ideje egy egyedi h\u0171t\u0151borda megrendel\u00e9snek?<\/strong><br \/>Az \u00e1tfut\u00e1si id\u0151 a tervez\u00e9s \u00f6sszetetts\u00e9g\u00e9t\u0151l f\u00fcgg\u0151en v\u00e1ltozik, de \u00e1ltal\u00e1ban 2-4 h\u00e9t k\u00f6z\u00f6tt van.<\/p>\n<p><strong>7. K\u00edn\u00e1lnak-e t\u00e1mogat\u00e1st a megl\u00e9v\u0151 rendszerekbe val\u00f3 integr\u00e1ci\u00f3hoz?<\/strong><br \/>Igen, technikai t\u00e1mogat\u00e1st ny\u00fajtunk az \u00d6n rendszereibe val\u00f3 z\u00f6kken\u0151mentes integr\u00e1ci\u00f3hoz.<\/p>\n<p><\/p>","protected":false},"featured_media":10871,"template":"","categories":[72],"class_list":["post-10877","product","type-product","status-publish","has-post-thumbnail","hentry","category-extruded-aluminum-heatsink"],"meta_box":{"hilight_text_group":[],"feature_list":[]},"_links":{"self":[{"href":"https:\/\/sinoextrud.com\/hu\/wp-json\/wp\/v2\/product\/10877","targetHints":{"allow":["GET"]}}],"collection":[{"href":"https:\/\/sinoextrud.com\/hu\/wp-json\/wp\/v2\/product"}],"about":[{"href":"https:\/\/sinoextrud.com\/hu\/wp-json\/wp\/v2\/types\/product"}],"wp:featuredmedia":[{"embeddable":true,"href":"https:\/\/sinoextrud.com\/hu\/wp-json\/wp\/v2\/media\/10871"}],"wp:attachment":[{"href":"https:\/\/sinoextrud.com\/hu\/wp-json\/wp\/v2\/media?parent=10877"}],"wp:term":[{"taxonomy":"category","embeddable":true,"href":"https:\/\/sinoextrud.com\/hu\/wp-json\/wp\/v2\/categories?post=10877"}],"curies":[{"name":"wp","href":"https:\/\/api.w.org\/{rel}","templated":true}]}}