{"id":10876,"date":"2025-08-01T02:41:40","date_gmt":"2025-08-01T02:41:40","guid":{"rendered":"https:\/\/sinoextrud.com\/product\/aluminum-heat-sink-machining-for-custom-cooling\/"},"modified":"2025-08-01T02:41:40","modified_gmt":"2025-08-01T02:41:40","slug":"aluminium-hutoborda-megmunkalasa-egyedi-huteshez","status":"publish","type":"product","link":"https:\/\/sinoextrud.com\/hu\/product\/aluminum-heat-sink-machining-for-custom-cooling\/","title":{"rendered":"Alum\u00ednium h\u0171t\u0151borda megmunk\u00e1l\u00e1sa egy\u00e9ni h\u0171t\u00e9shez"},"content":{"rendered":"<h2>Term\u00e9kek r\u00e9szletei<\/h2>\n<div class=\"product-table\">\n<div class=\"row\">\n<div class=\"cell label\">Elad\u00f3 egys\u00e9gek<\/div>\n<div class=\"cell value\">Egyetlen t\u00e9tel<\/div>\n<\/div>\n<\/div>\n<p><\/p>\n<h2>Gy\u00e1rt\u00f3 b\u00e1zisunk<\/h2>\n<h3>Gy\u00e1ri panor\u00e1ma<\/h3>\n<p><img decoding=\"async\" src=\"\/wp-content\/uploads\/factory-01.webp\"\/><\/p>\n<h3>Alum\u00ednium r\u00fadgy\u00e1rt\u00f3 m\u0171hely<\/h3>\n<p><img decoding=\"async\" src=\"\/wp-content\/uploads\/factory-02.webp\"\/><\/p>\n<p><img decoding=\"async\" src=\"\/wp-content\/uploads\/factory-03.webp\"\/><\/p>\n<h3>Pen\u00e9sz rakt\u00e1r<\/h3>\n<p><img decoding=\"async\" src=\"\/wp-content\/uploads\/factory-04.webp\"\/><\/p>\n<h3>43 alum\u00ednium extrud\u00e1l\u00f3 vonal (500-5500 tonna)<\/h3>\n<p><img decoding=\"async\" src=\"\/wp-content\/uploads\/factory-05.webp\"\/><\/p>\n<p><img decoding=\"async\" src=\"\/wp-content\/uploads\/factory-06.webp\"\/><\/p>\n<p><img decoding=\"async\" src=\"\/wp-content\/uploads\/factory-07.webp\"\/><\/p>\n<h3>Porfest\u0151 m\u0171hely<\/h3>\n<p><img decoding=\"async\" src=\"\/wp-content\/uploads\/factory-09.webp\"\/><\/p>\n<h3>Anodiz\u00e1l\u00f3 m\u0171hely<\/h3>\n<p><img decoding=\"async\" src=\"\/wp-content\/uploads\/factory-10.webp\"\/><\/p>\n<h3>M\u00e9ly feldolgoz\u00e1si m\u0171hely<\/h3>\n<p><img decoding=\"async\" src=\"\/wp-content\/uploads\/factory-11.webp\"\/><\/p>\n<h3>CNC prec\u00edzi\u00f3s megmunk\u00e1l\u00f3 m\u0171hely<\/h3>\n<p><img decoding=\"async\" src=\"\/wp-content\/uploads\/factory-11.5.webp\"\/><\/p>\n<h3>K\u00e9szterm\u00e9k \u00e9s export rakt\u00e1r<\/h3>\n<p><img decoding=\"async\" src=\"\/wp-content\/uploads\/factory-12.webp\"\/><\/p>\n<p><img decoding=\"async\" src=\"\/wp-content\/uploads\/factory-13.webp\"\/><\/p>\n<p><img decoding=\"async\" src=\"\/wp-content\/uploads\/factory-14.webp\"\/><\/p>\n<h2>GYIK<\/h2>\n<p><strong>1. Mire haszn\u00e1lj\u00e1k a h\u0171t\u0151bord\u00e1t az elektronik\u00e1ban?<\/strong><br \/>A h\u0171t\u0151bord\u00e1t arra haszn\u00e1lj\u00e1k, hogy elvezesse a h\u0151t az elektronikus alkatr\u00e9szekr\u0151l a t\u00falmeleged\u00e9s megakad\u00e1lyoz\u00e1sa \u00e9rdek\u00e9ben.<\/p>\n<p><strong>2. Az alum\u00ednium h\u0171t\u0151bord\u00e1k testre szabhat\u00f3k a k\u00fcl\u00f6nb\u00f6z\u0151 eszk\u00f6z\u00f6kh\u00f6z?<\/strong><br \/>Igen, az alum\u00ednium h\u0171t\u0151bord\u00e1k testre szabhat\u00f3k, hogy illeszkedjenek az adott eszk\u00f6zkialak\u00edt\u00e1sokhoz \u00e9s m\u00e9retekhez.<\/p>\n<p><strong>3. Mi\u00e9rt el\u0151ny\u00f6s az alum\u00ednium a h\u0171t\u0151bord\u00e1khoz?<\/strong><br \/>Az alum\u00ednium kiv\u00e1l\u00f3 h\u0151vezet\u0151 k\u00e9pess\u00e9g\u0171 \u00e9s k\u00f6nny\u0171, \u00edgy ide\u00e1lis h\u0171t\u0151bord\u00e1khoz.<\/p>\n<p><strong>4. K\u00edn\u00e1lnak egyedi grav\u00edroz\u00e1st az alum\u00ednium h\u0171t\u0151bord\u00e1kra?<\/strong><br \/>Igen, egyedi grav\u00edroz\u00e1si \u00e9s m\u00e1rkajelz\u00e9s lehet\u0151s\u00e9gek \u00e1llnak rendelkez\u00e9sre t\u00f6meges megrendel\u00e9sek eset\u00e9n.<\/p>\n<p><strong>5. Hogyan n\u00f6veli a megmunk\u00e1l\u00e1si folyamat a h\u0171t\u0151borda teljes\u00edtm\u00e9ny\u00e9t?<\/strong><br \/>A prec\u00edzi\u00f3s megmunk\u00e1l\u00e1s biztos\u00edtja az optim\u00e1lis fel\u00fcletkezel\u00e9st \u00e9s illeszked\u00e9st, jav\u00edtva a h\u0151elvezet\u00e9s hat\u00e9konys\u00e1g\u00e1t.<\/p>\n<p><strong>6. Rendelkez\u00e9sre \u00e1llnak az egyedi h\u0171t\u0151bord\u00e1k mint\u00e1i tesztel\u00e9sre?<\/strong><br \/>Igen, biztos\u00edtunk minta h\u0171t\u0151bord\u00e1kat, hogy a specifik\u00e1ci\u00f3k megfeleljenek az \u00d6n k\u00f6vetelm\u00e9nyeinek.<\/p>\n<p><strong>7. Milyen el\u0151nyei vannak az alum\u00ednium haszn\u00e1lat\u00e1nak m\u00e1s anyagokkal szemben?<\/strong><br \/>Az alum\u00ednium k\u00f6lts\u00e9ghat\u00e9kony, \u00e9s j\u00f3 egyens\u00falyt biztos\u00edt a vezet\u0151k\u00e9pess\u00e9g, a s\u00faly \u00e9s a tart\u00f3ss\u00e1g k\u00f6z\u00f6tt.<\/p>\n<p><\/p>","protected":false},"featured_media":10874,"template":"","categories":[55],"class_list":["post-10876","product","type-product","status-publish","has-post-thumbnail","hentry","category-extruded-aluminum-profiles"],"meta_box":{"hilight_text_group":[],"feature_list":[]},"_links":{"self":[{"href":"https:\/\/sinoextrud.com\/hu\/wp-json\/wp\/v2\/product\/10876","targetHints":{"allow":["GET"]}}],"collection":[{"href":"https:\/\/sinoextrud.com\/hu\/wp-json\/wp\/v2\/product"}],"about":[{"href":"https:\/\/sinoextrud.com\/hu\/wp-json\/wp\/v2\/types\/product"}],"wp:featuredmedia":[{"embeddable":true,"href":"https:\/\/sinoextrud.com\/hu\/wp-json\/wp\/v2\/media\/10874"}],"wp:attachment":[{"href":"https:\/\/sinoextrud.com\/hu\/wp-json\/wp\/v2\/media?parent=10876"}],"wp:term":[{"taxonomy":"category","embeddable":true,"href":"https:\/\/sinoextrud.com\/hu\/wp-json\/wp\/v2\/categories?post=10876"}],"curies":[{"name":"wp","href":"https:\/\/api.w.org\/{rel}","templated":true}]}}