{"id":10704,"date":"2025-07-29T02:23:50","date_gmt":"2025-07-29T02:23:50","guid":{"rendered":"https:\/\/sinoextrud.com\/?post_type=product&#038;p=10704"},"modified":"2025-07-29T02:25:07","modified_gmt":"2025-07-29T02:25:07","slug":"aluminium-szamitogephaz","status":"publish","type":"product","link":"https:\/\/sinoextrud.com\/hu\/product\/aluminum-computer-case\/","title":{"rendered":"alum\u00ednium sz\u00e1m\u00edt\u00f3g\u00e9ph\u00e1z"},"content":{"rendered":"<h2>Term\u00e9kek r\u00e9szletei<\/h2>\n<table class=\"custom-table\">\n<tr>\n<td class=\"label\">Anyag<\/td>\n<td>Alum\u00ednium \u00f6tv\u00f6zet<\/td>\n<\/tr>\n<tr>\n<td class=\"label\">Dimenzi\u00f3<\/td>\n<td>Testreszabott<\/td>\n<\/tr>\n<tr>\n<td class=\"label\">Folyamat<\/td>\n<td>CNC eszterg\u00e1l\u00e1s, CNC mar\u00e1s, lemezgy\u00e1rt\u00e1s, \u00f6ntv\u00e9nygy\u00e1rt\u00e1s<\/td>\n<\/tr>\n<tr>\n<td class=\"label\">Fel\u00fcletkezel\u00e9s<\/td>\n<td>Pol\u00edrozott, pol\u00edroz\u00e1s, rajzol\u00e1s, oxid\u00e1l\u00e1s, fest\u00e9ksz\u00f3r\u00e1s, galvaniz\u00e1l\u00e1s<\/td>\n<\/tr>\n<tr>\n<td class=\"label\">Alkalmaz\u00e1s<\/td>\n<td>Mechanikus berendez\u00e9sek, elektromos k\u00e9sz\u00fcl\u00e9kek, aut\u00f3alkatr\u00e9szek<\/td>\n<\/tr>\n<tr>\n<td class=\"label\">Szolg\u00e1ltat\u00e1s<\/td>\n<td>OEM ODM testreszabott<\/td>\n<\/tr>\n<tr>\n<td class=\"label\">Berendez\u00e9sek<\/td>\n<td>Megmunk\u00e1l\u00f3 k\u00f6zpontok<\/td>\n<\/tr>\n<tr>\n<td class=\"label\">Rajzol\u00e1si form\u00e1tum<\/td>\n<td>PRO\/E, Auto CAD, Solid Works , UG, CAD \/ CAM \/ CAE, PDF<\/td>\n<\/tr>\n<tr>\n<td class=\"label\">\u00c1tfut\u00e1si id\u0151<\/td>\n<td>3-7 munkanap<\/td>\n<\/tr>\n<tr>\n<td class=\"label\">Tolerancia<\/td>\n<td>+\/- 0,005 - 0,01mm<\/td>\n<\/tr>\n<tr>\n<td class=\"label\">Elad\u00f3 egys\u00e9gek<\/td>\n<td>Egyetlen t\u00e9tel<\/td>\n<\/tr>\n<tr>\n<td class=\"label\">Egyetlen csomagm\u00e9ret<\/td>\n<td>10X10X10 cm<\/td>\n<\/tr>\n<tr>\n<td class=\"label\">Egyetlen brutt\u00f3 t\u00f6meg<\/td>\n<td>3.000 KG<\/td>\n<\/tr>\n<\/table>\n<h2>Gy\u00e1rt\u00f3 b\u00e1zisunk<\/h2>\n<h3>Gy\u00e1ri panor\u00e1ma<\/h3>\n<p><img decoding=\"async\" src=\"\/wp-content\/uploads\/factory-01.webp\"\/><\/p>\n<h3>Alum\u00ednium r\u00fadgy\u00e1rt\u00f3 m\u0171hely<\/h3>\n<p><img decoding=\"async\" src=\"\/wp-content\/uploads\/factory-02.webp\"\/><\/p>\n<\/p>\n<p><img decoding=\"async\" src=\"\/wp-content\/uploads\/factory-03.webp\"\/><\/p>\n<h3>Pen\u00e9sz rakt\u00e1r<\/h3>\n<p><img decoding=\"async\" src=\"\/wp-content\/uploads\/factory-04.webp\"\/><\/p>\n<h3>43 alum\u00ednium extrud\u00e1l\u00f3 vonal (500-5500 tonna)<\/h3>\n<p><img decoding=\"async\" src=\"\/wp-content\/uploads\/factory-05.webp\"\/><\/p>\n<p><img decoding=\"async\" src=\"\/wp-content\/uploads\/factory-06.webp\"\/><\/p>\n<p><img decoding=\"async\" src=\"\/wp-content\/uploads\/factory-07.webp\"\/><\/p>\n<h3>Porfest\u0151 m\u0171hely<\/h3>\n<p><img decoding=\"async\" src=\"\/wp-content\/uploads\/factory-09.webp\"\/><\/p>\n<h3>Anodiz\u00e1l\u00f3 m\u0171hely<\/h3>\n<p><img decoding=\"async\" src=\"\/wp-content\/uploads\/factory-10.webp\"\/><\/p>\n<h3>M\u00e9ly feldolgoz\u00e1si m\u0171hely<\/h3>\n<p><img decoding=\"async\" src=\"\/wp-content\/uploads\/factory-11.webp\"\/><\/p>\n<h3>CNC prec\u00edzi\u00f3s megmunk\u00e1l\u00f3 m\u0171hely<\/h3>\n<p><img decoding=\"async\" src=\"\/wp-content\/uploads\/factory-11.5.webp\"\/><\/p>\n<h3>K\u00e9szterm\u00e9k \u00e9s export rakt\u00e1r<\/h3>\n<p><img decoding=\"async\" src=\"\/wp-content\/uploads\/factory-12.webp\"\/><\/p>\n<p><img decoding=\"async\" src=\"\/wp-content\/uploads\/factory-13.webp\"\/><\/p>\n<p><img decoding=\"async\" src=\"\/wp-content\/uploads\/factory-14.webp\"\/><\/p>\n<h2>GYIK<\/h2>\n<p><b>1.Mik az alum\u00ednium sz\u00e1m\u00edt\u00f3g\u00e9ph\u00e1z haszn\u00e1lat\u00e1nak el\u0151nyei?<\/b><\/p>\n<p>Az alum\u00ednium sz\u00e1m\u00edt\u00f3g\u00e9ph\u00e1z kiv\u00e1l\u00f3 h\u0151elvezet\u00e9st, korr\u00f3zi\u00f3\u00e1ll\u00f3s\u00e1got \u00e9s k\u00f6nny\u0171 tart\u00f3ss\u00e1got biztos\u00edt.\n<\/p>\n<p><\/p>\n<p><b>2.Is egy alum\u00ednium sz\u00e1m\u00edt\u00f3g\u00e9ph\u00e1z jobb a h\u0171t\u00e9s?<\/b><\/p>\n<p>Igen, az alum\u00ednium sz\u00e1m\u00edt\u00f3g\u00e9ph\u00e1zak kiv\u00e1l\u00f3 h\u0151vezet\u0151 k\u00e9pess\u00e9ggel rendelkeznek, \u00edgy ide\u00e1lisak a jobb h\u0151elvezet\u00e9shez.\n<\/p>\n<p><\/p>\n<p><b>3.Does egy alum\u00ednium sz\u00e1m\u00edt\u00f3g\u00e9ph\u00e1z jobb tart\u00f3ss\u00e1got k\u00edn\u00e1l?<\/b><\/p>\n<p>Az alum\u00ednium sz\u00e1m\u00edt\u00f3g\u00e9ph\u00e1zak nagy szil\u00e1rds\u00e1g\/t\u00f6meg ar\u00e1nyukr\u00f3l ismertek, \u00edgy fokozott tart\u00f3ss\u00e1got biztos\u00edtanak nagyobb t\u00f6meg n\u00e9lk\u00fcl.\n<\/p>\n<p><\/p>\n<p><b>4.Az alum\u00ednium ellen\u00e1ll a korr\u00f3zi\u00f3nak?<\/b><\/p>\n<p>Igen, az alum\u00ednium term\u00e9szetesen ellen\u00e1ll a korr\u00f3zi\u00f3nak, ami meghosszabb\u00edtja a sz\u00e1m\u00edt\u00f3g\u00e9ph\u00e1z \u00e9lettartam\u00e1t a k\u00fcl\u00f6nb\u00f6z\u0151 k\u00f6rnyezetekben.\n<\/p>\n<p><\/p>\n<p><b>5.Az alum\u00ednium sz\u00e1m\u00edt\u00f3g\u00e9ph\u00e1zak cs\u00f6kkenthetik az elektrom\u00e1gneses interferenci\u00e1t?<\/b><\/p>\n<p>Az alum\u00edniumh\u00e1zak hat\u00e9kony EMI-\u00e1rny\u00e9kol\u00e1st biztos\u00edtanak, megv\u00e9dve a bels\u0151 alkatr\u00e9szeket az elektrom\u00e1gneses interferenci\u00e1t\u00f3l.\n<\/p>\n<p><\/p>\n<p><b>6.Alkalmasak-e az alum\u00ednium sz\u00e1m\u00edt\u00f3g\u00e9ph\u00e1zak ipari felhaszn\u00e1l\u00e1sra?<\/b><\/p>\n<p>Az alum\u00ednium sz\u00e1m\u00edt\u00f3g\u00e9ph\u00e1zak testreszabhat\u00f3k \u00e9s tart\u00f3sak, \u00edgy j\u00f3l alkalmazhat\u00f3k ipari \u00e9s kereskedelmi c\u00e9lokra.\n<\/p>\n<p><\/p>\n<p><b>7.Az alum\u00ednium k\u00f6nnyebb, mint az ac\u00e9l a sz\u00e1m\u00edt\u00f3g\u00e9ph\u00e1zak eset\u00e9ben?<\/b><\/p>\n<p>Igen, az alum\u00ednium l\u00e9nyegesen k\u00f6nnyebb, mint az ac\u00e9l, ami megk\u00f6nny\u00edti a sz\u00e1m\u00edt\u00f3g\u00e9ph\u00e1zak sz\u00e1ll\u00edt\u00e1s\u00e1t \u00e9s beszerel\u00e9s\u00e9t.\n<\/p>\n<p><\/p>\n<p><b>8.Az alum\u00ednium tokok k\u00f6nnyen karbantarthat\u00f3k?<\/b><\/p>\n<p>Az alum\u00ednium sz\u00e1m\u00edt\u00f3g\u00e9ph\u00e1zak gyakran szersz\u00e1mmentes kialak\u00edt\u00e1s\u00faak, \u00edgy a karbantart\u00e1s \u00e9s a friss\u00edt\u00e9s gyors \u00e9s probl\u00e9mamentes.\n<\/p>\n<p><\/p>","protected":false},"featured_media":10703,"template":"","categories":[58],"class_list":["post-10704","product","type-product","status-publish","has-post-thumbnail","hentry","category-aluminium-extrusion-profiles"],"meta_box":{"hilight_text_group":{"product_hilight_text":"\r\n<li>High-strength aluminum structure for enhanced durability<\/li>\r\n<li>Excellent heat dissipation for optimized system cooling<\/li>\r\n<li>Corrosion-resistant surface ensures long-term use<\/li>\r\n<li>Lightweight design for easier transportation and installation<\/li>\r\n<li>Customizable size and finish for industrial applications<\/li>\r\n<li>EMI shielding capability protects internal components<\/li>\r\n<li>Tool-free design simplifies maintenance and upgrades<\/li>\r\n"},"feature_list":[]},"_links":{"self":[{"href":"https:\/\/sinoextrud.com\/hu\/wp-json\/wp\/v2\/product\/10704","targetHints":{"allow":["GET"]}}],"collection":[{"href":"https:\/\/sinoextrud.com\/hu\/wp-json\/wp\/v2\/product"}],"about":[{"href":"https:\/\/sinoextrud.com\/hu\/wp-json\/wp\/v2\/types\/product"}],"wp:featuredmedia":[{"embeddable":true,"href":"https:\/\/sinoextrud.com\/hu\/wp-json\/wp\/v2\/media\/10703"}],"wp:attachment":[{"href":"https:\/\/sinoextrud.com\/hu\/wp-json\/wp\/v2\/media?parent=10704"}],"wp:term":[{"taxonomy":"category","embeddable":true,"href":"https:\/\/sinoextrud.com\/hu\/wp-json\/wp\/v2\/categories?post=10704"}],"curies":[{"name":"wp","href":"https:\/\/api.w.org\/{rel}","templated":true}]}}