{"id":10667,"date":"2025-07-25T08:03:16","date_gmt":"2025-07-25T08:03:16","guid":{"rendered":"https:\/\/sinoextrud.com\/product\/oem-skived-fin-aluminum-heat-sink-supplier\/"},"modified":"2025-07-25T08:03:16","modified_gmt":"2025-07-25T08:03:16","slug":"oem-skived-fin-aluminium-hutoborda-szallito","status":"publish","type":"product","link":"https:\/\/sinoextrud.com\/hu\/product\/oem-skived-fin-aluminum-heat-sink-supplier\/","title":{"rendered":"OEM Skived Fin alum\u00ednium h\u0171t\u0151bord\u00e1k sz\u00e1ll\u00edt\u00f3ja"},"content":{"rendered":"<h2>Term\u00e9kek r\u00e9szletei<\/h2>\n<table class=\"custom-table\">\n<tr>\n<td class=\"label\">g\u00e9pvizsg\u00e1lati jelent\u00e9s<\/td>\n<td>Felt\u00f6ltve:<\/td>\n<\/tr>\n<tr>\n<td class=\"label\">vide\u00f3 kimen\u0151-ellen\u0151rz\u00e9s<\/td>\n<td>Felt\u00f6ltve:<\/td>\n<\/tr>\n<tr>\n<td class=\"label\">garancia<\/td>\n<td>2 \u00e9v<\/td>\n<\/tr>\n<tr>\n<td class=\"label\">alkalmaz\u00e1s<\/td>\n<td>H\u0171t\u0151alkatr\u00e9szek<\/td>\n<\/tr>\n<tr>\n<td class=\"label\">t\u00edpus<\/td>\n<td>H\u0151cser\u00e9l\u0151 alkatr\u00e9szek<\/td>\n<\/tr>\n<tr>\n<td class=\"label\">Term\u00e9k neve<\/td>\n<td>skived fin h\u0171t\u0151bord\u00e1k sz\u00e1ll\u00edt\u00f3 OEM alum\u00ednium h\u0171t\u0151borda<\/td>\n<\/tr>\n<tr>\n<td class=\"label\">M\u00e9ret<\/td>\n<td>Egyedi \u00e9s rakt\u00e1rk\u00e9szlet<\/td>\n<\/tr>\n<tr>\n<td class=\"label\">Anyag<\/td>\n<td>Alum\u00ednium + r\u00e9zcs\u0151<\/td>\n<\/tr>\n<tr>\n<td class=\"label\">Sz\u00ednes<\/td>\n<td>Term\u00e9szet<\/td>\n<\/tr>\n<tr>\n<td class=\"label\">Befejez\u00e9s<\/td>\n<td>Fr\u00f6ccs\u00f6nt\u00f6tt, pol\u00edrozott<\/td>\n<\/tr>\n<tr>\n<td class=\"label\">Folyamat<\/td>\n<td>CNC mar\u00e1s + s\u00farl\u00f3d\u00e1sos hegeszt\u00e9s<\/td>\n<\/tr>\n<tr>\n<td class=\"label\">Tolerancia<\/td>\n<td>+\/-0,01mm<\/td>\n<\/tr>\n<tr>\n<td class=\"label\">Szolg\u00e1ltat\u00e1s<\/td>\n<td>ODM OEM<\/td>\n<\/tr>\n<tr>\n<td class=\"label\">MOQ<\/td>\n<td>1 darab<\/td>\n<\/tr>\n<tr>\n<td class=\"label\">Csomagol\u00e1s<\/td>\n<td>Polywood tok<\/td>\n<\/tr>\n<tr>\n<td class=\"label\">Csomagol\u00e1s r\u00e9szletei<\/td>\n<td>testreszabott csomagol\u00e1s az \u00fcgyf\u00e9l k\u00e9r\u00e9se szerint, \u00e1ltal\u00e1ban: <br \/>\nV: Malomipari befejez\u00e9s, m\u0171anyag zsugorf\u00f3lia.  <br \/>\nB: elox\u00e1l\u00e1s vagy er\u0151bevonat, bel\u00fclr\u0151l csomagolva a m\u0171anyag v\u00e9d\u0151f\u00f3li\u00e1val + PEPE hab + zsugorf\u00f3lia vagy v\u00edz\u00e1ll\u00f3 er\u0151pap\u00edr.<br \/>\nC:Ha kis cnc alkatr\u00e9sz, EPE hab+kartonok.  <br \/>\nD: Ha az \u00fcgyf\u00e9lnek k\u00fcl\u00f6nleges k\u00e9r\u00e9se van, akkor a fadobozt biztos\u00edthatjuk.<\/td>\n<\/tr>\n<tr>\n<td class=\"label\">Elad\u00f3 egys\u00e9gek<\/td>\n<td>Egyetlen t\u00e9tel<\/td>\n<\/tr>\n<tr>\n<td class=\"label\">Egyetlen csomagm\u00e9ret<\/td>\n<td>30X10X10 cm<\/td>\n<\/tr>\n<tr>\n<td class=\"label\">Egyetlen brutt\u00f3 t\u00f6meg<\/td>\n<td>1.000 KG<\/td>\n<\/tr>\n<\/table>\n<h2>Gy\u00e1rt\u00f3 b\u00e1zisunk<\/h2>\n<h3>Gy\u00e1ri panor\u00e1ma<\/h3>\n<p><img decoding=\"async\" src=\"\/wp-content\/uploads\/factory-01.webp\"\/><\/p>\n<h3>Alum\u00ednium r\u00fadgy\u00e1rt\u00f3 m\u0171hely<\/h3>\n<p><img decoding=\"async\" src=\"\/wp-content\/uploads\/factory-02.webp\"\/><\/p>\n<p><img decoding=\"async\" src=\"\/wp-content\/uploads\/factory-03.webp\"\/><\/p>\n<h3>Pen\u00e9sz rakt\u00e1r<\/h3>\n<p><img decoding=\"async\" src=\"\/wp-content\/uploads\/factory-04.webp\"\/><\/p>\n<h3>43 alum\u00ednium extrud\u00e1l\u00f3 vonal (500-5500 tonna)<\/h3>\n<p><img decoding=\"async\" src=\"\/wp-content\/uploads\/factory-05.webp\"\/><\/p>\n<p><img decoding=\"async\" src=\"\/wp-content\/uploads\/factory-06.webp\"\/><\/p>\n<p><img decoding=\"async\" src=\"\/wp-content\/uploads\/factory-07.webp\"\/><\/p>\n<h3>Porfest\u0151 m\u0171hely<\/h3>\n<p><img decoding=\"async\" src=\"\/wp-content\/uploads\/factory-09.webp\"\/><\/p>\n<h3>Anodiz\u00e1l\u00f3 m\u0171hely<\/h3>\n<p><img decoding=\"async\" src=\"\/wp-content\/uploads\/factory-10.webp\"\/><\/p>\n<h3>M\u00e9ly feldolgoz\u00e1si m\u0171hely<\/h3>\n<p><img decoding=\"async\" src=\"\/wp-content\/uploads\/factory-11.webp\"\/><\/p>\n<h3>CNC prec\u00edzi\u00f3s megmunk\u00e1l\u00f3 m\u0171hely<\/h3>\n<p><img decoding=\"async\" src=\"\/wp-content\/uploads\/factory-11.5.webp\"\/><\/p>\n<h3>K\u00e9szterm\u00e9k \u00e9s export rakt\u00e1r<\/h3>\n<p><img decoding=\"async\" src=\"\/wp-content\/uploads\/factory-12.webp\"\/><\/p>\n<p><img decoding=\"async\" src=\"\/wp-content\/uploads\/factory-13.webp\"\/><\/p>\n<p><img decoding=\"async\" src=\"\/wp-content\/uploads\/factory-14.webp\"\/><\/p>\n<h2>GYIK<\/h2>\n<p><p><b>1.Mi az az alum\u00ednium h\u0171t\u0151borda?<\/b><\/p>\n<p>A kopasztott lamell\u00e1s h\u0171t\u0151bord\u00e1k k\u00f6zvetlen\u00fcl egyetlen alum\u00edniumt\u00f6mbb\u0151l t\u00f6rt\u00e9n\u0151 szeletel\u00e9ssel \u00e9s form\u00e1z\u00e1ssal k\u00e9sz\u00fclnek, ami jobb h\u0151\u00e1tad\u00e1st biztos\u00edt.<br \/>\n<\/p><br \/>\n<br \/>\n<p><b>2.Mi\u00e9rt v\u00e1lasszon a hagyom\u00e1nyos ragasztott lamell\u00e1kkal szemben a kopott lamell\u00e1s kialak\u00edt\u00e1st?<\/b><\/p>\n<p>A lecsapott lamell\u00e1k a folyamatos anyag\u00e1raml\u00e1s \u00e9s a cs\u00f6kkentett h\u0151ellen\u00e1ll\u00e1s miatt jobb h\u0151teljes\u00edtm\u00e9nyt biztos\u00edtanak.<br \/>\n<\/p><br \/>\n<br \/>\n<p><b>3.Is az OEM Skived Fin alum\u00ednium h\u0171t\u0151borda testreszabhat\u00f3?<\/b><\/p>\n<p>Igen, teljes OEM testreszab\u00e1st k\u00edn\u00e1lunk, bele\u00e9rtve a m\u00e9retet, az uszonyok magass\u00e1g\u00e1t, az oszt\u00e1st \u00e9s az alapvastags\u00e1got.<br \/>\n<\/p><br \/>\n<br \/>\n<p><b>4.Milyen ipar\u00e1gak haszn\u00e1lj\u00e1k a kopott alum\u00ednium h\u0171t\u0151bord\u00e1kat?<\/b><\/p>\n<p>Sz\u00e9les k\u00f6rben haszn\u00e1lj\u00e1k \u0151ket a teljes\u00edtm\u00e9nyelektronik\u00e1ban, a kommunik\u00e1ci\u00f3s berendez\u00e9sekben, a szerverekben \u00e9s az elektromos j\u00e1rm\u0171vekben.<br \/>\n<\/p><br \/>\n<br \/>\n<p><b>5.Milyen anyagot haszn\u00e1lnak az \u00d6n \u00e1ltal k\u00e9sz\u00edtett h\u0151elnyel\u0151kn\u00e9l?<\/b><\/p>\n<p>A maxim\u00e1lis h\u0151teljes\u00edtm\u00e9nyt biztos\u00edt\u00f3, v\u00e1zas lamell\u00e1s h\u0171t\u0151bord\u00e1ink nagy vezet\u0151k\u00e9pess\u00e9g\u0171 alum\u00edniumb\u00f3l k\u00e9sz\u00fclnek.<br \/>\n<\/p><br \/>\n<br \/>\n<p><b>6.T\u00e1mogathatj\u00e1k-e az akt\u00edv h\u0171t\u00e9st a kopott lamell\u00e1s h\u0171t\u0151bord\u00e1k?<\/b><\/p>\n<p>Igen, kompatibilisek a ventil\u00e1torokkal vagy folyad\u00e9kh\u0171t\u00e9si rendszerekkel a fokozott h\u0151teljes\u00edtm\u00e9ny \u00e9rdek\u00e9ben.<br \/>\n<\/p><br \/>\n<br \/>\n<p><b>7.Jav\u00edtja-e a megb\u00edzhat\u00f3s\u00e1got az egy darabb\u00f3l \u00e1ll\u00f3 szerkezet?<\/b><\/p>\n<p>Igen, kik\u00fcsz\u00f6b\u00f6li az interf\u00e9sz-ellen\u00e1ll\u00e1st \u00e9s jav\u00edtja a szerkezeti szil\u00e1rds\u00e1got, biztos\u00edtva a hossz\u00fa t\u00e1v\u00fa megb\u00edzhat\u00f3s\u00e1got.<br \/>\n<\/p><br \/>\n<br \/>\n<p><b>8.Alkalmasak-e az \u00f6n\u00f6k kopott lamell\u00e1s h\u0171t\u0151bord\u00e1i nagy s\u0171r\u0171s\u00e9g\u0171 alkatr\u00e9szekhez?<\/b><\/p>\n<p>Kompakt kialak\u00edt\u00e1suk \u00e9s nagy lamellas\u0171r\u0171s\u00e9g\u00fck miatt ide\u00e1lisak a s\u0171r\u0171 elektronika h\u0171t\u00e9s\u00e9re.<br \/>\n<\/p><br \/><\/p>","protected":false},"featured_media":10666,"template":"","categories":[72],"class_list":["post-10667","product","type-product","status-publish","has-post-thumbnail","hentry","category-extruded-aluminum-heatsink"],"meta_box":{"hilight_text_group":{"product_hilight_text":"<li>High-efficiency skived fin technology enhances surface area and heat dissipation<\/li>\r\n<li>Manufactured from high-conductivity aluminum for superior thermal performance<\/li>\r\n<li>OEM support with custom size, fin density, and base thickness options<\/li>\r\n<li>Single-piece construction ensures better thermal resistance and mechanical strength<\/li>\r\n<li>Ideal for high-power electronics, IGBTs, and data center cooling applications<\/li>\r\n<li>Lightweight design suitable for compact and space-constrained systems<\/li>\r\n<li>Scalable production for small to large batch orders with consistent quality<\/li>","product_chanpin_chanpin":"<ul>\r\n<li><a href=\"https:\/\/sinoextrud.com\/product\/aluminium-extrusion-6061-6082-7075-aluminum-alloy-profiles\/\" target=\"_blank\">6061 aluminum extrusion<\/a><\/li>\r\n<li><a href=\"https:\/\/sinoextrud.com\/product\/oval-aluminum-extrud-profile\/\" target=\"_blank\">oval aluminum extrusion<\/a><\/li>\r\n<li><a href=\"https:\/\/sinoextrud.com\/product\/aluminium-extrusion-anodised-aluminium-tube\/\" target=\"_blank\">anodised aluminium tube<\/a><\/li>\r\n<li><a href=\"https:\/\/sinoextrud.com\/product\/c-shaped-closed-linear-ceiling-system\/\" target=\"_blank\">linear closed ceilings<\/a><\/li>\r\n<li><a href=\"https:\/\/sinoextrud.com\/product\/the-new-perforated-ceiling-system\/\" target=\"_blank\">perforated french ceilings<\/a><\/li>\r\n<li><a href=\"https:\/\/sinoextrud.com\/product\/aluminum-extrusion-7003-7005-7020\/\" target=\"_blank\">7020 aluminum<\/a><\/li>\r\n<\/ul>","product_chanpin_blog":"<ul>\r\n<li><a href=\"https:\/\/sinoextrud.com\/t-slot-v-slot-differences\/\" target=\"_blank\">t slot vs v slot<\/a><\/li>\r\n<li><a href=\"https:\/\/sinoextrud.com\/what-is-4040-aluminium-extrud\/\" target=\"_blank\">4040 aluminium extrusion<\/a><\/li>\r\n<li><a href=\"https:\/\/sinoextrud.com\/what-is-4040-aluminium-extrud\/\" target=\"_blank\">aluminum extrusions for industrial racks<\/a><\/li>\r\n<li><a href=\"https:\/\/sinoextrud.com\/powder-coating-aluminium-process\/\" target=\"_blank\">powder coating aluminium<\/a><\/li>\r\n<li><a href=\"https:\/\/sinoextrud.com\/what-is-an-aluminium-strip-ceiling\/\" target=\"_blank\">aluminium strip ceiling<\/a><\/li>\r\n<li><a href=\"https:\/\/sinoextrud.com\/what-is-a-heat-sink\/\" target=\"_blank\">what is a heat sink<\/a><\/li>\r\n<\/ul>"},"feature_list":[]},"_links":{"self":[{"href":"https:\/\/sinoextrud.com\/hu\/wp-json\/wp\/v2\/product\/10667","targetHints":{"allow":["GET"]}}],"collection":[{"href":"https:\/\/sinoextrud.com\/hu\/wp-json\/wp\/v2\/product"}],"about":[{"href":"https:\/\/sinoextrud.com\/hu\/wp-json\/wp\/v2\/types\/product"}],"wp:featuredmedia":[{"embeddable":true,"href":"https:\/\/sinoextrud.com\/hu\/wp-json\/wp\/v2\/media\/10666"}],"wp:attachment":[{"href":"https:\/\/sinoextrud.com\/hu\/wp-json\/wp\/v2\/media?parent=10667"}],"wp:term":[{"taxonomy":"category","embeddable":true,"href":"https:\/\/sinoextrud.com\/hu\/wp-json\/wp\/v2\/categories?post=10667"}],"curies":[{"name":"wp","href":"https:\/\/api.w.org\/{rel}","templated":true}]}}