{"id":10665,"date":"2025-07-25T08:01:48","date_gmt":"2025-07-25T08:01:48","guid":{"rendered":"https:\/\/sinoextrud.com\/product\/oem-black-anodized-led-aluminum-heatsink-radiator\/"},"modified":"2025-07-25T08:01:48","modified_gmt":"2025-07-25T08:01:48","slug":"oem-fekete-eloxalt-led-aluminium-hutoborda-hutobordak","status":"publish","type":"product","link":"https:\/\/sinoextrud.com\/hu\/product\/oem-black-anodized-led-aluminum-heatsink-radiator\/","title":{"rendered":"OEM fekete elox\u00e1lt LED alum\u00ednium h\u0171t\u0151borda h\u0171t\u0151borda h\u0171t\u0151szekr\u00e9ny"},"content":{"rendered":"<h2>Term\u00e9kek r\u00e9szletei<\/h2>\n<table class=\"custom-table\">\n<tr>\n<td class=\"label\">Fokozat<\/td>\n<td>6000-es sorozat<\/td>\n<\/tr>\n<tr>\n<td class=\"label\">Tolerancia<\/td>\n<td>\u00b11%<\/td>\n<\/tr>\n<tr>\n<td class=\"label\">Sz\u00e1ll\u00edt\u00e1si id\u0151<\/td>\n<td>7 napon bel\u00fcl<\/td>\n<\/tr>\n<tr>\n<td class=\"label\">Temper<\/td>\n<td>T3-T8<\/td>\n<\/tr>\n<tr>\n<td class=\"label\">Alkalmaz\u00e1s<\/td>\n<td>led\/elektronika\/cpu<\/td>\n<\/tr>\n<tr>\n<td class=\"label\">Shape<\/td>\n<td>egy\u00e9ni<\/td>\n<\/tr>\n<tr>\n<td class=\"label\">\u00d6tv\u00f6zet vagy sem<\/td>\n<td>Az \u00f6tv\u00f6zet<\/td>\n<\/tr>\n<tr>\n<td class=\"label\">Feldolgoz\u00f3 szolg\u00e1ltat\u00e1s<\/td>\n<td>Hajl\u00edt\u00e1s, tekercsel\u00e9s, hegeszt\u00e9s, lyukaszt\u00e1s, v\u00e1g\u00e1s<\/td>\n<\/tr>\n<tr>\n<td class=\"label\">Term\u00e9k neve<\/td>\n<td>Fekete elox\u00e1lt extrud\u00e1lt alum\u00ednium LED h\u0171t\u0151borda<\/td>\n<\/tr>\n<tr>\n<td class=\"label\">Elad\u00f3 egys\u00e9gek<\/td>\n<td>Egyetlen t\u00e9tel<\/td>\n<\/tr>\n<tr>\n<td class=\"label\">Egyetlen csomagm\u00e9ret<\/td>\n<td>30X20X20 cm<\/td>\n<\/tr>\n<tr>\n<td class=\"label\">Egyetlen brutt\u00f3 t\u00f6meg<\/td>\n<td>30.000 KG<\/td>\n<\/tr>\n<\/table>\n<h2>Gy\u00e1rt\u00f3 b\u00e1zisunk<\/h2>\n<h3>Gy\u00e1ri panor\u00e1ma<\/h3>\n<p><img decoding=\"async\" src=\"\/wp-content\/uploads\/factory-01.webp\"\/><\/p>\n<h3>Alum\u00ednium r\u00fadgy\u00e1rt\u00f3 m\u0171hely<\/h3>\n<p><img decoding=\"async\" src=\"\/wp-content\/uploads\/factory-02.webp\"\/><\/p>\n<p><img decoding=\"async\" src=\"\/wp-content\/uploads\/factory-03.webp\"\/><\/p>\n<h3>Pen\u00e9sz rakt\u00e1r<\/h3>\n<p><img decoding=\"async\" src=\"\/wp-content\/uploads\/factory-04.webp\"\/><\/p>\n<h3>43 alum\u00ednium extrud\u00e1l\u00f3 vonal (500-5500 tonna)<\/h3>\n<p><img decoding=\"async\" src=\"\/wp-content\/uploads\/factory-05.webp\"\/><\/p>\n<p><img decoding=\"async\" src=\"\/wp-content\/uploads\/factory-06.webp\"\/><\/p>\n<p><img decoding=\"async\" src=\"\/wp-content\/uploads\/factory-07.webp\"\/><\/p>\n<h3>Porfest\u0151 m\u0171hely<\/h3>\n<p><img decoding=\"async\" src=\"\/wp-content\/uploads\/factory-09.webp\"\/><\/p>\n<h3>Anodiz\u00e1l\u00f3 m\u0171hely<\/h3>\n<p><img decoding=\"async\" src=\"\/wp-content\/uploads\/factory-10.webp\"\/><\/p>\n<h3>M\u00e9ly feldolgoz\u00e1si m\u0171hely<\/h3>\n<p><img decoding=\"async\" src=\"\/wp-content\/uploads\/factory-11.webp\"\/><\/p>\n<h3>CNC prec\u00edzi\u00f3s megmunk\u00e1l\u00f3 m\u0171hely<\/h3>\n<p><img decoding=\"async\" src=\"\/wp-content\/uploads\/factory-11.5.webp\"\/><\/p>\n<h3>K\u00e9szterm\u00e9k \u00e9s export rakt\u00e1r<\/h3>\n<p><img decoding=\"async\" src=\"\/wp-content\/uploads\/factory-12.webp\"\/><\/p>\n<p><img decoding=\"async\" src=\"\/wp-content\/uploads\/factory-13.webp\"\/><\/p>\n<p><img decoding=\"async\" src=\"\/wp-content\/uploads\/factory-14.webp\"\/><\/p>\n<h2>GYIK<\/h2>\n<p><p><b>1.Milyen anyagot haszn\u00e1lnak az OEM fekete elox\u00e1lt LED alum\u00ednium h\u0171t\u0151bord\u00e1ban?<\/b><\/p>\n<p>Pr\u00e9mium min\u0151s\u00e9g\u0171 alum\u00edniumb\u00f3l k\u00e9sz\u00fcl, amely nagy h\u0151vezet\u0151 k\u00e9pess\u00e9get \u00e9s szerkezeti szil\u00e1rds\u00e1got biztos\u00edt.<br \/>\n<\/p><br \/>\n<br \/>\n<p><b>2.Mi\u00e9rt fekete a h\u0171t\u0151borda elox\u00e1lt?<\/b><\/p>\n<p>A fekete elox\u00e1lt fel\u00fclet jav\u00edtja a h\u0151sug\u00e1rz\u00e1st, n\u00f6veli a korr\u00f3zi\u00f3\u00e1ll\u00f3s\u00e1got \u00e9s eleg\u00e1ns megjelen\u00e9st k\u00f6lcs\u00f6n\u00f6z.<br \/>\n<\/p><br \/>\n<br \/>\n<p><b>3.Can a LED alum\u00ednium h\u0171t\u0151borda radi\u00e1tor testre szabhat\u00f3?<\/b><\/p>\n<p>Igen, OEM testreszab\u00e1st biztos\u00edtunk a m\u00e9retek, az uszonyok kialak\u00edt\u00e1sa \u00e9s a szerel\u00e9si interf\u00e9szek tekintet\u00e9ben.<br \/>\n<\/p><br \/>\n<br \/>\n<p><b>4.Mik a LED h\u0171t\u0151bord\u00e1k els\u0151dleges alkalmaz\u00e1si ter\u00fcletei?<\/b><\/p>\n<p>LED-es vil\u00e1g\u00edt\u00e1si rendszerekhez tervezt\u00e9k, bele\u00e9rtve a reflektorokat, reflektorokat \u00e9s ipari l\u00e1mpatesteket.<br \/>\n<\/p><br \/>\n<br \/>\n<p><b>5.Ez a h\u0171t\u0151borda alkalmas passz\u00edv h\u0171t\u00e9sre?<\/b><\/p>\n<p>Igen, a lamellaszerkezet \u00e9s a fel\u00fcletkezel\u00e9s ide\u00e1lis a passz\u00edv h\u0151elvezet\u00e9shez.<br \/>\n<\/p><br \/>\n<br \/>\n<p><b>6.How ez a term\u00e9k jav\u00edtja a LED \u00e9lettartam\u00e1t?<\/b><\/p>\n<p>Alacsonyan tartja a LED-csom\u00f3pontok h\u0151m\u00e9rs\u00e9klet\u00e9t, ami cs\u00f6kkenti a h\u0151terhel\u00e9st \u00e9s meghosszabb\u00edtja az \u00e9lettartamot.<br \/>\n<\/p><br \/>\n<br \/>\n<p><b>7.A h\u0171t\u0151borda kompatibilis az akt\u00edv h\u0171t\u0151rendszerekkel?<\/b><\/p>\n<p>Igen, ventil\u00e1torokkal vagy h\u0151p\u00e1rn\u00e1kkal integr\u00e1lhat\u00f3 a h\u0171t\u00e9si teljes\u00edtm\u00e9ny n\u00f6vel\u00e9se \u00e9rdek\u00e9ben.<br \/>\n<\/p><br \/>\n<br \/>\n<p><b>8.A fekete elox\u00e1lt fel\u00fclet befoly\u00e1solja az elektromos szigetel\u00e9st?<\/b><\/p>\n<p>Igen, az elox\u00e1l\u00e1s nem vezet\u0151 fel\u00fcleti r\u00e9teget biztos\u00edt, ami jav\u00edtja az elektromos szigetel\u00e9st \u00e9s a biztons\u00e1got.<br \/>\n<\/p><br \/><\/p>","protected":false},"featured_media":10664,"template":"","categories":[72],"class_list":["post-10665","product","type-product","status-publish","has-post-thumbnail","hentry","category-extruded-aluminum-heatsink"],"meta_box":{"hilight_text_group":{"product_hilight_text":"<li>Black anodized surface improves thermal radiation and corrosion resistance<\/li>\r\n<li>Made from high-quality aluminum for excellent heat dissipation<\/li>\r\n<li>Designed specifically for LED lighting systems and thermal control<\/li>\r\n<li>OEM customization available for size, shape, and mounting features<\/li>\r\n<li>Lightweight, durable construction for easy integration into LED housings<\/li>\r\n<li>Supports both passive and active cooling methods<\/li>\r\n<li>Enhances LED performance and extends service life<\/li>","product_chanpin_chanpin":"<ul>\r\n<li><a href=\"https:\/\/sinoextrud.com\/product\/aluminium-extrusion-6061-6082-7075-aluminum-alloy-profiles\/\" target=\"_blank\">6061 aluminum extrusion<\/a><\/li>\r\n<li><a href=\"https:\/\/sinoextrud.com\/product\/oval-aluminum-extrud-profile\/\" target=\"_blank\">oval aluminum extrusion<\/a><\/li>\r\n<li><a href=\"https:\/\/sinoextrud.com\/product\/aluminium-extrusion-anodised-aluminium-tube\/\" target=\"_blank\">anodised aluminium tube<\/a><\/li>\r\n<li><a href=\"https:\/\/sinoextrud.com\/product\/c-shaped-closed-linear-ceiling-system\/\" target=\"_blank\">linear closed ceilings<\/a><\/li>\r\n<li><a href=\"https:\/\/sinoextrud.com\/product\/the-new-perforated-ceiling-system\/\" target=\"_blank\">perforated french ceilings<\/a><\/li>\r\n<li><a href=\"https:\/\/sinoextrud.com\/product\/aluminum-extrusion-7003-7005-7020\/\" target=\"_blank\">7020 aluminum<\/a><\/li>\r\n<\/ul>","product_chanpin_blog":"<ul>\r\n<li><a href=\"https:\/\/sinoextrud.com\/t-slot-v-slot-differences\/\" target=\"_blank\">t slot vs v slot<\/a><\/li>\r\n<li><a href=\"https:\/\/sinoextrud.com\/what-is-4040-aluminium-extrud\/\" target=\"_blank\">4040 aluminium extrusion<\/a><\/li>\r\n<li><a href=\"https:\/\/sinoextrud.com\/what-is-4040-aluminium-extrud\/\" target=\"_blank\">aluminum extrusions for industrial racks<\/a><\/li>\r\n<li><a href=\"https:\/\/sinoextrud.com\/powder-coating-aluminium-process\/\" target=\"_blank\">powder coating aluminium<\/a><\/li>\r\n<li><a href=\"https:\/\/sinoextrud.com\/what-is-an-aluminium-strip-ceiling\/\" target=\"_blank\">aluminium strip ceiling<\/a><\/li>\r\n<li><a href=\"https:\/\/sinoextrud.com\/what-is-a-heat-sink\/\" target=\"_blank\">what is a heat sink<\/a><\/li>\r\n<\/ul>"},"feature_list":[]},"_links":{"self":[{"href":"https:\/\/sinoextrud.com\/hu\/wp-json\/wp\/v2\/product\/10665","targetHints":{"allow":["GET"]}}],"collection":[{"href":"https:\/\/sinoextrud.com\/hu\/wp-json\/wp\/v2\/product"}],"about":[{"href":"https:\/\/sinoextrud.com\/hu\/wp-json\/wp\/v2\/types\/product"}],"wp:featuredmedia":[{"embeddable":true,"href":"https:\/\/sinoextrud.com\/hu\/wp-json\/wp\/v2\/media\/10664"}],"wp:attachment":[{"href":"https:\/\/sinoextrud.com\/hu\/wp-json\/wp\/v2\/media?parent=10665"}],"wp:term":[{"taxonomy":"category","embeddable":true,"href":"https:\/\/sinoextrud.com\/hu\/wp-json\/wp\/v2\/categories?post=10665"}],"curies":[{"name":"wp","href":"https:\/\/api.w.org\/{rel}","templated":true}]}}