{"id":10657,"date":"2025-07-25T07:58:17","date_gmt":"2025-07-25T07:58:17","guid":{"rendered":"https:\/\/sinoextrud.com\/product\/double-copper-tube-water-cooling-plate-cnc-skived-heatsink\/"},"modified":"2025-07-25T07:58:17","modified_gmt":"2025-07-25T07:58:17","slug":"dupla-rezcso-vizhuto-lemez-cnc-skived-hutoborda","status":"publish","type":"product","link":"https:\/\/sinoextrud.com\/hu\/product\/double-copper-tube-water-cooling-plate-cnc-skived-heatsink\/","title":{"rendered":"Dupla r\u00e9zcs\u00f6ves v\u00edzh\u0171t\u0151 lemez CNC Skived h\u0171t\u0151borda"},"content":{"rendered":"<h2>Term\u00e9kek r\u00e9szletei<\/h2>\n<table class=\"custom-table\">\n<tr>\n<td class=\"label\">Fokozat<\/td>\n<td>6000-es sorozat<\/td>\n<\/tr>\n<tr>\n<td class=\"label\">Tolerancia<\/td>\n<td>\u00b11%<\/td>\n<\/tr>\n<tr>\n<td class=\"label\">Sz\u00e1ll\u00edt\u00e1si id\u0151<\/td>\n<td>22-30 nap<\/td>\n<\/tr>\n<tr>\n<td class=\"label\">Temper<\/td>\n<td>T3-T8<\/td>\n<\/tr>\n<tr>\n<td class=\"label\">Alkalmaz\u00e1s<\/td>\n<td>led\/elektronika\/elektronikus\/processzor\/ipar<\/td>\n<\/tr>\n<tr>\n<td class=\"label\">Shape<\/td>\n<td>egy\u00e9ni<\/td>\n<\/tr>\n<tr>\n<td class=\"label\">\u00d6tv\u00f6zet vagy sem<\/td>\n<td>Az \u00f6tv\u00f6zet<\/td>\n<\/tr>\n<tr>\n<td class=\"label\">Feldolgoz\u00f3 szolg\u00e1ltat\u00e1s<\/td>\n<td>Hajl\u00edt\u00e1s, tekercsel\u00e9s, hegeszt\u00e9s, lyukaszt\u00e1s, v\u00e1g\u00e1s<\/td>\n<\/tr>\n<tr>\n<td class=\"label\">Term\u00e9k neve<\/td>\n<td>Egyedi alum\u00ednium h\u0171t\u0151borda<\/td>\n<\/tr>\n<tr>\n<td class=\"label\">Elad\u00f3 egys\u00e9gek<\/td>\n<td>Egyetlen t\u00e9tel<\/td>\n<\/tr>\n<tr>\n<td class=\"label\">Egyetlen csomagm\u00e9ret<\/td>\n<td>30X20X20 cm<\/td>\n<\/tr>\n<tr>\n<td class=\"label\">Egyetlen brutt\u00f3 t\u00f6meg<\/td>\n<td>3.000 KG<\/td>\n<\/tr>\n<\/table>\n<h2>Gy\u00e1rt\u00f3 b\u00e1zisunk<\/h2>\n<h3>Gy\u00e1ri panor\u00e1ma<\/h3>\n<p><img decoding=\"async\" src=\"\/wp-content\/uploads\/factory-01.webp\"\/><\/p>\n<h3>Alum\u00ednium r\u00fadgy\u00e1rt\u00f3 m\u0171hely<\/h3>\n<p><img decoding=\"async\" src=\"\/wp-content\/uploads\/factory-02.webp\"\/><\/p>\n<p><img decoding=\"async\" src=\"\/wp-content\/uploads\/factory-03.webp\"\/><\/p>\n<h3>Pen\u00e9sz rakt\u00e1r<\/h3>\n<p><img decoding=\"async\" src=\"\/wp-content\/uploads\/factory-04.webp\"\/><\/p>\n<h3>43 alum\u00ednium extrud\u00e1l\u00f3 vonal (500-5500 tonna)<\/h3>\n<p><img decoding=\"async\" src=\"\/wp-content\/uploads\/factory-05.webp\"\/><\/p>\n<p><img decoding=\"async\" src=\"\/wp-content\/uploads\/factory-06.webp\"\/><\/p>\n<p><img decoding=\"async\" src=\"\/wp-content\/uploads\/factory-07.webp\"\/><\/p>\n<h3>Porfest\u0151 m\u0171hely<\/h3>\n<p><img decoding=\"async\" src=\"\/wp-content\/uploads\/factory-09.webp\"\/><\/p>\n<h3>Anodiz\u00e1l\u00f3 m\u0171hely<\/h3>\n<p><img decoding=\"async\" src=\"\/wp-content\/uploads\/factory-10.webp\"\/><\/p>\n<h3>M\u00e9ly feldolgoz\u00e1si m\u0171hely<\/h3>\n<p><img decoding=\"async\" src=\"\/wp-content\/uploads\/factory-11.webp\"\/><\/p>\n<h3>CNC prec\u00edzi\u00f3s megmunk\u00e1l\u00f3 m\u0171hely<\/h3>\n<p><img decoding=\"async\" src=\"\/wp-content\/uploads\/factory-11.5.webp\"\/><\/p>\n<h3>K\u00e9szterm\u00e9k \u00e9s export rakt\u00e1r<\/h3>\n<p><img decoding=\"async\" src=\"\/wp-content\/uploads\/factory-12.webp\"\/><\/p>\n<p><img decoding=\"async\" src=\"\/wp-content\/uploads\/factory-13.webp\"\/><\/p>\n<p><img decoding=\"async\" src=\"\/wp-content\/uploads\/factory-14.webp\"\/><\/p>\n<h2>GYIK<\/h2>\n<p><p><b>1.Mi az a dupla r\u00e9zcs\u00f6ves v\u00edzh\u0171t\u0151 lemez CNC Skived h\u0171t\u0151borda?<\/b><\/p>\n<p>Ez egy nagy hat\u00e9konys\u00e1g\u00fa h\u0171t\u00e9si megold\u00e1s, amely r\u00e9zcs\u00f6veket \u00e9s bord\u00e1zott lamell\u00e1kat kombin\u00e1l a kompakt eszk\u00f6z\u00f6k intenz\u00edv h\u0151j\u00e9nek kezel\u00e9s\u00e9re.<br \/>\n<\/p><br \/>\n<br \/>\n<p><b>2.Hogyan fokozza a kopottas lamellaszerkezet a h\u0171t\u00e9st?<\/b><\/p>\n<p>A sima lamell\u00e1k s\u0171r\u0171, nagy fel\u00fclet\u0171 csatorn\u00e1kat hoznak l\u00e9tre, amelyek fokozz\u00e1k a l\u00e9g\u00e1raml\u00e1st \u00e9s a v\u00edzzel val\u00f3 \u00e9rintkez\u00e9st a jobb h\u0151elvezet\u00e9s \u00e9rdek\u00e9ben.<br \/>\n<\/p><br \/>\n<br \/>\n<p><b>3.Mi\u00e9rt haszn\u00e1lnak dupla r\u00e9zcs\u00f6veket ebben a h\u0171t\u0151bord\u00e1ban?<\/b><\/p>\n<p>A dupla r\u00e9zcs\u00f6vek gyorsabb h\u0151\u00e1tad\u00e1st \u00e9s egyenletesebb v\u00edzeloszl\u00e1st tesznek lehet\u0151v\u00e9 a h\u0171t\u0151lemezen.<br \/>\n<\/p><br \/>\n<br \/>\n<p><b>4.Milyen alkalmaz\u00e1sok haszn\u00e1lj\u00e1k ezt a CNC-ny\u00fazott h\u0171t\u0151bord\u00e1t?<\/b><\/p>\n<p>\u00c1ltal\u00e1ban t\u00e1pegys\u00e9gekben, l\u00e9zerekben, EV-rendszerekben \u00e9s m\u00e1s nagy teljes\u00edtm\u00e9ny\u0171 elektronik\u00e1ban haszn\u00e1lj\u00e1k.<br \/>\n<\/p><br \/>\n<br \/>\n<p><b>5.A v\u00edzh\u0171t\u0151 lemez testre szabhat\u00f3?<\/b><\/p>\n<p>Igen, t\u00e1mogatjuk az OEM\/ODM testreszab\u00e1st a m\u00e9ret, a lamellas\u0171r\u0171s\u00e9g, a r\u00e9z elrendez\u00e9s \u00e9s a be- \u00e9s kimeneti poz\u00edci\u00f3k tekintet\u00e9ben.<br \/>\n<\/p><br \/>\n<br \/>\n<p><b>6.A CNC-ny\u00fazott h\u0171t\u0151borda ellen\u00e1ll a korr\u00f3zi\u00f3nak?<\/b><\/p>\n<p>Igen, mind az alum\u00ednium, mind a r\u00e9z alkatr\u00e9szek \u00fagy vannak kezelve, hogy v\u00edzh\u0171t\u00e9ses k\u00f6rnyezetben ellen\u00e1lljanak a korr\u00f3zi\u00f3nak.<br \/>\n<\/p><br \/>\n<br \/>\n<p><b>7.Mik a CNC megmunk\u00e1l\u00e1s el\u0151nyei a h\u0171t\u0151bord\u00e1n\u00e1l?<\/b><\/p>\n<p>A CNC megmunk\u00e1l\u00e1s pontos illeszked\u00e9st, jobb h\u0151\u00e9rintkez\u00e9st \u00e9s egyenletes min\u0151s\u00e9get biztos\u00edt az ig\u00e9nyes h\u0151technikai alkalmaz\u00e1sokhoz.<br \/>\n<\/p><br \/>\n<br \/>\n<p><b>8.Alkalmas ez a h\u0171t\u0151borda folyamatos nagy teljes\u00edtm\u00e9ny\u0171 m\u0171k\u00f6d\u00e9sre?<\/b><\/p>\n<p>Igen, \u00fagy tervezt\u00e9k, hogy a rendszer stabilit\u00e1s\u00e1nak \u00e9s hat\u00e9konys\u00e1g\u00e1nak fenntart\u00e1sa mellett tart\u00f3s h\u0151terhel\u00e9st is elb\u00edrjon.<br \/>\n<\/p><br \/><\/p>","protected":false},"featured_media":10656,"template":"","categories":[72],"class_list":["post-10657","product","type-product","status-publish","has-post-thumbnail","hentry","category-extruded-aluminum-heatsink"],"meta_box":{"hilight_text_group":{"product_hilight_text":"<li>Combines double copper tubes with CNC skived fins for maximum heat transfer<\/li>\r\n<li>Efficient water cooling structure supports high thermal loads in compact spaces<\/li>\r\n<li>Skived fin design increases surface area for enhanced heat dissipation<\/li>\r\n<li>Ideal for power electronics, laser modules, and EV cooling systems<\/li>\r\n<li>Precision CNC machining ensures tight tolerances and excellent thermal contact<\/li>\r\n<li>Customizable inlet\/outlet ports and mounting configurations<\/li>\r\n<li>Corrosion-resistant materials extend service life in harsh environments<\/li>","product_chanpin_chanpin":"<ul>\r\n<li><a href=\"https:\/\/sinoextrud.com\/product\/aluminium-extrusion-6061-6082-7075-aluminum-alloy-profiles\/\" target=\"_blank\">6061 aluminum extrusion<\/a><\/li>\r\n<li><a href=\"https:\/\/sinoextrud.com\/product\/oval-aluminum-extrud-profile\/\" target=\"_blank\">oval aluminum extrusion<\/a><\/li>\r\n<li><a href=\"https:\/\/sinoextrud.com\/product\/aluminium-extrusion-anodised-aluminium-tube\/\" target=\"_blank\">anodised aluminium tube<\/a><\/li>\r\n<li><a href=\"https:\/\/sinoextrud.com\/product\/c-shaped-closed-linear-ceiling-system\/\" target=\"_blank\">linear closed ceilings<\/a><\/li>\r\n<li><a href=\"https:\/\/sinoextrud.com\/product\/the-new-perforated-ceiling-system\/\" target=\"_blank\">perforated french ceilings<\/a><\/li>\r\n<li><a href=\"https:\/\/sinoextrud.com\/product\/aluminum-extrusion-7003-7005-7020\/\" target=\"_blank\">7020 aluminum<\/a><\/li>\r\n<\/ul>","product_chanpin_blog":"<ul>\r\n<li><a href=\"https:\/\/sinoextrud.com\/t-slot-v-slot-differences\/\" target=\"_blank\">t slot vs v slot<\/a><\/li>\r\n<li><a href=\"https:\/\/sinoextrud.com\/what-is-4040-aluminium-extrud\/\" target=\"_blank\">4040 aluminium extrusion<\/a><\/li>\r\n<li><a href=\"https:\/\/sinoextrud.com\/what-is-4040-aluminium-extrud\/\" target=\"_blank\">aluminum extrusions for industrial racks<\/a><\/li>\r\n<li><a href=\"https:\/\/sinoextrud.com\/powder-coating-aluminium-process\/\" target=\"_blank\">powder coating aluminium<\/a><\/li>\r\n<li><a href=\"https:\/\/sinoextrud.com\/what-is-an-aluminium-strip-ceiling\/\" target=\"_blank\">aluminium strip ceiling<\/a><\/li>\r\n<li><a href=\"https:\/\/sinoextrud.com\/what-is-a-heat-sink\/\" target=\"_blank\">what is a heat sink<\/a><\/li>\r\n<\/ul>"},"feature_list":[]},"_links":{"self":[{"href":"https:\/\/sinoextrud.com\/hu\/wp-json\/wp\/v2\/product\/10657","targetHints":{"allow":["GET"]}}],"collection":[{"href":"https:\/\/sinoextrud.com\/hu\/wp-json\/wp\/v2\/product"}],"about":[{"href":"https:\/\/sinoextrud.com\/hu\/wp-json\/wp\/v2\/types\/product"}],"wp:featuredmedia":[{"embeddable":true,"href":"https:\/\/sinoextrud.com\/hu\/wp-json\/wp\/v2\/media\/10656"}],"wp:attachment":[{"href":"https:\/\/sinoextrud.com\/hu\/wp-json\/wp\/v2\/media?parent=10657"}],"wp:term":[{"taxonomy":"category","embeddable":true,"href":"https:\/\/sinoextrud.com\/hu\/wp-json\/wp\/v2\/categories?post=10657"}],"curies":[{"name":"wp","href":"https:\/\/api.w.org\/{rel}","templated":true}]}}