{"id":10616,"date":"2025-07-24T03:26:24","date_gmt":"2025-07-24T03:26:24","guid":{"rendered":"https:\/\/sinoextrud.com\/product\/red-anodized-pcb-aluminum-heatsink\/"},"modified":"2025-07-24T03:26:24","modified_gmt":"2025-07-24T03:26:24","slug":"piros-eloxalt-pcb-aluminium-hutoborda","status":"publish","type":"product","link":"https:\/\/sinoextrud.com\/hu\/product\/red-anodized-pcb-aluminum-heatsink\/","title":{"rendered":"Piros elox\u00e1lt PCB alum\u00ednium h\u0171t\u0151borda"},"content":{"rendered":"<h2>Term\u00e9kek r\u00e9szletei<\/h2>\n<table class=\"custom-table\">\n<tr>\n<td class=\"label\">Fokozat<\/td>\n<td>6000-es sorozat<\/td>\n<\/tr>\n<tr>\n<td class=\"label\">Tolerancia<\/td>\n<td>GB\/T 3190-2008,GB\/T 14846-2008,ISO 2768<\/td>\n<\/tr>\n<tr>\n<td class=\"label\">Sz\u00e1ll\u00edt\u00e1si id\u0151<\/td>\n<td>22-30 nap<\/td>\n<\/tr>\n<tr>\n<td class=\"label\">Temper<\/td>\n<td>T3-T8<\/td>\n<\/tr>\n<tr>\n<td class=\"label\">Alkalmaz\u00e1s<\/td>\n<td>H\u0151elnyel\u0151<\/td>\n<\/tr>\n<tr>\n<td class=\"label\">Shape<\/td>\n<td>Custom<\/td>\n<\/tr>\n<tr>\n<td class=\"label\">\u00d6tv\u00f6zet vagy sem<\/td>\n<td>Az \u00f6tv\u00f6zet<\/td>\n<\/tr>\n<tr>\n<td class=\"label\">Feldolgoz\u00f3 szolg\u00e1ltat\u00e1s<\/td>\n<td>Hegeszt\u00e9s, lyukaszt\u00e1s, v\u00e1g\u00e1s, CNC megmunk\u00e1l\u00e1s<\/td>\n<\/tr>\n<tr>\n<td class=\"label\">Pitch<\/td>\n<td>4,3 mm<\/td>\n<\/tr>\n<tr>\n<td class=\"label\">Elad\u00f3 egys\u00e9gek<\/td>\n<td>Egyetlen t\u00e9tel<\/td>\n<\/tr>\n<tr>\n<td class=\"label\">Egyetlen csomagm\u00e9ret<\/td>\n<td>5X5X5 cm<\/td>\n<\/tr>\n<tr>\n<td class=\"label\">Egyetlen brutt\u00f3 t\u00f6meg<\/td>\n<td>0,050 KG<\/td>\n<\/tr>\n<\/table>\n<h2>Gy\u00e1rt\u00f3 b\u00e1zisunk<\/h2>\n<h3>Gy\u00e1ri panor\u00e1ma<\/h3>\n<p><img decoding=\"async\" src=\"\/wp-content\/uploads\/factory-01.webp\"\/><\/p>\n<h3>Alum\u00ednium r\u00fadgy\u00e1rt\u00f3 m\u0171hely<\/h3>\n<p><img decoding=\"async\" src=\"\/wp-content\/uploads\/factory-02.webp\"\/><\/p>\n<p><img decoding=\"async\" src=\"\/wp-content\/uploads\/factory-03.webp\"\/><\/p>\n<h3>Pen\u00e9sz rakt\u00e1r<\/h3>\n<p><img decoding=\"async\" src=\"\/wp-content\/uploads\/factory-04.webp\"\/><\/p>\n<h3>43 alum\u00ednium extrud\u00e1l\u00f3 vonal (500-5500 tonna)<\/h3>\n<p><img decoding=\"async\" src=\"\/wp-content\/uploads\/factory-05.webp\"\/><\/p>\n<p><img decoding=\"async\" src=\"\/wp-content\/uploads\/factory-06.webp\"\/><\/p>\n<p><img decoding=\"async\" src=\"\/wp-content\/uploads\/factory-07.webp\"\/><\/p>\n<h3>Porfest\u0151 m\u0171hely<\/h3>\n<p><img decoding=\"async\" src=\"\/wp-content\/uploads\/factory-09.webp\"\/><\/p>\n<h3>Anodiz\u00e1l\u00f3 m\u0171hely<\/h3>\n<p><img decoding=\"async\" src=\"\/wp-content\/uploads\/factory-10.webp\"\/><\/p>\n<h3>M\u00e9ly feldolgoz\u00e1si m\u0171hely<\/h3>\n<p><img decoding=\"async\" src=\"\/wp-content\/uploads\/factory-11.webp\"\/><\/p>\n<h3>CNC prec\u00edzi\u00f3s megmunk\u00e1l\u00f3 m\u0171hely<\/h3>\n<p><img decoding=\"async\" src=\"\/wp-content\/uploads\/factory-11.5.webp\"\/><\/p>\n<h3>K\u00e9szterm\u00e9k \u00e9s export rakt\u00e1r<\/h3>\n<p><img decoding=\"async\" src=\"\/wp-content\/uploads\/factory-12.webp\"\/><\/p>\n<p><img decoding=\"async\" src=\"\/wp-content\/uploads\/factory-13.webp\"\/><\/p>\n<p><img decoding=\"async\" src=\"\/wp-content\/uploads\/factory-14.webp\"\/><\/p>\n<h2>GYIK<\/h2>\n<p><p><b>1.Mi az a piros elox\u00e1lt PCB alum\u00ednium h\u0171t\u0151borda?<\/b><\/p>\n<p>Ez egy v\u00f6r\u00f6s elox\u00e1lt alum\u00edniumb\u00f3l k\u00e9sz\u00fclt h\u0171t\u0151borda, amelyet \u00fagy terveztek, hogy hat\u00e9konyan elvezesse a PCB alkatr\u00e9szek h\u0151j\u00e9t.<br \/>\n<\/p><br \/>\n<br \/>\n<p><b>2.Mi\u00e9rt v\u00e1lasszon piros elox\u00e1lt fel\u00fcletet?<\/b><\/p>\n<p>A v\u00f6r\u00f6s elox\u00e1lt bevonat kiv\u00e1l\u00f3 korr\u00f3zi\u00f3\u00e1ll\u00f3s\u00e1got biztos\u00edt \u00e9s jav\u00edtja az alum\u00ednium h\u0171t\u0151borda tart\u00f3ss\u00e1g\u00e1t.<br \/>\n<\/p><br \/>\n<br \/>\n<p><b>3.Hogyan n\u00f6veli az alum\u00ednium h\u0171t\u0151borda a NY\u00c1K teljes\u00edtm\u00e9ny\u00e9t?<\/b><\/p>\n<p>Az alum\u00ednium h\u0171t\u0151borda hat\u00e9kony h\u0151kezel\u00e9st biztos\u00edt, cs\u00f6kkentve az alkatr\u00e9szek h\u0151m\u00e9rs\u00e9klet\u00e9t \u00e9s meghosszabb\u00edtva a NY\u00c1K \u00e9lettartam\u00e1t.<br \/>\n<\/p><br \/>\n<br \/>\n<p><b>4.Is a piros elox\u00e1lt PCB alum\u00ednium h\u0171t\u0151borda testreszabhat\u00f3?<\/b><\/p>\n<p>Igen, alakja, m\u00e9rete \u00e9s r\u00f6gz\u00edt\u00e9si jellemz\u0151i a k\u00fcl\u00f6nb\u00f6z\u0151 NY\u00c1K-konfigur\u00e1ci\u00f3khoz igaz\u00edthat\u00f3k.<br \/>\n<\/p><br \/>\n<br \/>\n<p><b>5.Ez a h\u0171t\u0151borda alkalmas nagy teljes\u00edtm\u00e9ny\u0171 elektronik\u00e1hoz?<\/b><\/p>\n<p>Igen, ide\u00e1lis nagy teljes\u00edtm\u00e9ny\u0171 alkalmaz\u00e1sokhoz, amelyek hat\u00e9kony h\u0151elvezet\u00e9st ig\u00e9nyelnek kompakt NY\u00c1K-on.<br \/>\n<\/p><br \/>\n<br \/>\n<p><b>6.Hogyan van a h\u0171t\u0151borda felszerelve a NY\u00c1K-ra?<\/b><\/p>\n<p>A tervez\u00e9si k\u00f6vetelm\u00e9nyekt\u0151l f\u00fcgg\u0151en h\u0151ragaszt\u00f3val, csavarokkal vagy klipszekkel szerelhet\u0151.<br \/>\n<\/p><br \/>\n<br \/>\n<p><b>7.A sz\u00edn befoly\u00e1solja a h\u0151teljes\u00edtm\u00e9nyt?<\/b><\/p>\n<p>A piros elox\u00e1lt sz\u00edn els\u0151sorban a korr\u00f3zi\u00f3\u00e1ll\u00f3s\u00e1g \u00e9s a vizu\u00e1lis azonos\u00edt\u00e1s \u00e9rdek\u00e9ben k\u00e9sz\u00fclt, \u00e9s minim\u00e1lis hat\u00e1ssal van a h\u0151teljes\u00edtm\u00e9nyre.<br \/>\n<\/p><br \/>\n<br \/>\n<p><b>8.Can ez a h\u0171t\u0151borda haszn\u00e1lhat\u00f3 k\u00fclt\u00e9ri alkalmaz\u00e1sokban?<\/b><\/p>\n<p>Igen, az elox\u00e1lt alum\u00ednium fel\u00fclet fokozza az id\u0151j\u00e1r\u00e1s- \u00e9s korr\u00f3zi\u00f3\u00e1ll\u00f3s\u00e1got, \u00edgy alkalmas k\u00fclt\u00e9ri k\u00f6rnyezetbe.<br \/>\n<\/p><br \/><\/p>","protected":false},"featured_media":10615,"template":"","categories":[72],"class_list":["post-10616","product","type-product","status-publish","has-post-thumbnail","hentry","category-extruded-aluminum-heatsink"],"meta_box":{"hilight_text_group":{"product_hilight_text":"<li>Efficient thermal conductivity for PCB heat dissipation<\/li>\r\n<li>Red anodized finish enhances corrosion resistance<\/li>\r\n<li>Lightweight aluminum ensures structural integrity with minimal weight<\/li>\r\n<li>Customizable dimensions for diverse PCB layouts<\/li>\r\n<li>Improves overall device performance and lifespan<\/li>","product_chanpin_chanpin":"<ul>\r\n<li><a href=\"https:\/\/sinoextrud.com\/product\/aluminium-extrusion-6061-6082-7075-aluminum-alloy-profiles\/\" target=\"_blank\">6061 aluminum extrusion<\/a><\/li>\r\n<li><a href=\"https:\/\/sinoextrud.com\/product\/oval-aluminum-extrud-profile\/\" target=\"_blank\">oval aluminum extrusion<\/a><\/li>\r\n<li><a href=\"https:\/\/sinoextrud.com\/product\/aluminium-extrusion-anodised-aluminium-tube\/\" target=\"_blank\">anodised aluminium tube<\/a><\/li>\r\n<li><a href=\"https:\/\/sinoextrud.com\/product\/c-shaped-closed-linear-ceiling-system\/\" target=\"_blank\">linear closed ceilings<\/a><\/li>\r\n<li><a href=\"https:\/\/sinoextrud.com\/product\/the-new-perforated-ceiling-system\/\" target=\"_blank\">perforated french ceilings<\/a><\/li>\r\n<li><a href=\"https:\/\/sinoextrud.com\/product\/aluminum-extrusion-7003-7005-7020\/\" target=\"_blank\">7020 aluminum<\/a><\/li>\r\n<\/ul>","product_chanpin_blog":"<ul>\r\n<li><a href=\"https:\/\/sinoextrud.com\/t-slot-v-slot-differences\/\" target=\"_blank\">t slot vs v slot<\/a><\/li>\r\n<li><a href=\"https:\/\/sinoextrud.com\/what-is-4040-aluminium-extrud\/\" target=\"_blank\">4040 aluminium extrusion<\/a><\/li>\r\n<li><a href=\"https:\/\/sinoextrud.com\/what-is-4040-aluminium-extrud\/\" target=\"_blank\">aluminum extrusions for industrial racks<\/a><\/li>\r\n<li><a href=\"https:\/\/sinoextrud.com\/powder-coating-aluminium-process\/\" target=\"_blank\">powder coating aluminium<\/a><\/li>\r\n<li><a href=\"https:\/\/sinoextrud.com\/what-is-an-aluminium-strip-ceiling\/\" target=\"_blank\">aluminium strip ceiling<\/a><\/li>\r\n<li><a href=\"https:\/\/sinoextrud.com\/what-is-a-heat-sink\/\" target=\"_blank\">what is a heat sink<\/a><\/li>\r\n<\/ul>"},"feature_list":[]},"_links":{"self":[{"href":"https:\/\/sinoextrud.com\/hu\/wp-json\/wp\/v2\/product\/10616","targetHints":{"allow":["GET"]}}],"collection":[{"href":"https:\/\/sinoextrud.com\/hu\/wp-json\/wp\/v2\/product"}],"about":[{"href":"https:\/\/sinoextrud.com\/hu\/wp-json\/wp\/v2\/types\/product"}],"wp:featuredmedia":[{"embeddable":true,"href":"https:\/\/sinoextrud.com\/hu\/wp-json\/wp\/v2\/media\/10615"}],"wp:attachment":[{"href":"https:\/\/sinoextrud.com\/hu\/wp-json\/wp\/v2\/media?parent=10616"}],"wp:term":[{"taxonomy":"category","embeddable":true,"href":"https:\/\/sinoextrud.com\/hu\/wp-json\/wp\/v2\/categories?post=10616"}],"curies":[{"name":"wp","href":"https:\/\/api.w.org\/{rel}","templated":true}]}}