{"id":175,"date":"2024-10-18T10:36:17","date_gmt":"2024-10-18T10:36:17","guid":{"rendered":"https:\/\/sinoextrud.com\/?page_id=175"},"modified":"2025-05-06T04:02:09","modified_gmt":"2025-05-06T04:02:09","slug":"szerzo","status":"publish","type":"page","link":"https:\/\/sinoextrud.com\/hu\/author\/","title":{"rendered":"Szerz\u0151"},"content":{"rendered":"<h2 class=\"wp-block-heading\">A Sinoextrud alap\u00edt\u00e1s\u00e1nak t\u00f6rt\u00e9nete: A gy\u00e1rb\u00f3l glob\u00e1lis alum\u00ednium extrud\u00e1l\u00f3 gy\u00e1rt\u00f3v\u00e1<\/h2>\n\n\n\n<p>2014-ben v\u00e9geztem a f\u0151iskol\u00e1n, \u00e9s csatlakoztam a nagyb\u00e1ty\u00e1m alum\u00ednium extrud\u00e1l\u00f3 gy\u00e1r\u00e1hoz. Hagyom\u00e1nyos k\u00ednai alum\u00ednium extrud\u00e1l\u00f3 gy\u00e1rk\u00e9nt az \u00fczlet\u00fcnk akkoriban a belf\u00f6ldi piacra korl\u00e1toz\u00f3dott, exporttev\u00e9kenys\u00e9g n\u00e9lk\u00fcl. Kezdetben megrendel\u00e9sk\u00f6vet\u0151k\u00e9nt dolgoztam. Ez a k\u00e9t \u00e9v megrendel\u00e9sk\u00f6vet\u0151i tapasztalat megismertette velem az alum\u00edniumprofil-ipar minden aspektus\u00e1t. A szersz\u00e1mok felnyit\u00e1s\u00e1t\u00f3l, a mint\u00e1k kipr\u00f3b\u00e1l\u00e1s\u00e1t\u00f3l kezdve a gy\u00e1rt\u00e1sig, a fel\u00fcletkezel\u00e9sig, a csomagol\u00e1sig \u00e9s az \u00fcgyfelek megrendel\u00e9se ut\u00e1ni sz\u00e1ll\u00edt\u00e1sig a folyamat minden l\u00e9p\u00e9s\u00e9ben szem\u00e9lyesen vettem r\u00e9szt, mindenf\u00e9le probl\u00e9m\u00e1val tal\u00e1lkoztam, \u00e9s t\u00f6bbsz\u00f6r is megoldottam azokat. Ez a felhalmoz\u00e1si id\u0151szak \u00e1tfog\u00f3 ismereteket adott nekem az alum\u00edniumprofil-iparr\u00f3l, \u00e9s szil\u00e1rd alapot teremtett a Sinoextrud k\u00e9s\u0151bbi l\u00e9trehoz\u00e1s\u00e1hoz.<\/p>\n\n\n\n<figure class=\"wp-block-gallery has-nested-images columns-default is-cropped wp-block-gallery-1 is-layout-flex wp-block-gallery-is-layout-flex\">\n<figure class=\"wp-block-image size-large\"><img alt=\"\" loading=\"lazy\" decoding=\"async\" width=\"640\" height=\"858\" data-id=\"1675\" src=\"https:\/\/sinoextrud.com\/wp-content\/uploads\/eva_university_life.jpg\" class=\"wp-image-1675\" srcset=\"https:\/\/sinoextrud.com\/wp-content\/uploads\/eva_university_life.jpg 640w, https:\/\/sinoextrud.com\/wp-content\/uploads\/eva_university_life-600x804.jpg 600w\" sizes=\"auto, (max-width: 640px) 100vw, 640px\" \/><\/figure>\n\n\n\n<figure class=\"wp-block-image size-large\"><img alt=\"\" loading=\"lazy\" decoding=\"async\" width=\"640\" height=\"960\" data-id=\"1676\" src=\"https:\/\/sinoextrud.com\/wp-content\/uploads\/graduated-from-university.jpg\" class=\"wp-image-1676\" srcset=\"https:\/\/sinoextrud.com\/wp-content\/uploads\/graduated-from-university.jpg 640w, https:\/\/sinoextrud.com\/wp-content\/uploads\/graduated-from-university-600x900.jpg 600w\" sizes=\"auto, (max-width: 640px) 100vw, 640px\" \/><\/figure>\n<\/figure>\n\n\n\n<p>K\u00e9t \u00e9vvel k\u00e9s\u0151bb \u00e1tv\u00e1ltottam az \u00e9rt\u00e9kes\u00edt\u00e9sre, \u00e9s szem\u00e9lyesen kezdtem el foglalkozni az \u00fcgyfelekkel, a teljes projektet ir\u00e1ny\u00edtva. Ez a n\u00e9gy \u00e9v az \u00e9rt\u00e9kes\u00edt\u00e9sben lehet\u0151v\u00e9 tette sz\u00e1momra, hogy sok \u00fcgyf\u00e9llel tal\u00e1lkozzam, \u00e9s seg\u00edtsek nekik kisebb \u00e9s nagyobb projektek megval\u00f3s\u00edt\u00e1s\u00e1ban. Alum\u00edniumterm\u00e9keink felhaszn\u00e1l\u00e1si ter\u00fcletei a kis szem\u00e9lyes szobad\u00edsz\u00edt\u00e9st\u0151l \u00e9s a h\u00e1tt\u00e9rfal-berendez\u00e9sekt\u0151l a nagy projektekig terjednek, mint p\u00e9ld\u00e1ul a Zhongchuan rep\u00fcl\u0151t\u00e9r a k\u00ednai Gansuban. Minden egyes projekt b\u00fcszkes\u00e9ggel t\u00f6lt el, \u00e9s gyakran felki\u00e1ltok, hogy val\u00f3ban megtiszteltet\u00e9s l\u00e1tni, ahogy a term\u00e9keim egy \u00e9p\u00fclet r\u00e9sz\u00e9v\u00e9 v\u00e1lnak.<\/p>\n\n\n\n<h2 class=\"wp-block-heading\">Lehet\u0151s\u00e9g a k\u00fclkereskedelmi piacra val\u00f3 bet\u00f6r\u00e9sre: Az els\u0151 k\u00fclkereskedelmi megb\u00edz\u00e1s<\/h2>\n\n\n\n<p>2020-ban j\u00f6tt egy k\u00fclkereskedelmi \u00fcgyf\u00e9l, aki megv\u00e1ltoztatta a karrieremet. Egy f\u0151iskolai bar\u00e1tom mutatott be egy d\u00e9l-amerikai \u00fcgyf\u00e9lnek, aki m\u00e1r Guangzhou-ba \u00e9rkezett. Haboz\u00e1s n\u00e9lk\u00fcl elutaztam Guangzhou-ba, \u00fcdv\u00f6z\u00f6ltem az \u00fcgyfelet, \u00e9s egyenesen a gy\u00e1runkba vittem. Az \u00fcgyf\u00e9l h\u00e1rom napig maradt, \u00e9s t\u00f6bbet tudott meg a term\u00e9keinkr\u0151l \u00e9s a gy\u00e1rt\u00e1si folyamatr\u00f3l. V\u00e9g\u00fcl 930 000 RMB \u00e9rt\u00e9k\u0171 k\u00e9sz ablakokra \u00e9s ajt\u00f3kra adtak le megrendel\u00e9st, ami k\u00e9t 40 l\u00e1bas kont\u00e9ner megt\u00f6lt\u00e9s\u00e9re elegend\u0151. Ez nem csak az els\u0151 exportmegrendel\u00e9sem volt, hanem egy jelent\u0151s megrendel\u00e9s is, amely megalapozta a k\u00e9s\u0151bbi \u00fczletemet.<\/p>\n\n\n\n<figure class=\"wp-block-image size-full\"><img loading=\"lazy\" decoding=\"async\" width=\"554\" height=\"416\" src=\"https:\/\/sinoextrud.com\/wp-content\/uploads\/image.png\" alt=\"Az els\u0151 glob\u00e1lis megrendel\u00e9s-\u00fcgyf\u00e9ll\u00e1togat\u00f3 gy\u00e1r \" class=\"wp-image-1660\"\/><figcaption class=\"wp-element-caption\">Az els\u0151 glob\u00e1lis megrendel\u00e9s-\u00fcgyf\u00e9ll\u00e1togat\u00f3 gy\u00e1r<\/figcaption><\/figure>\n\n\n\n<p>A term\u00e9kek \u00e1tv\u00e9tele ut\u00e1n az \u00fcgyf\u00e9l dics\u00e9rte a min\u0151s\u00e9g\u00fcnket. Ett\u0151l kezdve hossz\u00fa t\u00e1v\u00fa egy\u00fcttm\u0171k\u00f6d\u00e9st kezdt\u00fcnk, \u00e9s a mai napig szoros partnerek vagyunk. Minden alkalommal, amikor K\u00edn\u00e1ba l\u00e1togat, meg\u00e1ll a gy\u00e1rban, \u00e9s bar\u00e1tok lett\u00fcnk. Ez a bizalom \u00e9s t\u00e1mogat\u00e1s nem csak az \u00fczlet\u00fcnket lend\u00edtette fel, hanem meger\u0151s\u00edtett abban az elhat\u00e1roz\u00e1somban is, hogy bel\u00e9pjek a nemzetk\u00f6zi piacra.<\/p>\n\n\n\n<h2 class=\"wp-block-heading\">A v\u00e1ls\u00e1gt\u00f3l a bizalomig: $400,000 megrendel\u00e9s egy koreai \u00fcgyf\u00e9lt\u0151l<\/h2>\n\n\n\n<p>K\u00fclkereskedelmi utam sor\u00e1n sz\u00e1mos kih\u00edv\u00e1ssal \u00e9s v\u00e9szhelyzettel szembes\u00fcltem, az egyik legeml\u00e9kezetesebb egy $400,000 doll\u00e1ros megrendel\u00e9s volt egy koreai \u00fcgyf\u00e9lt\u0151l. Ennek az \u00fcgyf\u00e9lnek szigor\u00fa id\u0151beli k\u00f6vetelm\u00e9nyei voltak, \u00e9s azt akarta, hogy az els\u0151 kont\u00e9nert egy h\u00e9ten bel\u00fcl sz\u00e1ll\u00edts\u00e1k el, \u00e9s csak mint\u00e1kat adott, an\u00e9lk\u00fcl, hogy lehet\u0151s\u00e9get adott volna a pr\u00f3bajelz\u00e9s meger\u0151s\u00edt\u00e9s\u00e9re. Gy\u00e1runk azonban szigor\u00fa gy\u00e1rt\u00e1si folyamatot tart be, \u00e9s az \u00fcgyf\u00e9lnek a t\u00f6meggy\u00e1rt\u00e1s el\u0151tt al\u00e1 kellett \u00edrnia, hogy a mint\u00e1k elfogadhat\u00f3ak.<\/p>\n\n\n\n<figure class=\"wp-block-image size-full\"><img alt=\"\" loading=\"lazy\" decoding=\"async\" width=\"554\" height=\"416\" src=\"https:\/\/sinoextrud.com\/wp-content\/uploads\/image-1.png\" class=\"wp-image-1661\"\/><figcaption class=\"wp-element-caption\">L\u00e1togat\u00e1s Kore\u00e1ban \u00dcgyf\u00e9l<\/figcaption><\/figure>\n\n\n\n<p>Kev\u00e9s volt az id\u0151, de nem engedhett\u00fck meg magunknak, hogy kompromisszumot k\u00f6ss\u00fcnk. H\u00e1rom-n\u00e9gy nap alatt siker\u00fclt kinyitnunk a form\u00e1t, \u00e9s a minta az \u00f6t\u00f6dik napra elk\u00e9sz\u00fclt. Hogy minden z\u00f6kken\u0151mentesen menjen, koll\u00e9g\u00e1immal azonnal D\u00e9l-Kore\u00e1ba rep\u00fclt\u00fcnk, hogy szem\u00e9lyesen mutassuk be a mint\u00e1kat. Az \u00fcgyf\u00e9l r\u00e1mutatott kisebb probl\u00e9m\u00e1kra, amelyeket azonnal orvosoltunk. A Kore\u00e1ban t\u00f6lt\u00f6tt h\u00e1rom nap alatt szorosan egy\u00fcttm\u0171k\u00f6dt\u00fcnk a hazai csapattal, hogy elk\u00e9sz\u00edts\u00fck a fel\u00fclvizsg\u00e1lt mint\u00e1t. Az \u00fcgyf\u00e9l nagyon el\u00e9gedett volt a jav\u00edt\u00e1sokkal, \u00e9s al\u00e1\u00edrta a visszaigazol\u00e1st, \u00edgy folytat\u00f3dhatott a sorozatgy\u00e1rt\u00e1s.<\/p>\n\n\n\n<figure class=\"wp-block-image size-full\"><img alt=\"\" loading=\"lazy\" decoding=\"async\" width=\"550\" height=\"413\" src=\"https:\/\/sinoextrud.com\/wp-content\/uploads\/image-2.png\" class=\"wp-image-1662\"\/><figcaption class=\"wp-element-caption\">L\u00e1tnival\u00f3k felkeres\u00e9se koreai \u00fcgyfelekkel.<\/figcaption><\/figure>\n\n\n\n<p>Ha kihagytuk volna a mintaigazol\u00e1si folyamatot, \u00e9s k\u00f6zvetlen\u00fcl megkezdt\u00fck volna a gy\u00e1rt\u00e1st, az jelent\u0151s vesztes\u00e9gekhez vezethetett volna. Ez a tapasztalat meger\u0151s\u00edtett benn\u00fcnket abban, hogy b\u00e1rmilyen s\u00fcrg\u0151s is egy megrendel\u00e9s, a min\u0151s\u00e9gnek \u00e9s a vev\u0151i el\u00e9gedetts\u00e9gnek mindig az els\u0151 helyen kell \u00e1llnia.<\/p>\n\n\n\n<h2 class=\"wp-block-heading\">A Sinoextrud nemzetk\u00f6ziv\u00e9 v\u00e1l\u00e1sa<\/h2>\n\n\n\n<p>Ahogy k\u00fclkereskedelmi \u00fczlet\u00e1gunk egyre \u00e9rettebb\u00e9 v\u00e1lt, elkezdtem megl\u00e1togatni az \u00fcgyfeleket vil\u00e1gszerte. 2023-ban Eur\u00f3p\u00e1ba l\u00e1togattam, \u00e9s f\u00e9l h\u00f3napot t\u00f6lt\u00f6ttem azzal, hogy sok olyan hossz\u00fa t\u00e1v\u00fa partnerrel tal\u00e1lkoztam, akikkel m\u00e9g soha nem tal\u00e1lkoztam szem\u00e9lyesen. Ez az utaz\u00e1s nem csak az \u00e9letemet gazdag\u00edtotta, hanem er\u0151s\u00edtette a bizalmat \u00e9s a meg\u00e9rt\u00e9st is az \u00fcgyfeleim \u00e9s k\u00f6ztem.<\/p>\n\n\n\n<figure class=\"wp-block-gallery has-nested-images columns-default is-cropped wp-block-gallery-2 is-layout-flex wp-block-gallery-is-layout-flex\">\n<figure class=\"wp-block-image size-full\"><img alt=\"\" loading=\"lazy\" decoding=\"async\" width=\"550\" height=\"413\" data-id=\"1668\" src=\"https:\/\/sinoextrud.com\/wp-content\/uploads\/visiting-in-Italy.png\" class=\"wp-image-1668\"\/><\/figure>\n\n\n\n<figure class=\"wp-block-image size-full\"><img alt=\"\" loading=\"lazy\" decoding=\"async\" width=\"553\" height=\"633\" data-id=\"1669\" src=\"https:\/\/sinoextrud.com\/wp-content\/uploads\/Enjoy-the-Mona-Lisas-smile-at-the-Louvre.png\" class=\"wp-image-1669\"\/><\/figure>\n\n\n\n<figure class=\"wp-block-image size-full\"><img alt=\"\" loading=\"lazy\" decoding=\"async\" width=\"553\" height=\"737\" data-id=\"1670\" src=\"https:\/\/sinoextrud.com\/wp-content\/uploads\/Tour-of-the-Arc-de-Triomphe-after-visiting-customers.png\" class=\"wp-image-1670\"\/><\/figure>\n\n\n\n<figure class=\"wp-block-image size-full\"><img alt=\"\" loading=\"lazy\" decoding=\"async\" width=\"552\" height=\"689\" data-id=\"1671\" src=\"https:\/\/sinoextrud.com\/wp-content\/uploads\/visiting-client-in-German.png\" class=\"wp-image-1671\"\/><\/figure>\n\n\n\n<figure class=\"wp-block-image size-full\"><img alt=\"\" loading=\"lazy\" decoding=\"async\" width=\"551\" height=\"735\" data-id=\"1672\" src=\"https:\/\/sinoextrud.com\/wp-content\/uploads\/visiting-client-in-Paris.png\" class=\"wp-image-1672\"\/><\/figure>\n<\/figure>\n\n\n\n<p>Visszatekintve h\u00e1l\u00e1s vagyok a korai \u00e9rt\u00e9kes\u00edt\u00e9si tapasztalataim\u00e9rt, amelyek seg\u00edtettek felbecs\u00fclhetetlen \u00e9rt\u00e9k\u0171 ismeretekre szert tenni, \u00e9s felk\u00e9sz\u00edtettek arra, hogy szemben\u00e9zzek a folyamatosan v\u00e1ltoz\u00f3 piaci kih\u00edv\u00e1sokkal. Gy\u00e1runk min\u0151s\u00e9gi term\u00e9keket k\u00edn\u00e1l versenyk\u00e9pes \u00e1ron, \u00e9s az alum\u00edniumprofilok ir\u00e1nti n\u00f6vekv\u0151 glob\u00e1lis kereslet miatt megalap\u00edtottam a Sinoextrudot, hogy vil\u00e1gszerte kiv\u00e1l\u00f3 min\u0151s\u00e9g\u0171 alum\u00edniumprofil term\u00e9keket \u00e9s megold\u00e1sokat k\u00edn\u00e1ljunk az \u00fcgyfeleknek.<\/p>\n\n\n\n<h2 class=\"wp-block-heading\">A j\u00f6v\u0151be tekintve<\/h2>\n\n\n\n<p>A k\u00f6vetkez\u0151 \u00f6t-t\u00edz \u00e9vben rem\u00e9lem, hogy a Sinoextrud csapat\u00e1t tov\u00e1bb vezethetem a nemzetk\u00f6ziv\u00e9 v\u00e1l\u00e1s \u00fatj\u00e1n, term\u00e9keinket vil\u00e1gszerte n\u00e9pszer\u0171s\u00edthetj\u00fck, \u00e9s vil\u00e1gszerte nyomot hagyhatunk magunk ut\u00e1n. A Sinoextrud nem csak egy m\u00e1rka; ez egy platform, amely az \u00e1lmaimat \u00e9s er\u0151fesz\u00edt\u00e9seimet hordozza. Minden sikeres projekt a csapatmunka \u00e9s az \u00fcgyfelek bizalm\u00e1nak bizony\u00edt\u00e9ka.<\/p>\n\n\n\n<p>Nem sz\u00e1m\u00edt, milyen kih\u00edv\u00e1sok \u00e1llnak el\u0151tt\u00fcnk, biztos vagyok benne, hogy term\u00e9keink \u00e9s szolg\u00e1ltat\u00e1saink min\u0151s\u00e9g\u00e9vel m\u00e9g t\u00f6bb \u00fcgyfelet nyer\u00fcnk \u00e9s b\u0151v\u00edtj\u00fck piacunkat. Rem\u00e9lem, hogy a Sinoextrud t\u00f6rt\u00e9nete m\u00e1sokat is arra \u00f6szt\u00f6n\u00f6z, hogy hozz\u00e1m hasonl\u00f3an k\u00f6vess\u00e9k \u00e1lmaikat, \u00e9s l\u00e9pjenek a glob\u00e1lis sz\u00ednpadra.<\/p>\n\n\n\n<p>Ez az \u00e9n utam - egy helyi gy\u00e1r elad\u00f3j\u00e1b\u00f3l a Sinoextrud alap\u00edt\u00f3j\u00e1v\u00e1 - kih\u00edv\u00e1sokkal, beteljes\u00fcl\u00e9ssel \u00e9s v\u00e1rakoz\u00e1ssal teli. A j\u00f6v\u0151ben a Sinoextrud tov\u00e1bbra is ragyogni fog a nemzetk\u00f6zi piacon, \u00e9s min\u0151s\u00e9gi term\u00e9keinket m\u00e9g t\u00f6bb v\u00e1s\u00e1rl\u00f3hoz juttatja el.<\/p>\n\n\n\n<p><\/p>","protected":false},"excerpt":{"rendered":"<p>Sinoextrud&#8217;s Founding Story: From Factory to Global Aluminum Extrusion Manufacturer In 2014, I graduated from college and joined my uncle&#8217;s aluminum extrusion factory. As a traditional Chinese aluminum extrusion factory, our business at that time was limited to the domestic market without any export business. At the beginning, I worked as an order follower. These [&hellip;]<\/p>\n","protected":false},"author":3,"featured_media":0,"parent":0,"menu_order":0,"comment_status":"closed","ping_status":"closed","template":"","meta":{"_seopress_robots_primary_cat":"","_seopress_titles_title":"","_seopress_titles_desc":"","_seopress_robots_index":"","footnotes":""},"class_list":["post-175","page","type-page","status-publish","hentry"],"meta_box":[],"_links":{"self":[{"href":"https:\/\/sinoextrud.com\/hu\/wp-json\/wp\/v2\/pages\/175","targetHints":{"allow":["GET"]}}],"collection":[{"href":"https:\/\/sinoextrud.com\/hu\/wp-json\/wp\/v2\/pages"}],"about":[{"href":"https:\/\/sinoextrud.com\/hu\/wp-json\/wp\/v2\/types\/page"}],"author":[{"embeddable":true,"href":"https:\/\/sinoextrud.com\/hu\/wp-json\/wp\/v2\/users\/3"}],"replies":[{"embeddable":true,"href":"https:\/\/sinoextrud.com\/hu\/wp-json\/wp\/v2\/comments?post=175"}],"version-history":[{"count":0,"href":"https:\/\/sinoextrud.com\/hu\/wp-json\/wp\/v2\/pages\/175\/revisions"}],"wp:attachment":[{"href":"https:\/\/sinoextrud.com\/hu\/wp-json\/wp\/v2\/media?parent=175"}],"curies":[{"name":"wp","href":"https:\/\/api.w.org\/{rel}","templated":true}]}}