{"id":8601,"date":"2025-06-17T03:50:06","date_gmt":"2025-06-17T03:50:06","guid":{"rendered":"https:\/\/sinoextrud.com\/product\/controller-shell-instrument-box-industrial-aluminum-profile-electromechanical-shell\/"},"modified":"2025-06-24T06:34:30","modified_gmt":"2025-06-24T06:34:30","slug":"boitier-de-controleur-boitier-dinstrument-profile-industriel-en-aluminium-boitier-electromecanique","status":"publish","type":"product","link":"https:\/\/sinoextrud.com\/fr\/product\/controller-shell-instrument-box-industrial-aluminum-profile-electromechanical-shell\/","title":{"rendered":"Bo\u00eetier de contr\u00f4leur Bo\u00eetier d'instrumentation Profil\u00e9 d'aluminium industriel Bo\u00eetier \u00e9lectrom\u00e9canique"},"content":{"rendered":"<h2>D\u00e9tails des produits<\/h2>\n<table class=\"custom-table\">\n<tr>\n<td class=\"label\">Article :<\/td>\n<td>bo\u00eetier de contr\u00f4leur bo\u00eetier d'instrument profil\u00e9 industriel en aluminium bo\u00eetier \u00e9lectrom\u00e9canique<\/td>\n<\/tr>\n<tr>\n<td class=\"label\">Temp\u00e9rer :<\/td>\n<td>6063-T5<\/td>\n<\/tr>\n<tr>\n<td class=\"label\">Forme :<\/td>\n<td>Canal en U<\/td>\n<\/tr>\n<tr>\n<td class=\"label\">Tol\u00e9rance :<\/td>\n<td>\u00b10,5%<\/td>\n<\/tr>\n<tr>\n<td class=\"label\">Standard :<\/td>\n<td>qualit\u00e9 moyenne et \u00e9lev\u00e9e<\/td>\n<\/tr>\n<tr>\n<td class=\"label\">D\u00e9lai de livraison :<\/td>\n<td>25-30 jours<\/td>\n<\/tr>\n<tr>\n<td class=\"label\">D\u00e9lai de paiement :<\/td>\n<td>T\/T(30% Deposit), L\/C<\/td>\n<\/tr>\n<tr>\n<td class=\"label\">Port :<\/td>\n<td>Guangzhou, Shenzhen<\/td>\n<\/tr>\n<tr>\n<td class=\"label\">Grade :<\/td>\n<td>S\u00e9rie 6000 6063<\/td>\n<\/tr>\n<tr>\n<td class=\"label\">Lieu d'origine :<\/td>\n<td>Foshan, Guangdong<\/td>\n<\/tr>\n<tr>\n<td class=\"label\">Alliage ou non :<\/td>\n<td>Alliage d'Alunimun<\/td>\n<\/tr>\n<tr>\n<td class=\"label\">Marque :<\/td>\n<td>Sinoextrud, Sinoextrud<\/td>\n<\/tr>\n<tr>\n<td class=\"label\">Traitement de surface :<\/td>\n<td>rev\u00eatement en poudre, \u00e9lectrophor\u00e8se, grain de bois, anodis\u00e9, bross\u00e9, polissage<\/td>\n<\/tr>\n<tr>\n<td class=\"label\">MOQ :<\/td>\n<td>200KG<\/td>\n<\/tr>\n<tr>\n<td class=\"label\">Service de traitement :<\/td>\n<td>Pliage, d\u00e9roulage, soudage, poin\u00e7onnage, d\u00e9coupage<\/td>\n<\/tr>\n<tr>\n<td class=\"label\">Longueur: :<\/td>\n<td>1-9m ou sur mesure<\/td>\n<\/tr>\n<\/table>\n<h2>Notre base de production<\/h2>\n<h3>Panorama de l'usine<\/h3>\n<p><img decoding=\"async\" src=\"\/wp-content\/uploads\/factory-01.webp\"\/><\/p>\n<h3>Atelier de fabrication de barres d'aluminium<\/h3>\n<p><img decoding=\"async\" src=\"\/wp-content\/uploads\/factory-02.webp\"\/><\/p>\n<p><img decoding=\"async\" src=\"\/wp-content\/uploads\/factory-03.webp\"\/><\/p>\n<h3>Entrep\u00f4t de stockage des moules<\/h3>\n<p><img decoding=\"async\" src=\"\/wp-content\/uploads\/factory-04.webp\"\/><\/p>\n<h3>43 lignes d'extrusion d'aluminium (500-5500 tonnes)<\/h3>\n<p><img decoding=\"async\" src=\"\/wp-content\/uploads\/factory-05.webp\"\/><\/p>\n<p><img decoding=\"async\" src=\"\/wp-content\/uploads\/factory-06.webp\"\/><\/p>\n<p><img decoding=\"async\" src=\"\/wp-content\/uploads\/factory-07.webp\"\/><\/p>\n<h3>Atelier de peinture en poudre<\/h3>\n<p><img decoding=\"async\" src=\"\/wp-content\/uploads\/factory-09.webp\"\/><\/p>\n<h3>Atelier d'anodisation<\/h3>\n<p><img decoding=\"async\" src=\"\/wp-content\/uploads\/factory-10.webp\"\/><\/p>\n<h3>Atelier sur le traitement en profondeur<\/h3>\n<p><img decoding=\"async\" src=\"\/wp-content\/uploads\/factory-11.webp\"\/><\/p>\n<h3>Atelier d'usinage de pr\u00e9cision CNC<\/h3>\n<p><img decoding=\"async\" src=\"\/wp-content\/uploads\/factory-11.5.webp\"\/><\/p>\n<h3>Entrep\u00f4t de produits finis et d'exportation<\/h3>\n<p><img decoding=\"async\" src=\"\/wp-content\/uploads\/factory-12.webp\"\/><\/p>\n<p><img decoding=\"async\" src=\"\/wp-content\/uploads\/factory-13.webp\"\/><\/p>\n<p><img decoding=\"async\" src=\"\/wp-content\/uploads\/factory-14.webp\"\/><\/p>\n<h2>FAQ<\/h2>\n<p><p><b>1) Qu'est-ce qu'un profil\u00e9 industriel en aluminium de type \"Controller Shell Instrument Box\" ?<\/b><\/p>\n<p>Il s'agit d'un bo\u00eetier de protection en profil\u00e9 d'aluminium industriel, con\u00e7u pour abriter en toute s\u00e9curit\u00e9 des syst\u00e8mes \u00e9lectrom\u00e9caniques et des instruments de contr\u00f4le.<br \/>\n<\/p><br \/>\n<br \/>\n<p><b>2) Quels sont les principaux avantages de l'utilisation d'une coque en profil\u00e9 d'aluminium pour les contr\u00f4leurs ?<\/b><\/p>\n<p>Les coques profil\u00e9es en aluminium offrent une r\u00e9sistance sup\u00e9rieure, une construction l\u00e9g\u00e8re et une excellente gestion thermique pour les applications de contr\u00f4leurs.<br \/>\n<\/p><br \/>\n<br \/>\n<p><b>3. l'enveloppe \u00e9lectrom\u00e9canique est-elle adapt\u00e9e aux environnements difficiles ?<\/b><\/p>\n<p>Oui, le profil\u00e9 en aluminium est r\u00e9sistant \u00e0 la corrosion et durable, ce qui le rend id\u00e9al pour une utilisation industrielle et ext\u00e9rieure.<br \/>\n<\/p><br \/>\n<br \/>\n<p><b>4. cette bo\u00eete \u00e0 instruments peut-elle \u00eatre personnalis\u00e9e pour des appareils sp\u00e9cifiques ?<\/b><\/p>\n<p>Oui, la conception modulaire en aluminium permet de personnaliser la taille, la forme et les caract\u00e9ristiques de montage pour s'adapter \u00e0 diff\u00e9rents appareils et composants.<br \/>\n<\/p><br \/>\n<br \/>\n<p><b>5. la coque permet-elle une dissipation efficace de la chaleur ?<\/b><\/p>\n<p>Oui, le profil\u00e9 industriel en aluminium est con\u00e7u pour assurer une dissipation efficace de la chaleur pour les syst\u00e8mes \u00e9lectroniques et \u00e9lectrom\u00e9caniques.<br \/>\n<\/p><br \/>\n<br \/>\n<p><b>6. l'installation des composants \u00e0 l'int\u00e9rieur de la coque est-elle ais\u00e9e ?<\/b><\/p>\n<p>Oui, les fentes de montage et les rails de guidage int\u00e9gr\u00e9s permettent une installation rapide et s\u00fbre des circuits imprim\u00e9s, des connecteurs et des modules.<br \/>\n<\/p><br \/>\n<br \/>\n<p><b>7) Quelles sont les industries qui utilisent couramment ce type de coque en aluminium ?<\/b><\/p>\n<p>Ces coques \u00e9lectrom\u00e9caniques en aluminium sont largement utilis\u00e9es dans les applications d'automatisation, de robotique, de syst\u00e8mes \u00e9nerg\u00e9tiques et de panneaux de contr\u00f4le.<br \/>\n<\/p><br \/>\n<br \/>\n<p><b>8) Comment ce produit contribue-t-il au cycle de vie et \u00e0 la maintenance des produits ?<\/b><\/p>\n<p>La conception durable et la structure facile d'acc\u00e8s permettent une utilisation \u00e0 long terme et une maintenance simplifi\u00e9e ou des mises \u00e0 niveau des composants.<br \/>\n<\/p><br \/><\/p>","protected":false},"featured_media":8600,"template":"","categories":[68],"class_list":["post-8601","product","type-product","status-publish","has-post-thumbnail","hentry","category-cnc-machining-aluminum-profile"],"meta_box":{"hilight_text_group":{"product_hilight_text":"<li>Robust industrial aluminum profile ensures structural strength and long service life<\/li>\r\r\n<li>Modular design allows easy customization for different electromechanical applications<\/li>\r\r\n<li>Excellent heat dissipation suitable for high-performance controllers and instruments<\/li>\r\r\n<li>Lightweight and corrosion-resistant aluminum ideal for harsh industrial environments<\/li>\r\r\n<li>Integrated mounting slots simplify assembly of electronic components and PCBs<\/li>","product_chanpin_blog":"<ul>\r\r\n<li><a href=\"https:\/\/sinoextrud.com\/t-slot-v-slot-differences\/\" target=\"_blank\">t slot vs v slot<\/a><\/li>\r\r\n<li><a href=\"https:\/\/sinoextrud.com\/what-is-4040-aluminium-extrud\/\" target=\"_blank\">4040 aluminium extrusion<\/a><\/li>\r\r\n<li><a href=\"https:\/\/sinoextrud.com\/what-is-4040-aluminium-extrud\/\" target=\"_blank\">aluminum extrusions for industrial racks<\/a><\/li>\r\r\n<li><a href=\"https:\/\/sinoextrud.com\/powder-coating-aluminium-process\/\" target=\"_blank\">powder coating aluminium<\/a><\/li>\r\r\n<li><a href=\"https:\/\/sinoextrud.com\/what-is-an-aluminium-strip-ceiling\/\" target=\"_blank\">aluminium strip ceiling<\/a><\/li>\r\r\n<li><a href=\"https:\/\/sinoextrud.com\/what-is-a-heat-sink\/\" target=\"_blank\">what is a heat sink<\/a><\/li>\r\r\n<\/ul>","product_chanpin_chanpin":"<li><a href=\"https:\/\/sinoextrud.com\/product\/aluminium-extrusion-hinge\/\" target=\"_blank\">Aluminium Extrusion Hinge<\/a><\/li>\r\n<li><a href=\"https:\/\/sinoextrud.com\/product\/cnc-aluminium\/\" target=\"_blank\">Cnc Aluminium<\/a><\/li>\r\n<li><a href=\"https:\/\/sinoextrud.com\/product\/aluminium-profile-accessories\/\" target=\"_blank\">Aluminium Profile Accessories<\/a><\/li>\r\n<li><a href=\"https:\/\/sinoextrud.com\/product\/round-aluminum-extrusion-tubular-cnc-bending\/\" target=\"_blank\">Round Aluminum Extrusion Tubular Cnc Bending<\/a><\/li>\r\n<li><a href=\"https:\/\/sinoextrud.com\/product\/controller-shell-instrument-box-industrial-aluminum-profile-electromechanical-shell\/\" target=\"_blank\">Controller Shell Instrument Box Industrial Aluminum Profile Electromechanical Shell<\/a><\/li>\r\n<li><a href=\"https:\/\/sinoextrud.com\/product\/lay-in-tile-ceiling-system\/\" target=\"_blank\">Lay-in Tile Ceiling System<\/a><\/li>\r\n<li><a href=\"https:\/\/sinoextrud.com\/product\/clip-in-tile-ceiling-system\/\" target=\"_blank\">Clip-in Tile Ceiling System<\/a><\/li>\r\n<li><a href=\"https:\/\/sinoextrud.com\/product\/triangle-ceiling-system\/\" target=\"_blank\">Triangle Ceiling System (Triangle Ceiling)<\/a><\/li>\r\n<li><a href=\"https:\/\/sinoextrud.com\/product\/the-hexagonal-type-ceiling-system\/\" target=\"_blank\">The Hexagonal Type Ceiling System (Hexagonal Ceiling)<\/a><\/li>\r\n<li><a href=\"https:\/\/sinoextrud.com\/product\/v-slot-rail-aluminum-profile-extrusion\/\" target=\"_blank\">V Slot Rail Aluminum Profile Extrusion<\/a><\/li>\r\n<li><a href=\"https:\/\/sinoextrud.com\/product\/customized-6063-extruded-aluminum-flat-bar\/\" target=\"_blank\">Customized 6063 Extruded Aluminum Flat Bar<\/a><\/li>"},"feature_list":[]},"_links":{"self":[{"href":"https:\/\/sinoextrud.com\/fr\/wp-json\/wp\/v2\/product\/8601","targetHints":{"allow":["GET"]}}],"collection":[{"href":"https:\/\/sinoextrud.com\/fr\/wp-json\/wp\/v2\/product"}],"about":[{"href":"https:\/\/sinoextrud.com\/fr\/wp-json\/wp\/v2\/types\/product"}],"wp:featuredmedia":[{"embeddable":true,"href":"https:\/\/sinoextrud.com\/fr\/wp-json\/wp\/v2\/media\/8600"}],"wp:attachment":[{"href":"https:\/\/sinoextrud.com\/fr\/wp-json\/wp\/v2\/media?parent=8601"}],"wp:term":[{"taxonomy":"category","embeddable":true,"href":"https:\/\/sinoextrud.com\/fr\/wp-json\/wp\/v2\/categories?post=8601"}],"curies":[{"name":"wp","href":"https:\/\/api.w.org\/{rel}","templated":true}]}}