{"id":8599,"date":"2025-06-17T03:47:28","date_gmt":"2025-06-17T03:47:28","guid":{"rendered":"https:\/\/sinoextrud.com\/product\/round-aluminum-extrusion-tubular-cnc-bending\/"},"modified":"2025-06-24T06:34:29","modified_gmt":"2025-06-24T06:34:29","slug":"extrusion-ronde-daluminium-tubulaire-cintrage-cnc","status":"publish","type":"product","link":"https:\/\/sinoextrud.com\/fr\/product\/round-aluminum-extrusion-tubular-cnc-bending\/","title":{"rendered":"Extrusion ronde d'aluminium Tubulaire Cintrage Cnc"},"content":{"rendered":"<h2>D\u00e9tails des produits<\/h2>\n<table class=\"custom-table\">\n<tr>\n<td class=\"label\">Objet<\/td>\n<td>Tubes ronds en aluminium extrud\u00e9 Pliage et poin\u00e7onnage CNC<\/td>\n<\/tr>\n<tr>\n<td class=\"label\">Nom de l'entreprise<\/td>\n<td> Sinoextrud<\/td>\n<\/tr>\n<tr>\n<td class=\"label\">Alliage d'aluminium<\/td>\n<td>6063-T5, ou personnalisation<\/td>\n<\/tr>\n<tr>\n<td class=\"label\">Marque<\/td>\n<td>Sinoextrud \/ Sinoextrud \/ Sinoextrud Aluminium<\/td>\n<\/tr>\n<tr>\n<td class=\"label\">Certificat<\/td>\n<td>CE, SONCAP, ISO, CIQ, RoHS, TUV, etc.<\/td>\n<\/tr>\n<tr>\n<td class=\"label\">Qualit\u00e9 des mat\u00e9riaux<\/td>\n<td>6061, 6063, 6005A, 6005, 6082, 6463, etc.<\/td>\n<\/tr>\n<tr>\n<td class=\"label\">Longueur<\/td>\n<td>1-9m, ou personnalisation<\/td>\n<\/tr>\n<tr>\n<td class=\"label\">MOQ<\/td>\n<td>200KGS pour chaque article \/ couleur<\/td>\n<\/tr>\n<tr>\n<td class=\"label\">Traitement de surface<\/td>\n<td>Finition en usine, anodisation, rev\u00eatement en poudre, \u00e9lectrophor\u00e8se, fluorocarbone (PVDF), grain de bois, poli, bross\u00e9, sabl\u00e9, etc.<\/td>\n<\/tr>\n<tr>\n<td class=\"label\">Processus CNC<\/td>\n<td>Per\u00e7age, pliage, soudage, taraudage, d\u00e9coupage, poin\u00e7onnage, etc.<\/td>\n<\/tr>\n<tr>\n<td class=\"label\">Couleur<\/td>\n<td>Nombreuses couleurs ou personnalisation<\/td>\n<\/tr>\n<tr>\n<td class=\"label\">Contr\u00f4le de la qualit\u00e9<\/td>\n<td>Les clients sont invit\u00e9s \u00e0 se rendre dans notre usine pour tester les produits un par un avant le paiement du solde.<\/td>\n<\/tr>\n<tr>\n<td class=\"label\">Paquet<\/td>\n<td>L'int\u00e9rieur est recouvert d'un film protecteur, d'un plastique r\u00e9tractable ou d'une mousse PE. Ext\u00e9rieur : bo\u00eete, carton, cadre en bois ou personnalisation.<\/td>\n<\/tr>\n<tr>\n<td class=\"label\">D\u00e9lai de livraison<\/td>\n<td>La mise au point de la matrice et le test de l'\u00e9chantillon prennent 12 \u00e0 18 jours, puis la dur\u00e9e de production est de 25 \u00e0 30 jours apr\u00e8s r\u00e9ception de l'acompte de l'acheteur.<\/td>\n<\/tr>\n<\/table>\n<h2>Notre base de production<\/h2>\n<h3>Panorama de l'usine<\/h3>\n<p><img decoding=\"async\" src=\"\/wp-content\/uploads\/factory-01.webp\"\/><\/p>\n<h3>Atelier de fabrication de barres d'aluminium<\/h3>\n<p><img decoding=\"async\" src=\"\/wp-content\/uploads\/factory-02.webp\"\/><\/p>\n<\/p>\n<p><img decoding=\"async\" src=\"\/wp-content\/uploads\/factory-03.webp\"\/><\/p>\n<h3>Entrep\u00f4t de stockage des moules<\/h3>\n<p><img decoding=\"async\" src=\"\/wp-content\/uploads\/factory-04.webp\"\/><\/p>\n<h3>43 lignes d'extrusion d'aluminium (500 \u00e0 5500 tonnes)<\/h3>\n<p><img decoding=\"async\" src=\"\/wp-content\/uploads\/factory-05.webp\"\/><\/p>\n<p><img decoding=\"async\" src=\"\/wp-content\/uploads\/factory-06.webp\"\/><\/p>\n<p><img decoding=\"async\" src=\"\/wp-content\/uploads\/factory-07.webp\"\/><\/p>\n<h3>Atelier de peinture en poudre<\/h3>\n<p><img decoding=\"async\" src=\"\/wp-content\/uploads\/factory-09.webp\"\/><\/p>\n<h3>Atelier d'anodisation<\/h3>\n<p><img decoding=\"async\" src=\"\/wp-content\/uploads\/factory-10.webp\"\/><\/p>\n<h3>Atelier sur le traitement en profondeur<\/h3>\n<p><img decoding=\"async\" src=\"\/wp-content\/uploads\/factory-11.webp\"\/><\/p>\n<h3>Atelier d'usinage de pr\u00e9cision CNC<\/h3>\n<p><img decoding=\"async\" src=\"\/wp-content\/uploads\/factory-11.5.webp\"\/><\/p>\n<h3>Entrep\u00f4t de produits finis et d'exportation<\/h3>\n<p><img decoding=\"async\" src=\"\/wp-content\/uploads\/factory-12.webp\"\/><\/p>\n<p><img decoding=\"async\" src=\"\/wp-content\/uploads\/factory-13.webp\"\/><\/p>\n<p><img decoding=\"async\" src=\"\/wp-content\/uploads\/factory-14.webp\"\/><\/p>\n<h2>FAQ<\/h2>\n<p><b>1) Qu'est-ce que le cintrage CNC de tubes ronds en extrusion d'aluminium ?<\/b><\/p>\n<p>Il s'agit d'un processus de fabrication qui permet de fa\u00e7onner des tubes ronds en aluminium \u00e0 l'aide de machines \u00e0 cintrer command\u00e9es par ordinateur afin de garantir la pr\u00e9cision et la r\u00e9p\u00e9tabilit\u00e9.\n<\/p>\n<p><\/p>\n<p><b>2) Quels sont les principaux avantages du cintrage CNC pour l'extrusion d'aluminium rond ?<\/b><\/p>\n<p>Le cintrage CNC offre une grande pr\u00e9cision, des courbes douces et des r\u00e9sultats reproductibles, ce qui est essentiel pour les applications industrielles et architecturales de l'aluminium.\n<\/p>\n<p><\/p>\n<p><b>3. l'extrusion ronde d'aluminium est-elle l\u00e9g\u00e8re et durable ?<\/b><\/p>\n<p>En effet, les extrusions d'aluminium sont connues pour \u00eatre \u00e0 la fois l\u00e9g\u00e8res et tr\u00e8s durables, ce qui les rend id\u00e9ales pour les applications structurelles et de transport.\n<\/p>\n<p><\/p>\n<p><b>4) Puis-je personnaliser la taille du tube rond en aluminium extrud\u00e9 ?<\/b><\/p>\n<p>Oui, la longueur, l'\u00e9paisseur de la paroi et le diam\u00e8tre du tube peuvent \u00eatre personnalis\u00e9s pour r\u00e9pondre aux exigences d'un projet sp\u00e9cifique.\n<\/p>\n<p><\/p>\n<p><b>5. ce produit peut-il \u00eatre utilis\u00e9 \u00e0 l'ext\u00e9rieur ?<\/b><\/p>\n<p>Oui, les produits tubulaires ronds d'extrusion d'aluminium pli\u00e9s par CNC sont r\u00e9sistants \u00e0 la corrosion et fonctionnent bien dans les environnements ext\u00e9rieurs.\n<\/p>\n<p><\/p>\n<p><b>6. comment le pliage CNC am\u00e9liore-t-il l'efficacit\u00e9 de la production ?<\/b><\/p>\n<p>Le cintrage CNC r\u00e9duit le travail manuel, minimise les erreurs et permet de former des tubes \u00e0 grande vitesse et de mani\u00e8re coh\u00e9rente pour la fabrication \u00e0 grande \u00e9chelle.\n<\/p>\n<p><\/p>\n<p><b>7. ces tubes en aluminium peuvent-ils \u00eatre utilis\u00e9s dans des syst\u00e8mes modulaires ?<\/b><\/p>\n<p>Oui, l'extrusion ronde en aluminium est compatible avec d'autres profils modulaires en aluminium, ce qui permet de concevoir des syst\u00e8mes flexibles et \u00e9volutifs.<\/p>\n<p><\/p>","protected":false},"featured_media":8598,"template":"","categories":[68],"class_list":["post-8599","product","type-product","status-publish","has-post-thumbnail","hentry","category-cnc-machining-aluminum-profile"],"meta_box":{"hilight_text_group":{"product_hilight_text":"<li>High-precision CNC bending ensures consistent tube curvature for industrial applications<\/li>\r\r\n<li>Lightweight yet strong round aluminum extrusion ideal for structural components<\/li>\r\r\n<li>Customizable tube lengths and diameters to meet specific project needs<\/li>\r\r\n<li>Corrosion-resistant aluminum suitable for outdoor and high-humidity environments<\/li>\r\r\n<li>Seamless integration with other aluminum profiles for modular system design<\/li>","product_chanpin_blog":"<ul>\r\r\n<li><a href=\"https:\/\/sinoextrud.com\/t-slot-v-slot-differences\/\" target=\"_blank\">t slot vs v slot<\/a><\/li>\r\r\n<li><a href=\"https:\/\/sinoextrud.com\/what-is-4040-aluminium-extrud\/\" target=\"_blank\">4040 aluminium extrusion<\/a><\/li>\r\r\n<li><a href=\"https:\/\/sinoextrud.com\/what-is-4040-aluminium-extrud\/\" target=\"_blank\">aluminum extrusions for industrial racks<\/a><\/li>\r\r\n<li><a href=\"https:\/\/sinoextrud.com\/powder-coating-aluminium-process\/\" target=\"_blank\">powder coating aluminium<\/a><\/li>\r\r\n<li><a href=\"https:\/\/sinoextrud.com\/what-is-an-aluminium-strip-ceiling\/\" target=\"_blank\">aluminium strip ceiling<\/a><\/li>\r\r\n<li><a href=\"https:\/\/sinoextrud.com\/what-is-a-heat-sink\/\" target=\"_blank\">what is a heat sink<\/a><\/li>\r\r\n<\/ul>","product_chanpin_chanpin":"<li><a href=\"https:\/\/sinoextrud.com\/product\/extruded-aluminum-brackets\/\" target=\"_blank\">Extruded Aluminum Brackets<\/a><\/li>\r\n<li><a href=\"https:\/\/sinoextrud.com\/product\/aluminium-extrusion-hinge\/\" target=\"_blank\">Aluminium Extrusion Hinge<\/a><\/li>\r\n<li><a href=\"https:\/\/sinoextrud.com\/product\/cnc-aluminium\/\" target=\"_blank\">Cnc Aluminium<\/a><\/li>\r\n<li><a href=\"https:\/\/sinoextrud.com\/product\/aluminium-profile-accessories\/\" target=\"_blank\">Aluminium Profile Accessories<\/a><\/li>\r\n<li><a href=\"https:\/\/sinoextrud.com\/product\/round-aluminum-extrusion-tubular-cnc-bending\/\" target=\"_blank\">Round Aluminum Extrusion Tubular Cnc Bending<\/a><\/li>\r\n<li><a href=\"https:\/\/sinoextrud.com\/product\/controller-shell-instrument-box-industrial-aluminum-profile-electromechanical-shell\/\" target=\"_blank\">Controller Shell Instrument Box Industrial Aluminum Profile Electromechanical Shell<\/a><\/li>\r\n<li><a href=\"https:\/\/sinoextrud.com\/product\/lay-in-tile-ceiling-system\/\" target=\"_blank\">Lay-in Tile Ceiling System<\/a><\/li>\r\n<li><a href=\"https:\/\/sinoextrud.com\/product\/clip-in-tile-ceiling-system\/\" target=\"_blank\">Clip-in Tile Ceiling System<\/a><\/li>\r\n<li><a href=\"https:\/\/sinoextrud.com\/product\/triangle-ceiling-system\/\" target=\"_blank\">Triangle Ceiling System (Triangle Ceiling)<\/a><\/li>\r\n<li><a href=\"https:\/\/sinoextrud.com\/product\/extruded-aluminum-tubing-round-in-stock\/\" target=\"_blank\">Extruded Aluminum Tubing Round In Stock<\/a><\/li>\r\n<li><a href=\"https:\/\/sinoextrud.com\/product\/aluminum-extrusion-aluminum-edge-trim-for-truck-body-cabins-profiles\/\" target=\"_blank\">Aluminum Extrusion Aluminum Edge Trim For Truck Body Cabins Profiles<\/a><\/li>"},"feature_list":[]},"_links":{"self":[{"href":"https:\/\/sinoextrud.com\/fr\/wp-json\/wp\/v2\/product\/8599","targetHints":{"allow":["GET"]}}],"collection":[{"href":"https:\/\/sinoextrud.com\/fr\/wp-json\/wp\/v2\/product"}],"about":[{"href":"https:\/\/sinoextrud.com\/fr\/wp-json\/wp\/v2\/types\/product"}],"wp:featuredmedia":[{"embeddable":true,"href":"https:\/\/sinoextrud.com\/fr\/wp-json\/wp\/v2\/media\/8598"}],"wp:attachment":[{"href":"https:\/\/sinoextrud.com\/fr\/wp-json\/wp\/v2\/media?parent=8599"}],"wp:term":[{"taxonomy":"category","embeddable":true,"href":"https:\/\/sinoextrud.com\/fr\/wp-json\/wp\/v2\/categories?post=8599"}],"curies":[{"name":"wp","href":"https:\/\/api.w.org\/{rel}","templated":true}]}}