{"id":8597,"date":"2025-06-17T03:44:42","date_gmt":"2025-06-17T03:44:42","guid":{"rendered":"https:\/\/sinoextrud.com\/product\/aluminium-profile-accessories\/"},"modified":"2025-06-24T06:34:29","modified_gmt":"2025-06-24T06:34:29","slug":"accessoires-pour-profiles-en-aluminium","status":"publish","type":"product","link":"https:\/\/sinoextrud.com\/fr\/product\/aluminium-profile-accessories\/","title":{"rendered":"Accessoires pour profil\u00e9s en aluminium"},"content":{"rendered":"<h2>D\u00e9tails des produits<\/h2>\n<table class=\"custom-table\">\n<tbody>\n<tr>\n<td> <\/td>\n<td>Sinoextrud152<\/td>\n<\/tr>\n<tr>\n<td>Traitement de surface :<\/td>\n<td>Anodis\u00e9 etc.<\/td>\n<\/tr>\n<tr>\n<td>Alliage :<\/td>\n<td>Alliage 6000<\/td>\n<\/tr>\n<tr>\n<td>Allication :<\/td>\n<td>Machine, transport, industrie, etc.<\/td>\n<\/tr>\n<tr>\n<td>Mat\u00e9riau :<\/td>\n<td>6063-T5, 6061-T6, 6082<\/td>\n<\/tr>\n<tr>\n<td>Certificat :<\/td>\n<td>Cqm, SGS, Ce, Soncap ISO, JIS, as, Nzs<\/td>\n<\/tr>\n<tr>\n<td>Marque d\u00e9pos\u00e9e :<\/td>\n<td>OEM<\/td>\n<\/tr>\n<tr>\n<td>Sp\u00e9cification :<\/td>\n<td>taille personnalis\u00e9e selon le dessin auto-cad.<\/td>\n<\/tr>\n<tr>\n<td>Code HS :<\/td>\n<td>76042100<\/td>\n<\/tr>\n<tr>\n<td>Standard :<\/td>\n<td>GB\/75237-2004, Q\/320281\/Pdwd-2008<\/td>\n<\/tr>\n<tr>\n<td>MOQ :<\/td>\n<td>200KG pour chaque article. Tuyaux en stock disponibles.<\/td>\n<\/tr>\n<\/tbody>\n<\/table>\n<h2>Notre base de production<\/h2>\n<h3>Panorama de l'usine<\/h3>\n<p><img decoding=\"async\" src=\"\/wp-content\/uploads\/factory-01.webp\"\/><\/p>\n<h3>Atelier de fabrication de barres d'aluminium<\/h3>\n<p><img decoding=\"async\" src=\"\/wp-content\/uploads\/factory-02.webp\"\/><\/p>\n<p><img decoding=\"async\" src=\"\/wp-content\/uploads\/factory-03.webp\"\/><\/p>\n<h3>Entrep\u00f4t de stockage des moules<\/h3>\n<p><img decoding=\"async\" src=\"\/wp-content\/uploads\/factory-04.webp\"\/><\/p>\n<h3>43 lignes d'extrusion d'aluminium (500 \u00e0 5500 tonnes)<\/h3>\n<p><img decoding=\"async\" src=\"\/wp-content\/uploads\/factory-05.webp\"\/><\/p>\n<p><img decoding=\"async\" src=\"\/wp-content\/uploads\/factory-06.webp\"\/><\/p>\n<p><img decoding=\"async\" src=\"\/wp-content\/uploads\/factory-07.webp\"\/><\/p>\n<h3>Atelier de peinture en poudre<\/h3>\n<p><img decoding=\"async\" src=\"\/wp-content\/uploads\/factory-09.webp\"\/><\/p>\n<h3>Atelier d'anodisation<\/h3>\n<p><img decoding=\"async\" src=\"\/wp-content\/uploads\/factory-10.webp\"\/><\/p>\n<h3>Atelier sur le traitement en profondeur<\/h3>\n<p><img decoding=\"async\" src=\"\/wp-content\/uploads\/factory-11.webp\"\/><\/p>\n<h3>Atelier d'usinage de pr\u00e9cision CNC<\/h3>\n<p><img decoding=\"async\" src=\"\/wp-content\/uploads\/factory-11.5.webp\"\/><\/p>\n<h3>Entrep\u00f4t de produits finis et d'exportation<\/h3>\n<p><img decoding=\"async\" src=\"\/wp-content\/uploads\/factory-12.webp\"\/><\/p>\n<p><img decoding=\"async\" src=\"\/wp-content\/uploads\/factory-13.webp\"\/><\/p>\n<p><img decoding=\"async\" src=\"\/wp-content\/uploads\/factory-14.webp\"\/><\/p>\n<h2>FAQ<\/h2>\n<p><p><b>1. accessoires pour profil\u00e9s en aluminium : Quels sont les types d'accessoires disponibles pour les profil\u00e9s en aluminium ?<\/b><\/p>\n<p>Les accessoires les plus courants sont les connecteurs, les supports, les fixations, les charni\u00e8res et les embouts, tous con\u00e7us pour am\u00e9liorer la fonctionnalit\u00e9 des syst\u00e8mes de profil\u00e9s en aluminium.<br \/>\n<\/p><br \/>\n<br \/>\n<p><b>2. Comment les accessoires pour profil\u00e9s en aluminium am\u00e9liorent-ils l'ensemble du syst\u00e8me ?<\/b><\/p>\n<p>Les accessoires pour profil\u00e9s en aluminium offrent un soutien suppl\u00e9mentaire, une fonctionnalit\u00e9 et une facilit\u00e9 d'assemblage, garantissant un syst\u00e8me plus robuste et plus efficace pour diverses applications.<br \/>\n<\/p><br \/>\n<br \/>\n<p><b>3. Les accessoires sont-ils compatibles avec tous les profils en aluminium ?<\/b><\/p>\n<p>Oui, la plupart des accessoires pour profil\u00e9s en aluminium sont con\u00e7us pour \u00eatre polyvalents et compatibles avec une large gamme de syst\u00e8mes de profil\u00e9s, offrant ainsi une grande souplesse de conception et d'application.<br \/>\n<\/p><br \/>\n<br \/>\n<p><b>4. Quels sont les mat\u00e9riaux utilis\u00e9s pour les accessoires des profil\u00e9s en aluminium ?<\/b><\/p>\n<p>Les accessoires pour profil\u00e9s en aluminium sont g\u00e9n\u00e9ralement fabriqu\u00e9s \u00e0 partir d'aluminium, d'acier et d'autres mat\u00e9riaux durables de haute qualit\u00e9 qui garantissent leur long\u00e9vit\u00e9 et leur solidit\u00e9.<br \/>\n<\/p><br \/>\n<br \/>\n<p><b>5. les accessoires peuvent-ils \u00eatre facilement install\u00e9s et modifi\u00e9s ?<\/b><\/p>\n<p>Oui, les accessoires pour profil\u00e9s en aluminium sont con\u00e7us pour une installation facile et peuvent \u00eatre personnalis\u00e9s ou ajust\u00e9s pour r\u00e9pondre aux exigences sp\u00e9cifiques de diff\u00e9rents projets.<br \/>\n<\/p><br \/>\n<br \/>\n<p><b>6. les accessoires en profil\u00e9s d'aluminium sont-ils r\u00e9sistants \u00e0 la corrosion ?<\/b><\/p>\n<p>Oui, les accessoires en aluminium et en acier sont g\u00e9n\u00e9ralement r\u00e9sistants \u00e0 la corrosion, ce qui permet de les utiliser \u00e0 l'int\u00e9rieur comme \u00e0 l'ext\u00e9rieur, m\u00eame dans des environnements difficiles.<br \/>\n<\/p><br \/>\n<br \/>\n<p><b>7.Comment les accessoires pour profil\u00e9s en aluminium contribuent-ils \u00e0 r\u00e9duire les co\u00fbts ?<\/b><\/p>\n<p>En offrant un moyen rentable d'am\u00e9liorer les performances et l'int\u00e9grit\u00e9 structurelle des profil\u00e9s en aluminium, ces accessoires r\u00e9duisent le besoin de solutions personnalis\u00e9es et diminuent les co\u00fbts globaux du projet.<br \/>\n<\/p><br \/><\/p>","protected":false},"featured_media":8596,"template":"","categories":[68],"class_list":["post-8597","product","type-product","status-publish","has-post-thumbnail","hentry","category-cnc-machining-aluminum-profile"],"meta_box":{"hilight_text_group":{"product_hilight_text":"<li>Wide range of accessories to complement various aluminum profiles<\/li>\r\r\n<li>High-quality materials ensure durability and reliability<\/li>\r\r\n<li>Easy to install and customize for different applications<\/li>\r\r\n<li>Cost-effective solutions for enhancing aluminum profile systems<\/li>\r\r\n<li>Provides additional functionality and structural support for projects<\/li>","product_chanpin_blog":"<ul>\r\r\n<li><a href=\"https:\/\/sinoextrud.com\/t-slot-v-slot-differences\/\" target=\"_blank\">t slot vs v slot<\/a><\/li>\r\r\n<li><a href=\"https:\/\/sinoextrud.com\/what-is-4040-aluminium-extrud\/\" target=\"_blank\">4040 aluminium extrusion<\/a><\/li>\r\r\n<li><a href=\"https:\/\/sinoextrud.com\/what-is-4040-aluminium-extrud\/\" target=\"_blank\">aluminum extrusions for industrial racks<\/a><\/li>\r\r\n<li><a href=\"https:\/\/sinoextrud.com\/powder-coating-aluminium-process\/\" target=\"_blank\">powder coating aluminium<\/a><\/li>\r\r\n<li><a href=\"https:\/\/sinoextrud.com\/what-is-an-aluminium-strip-ceiling\/\" target=\"_blank\">aluminium strip ceiling<\/a><\/li>\r\r\n<li><a href=\"https:\/\/sinoextrud.com\/what-is-a-heat-sink\/\" target=\"_blank\">what is a heat sink<\/a><\/li>\r\r\n<\/ul>","product_chanpin_chanpin":"<li><a href=\"https:\/\/sinoextrud.com\/product\/aluminum-extrusion-accessories\/\" target=\"_blank\">Aluminum Extrusion Accessories<\/a><\/li>\r\n<li><a href=\"https:\/\/sinoextrud.com\/product\/extruded-aluminum-brackets\/\" target=\"_blank\">Extruded Aluminum Brackets<\/a><\/li>\r\n<li><a href=\"https:\/\/sinoextrud.com\/product\/aluminium-extrusion-hinge\/\" target=\"_blank\">Aluminium Extrusion Hinge<\/a><\/li>\r\n<li><a href=\"https:\/\/sinoextrud.com\/product\/cnc-aluminium\/\" target=\"_blank\">Cnc Aluminium<\/a><\/li>\r\n<li><a href=\"https:\/\/sinoextrud.com\/product\/aluminium-profile-accessories\/\" target=\"_blank\">Aluminium Profile Accessories<\/a><\/li>\r\n<li><a href=\"https:\/\/sinoextrud.com\/product\/round-aluminum-extrusion-tubular-cnc-bending\/\" target=\"_blank\">Round Aluminum Extrusion Tubular Cnc Bending<\/a><\/li>\r\n<li><a href=\"https:\/\/sinoextrud.com\/product\/controller-shell-instrument-box-industrial-aluminum-profile-electromechanical-shell\/\" target=\"_blank\">Controller Shell Instrument Box Industrial Aluminum Profile Electromechanical Shell<\/a><\/li>\r\n<li><a href=\"https:\/\/sinoextrud.com\/product\/lay-in-tile-ceiling-system\/\" target=\"_blank\">Lay-in Tile Ceiling System<\/a><\/li>\r\n<li><a href=\"https:\/\/sinoextrud.com\/product\/clip-in-tile-ceiling-system\/\" target=\"_blank\">Clip-in Tile Ceiling System<\/a><\/li>\r\n<li><a href=\"https:\/\/sinoextrud.com\/product\/aluminium-kitchen-cabinet-handles\/\" target=\"_blank\">Aluminium Kitchen Cabinet Handles<\/a><\/li>\r\n<li><a href=\"https:\/\/sinoextrud.com\/product\/l-shaped-aluminum-trim\/\" target=\"_blank\">L Shaped Aluminum Trim<\/a><\/li>"},"feature_list":[]},"_links":{"self":[{"href":"https:\/\/sinoextrud.com\/fr\/wp-json\/wp\/v2\/product\/8597","targetHints":{"allow":["GET"]}}],"collection":[{"href":"https:\/\/sinoextrud.com\/fr\/wp-json\/wp\/v2\/product"}],"about":[{"href":"https:\/\/sinoextrud.com\/fr\/wp-json\/wp\/v2\/types\/product"}],"wp:featuredmedia":[{"embeddable":true,"href":"https:\/\/sinoextrud.com\/fr\/wp-json\/wp\/v2\/media\/8596"}],"wp:attachment":[{"href":"https:\/\/sinoextrud.com\/fr\/wp-json\/wp\/v2\/media?parent=8597"}],"wp:term":[{"taxonomy":"category","embeddable":true,"href":"https:\/\/sinoextrud.com\/fr\/wp-json\/wp\/v2\/categories?post=8597"}],"curies":[{"name":"wp","href":"https:\/\/api.w.org\/{rel}","templated":true}]}}