{"id":8585,"date":"2025-06-17T03:33:19","date_gmt":"2025-06-17T03:33:19","guid":{"rendered":"https:\/\/sinoextrud.com\/product\/aluminium-profile-rail\/"},"modified":"2025-06-24T06:34:27","modified_gmt":"2025-06-24T06:34:27","slug":"rail-profile-en-aluminium","status":"publish","type":"product","link":"https:\/\/sinoextrud.com\/fr\/product\/aluminium-profile-rail\/","title":{"rendered":"Rail profil\u00e9 en aluminium"},"content":{"rendered":"<h2>D\u00e9tails des produits<\/h2>\n<table class=\"custom-table\">\n<tr>\n<td class=\"label\">Article :<\/td>\n<td> Garde-corps en profil\u00e9s d'aluminium<\/td>\n<\/tr>\n<tr>\n<td class=\"label\">Type :<\/td>\n<td> Profil\u00e9 d'aluminium de d\u00e9coration<\/td>\n<\/tr>\n<tr>\n<td class=\"label\">Grade :<\/td>\n<td> S\u00e9rie 6000<\/td>\n<\/tr>\n<tr>\n<td class=\"label\">Finition de la surface :<\/td>\n<td> Pulv\u00e9risation de poudre<\/td>\n<\/tr>\n<tr>\n<td class=\"label\">Certification :<\/td>\n<td> CE, ISO, RoHS, TUV<\/td>\n<\/tr>\n<tr>\n<td class=\"label\">Traitement en profondeur :<\/td>\n<td> Couper, poin\u00e7onner, tamponner, plier, poncer, polir, brosser, etc.<\/td>\n<\/tr>\n<tr>\n<td class=\"label\">Taille :<\/td>\n<td> selon dessin ou sur mesure<\/td>\n<\/tr>\n<tr>\n<td class=\"label\">Paquet de transport :<\/td>\n<td> Carton, Papier artisanal, Emballage r\u00e9tractable<\/td>\n<\/tr>\n<tr>\n<td class=\"label\">Origine :<\/td>\n<td> Foshan, Guangdong<\/td>\n<\/tr>\n<tr>\n<td class=\"label\">Forme :<\/td>\n<td> Sur mesure<\/td>\n<\/tr>\n<tr>\n<td class=\"label\">Temp\u00e9rer :<\/td>\n<td> T3-T8<\/td>\n<\/tr>\n<tr>\n<td class=\"label\">Alliage :<\/td>\n<td> Alliage<\/td>\n<\/tr>\n<tr>\n<td class=\"label\">Ingr\u00e9dient d'alliage :<\/td>\n<td> 6063<\/td>\n<\/tr>\n<tr>\n<td class=\"label\">Traitement de surface :<\/td>\n<td> Anodis\u00e9, grain de bois, rev\u00eatement en poudre, \u00e9lectrophor\u00e8se, etc.<\/td>\n<\/tr>\n<tr>\n<td class=\"label\">Couleur :<\/td>\n<td> Argent, or, bronze, noir, blanc, etc.<\/td>\n<\/tr>\n<tr>\n<td class=\"label\">Marque d\u00e9pos\u00e9e :<\/td>\n<td> Sinoextrud<\/td>\n<\/tr>\n<tr>\n<td class=\"label\">Sp\u00e9cification :<\/td>\n<td> SGS<\/td>\n<\/tr>\n<tr>\n<td class=\"label\">Code HS :<\/td>\n<td> 7604299000<\/td>\n<\/tr>\n<\/table>\n<h2>Notre base de production<\/h2>\n<h3>Panorama de l'usine<\/h3>\n<p><img decoding=\"async\" src=\"\/wp-content\/uploads\/factory-01.webp\"\/><\/p>\n<h3>Atelier de fabrication de barres d'aluminium<\/h3>\n<p><img decoding=\"async\" src=\"\/wp-content\/uploads\/factory-02.webp\"\/><\/p>\n<p><img decoding=\"async\" src=\"\/wp-content\/uploads\/factory-03.webp\"\/><\/p>\n<h3>Entrep\u00f4t de stockage des moules<\/h3>\n<p><img decoding=\"async\" src=\"\/wp-content\/uploads\/factory-04.webp\"\/><\/p>\n<h3>43 lignes d'extrusion d'aluminium (500 \u00e0 5500 tonnes)<\/h3>\n<p><img decoding=\"async\" src=\"\/wp-content\/uploads\/factory-05.webp\"\/><\/p>\n<p><img decoding=\"async\" src=\"\/wp-content\/uploads\/factory-06.webp\"\/><\/p>\n<p><img decoding=\"async\" src=\"\/wp-content\/uploads\/factory-07.webp\"\/><\/p>\n<h3>Atelier de peinture en poudre<\/h3>\n<p><img decoding=\"async\" src=\"\/wp-content\/uploads\/factory-09.webp\"\/><\/p>\n<h3>Atelier d'anodisation<\/h3>\n<p><img decoding=\"async\" src=\"\/wp-content\/uploads\/factory-10.webp\"\/><\/p>\n<h3>Atelier sur le traitement en profondeur<\/h3>\n<p><img decoding=\"async\" src=\"\/wp-content\/uploads\/factory-11.webp\"\/><\/p>\n<h3>Atelier d'usinage de pr\u00e9cision CNC<\/h3>\n<p><img decoding=\"async\" src=\"\/wp-content\/uploads\/factory-11.5.webp\"\/><\/p>\n<h3>Entrep\u00f4t de produits finis et d'exportation<\/h3>\n<p><img decoding=\"async\" src=\"\/wp-content\/uploads\/factory-12.webp\"\/><\/p>\n<p><img decoding=\"async\" src=\"\/wp-content\/uploads\/factory-13.webp\"\/><\/p>\n<p><img decoding=\"async\" src=\"\/wp-content\/uploads\/factory-14.webp\"\/><\/p>\n<h2>FAQ<\/h2>\n<p><p><b>1) Qu'est-ce qu'un rail profil\u00e9 en aluminium ?<\/b><\/p>\n<p>Un rail profil\u00e9 en aluminium est un composant structurel con\u00e7u pour soutenir les mouvements lin\u00e9aires dans divers syst\u00e8mes m\u00e9caniques, en apportant pr\u00e9cision et stabilit\u00e9.<br \/>\n<\/p><br \/>\n<br \/>\n<p><b>2. quels sont les avantages des rails profil\u00e9s en aluminium ?<\/b><\/p>\n<p>Les rails profil\u00e9s en aluminium offrent une grande solidit\u00e9, une r\u00e9sistance \u00e0 la corrosion, une conception l\u00e9g\u00e8re et une ing\u00e9nierie de pr\u00e9cision, ce qui les rend id\u00e9aux pour diverses applications industrielles.<br \/>\n<\/p><br \/>\n<br \/>\n<p><b>3. Les rails profil\u00e9s en aluminium peuvent-ils \u00eatre personnalis\u00e9s ?<\/b><\/p>\n<p>Oui, les rails profil\u00e9s en aluminium peuvent \u00eatre personnalis\u00e9s en termes de taille, de longueur et de conception pour r\u00e9pondre aux exigences d'applications sp\u00e9cifiques dans diff\u00e9rents secteurs.<br \/>\n<\/p><br \/>\n<br \/>\n<p><b>4. En quoi la r\u00e9sistance \u00e0 la corrosion des rails profil\u00e9s en aluminium est-elle b\u00e9n\u00e9fique pour leurs performances ?<\/b><\/p>\n<p>La r\u00e9sistance \u00e0 la corrosion garantit que les rails profil\u00e9s en aluminium restent durables et fiables, m\u00eame dans des environnements difficiles, ce qui prolonge leur dur\u00e9e de vie.<br \/>\n<\/p><br \/>\n<br \/>\n<p><b>5) Quelles sont les industries qui utilisent les rails profil\u00e9s en aluminium ?<\/b><\/p>\n<p>Les industries telles que l'automatisation, la robotique et la fabrication utilisent les rails profil\u00e9s en aluminium dans des applications qui n\u00e9cessitent un mouvement lin\u00e9aire souple et pr\u00e9cis.<br \/>\n<\/p><br \/>\n<br \/>\n<p><b>6. Comment la conception l\u00e9g\u00e8re des rails profil\u00e9s en aluminium am\u00e9liore-t-elle l'efficacit\u00e9 ?<\/b><\/p>\n<p>Gr\u00e2ce \u00e0 leur l\u00e9g\u00e8ret\u00e9, les rails profil\u00e9s en aluminium sont faciles \u00e0 manipuler et \u00e0 installer, ce qui permet de r\u00e9duire le poids total du syst\u00e8me m\u00e9canique et d'en am\u00e9liorer l'efficacit\u00e9.<br \/>\n<\/p><br \/>\n<br \/>\n<p><b>7. les rails profil\u00e9s en aluminium sont-ils respectueux de l'environnement ?<\/b><\/p>\n<p>Oui, l'aluminium est un mat\u00e9riau recyclable, ce qui fait des rails profil\u00e9s en aluminium un choix \u00e9cologique pour les applications industrielles.<br \/>\n<\/p><br \/>\n<br \/>\n<p><b>8. les rails profil\u00e9s en aluminium conviennent-ils aux applications lourdes ?<\/b><\/p>\n<p>Oui, les rails profil\u00e9s en aluminium sont con\u00e7us pour \u00eatre r\u00e9sistants et pr\u00e9cis, ce qui les rend adapt\u00e9s aux syst\u00e8mes de mouvement lin\u00e9aire l\u00e9gers et lourds.<br \/>\n<\/p><br \/><\/p>","protected":false},"featured_media":8584,"template":"","categories":[68],"class_list":["post-8585","product","type-product","status-publish","has-post-thumbnail","hentry","category-cnc-machining-aluminum-profile"],"meta_box":{"hilight_text_group":{"product_hilight_text":"<li>High-strength aluminum profile rail designed for smooth, precise linear motion.<\/li>\r\r\n<li>Durable and lightweight material for easy handling and long-lasting performance.<\/li>\r\r\n<li>Corrosion-resistant surface, ensuring reliable operation in challenging environments.<\/li>\r\r\n<li>Customizable to meet specific application needs, offering versatility in design.<\/li>\r\r\n<li>Precision-engineered for high accuracy and minimal friction in linear motion systems.<\/li>\r\r\n<li>Cost-effective solution for both small and large-scale manufacturing projects.<\/li>\r\r\n<li>Eco-friendly, as aluminum is fully recyclable and sustainable.<\/li>","product_chanpin_blog":"<ul>\r\r\n<li><a href=\"https:\/\/sinoextrud.com\/t-slot-v-slot-differences\/\" target=\"_blank\">t slot vs v slot<\/a><\/li>\r\r\n<li><a href=\"https:\/\/sinoextrud.com\/what-is-4040-aluminium-extrud\/\" target=\"_blank\">4040 aluminium extrusion<\/a><\/li>\r\r\n<li><a href=\"https:\/\/sinoextrud.com\/what-is-4040-aluminium-extrud\/\" target=\"_blank\">aluminum extrusions for industrial racks<\/a><\/li>\r\r\n<li><a href=\"https:\/\/sinoextrud.com\/powder-coating-aluminium-process\/\" target=\"_blank\">powder coating aluminium<\/a><\/li>\r\r\n<li><a href=\"https:\/\/sinoextrud.com\/what-is-an-aluminium-strip-ceiling\/\" target=\"_blank\">aluminium strip ceiling<\/a><\/li>\r\r\n<li><a href=\"https:\/\/sinoextrud.com\/what-is-a-heat-sink\/\" target=\"_blank\">what is a heat sink<\/a><\/li>\r\r\n<\/ul>","product_chanpin_chanpin":"<li><a href=\"https:\/\/sinoextrud.com\/product\/profile-aluminum-cnc\/\" target=\"_blank\">Profile Aluminum CNC<\/a><\/li>\r\n<li><a href=\"https:\/\/sinoextrud.com\/product\/cnc-aluminium-extrusion\/\" target=\"_blank\">CNC Aluminium Extrusion<\/a><\/li>\r\n<li><a href=\"https:\/\/sinoextrud.com\/product\/extruded-aluminum-housing\/\" target=\"_blank\">Extruded Aluminum Housing<\/a><\/li>\r\n<li><a href=\"https:\/\/sinoextrud.com\/product\/aluminum-machining-round-tube-processing-by-aluminum-profile-cad-vs-aluminium-alloy-customized-anodized\/\" target=\"_blank\">aluminum machining round tube processing by aluminum profile cad  vs aluminium alloy Customized Anodized<\/a><\/li>\r\n<li><a href=\"https:\/\/sinoextrud.com\/product\/aluminium-profile-rail\/\" target=\"_blank\">Aluminium Profile Rail<\/a><\/li>\r\n<li><a href=\"https:\/\/sinoextrud.com\/product\/machined-aluminum-extrusion\/\" target=\"_blank\">Machined Aluminum Extrusion<\/a><\/li>\r\n<li><a href=\"https:\/\/sinoextrud.com\/product\/aluminum-extrusion-accessories\/\" target=\"_blank\">Aluminum Extrusion Accessories<\/a><\/li>\r\n<li><a href=\"https:\/\/sinoextrud.com\/product\/extruded-aluminum-brackets\/\" target=\"_blank\">Extruded Aluminum Brackets<\/a><\/li>\r\n<li><a href=\"https:\/\/sinoextrud.com\/product\/aluminium-extrusion-hinge\/\" target=\"_blank\">Aluminium Extrusion Hinge<\/a><\/li>\r\n<li><a href=\"https:\/\/sinoextrud.com\/product\/aluminum-extrusion-minimalist-office-partition-aluminum-profiles\/\" target=\"_blank\">Aluminum Extrusion Minimalist Office Partition Aluminum Profiles<\/a><\/li>\r\n<li><a href=\"https:\/\/sinoextrud.com\/product\/customized-led-strip-light-aluminium-profile-led-aluminum-extrusion\/\" target=\"_blank\">Customized LED Strip Light Aluminium Profile  LED Aluminum Extrusion<\/a><\/li>"},"feature_list":[]},"_links":{"self":[{"href":"https:\/\/sinoextrud.com\/fr\/wp-json\/wp\/v2\/product\/8585","targetHints":{"allow":["GET"]}}],"collection":[{"href":"https:\/\/sinoextrud.com\/fr\/wp-json\/wp\/v2\/product"}],"about":[{"href":"https:\/\/sinoextrud.com\/fr\/wp-json\/wp\/v2\/types\/product"}],"wp:featuredmedia":[{"embeddable":true,"href":"https:\/\/sinoextrud.com\/fr\/wp-json\/wp\/v2\/media\/8584"}],"wp:attachment":[{"href":"https:\/\/sinoextrud.com\/fr\/wp-json\/wp\/v2\/media?parent=8585"}],"wp:term":[{"taxonomy":"category","embeddable":true,"href":"https:\/\/sinoextrud.com\/fr\/wp-json\/wp\/v2\/categories?post=8585"}],"curies":[{"name":"wp","href":"https:\/\/api.w.org\/{rel}","templated":true}]}}