{"id":8583,"date":"2025-06-17T03:31:38","date_gmt":"2025-06-17T03:31:38","guid":{"rendered":"https:\/\/sinoextrud.com\/product\/aluminum-machining-round-tube-processing-by-aluminum-profile-cad-vs-aluminium-alloy-customized-anodized\/"},"modified":"2025-06-24T06:34:26","modified_gmt":"2025-06-24T06:34:26","slug":"usinage-aluminium-tube-rond-traitement-par-profile-aluminium-cad-vs-alliage-aluminium-anodise-sur-mesure","status":"publish","type":"product","link":"https:\/\/sinoextrud.com\/fr\/product\/aluminum-machining-round-tube-processing-by-aluminum-profile-cad-vs-aluminium-alloy-customized-anodized\/","title":{"rendered":"usinage aluminium tube rond traitement par profil\u00e9 aluminium cad vs alliage d'aluminium Anodis\u00e9 sur mesure"},"content":{"rendered":"<h2>D\u00e9tails des produits<\/h2>\n<table class=\"custom-table\">\n<tr>\n<td class=\"label\">Objet<\/td>\n<td>tube rond en aluminium<\/td>\n<\/tr>\n<tr>\n<td class=\"label\">Mat\u00e9riau<\/td>\n<td>Alliage d'aluminium de la s\u00e9rie 6000, tel que 6061, 6063, 6082, 6463, etc.<\/td>\n<\/tr>\n<tr>\n<td class=\"label\">Temp\u00e9rer<\/td>\n<td>T4, T5, T6<\/td>\n<\/tr>\n<tr>\n<td class=\"label\">\u00c9paisseur<\/td>\n<td>\u00c9paisseur du profil g\u00e9n\u00e9ral : 0,8-5,0 mm ; \u00e9paisseur de la protection anodis\u00e9e : 8-25 mm ; \u00e9paisseur de la couleur du rev\u00eatement en poudre : 40-120um.<\/td>\n<\/tr>\n<tr>\n<td class=\"label\">Taille<\/td>\n<td>personnalis\u00e9.<\/td>\n<\/tr>\n<tr>\n<td class=\"label\">Forme<\/td>\n<td>Carr\u00e9, plat, rond, creux, ovale, triangle, profil en U, profil en L, profil en T, profil en H, sur mesure.<\/td>\n<\/tr>\n<tr>\n<td class=\"label\">Couleur<\/td>\n<td>Argent, champagne, noir, bronze, or, blanc ou personnalis\u00e9<\/td>\n<\/tr>\n<tr>\n<td class=\"label\">Application<\/td>\n<td>Fen\u00eatres et portes, murs-rideaux, murs en verre, meubles, plafonds, cuisines, bandes LED, rails de transport, v\u00e9hicules, carrosseries, machines, tentes, panneaux solaires, profil\u00e9s industriels, profil\u00e9s de d\u00e9coration, etc.<\/td>\n<\/tr>\n<tr>\n<td class=\"label\">Processus en profondeur<\/td>\n<td>CNC, per\u00e7age, fraisage, d\u00e9coupage, taraudage, soudage, pliage, assemblage.<\/td>\n<\/tr>\n<tr>\n<td class=\"label\">MOQ<\/td>\n<td>200 kg pour chaque \u00e9l\u00e9ment, g\u00e9n\u00e9ralement 13-15 tonnes pour un 20GP, 25-28 tonnes pour un 40HQ.<\/td>\n<\/tr>\n<tr>\n<td class=\"label\">Service OEM<\/td>\n<td>Service de dessin, d'\u00e9chantillon ou de conception offert par le client.<\/td>\n<\/tr>\n<tr>\n<td class=\"label\">Capacit\u00e9 de production<\/td>\n<td>2400-3000 tonnes m\u00e9triques par mois.<\/td>\n<\/tr>\n<tr>\n<td class=\"label\">Nom de la marque<\/td>\n<td>Sinoextrud (Sinoextrud aluminium)<\/td>\n<\/tr>\n<tr>\n<td class=\"label\">Certificats et normes<\/td>\n<td>1) ISO9001-2008\/ISO 9001:2008 ; 2) CERTIFICATS CQM ; 3) SGS, CE, BV, JIS, AS, NZS, QUALICOAT, QUOLANOD DISPONIBLES.<\/td>\n<\/tr>\n<\/table>\n<h2>Notre base de production<\/h2>\n<h3>Panorama de l'usine<\/h3>\n<p><img decoding=\"async\" src=\"\/wp-content\/uploads\/factory-01.webp\"\/><\/p>\n<h3>Atelier de fabrication de barres d'aluminium<\/h3>\n<p><img decoding=\"async\" src=\"\/wp-content\/uploads\/factory-02.webp\"\/><\/p>\n<p><img decoding=\"async\" src=\"\/wp-content\/uploads\/factory-03.webp\"\/><\/p>\n<h3>Entrep\u00f4t de stockage des moules<\/h3>\n<p><img decoding=\"async\" src=\"\/wp-content\/uploads\/factory-04.webp\"\/><\/p>\n<h3>43 lignes d'extrusion d'aluminium (500 \u00e0 5500 tonnes)<\/h3>\n<p><img decoding=\"async\" src=\"\/wp-content\/uploads\/factory-05.webp\"\/><\/p>\n<p><img decoding=\"async\" src=\"\/wp-content\/uploads\/factory-06.webp\"\/><\/p>\n<p><img decoding=\"async\" src=\"\/wp-content\/uploads\/factory-07.webp\"\/><\/p>\n<h3>Atelier de peinture en poudre<\/h3>\n<p><img decoding=\"async\" src=\"\/wp-content\/uploads\/factory-09.webp\"\/><\/p>\n<h3>Atelier d'anodisation<\/h3>\n<p><img decoding=\"async\" src=\"\/wp-content\/uploads\/factory-10.webp\"\/><\/p>\n<h3>Atelier sur le traitement en profondeur<\/h3>\n<p><img decoding=\"async\" src=\"\/wp-content\/uploads\/factory-11.webp\"\/><\/p>\n<h3>Atelier d'usinage de pr\u00e9cision CNC<\/h3>\n<p><img decoding=\"async\" src=\"\/wp-content\/uploads\/factory-11.5.webp\"\/><\/p>\n<h3>Entrep\u00f4t de produits finis et d'exportation<\/h3>\n<p><img decoding=\"async\" src=\"\/wp-content\/uploads\/factory-12.webp\"\/><\/p>\n<p><img decoding=\"async\" src=\"\/wp-content\/uploads\/factory-13.webp\"\/><\/p>\n<p><img decoding=\"async\" src=\"\/wp-content\/uploads\/factory-14.webp\"\/><\/p>\n<h2>FAQ<\/h2>\n<p><p><b>1.usinage de l'aluminium traitement des tubes ronds par profil\u00e9 aluminium cad vs alliage d'aluminium Anodis\u00e9 sur mesure : Comment la technologie CAD am\u00e9liore-t-elle l'usinage des tubes en aluminium ?<\/b><\/p>\n<p>La technologie CAO assure une conception et un usinage pr\u00e9cis, ce qui permet de cr\u00e9er des profils et des tubes en aluminium hautement personnalis\u00e9s et pr\u00e9cis.<br \/>\n<\/p><br \/>\n<br \/>\n<p><b>2) Quel est l'avantage de l'anodisation des tubes en alliage d'aluminium ?<\/b><\/p>\n<p>L'anodisation de l'aluminium renforce la r\u00e9sistance \u00e0 la corrosion, augmente la duret\u00e9 de la surface et donne une finition attrayante, ce qui rend les tubes plus durables et adapt\u00e9s aux environnements difficiles.<br \/>\n<\/p><br \/>\n<br \/>\n<p><b>3. les tubes en alliage d'aluminium peuvent-ils \u00eatre personnalis\u00e9s en termes de taille et de forme ?<\/b><\/p>\n<p>Oui, la technologie CAO permet de personnaliser avec pr\u00e9cision la taille et la forme des tubes en alliage d'aluminium, afin de r\u00e9pondre aux besoins sp\u00e9cifiques du projet et aux exigences de l'application.<br \/>\n<\/p><br \/>\n<br \/>\n<p><b>4) Quelles sont les industries qui b\u00e9n\u00e9ficient de l'utilisation de tubes en alliage d'aluminium anodis\u00e9 ?<\/b><\/p>\n<p>Les industries telles que l'automobile, l'a\u00e9rospatiale, la construction et l'\u00e9lectronique b\u00e9n\u00e9ficient de la r\u00e9sistance, de la durabilit\u00e9 et des options de personnalisation des tubes en alliage d'aluminium anodis\u00e9.<br \/>\n<\/p><br \/>\n<br \/>\n<p><b>5. Comment l'anodisation affecte-t-elle l'\u00e9tat de surface des tubes en aluminium ?<\/b><\/p>\n<p>L'anodisation cr\u00e9e une finition de surface lisse et uniforme qui am\u00e9liore l'apparence et fournit une protection suppl\u00e9mentaire contre l'usure, la corrosion et les facteurs environnementaux.<br \/>\n<\/p><br \/>\n<br \/>\n<p><b>6. pourquoi l'alliage d'aluminium est-il pr\u00e9f\u00e9r\u00e9 \u00e0 d'autres mat\u00e9riaux pour les tubes ronds ?<\/b><\/p>\n<p>L'alliage d'aluminium est \u00e0 la fois l\u00e9ger et solide, offrant un rapport r\u00e9sistance\/poids \u00e9lev\u00e9, ce qui le rend id\u00e9al pour les applications exigeant \u00e0 la fois durabilit\u00e9 et facilit\u00e9 de manipulation.<br \/>\n<\/p><br \/>\n<br \/>\n<p><b>7. quels sont les avantages de l'utilisation de tubes en alliage d'aluminium personnalis\u00e9s dans les applications industrielles ?<\/b><\/p>\n<p>Les tubes en alliage d'aluminium personnalis\u00e9s sont con\u00e7us pour r\u00e9pondre \u00e0 des sp\u00e9cifications pr\u00e9cises, am\u00e9liorant ainsi les performances, r\u00e9duisant les d\u00e9chets de mat\u00e9riaux et s'adaptant parfaitement aux besoins industriels.<br \/>\n<\/p><br \/>\n<br \/>\n<p><b>8. Comment le processus d'usinage garantit-il la pr\u00e9cision dans la production de tubes en aluminium ?<\/b><\/p>\n<p>Le processus d'usinage permet d'obtenir des tol\u00e9rances serr\u00e9es et des coupes pr\u00e9cises, ce qui garantit que les tubes en aluminium r\u00e9pondent \u00e0 des exigences sp\u00e9cifiques et fonctionnent de mani\u00e8re fiable dans diverses applications.<br \/>\n<\/p><br \/><\/p>","protected":false},"featured_media":8582,"template":"","categories":[68],"class_list":["post-8583","product","type-product","status-publish","has-post-thumbnail","hentry","category-cnc-machining-aluminum-profile"],"meta_box":{"hilight_text_group":{"product_hilight_text":"<li>Precision aluminum machining of round tubes with CAD-designed aluminum profiles ensures high accuracy and perfect fit.<\/li>\r\r\n<li>Custom anodized finishes enhance the durability and corrosion resistance of aluminum alloy tubes.<\/li>\r\r\n<li>Aluminum alloy offers high strength-to-weight ratio, making the tubes both lightweight and strong for various applications.<\/li>\r\r\n<li>CAD technology allows for highly customizable designs to meet specific functional and aesthetic requirements.<\/li>\r\r\n<li>Anodizing improves the surface hardness, providing additional wear resistance and a visually appealing finish.<\/li>","product_chanpin_blog":"<ul>\r\r\n<li><a href=\"https:\/\/sinoextrud.com\/t-slot-v-slot-differences\/\" target=\"_blank\">t slot vs v slot<\/a><\/li>\r\r\n<li><a href=\"https:\/\/sinoextrud.com\/what-is-4040-aluminium-extrud\/\" target=\"_blank\">4040 aluminium extrusion<\/a><\/li>\r\r\n<li><a href=\"https:\/\/sinoextrud.com\/what-is-4040-aluminium-extrud\/\" target=\"_blank\">aluminum extrusions for industrial racks<\/a><\/li>\r\r\n<li><a href=\"https:\/\/sinoextrud.com\/powder-coating-aluminium-process\/\" target=\"_blank\">powder coating aluminium<\/a><\/li>\r\r\n<li><a href=\"https:\/\/sinoextrud.com\/what-is-an-aluminium-strip-ceiling\/\" target=\"_blank\">aluminium strip ceiling<\/a><\/li>\r\r\n<li><a href=\"https:\/\/sinoextrud.com\/what-is-a-heat-sink\/\" target=\"_blank\">what is a heat sink<\/a><\/li>\r\r\n<\/ul>","product_chanpin_chanpin":"<li><a href=\"https:\/\/sinoextrud.com\/product\/joining-aluminium-extrusions\/\" target=\"_blank\">Joining Aluminium Extrusions<\/a><\/li>\r\n<li><a href=\"https:\/\/sinoextrud.com\/product\/profile-aluminum-cnc\/\" target=\"_blank\">Profile Aluminum CNC<\/a><\/li>\r\n<li><a href=\"https:\/\/sinoextrud.com\/product\/cnc-aluminium-extrusion\/\" target=\"_blank\">CNC Aluminium Extrusion<\/a><\/li>\r\n<li><a href=\"https:\/\/sinoextrud.com\/product\/extruded-aluminum-housing\/\" target=\"_blank\">Extruded Aluminum Housing<\/a><\/li>\r\n<li><a href=\"https:\/\/sinoextrud.com\/product\/aluminum-machining-round-tube-processing-by-aluminum-profile-cad-vs-aluminium-alloy-customized-anodized\/\" target=\"_blank\">aluminum machining round tube processing by aluminum profile cad  vs aluminium alloy Customized Anodized<\/a><\/li>\r\n<li><a href=\"https:\/\/sinoextrud.com\/product\/aluminium-profile-rail\/\" target=\"_blank\">Aluminium Profile Rail<\/a><\/li>\r\n<li><a href=\"https:\/\/sinoextrud.com\/product\/machined-aluminum-extrusion\/\" target=\"_blank\">Machined Aluminum Extrusion<\/a><\/li>\r\n<li><a href=\"https:\/\/sinoextrud.com\/product\/aluminum-extrusion-accessories\/\" target=\"_blank\">Aluminum Extrusion Accessories<\/a><\/li>\r\n<li><a href=\"https:\/\/sinoextrud.com\/product\/extruded-aluminum-brackets\/\" target=\"_blank\">Extruded Aluminum Brackets<\/a><\/li>\r\n<li><a href=\"https:\/\/sinoextrud.com\/product\/aluminium-extrusion-caravan-profiles\/\" target=\"_blank\">Aluminium Extrusion Caravan Profiles<\/a><\/li>\r\n<li><a href=\"https:\/\/sinoextrud.com\/product\/composite-panel-ceiling-system\/\" target=\"_blank\">Composite Panel Ceiling System<\/a><\/li>"},"feature_list":[]},"_links":{"self":[{"href":"https:\/\/sinoextrud.com\/fr\/wp-json\/wp\/v2\/product\/8583","targetHints":{"allow":["GET"]}}],"collection":[{"href":"https:\/\/sinoextrud.com\/fr\/wp-json\/wp\/v2\/product"}],"about":[{"href":"https:\/\/sinoextrud.com\/fr\/wp-json\/wp\/v2\/types\/product"}],"wp:featuredmedia":[{"embeddable":true,"href":"https:\/\/sinoextrud.com\/fr\/wp-json\/wp\/v2\/media\/8582"}],"wp:attachment":[{"href":"https:\/\/sinoextrud.com\/fr\/wp-json\/wp\/v2\/media?parent=8583"}],"wp:term":[{"taxonomy":"category","embeddable":true,"href":"https:\/\/sinoextrud.com\/fr\/wp-json\/wp\/v2\/categories?post=8583"}],"curies":[{"name":"wp","href":"https:\/\/api.w.org\/{rel}","templated":true}]}}