{"id":8579,"date":"2025-06-17T03:25:51","date_gmt":"2025-06-17T03:25:51","guid":{"rendered":"https:\/\/sinoextrud.com\/product\/cnc-aluminium-extrusion\/"},"modified":"2025-06-24T06:34:26","modified_gmt":"2025-06-24T06:34:26","slug":"extrusion-daluminium-cnc-2","status":"publish","type":"product","link":"https:\/\/sinoextrud.com\/fr\/product\/cnc-aluminium-extrusion\/","title":{"rendered":"Extrusion d'aluminium CNC"},"content":{"rendered":"<h2>D\u00e9tails des produits<\/h2>\n<table class=\"custom-table\">\n<tbody>\n<tr>\n<td> Nom du produit<\/td>\n<td> Extrusion d'aluminium CNC<\/td>\n<\/tr>\n<tr>\n<td> Mat\u00e9riau<\/td>\n<td> 6063-T5 ou autre mat\u00e9riau personnalis\u00e9<\/td>\n<\/tr>\n<tr>\n<td> \u00c9paisseur<\/td>\n<td> 0,7mm-10mm<\/td>\n<\/tr>\n<tr>\n<td> Tol\u00e9rance de la coupe de pr\u00e9cision<\/td>\n<td> \u22641m : \u00b10,25mm<br \/>\n1m&lt; : \u22642m, \u00b10,35mm<br \/>\n\u22652m : \u00b10,50mm<\/td>\n<\/tr>\n<tr>\n<td> Tol\u00e9rance de per\u00e7age<\/td>\n<td> \u00b10,15~0,20mm<\/td>\n<\/tr>\n<tr>\n<td> Tol\u00e9rance de la coupe ordinaire<\/td>\n<td> \u00b110 ~ 0mm<\/td>\n<\/tr>\n<tr>\n<td> Applications typiques<\/td>\n<td> Industrie, pi\u00e8ces de machines, bo\u00eetiers \u00e9lectroniques, etc.<\/td>\n<\/tr>\n<tr>\n<td> Type personnalis\u00e9<\/td>\n<td> Dessin ou \u00e9chantillon fourni par le client disponible<\/td>\n<\/tr>\n<tr>\n<td> Marque<\/td>\n<td> Sinoextrud, Sinoextrud, marque personnalis\u00e9e disponible<\/td>\n<\/tr>\n<tr>\n<td> Traitement de surface<\/td>\n<td> Finition en usine, anodisation, rev\u00eatement en poudre, etc.<\/td>\n<\/tr>\n<tr>\n<td> MOQ<\/td>\n<td> 200Kgs<\/td>\n<\/tr>\n<tr>\n<td> Norme de qualit\u00e9<\/td>\n<td> Niveau de qualit\u00e9 moyen et \u00e9lev\u00e9<\/td>\n<\/tr>\n<tr>\n<td> Certificats<\/td>\n<td> ISO9001, ISO4001, CQM, SGS, CE, BV, etc.<\/td>\n<\/tr>\n<tr>\n<td> Capacit\u00e9 de production de l'usine<\/td>\n<td> 15 000 tonnes par mois<\/td>\n<\/tr>\n<\/tbody>\n<\/table>\n<h2>Notre base de production<\/h2>\n<h3>Panorama de l'usine<\/h3>\n<p><img decoding=\"async\" src=\"\/wp-content\/uploads\/factory-01.webp\"\/><\/p>\n<h3>Atelier de fabrication de barres d'aluminium<\/h3>\n<p><img decoding=\"async\" src=\"\/wp-content\/uploads\/factory-02.webp\"\/><\/p>\n<\/p>\n<p><img decoding=\"async\" src=\"\/wp-content\/uploads\/factory-03.webp\"\/><\/p>\n<h3>Entrep\u00f4t de stockage des moules<\/h3>\n<p><img decoding=\"async\" src=\"\/wp-content\/uploads\/factory-04.webp\"\/><\/p>\n<h3>43 lignes d'extrusion d'aluminium (500-5500 tonnes)<\/h3>\n<p><img decoding=\"async\" src=\"\/wp-content\/uploads\/factory-05.webp\"\/><\/p>\n<p><img decoding=\"async\" src=\"\/wp-content\/uploads\/factory-06.webp\"\/><\/p>\n<p><img decoding=\"async\" src=\"\/wp-content\/uploads\/factory-07.webp\"\/><\/p>\n<h3>Atelier de peinture en poudre<\/h3>\n<p><img decoding=\"async\" src=\"\/wp-content\/uploads\/factory-09.webp\"\/><\/p>\n<h3>Atelier d'anodisation<\/h3>\n<p><img decoding=\"async\" src=\"\/wp-content\/uploads\/factory-10.webp\"\/><\/p>\n<h3>Atelier sur le traitement en profondeur<\/h3>\n<p><img decoding=\"async\" src=\"\/wp-content\/uploads\/factory-11.webp\"\/><\/p>\n<h3>Atelier d'usinage de pr\u00e9cision CNC<\/h3>\n<p><img decoding=\"async\" src=\"\/wp-content\/uploads\/factory-11.5.webp\"\/><\/p>\n<h3>Entrep\u00f4t de produits finis et d'exportation<\/h3>\n<p><img decoding=\"async\" src=\"\/wp-content\/uploads\/factory-12.webp\"\/><\/p>\n<p><img decoding=\"async\" src=\"\/wp-content\/uploads\/factory-13.webp\"\/><\/p>\n<p><img decoding=\"async\" src=\"\/wp-content\/uploads\/factory-14.webp\"\/><\/p>\n<h2>FAQ<\/h2>\n<p><b>1. l'extrusion d'aluminium CNC : Qu'est-ce qui fait de l'extrusion CNC de l'aluminium une m\u00e9thode de fabrication pr\u00e9cise ?<\/b><\/p>\n<p>L'extrusion CNC de l'aluminium offre une grande pr\u00e9cision en utilisant des machines contr\u00f4l\u00e9es par ordinateur pour cr\u00e9er des profils complexes avec des tol\u00e9rances et une coh\u00e9rence \u00e9troites.\n<\/p>\n<p><\/p>\n<p><b>2. l'extrusion d'aluminium CNC peut-elle \u00eatre personnalis\u00e9e pour des applications sp\u00e9cifiques ?<\/b><\/p>\n<p>Oui, l'extrusion d'aluminium CNC peut \u00eatre adapt\u00e9e \u00e0 diff\u00e9rentes tailles, formes et conceptions, ce qui la rend adapt\u00e9e \u00e0 un large \u00e9ventail d'applications industrielles.\n<\/p>\n<p><\/p>\n<p><b>3) Quels sont les avantages de l'extrusion CNC de l'aluminium pour les industries telles que l'a\u00e9rospatiale et l'automobile ?<\/b><\/p>\n<p>L'extrusion d'aluminium CNC fournit des mat\u00e9riaux l\u00e9gers et durables avec une grande pr\u00e9cision, ce qui en fait la solution id\u00e9ale pour les applications exigeantes dans l'a\u00e9rospatiale, l'automobile et d'autres industries de haute performance.\n<\/p>\n<p><\/p>\n<p><b>4. quels sont les avantages de l'utilisation de l'aluminium dans l'extrusion CNC ?<\/b><\/p>\n<p>L'aluminium est l\u00e9ger, solide, r\u00e9sistant \u00e0 la corrosion et tr\u00e8s polyvalent, ce qui en fait un excellent choix pour l'extrusion CNC, offrant durabilit\u00e9 et flexibilit\u00e9 dans diverses applications.\n<\/p>\n<p><\/p>\n<p><b>5. le processus d'extrusion CNC de l'aluminium est-il efficace pour la production de grands volumes ?<\/b><\/p>\n<p>Oui, l'extrusion CNC de l'aluminium est tr\u00e8s efficace pour la production de masse, car elle permet de r\u00e9duire au minimum le gaspillage de mat\u00e9riaux et de raccourcir les d\u00e9lais d'ex\u00e9cution tout en maintenant une pr\u00e9cision et une qualit\u00e9 \u00e9lev\u00e9es.\n<\/p>\n<p><\/p>\n<p><b>6. Comment l'extrusion d'aluminium \u00e0 commande num\u00e9rique r\u00e9duit-elle les d\u00e9chets de mat\u00e9riaux ?<\/b><\/p>\n<p>L'extrusion CNC de l'aluminium utilise des techniques de coupe et de fa\u00e7onnage optimis\u00e9es, ce qui permet de minimiser les pertes de mat\u00e9riaux et d'am\u00e9liorer le rapport co\u00fbt-efficacit\u00e9 global.\n<\/p>\n<p><\/p>\n<p><b>7. Pourquoi l'extrusion d'aluminium CNC est-elle adapt\u00e9e aux conceptions complexes et compliqu\u00e9es ?<\/b><\/p>\n<p>L'extrusion CNC de l'aluminium permet de cr\u00e9er des profils d\u00e9taill\u00e9s et personnalis\u00e9s avec des dimensions pr\u00e9cises, ce qui en fait la solution id\u00e9ale pour produire des designs complexes et compliqu\u00e9s n\u00e9cessaires \u00e0 diverses industries.\n<\/p>\n<p><\/p>","protected":false},"featured_media":8578,"template":"","categories":[68],"class_list":["post-8579","product","type-product","status-publish","has-post-thumbnail","hentry","category-cnc-machining-aluminum-profile"],"meta_box":{"hilight_text_group":{"product_hilight_text":"<li>High precision and tight tolerances for complex aluminum extrusion profiles<\/li>\r\r\n<li>Customizable dimensions and designs to suit specific industrial needs<\/li>\r\r\n<li>Ideal for high-performance applications requiring lightweight, durable materials<\/li>\r\r\n<li>Efficient production process with minimal waste and fast turnaround time<\/li>\r\r\n<li>Versatile for a variety of industries including aerospace, automotive, and construction<\/li>","product_chanpin_blog":"<ul>\r\r\n<li><a href=\"https:\/\/sinoextrud.com\/t-slot-v-slot-differences\/\" target=\"_blank\">t slot vs v slot<\/a><\/li>\r\r\n<li><a href=\"https:\/\/sinoextrud.com\/what-is-4040-aluminium-extrud\/\" target=\"_blank\">4040 aluminium extrusion<\/a><\/li>\r\r\n<li><a href=\"https:\/\/sinoextrud.com\/what-is-4040-aluminium-extrud\/\" target=\"_blank\">aluminum extrusions for industrial racks<\/a><\/li>\r\r\n<li><a href=\"https:\/\/sinoextrud.com\/powder-coating-aluminium-process\/\" target=\"_blank\">powder coating aluminium<\/a><\/li>\r\r\n<li><a href=\"https:\/\/sinoextrud.com\/what-is-an-aluminium-strip-ceiling\/\" target=\"_blank\">aluminium strip ceiling<\/a><\/li>\r\r\n<li><a href=\"https:\/\/sinoextrud.com\/what-is-a-heat-sink\/\" target=\"_blank\">what is a heat sink<\/a><\/li>\r\r\n<\/ul>","product_chanpin_chanpin":"<li><a href=\"https:\/\/sinoextrud.com\/product\/custom-extruded-aluminum-enclosures-used-for-motor-shell\/\" target=\"_blank\">Custom Extruded Aluminum Enclosures Used For Motor Shell<\/a><\/li>\r\n<li><a href=\"https:\/\/sinoextrud.com\/product\/high-precision-aluminium-profiles\/\" target=\"_blank\">High Precision Aluminium Profiles<\/a><\/li>\r\n<li><a href=\"https:\/\/sinoextrud.com\/product\/joining-aluminium-extrusions\/\" target=\"_blank\">Joining Aluminium Extrusions<\/a><\/li>\r\n<li><a href=\"https:\/\/sinoextrud.com\/product\/profile-aluminum-cnc\/\" target=\"_blank\">Profile Aluminum CNC<\/a><\/li>\r\n<li><a href=\"https:\/\/sinoextrud.com\/product\/cnc-aluminium-extrusion\/\" target=\"_blank\">CNC Aluminium Extrusion<\/a><\/li>\r\n<li><a href=\"https:\/\/sinoextrud.com\/product\/extruded-aluminum-housing\/\" target=\"_blank\">Extruded Aluminum Housing<\/a><\/li>\r\n<li><a href=\"https:\/\/sinoextrud.com\/product\/aluminum-machining-round-tube-processing-by-aluminum-profile-cad-vs-aluminium-alloy-customized-anodized\/\" target=\"_blank\">aluminum machining round tube processing by aluminum profile cad  vs aluminium alloy Customized Anodized<\/a><\/li>\r\n<li><a href=\"https:\/\/sinoextrud.com\/product\/aluminium-profile-rail\/\" target=\"_blank\">Aluminium Profile Rail<\/a><\/li>\r\n<li><a href=\"https:\/\/sinoextrud.com\/product\/machined-aluminum-extrusion\/\" target=\"_blank\">Machined Aluminum Extrusion<\/a><\/li>\r\n<li><a href=\"https:\/\/sinoextrud.com\/product\/aluminium-v-slot-extrusion\/\" target=\"_blank\">Aluminium V Slot Extrusion<\/a><\/li>\r\n<li><a href=\"https:\/\/sinoextrud.com\/product\/anodized-aluminum-profile-kitchen-cabinet-frame\/\" target=\"_blank\">Anodized Aluminum Profile Kitchen Cabinet Frame<\/a><\/li>"},"feature_list":[]},"_links":{"self":[{"href":"https:\/\/sinoextrud.com\/fr\/wp-json\/wp\/v2\/product\/8579","targetHints":{"allow":["GET"]}}],"collection":[{"href":"https:\/\/sinoextrud.com\/fr\/wp-json\/wp\/v2\/product"}],"about":[{"href":"https:\/\/sinoextrud.com\/fr\/wp-json\/wp\/v2\/types\/product"}],"wp:featuredmedia":[{"embeddable":true,"href":"https:\/\/sinoextrud.com\/fr\/wp-json\/wp\/v2\/media\/8578"}],"wp:attachment":[{"href":"https:\/\/sinoextrud.com\/fr\/wp-json\/wp\/v2\/media?parent=8579"}],"wp:term":[{"taxonomy":"category","embeddable":true,"href":"https:\/\/sinoextrud.com\/fr\/wp-json\/wp\/v2\/categories?post=8579"}],"curies":[{"name":"wp","href":"https:\/\/api.w.org\/{rel}","templated":true}]}}