{"id":8566,"date":"2025-06-17T03:13:46","date_gmt":"2025-06-17T03:13:46","guid":{"rendered":"https:\/\/sinoextrud.com\/product\/circular-aluminum-extrusions\/"},"modified":"2025-06-24T06:34:22","modified_gmt":"2025-06-24T06:34:22","slug":"extrusions-circulaires-en-aluminium","status":"publish","type":"product","link":"https:\/\/sinoextrud.com\/fr\/product\/circular-aluminum-extrusions\/","title":{"rendered":"Extrusions circulaires en aluminium"},"content":{"rendered":"<h2>D\u00e9tails des produits<\/h2>\n<table class=\"custom-table\">\n<tbody>\n<tr>\n<td> Nom<\/td>\n<td> Extrusions circulaires en aluminium<\/td>\n<\/tr>\n<tr>\n<td> Marque<\/td>\n<td> Sinoextrud\/<\/td>\n<\/tr>\n<tr>\n<td> Cat\u00e9gorie<\/td>\n<td> Extrusion d'aluminium<\/td>\n<\/tr>\n<tr>\n<td> Mat\u00e9riau<\/td>\n<td> Alliage d'aluminium de la s\u00e9rie 6000<\/td>\n<\/tr>\n<tr>\n<td> Temp\u00e9rer<\/td>\n<td> T5-T8<\/td>\n<\/tr>\n<tr>\n<td> Longueur<\/td>\n<td> Selon le dessin<\/td>\n<\/tr>\n<tr>\n<td> Taille (mm)<\/td>\n<td> Sur mesure<\/td>\n<\/tr>\n<tr>\n<td> Forme<\/td>\n<td> Circulaire<\/td>\n<\/tr>\n<tr>\n<td> Traitement de surface<\/td>\n<td> Rev\u00eatement \u00e9lectrique ; finition en usine, anodisation, sablage, \u00e9lectrophor\u00e8se \u00e9galement disponible.<\/td>\n<\/tr>\n<tr>\n<td> Couleur<\/td>\n<td> Argent, noir, or, champagne, bronze, rouge, bleu et nous pouvons personnaliser les couleurs sur la base des \u00e9chantillons des clients.<\/td>\n<\/tr>\n<tr>\n<td> Garantie<\/td>\n<td> BV , TUV ,ISO<\/td>\n<\/tr>\n<tr>\n<td> Standard<\/td>\n<td> Qualit\u00e9 moyenne et \u00e9lev\u00e9e<\/td>\n<\/tr>\n<tr>\n<td> MOQ<\/td>\n<td> 200KGS pour chaque article<\/td>\n<\/tr>\n<tr>\n<td> De<\/td>\n<td> Guangdong, Chine<\/td>\n<\/tr>\n<tr>\n<td> Application<\/td>\n<td> Industrie, b\u00e2timent, d\u00e9coration<\/td>\n<\/tr>\n<tr>\n<td> Traitement en profondeur<\/td>\n<td> D\u00e9coupage, per\u00e7age, usinage, poin\u00e7onnage, pliage, taraudage, etc.<\/td>\n<\/tr>\n<tr>\n<td> Paquet<\/td>\n<td> Int\u00e9rieur avec film protecteur, plastique r\u00e9tractable ou mousse PE. Ext\u00e9rieur : bo\u00eete, carton, cadre en bois ou personnalisation.<\/td>\n<\/tr>\n<tr>\n<td> D\u00e9lai de livraison<\/td>\n<td> La mise au point du moule et la conformation de l'\u00e9chantillon prennent 12 \u00e0 18 jours, puis la production prend 25 \u00e0 30 jours apr\u00e8s r\u00e9ception de l'acompte de l'acheteur.<\/td>\n<\/tr>\n<tr>\n<td> Capacit\u00e9 du produit<\/td>\n<td> 15 000+ tonnes \/ mois<\/td>\n<\/tr>\n<\/tbody>\n<\/table>\n<h2>Notre base de production<\/h2>\n<h3>Panorama de l'usine<\/h3>\n<p><img decoding=\"async\" src=\"\/wp-content\/uploads\/factory-01.webp\"\/><\/p>\n<h3>Atelier de fabrication de barres d'aluminium<\/h3>\n<p><img decoding=\"async\" src=\"\/wp-content\/uploads\/factory-02.webp\"\/><\/p>\n<p><img decoding=\"async\" src=\"\/wp-content\/uploads\/factory-03.webp\"\/><\/p>\n<h3>Entrep\u00f4t de stockage des moules<\/h3>\n<p><img decoding=\"async\" src=\"\/wp-content\/uploads\/factory-04.webp\"\/><\/p>\n<h3>43 lignes d'extrusion d'aluminium (500 \u00e0 5500 tonnes)<\/h3>\n<p><img decoding=\"async\" src=\"\/wp-content\/uploads\/factory-05.webp\"\/><\/p>\n<p><img decoding=\"async\" src=\"\/wp-content\/uploads\/factory-06.webp\"\/><\/p>\n<p><img decoding=\"async\" src=\"\/wp-content\/uploads\/factory-07.webp\"\/><\/p>\n<h3>Atelier de peinture en poudre<\/h3>\n<p><img decoding=\"async\" src=\"\/wp-content\/uploads\/factory-09.webp\"\/><\/p>\n<h3>Atelier d'anodisation<\/h3>\n<p><img decoding=\"async\" src=\"\/wp-content\/uploads\/factory-10.webp\"\/><\/p>\n<h3>Atelier sur le traitement en profondeur<\/h3>\n<p><img decoding=\"async\" src=\"\/wp-content\/uploads\/factory-11.webp\"\/><\/p>\n<h3>Atelier d'usinage de pr\u00e9cision CNC<\/h3>\n<p><img decoding=\"async\" src=\"\/wp-content\/uploads\/factory-11.5.webp\"\/><\/p>\n<h3>Entrep\u00f4t de produits finis et d'exportation<\/h3>\n<p><img decoding=\"async\" src=\"\/wp-content\/uploads\/factory-12.webp\"\/><\/p>\n<p><img decoding=\"async\" src=\"\/wp-content\/uploads\/factory-13.webp\"\/><\/p>\n<p><img decoding=\"async\" src=\"\/wp-content\/uploads\/factory-14.webp\"\/><\/p>\n<h2>FAQ<\/h2>\n<p><p><b>1.Qu'est-ce qu'une extrusion circulaire en aluminium ?<\/b><\/p>\n<p>Les profil\u00e9s circulaires en aluminium sont des profil\u00e9s en aluminium cr\u00e9\u00e9s par un processus d'extrusion, avec des sections transversales circulaires, offrant une r\u00e9sistance, une durabilit\u00e9 et une polyvalence \u00e9lev\u00e9es pour de nombreuses industries.<br \/>\n<\/p><br \/>\n<br \/>\n<p><b>2. pourquoi choisir les profil\u00e9s circulaires en aluminium ?<\/b><\/p>\n<p>Les extrusions circulaires d'aluminium sont l\u00e9g\u00e8res, r\u00e9sistantes \u00e0 la corrosion et constituent une solution rentable pour les profils personnalis\u00e9s dans diverses applications, y compris l'automobile et la construction.<br \/>\n<\/p><br \/>\n<br \/>\n<p><b>3. Quelle est la pr\u00e9cision des extrusions circulaires en aluminium ?<\/b><\/p>\n<p>Les extrusions circulaires d'aluminium sont produites avec une grande pr\u00e9cision, garantissant une excellente exactitude dimensionnelle et des tol\u00e9rances serr\u00e9es pour diverses applications.<br \/>\n<\/p><br \/>\n<br \/>\n<p><b>4. les extrusions circulaires en aluminium peuvent-elles \u00eatre personnalis\u00e9es ?<\/b><\/p>\n<p>Oui, les extrusions circulaires en aluminium peuvent \u00eatre facilement personnalis\u00e9es en termes de taille, de forme et de conception pour r\u00e9pondre aux exigences sp\u00e9cifiques des diff\u00e9rentes industries et des diff\u00e9rents projets.<br \/>\n<\/p><br \/>\n<br \/>\n<p><b>5. quelles industries utilisent les extrusions circulaires d'aluminium ?<\/b><\/p>\n<p>Les industries telles que l'automobile, la construction, la fabrication et l'\u00e9lectronique utilisent des extrusions circulaires d'aluminium en raison de leur r\u00e9sistance, de leur l\u00e9g\u00e8ret\u00e9 et de la polyvalence de leur conception.<br \/>\n<\/p><br \/>\n<br \/>\n<p><b>6. quelle est la vitesse de production des extrusions circulaires en aluminium ?<\/b><\/p>\n<p>La production d'extrusions circulaires d'aluminium est rapide et efficace, assurant des d\u00e9lais d'ex\u00e9cution rapides tout en maintenant des normes de haute qualit\u00e9.<br \/>\n<\/p><br \/>\n<br \/>\n<p><b>7. les extrusions circulaires d'aluminium sont-elles rentables ?<\/b><\/p>\n<p>Oui, les extrusions circulaires d'aluminium sont rentables, offrent des prix comp\u00e9titifs et des performances \u00e9lev\u00e9es, ce qui en fait un choix privil\u00e9gi\u00e9 pour une large gamme d'applications.<br \/>\n<\/p><br \/><\/p>","protected":false},"featured_media":8565,"template":"","categories":[68],"class_list":["post-8566","product","type-product","status-publish","has-post-thumbnail","hentry","category-cnc-machining-aluminum-profile"],"meta_box":{"hilight_text_group":{"product_hilight_text":"<li>High-strength and durable circular aluminum extrusions<\/li>\r\r\n<li>Customizable sizes and shapes to meet specific design needs<\/li>\r\r\n<li>Corrosion-resistant and lightweight material ideal for various applications<\/li>\r\r\n<li>Fast and efficient production with tight tolerances<\/li>\r\r\n<li>Perfect for industries like automotive, construction, and manufacturing<\/li>\r\r\n<li>Superior surface finish and dimensional accuracy<\/li>","product_chanpin_blog":"<ul>\r\r\n<li><a href=\"https:\/\/sinoextrud.com\/t-slot-v-slot-differences\/\" target=\"_blank\">t slot vs v slot<\/a><\/li>\r\r\n<li><a href=\"https:\/\/sinoextrud.com\/what-is-4040-aluminium-extrud\/\" target=\"_blank\">4040 aluminium extrusion<\/a><\/li>\r\r\n<li><a href=\"https:\/\/sinoextrud.com\/what-is-4040-aluminium-extrud\/\" target=\"_blank\">aluminum extrusions for industrial racks<\/a><\/li>\r\r\n<li><a href=\"https:\/\/sinoextrud.com\/powder-coating-aluminium-process\/\" target=\"_blank\">powder coating aluminium<\/a><\/li>\r\r\n<li><a href=\"https:\/\/sinoextrud.com\/what-is-an-aluminium-strip-ceiling\/\" target=\"_blank\">aluminium strip ceiling<\/a><\/li>\r\r\n<li><a href=\"https:\/\/sinoextrud.com\/what-is-a-heat-sink\/\" target=\"_blank\">what is a heat sink<\/a><\/li>\r\r\n<\/ul>","product_chanpin_chanpin":"<li><a href=\"https:\/\/sinoextrud.com\/product\/custom-finishing-aluminum-extrusion-profile-fabrication-and-cnc-machining\/\" target=\"_blank\">Custom Finishing Aluminum Extrusion Profile Fabrication and CNC Machining<\/a><\/li>\r\n<li><a href=\"https:\/\/sinoextrud.com\/product\/special-aluminium-extrusions\/\" target=\"_blank\">Special Aluminium Extrusions<\/a><\/li>\r\n<li><a href=\"https:\/\/sinoextrud.com\/product\/cutting-aluminium-extrusion\/\" target=\"_blank\">Cutting Aluminium Extrusion<\/a><\/li>\r\n<li><a href=\"https:\/\/sinoextrud.com\/product\/cnc-machining-aluminum-profiles\/\" target=\"_blank\">CNC Machining Aluminum Profiles<\/a><\/li>\r\n<li><a href=\"https:\/\/sinoextrud.com\/product\/circular-aluminum-extrusions\/\" target=\"_blank\">Circular Aluminum Extrusions<\/a><\/li>\r\n<li><a href=\"https:\/\/sinoextrud.com\/product\/cnc-aluminium-profile\/\" target=\"_blank\">CNC aluminium profile<\/a><\/li>\r\n<li><a href=\"https:\/\/sinoextrud.com\/product\/custom-extruded-aluminum-enclosures-used-for-motor-shell\/\" target=\"_blank\">Custom Extruded Aluminum Enclosures Used For Motor Shell<\/a><\/li>\r\n<li><a href=\"https:\/\/sinoextrud.com\/product\/high-precision-aluminium-profiles\/\" target=\"_blank\">High Precision Aluminium Profiles<\/a><\/li>\r\n<li><a href=\"https:\/\/sinoextrud.com\/product\/joining-aluminium-extrusions\/\" target=\"_blank\">Joining Aluminium Extrusions<\/a><\/li>\r\n<li><a href=\"https:\/\/sinoextrud.com\/product\/aluminum-cnc\/\" target=\"_blank\">Aluminum CNC<\/a><\/li>\r\n<li><a href=\"https:\/\/sinoextrud.com\/product\/aluminum-handle-profile\/\" target=\"_blank\">Aluminum Handle Profile<\/a><\/li>"},"feature_list":[]},"_links":{"self":[{"href":"https:\/\/sinoextrud.com\/fr\/wp-json\/wp\/v2\/product\/8566","targetHints":{"allow":["GET"]}}],"collection":[{"href":"https:\/\/sinoextrud.com\/fr\/wp-json\/wp\/v2\/product"}],"about":[{"href":"https:\/\/sinoextrud.com\/fr\/wp-json\/wp\/v2\/types\/product"}],"wp:featuredmedia":[{"embeddable":true,"href":"https:\/\/sinoextrud.com\/fr\/wp-json\/wp\/v2\/media\/8565"}],"wp:attachment":[{"href":"https:\/\/sinoextrud.com\/fr\/wp-json\/wp\/v2\/media?parent=8566"}],"wp:term":[{"taxonomy":"category","embeddable":true,"href":"https:\/\/sinoextrud.com\/fr\/wp-json\/wp\/v2\/categories?post=8566"}],"curies":[{"name":"wp","href":"https:\/\/api.w.org\/{rel}","templated":true}]}}