{"id":8562,"date":"2025-06-17T03:10:38","date_gmt":"2025-06-17T03:10:38","guid":{"rendered":"https:\/\/sinoextrud.com\/product\/cutting-aluminium-extrusion\/"},"modified":"2025-06-24T06:34:24","modified_gmt":"2025-06-24T06:34:24","slug":"decoupe-de-lextrusion-daluminium","status":"publish","type":"product","link":"https:\/\/sinoextrud.com\/fr\/product\/cutting-aluminium-extrusion\/","title":{"rendered":"D\u00e9coupe de l'aluminium extrud\u00e9"},"content":{"rendered":"<h2>D\u00e9tails des produits<\/h2>\n<table class=\"custom-table\">\n<tr>\n<td class=\"label\">Grade :<\/td>\n<td> S\u00e9rie 6000<\/td>\n<\/tr>\n<tr>\n<td class=\"label\">Technique :<\/td>\n<td> Extrud\u00e9<\/td>\n<\/tr>\n<tr>\n<td class=\"label\">Temp\u00e9rer :<\/td>\n<td> T3 - T8<\/td>\n<\/tr>\n<tr>\n<td class=\"label\">RoHS Mat\u00e9riau :<\/td>\n<td> Diff\u00e9rents mod\u00e8les standard<\/td>\n<\/tr>\n<tr>\n<td class=\"label\">Sp\u00e9cification :<\/td>\n<td> CE, ISO, JIS, QUALICOAT, ISO9001<\/td>\n<\/tr>\n<tr>\n<td class=\"label\">Code HS :<\/td>\n<td> 76042990<\/td>\n<\/tr>\n<tr>\n<td class=\"label\">Type :<\/td>\n<td> d\u00e9coupe de l'extrusion d'aluminium<\/td>\n<\/tr>\n<tr>\n<td class=\"label\">Traitement de surface :<\/td>\n<td> rev\u00eatement en poudre<\/td>\n<\/tr>\n<tr>\n<td class=\"label\">Alliage :<\/td>\n<td> Alliage<\/td>\n<\/tr>\n<\/table>\n<h2>Notre base de production<\/h2>\n<h3>Panorama de l'usine<\/h3>\n<p><img decoding=\"async\" src=\"\/wp-content\/uploads\/factory-01.webp\"\/><\/p>\n<h3>Atelier de fabrication de barres d'aluminium<\/h3>\n<p><img decoding=\"async\" src=\"\/wp-content\/uploads\/factory-02.webp\"\/><\/p>\n<p><img decoding=\"async\" src=\"\/wp-content\/uploads\/factory-03.webp\"\/><\/p>\n<h3>Entrep\u00f4t de stockage des moules<\/h3>\n<p><img decoding=\"async\" src=\"\/wp-content\/uploads\/factory-04.webp\"\/><\/p>\n<h3>43 lignes d'extrusion d'aluminium (500 \u00e0 5500 tonnes)<\/h3>\n<p><img decoding=\"async\" src=\"\/wp-content\/uploads\/factory-05.webp\"\/><\/p>\n<p><img decoding=\"async\" src=\"\/wp-content\/uploads\/factory-06.webp\"\/><\/p>\n<p><img decoding=\"async\" src=\"\/wp-content\/uploads\/factory-07.webp\"\/><\/p>\n<h3>Atelier de peinture en poudre<\/h3>\n<p><img decoding=\"async\" src=\"\/wp-content\/uploads\/factory-09.webp\"\/><\/p>\n<h3>Atelier d'anodisation<\/h3>\n<p><img decoding=\"async\" src=\"\/wp-content\/uploads\/factory-10.webp\"\/><\/p>\n<h3>Atelier sur le traitement en profondeur<\/h3>\n<p><img decoding=\"async\" src=\"\/wp-content\/uploads\/factory-11.webp\"\/><\/p>\n<h3>Atelier d'usinage de pr\u00e9cision CNC<\/h3>\n<p><img decoding=\"async\" src=\"\/wp-content\/uploads\/factory-11.5.webp\"\/><\/p>\n<h3>Entrep\u00f4t de produits finis et d'exportation<\/h3>\n<p><img decoding=\"async\" src=\"\/wp-content\/uploads\/factory-12.webp\"\/><\/p>\n<p><img decoding=\"async\" src=\"\/wp-content\/uploads\/factory-13.webp\"\/><\/p>\n<p><img decoding=\"async\" src=\"\/wp-content\/uploads\/factory-14.webp\"\/><\/p>\n<h2>FAQ<\/h2>\n<p><p><b>1) Qu'est-ce que l'extrusion d'aluminium par d\u00e9coupage ?<\/b><\/p>\n<p>D\u00e9coupage L'extrusion d'aluminium est le processus qui consiste \u00e0 d\u00e9couper avec pr\u00e9cision des profil\u00e9s d'aluminium dans des tailles et des formes personnalis\u00e9es afin de r\u00e9pondre aux besoins d'applications sp\u00e9cifiques dans divers secteurs.<br \/>\n<\/p><br \/>\n<br \/>\n<p><b>2. quels sont les avantages de la d\u00e9coupe de l'extrusion d'aluminium ?<\/b><\/p>\n<p>La d\u00e9coupe de l'extrusion d'aluminium offre une grande pr\u00e9cision, des coupes nettes, des options de personnalisation et une production efficace, ce qui la rend id\u00e9ale pour des applications industrielles sur mesure.<br \/>\n<\/p><br \/>\n<br \/>\n<p><b>3. Les extrusions d'aluminium peuvent-elles \u00eatre coup\u00e9es \u00e0 des dimensions personnalis\u00e9es ?<\/b><\/p>\n<p>Oui, les extrusions d'aluminium peuvent \u00eatre coup\u00e9es \u00e0 des longueurs et des formes personnalis\u00e9es pour r\u00e9pondre aux exigences sp\u00e9cifiques de diff\u00e9rents projets et applications.<br \/>\n<\/p><br \/>\n<br \/>\n<p><b>4. Comment le processus de d\u00e9coupe affecte-t-il la qualit\u00e9 de l'aluminium ?<\/b><\/p>\n<p>Le processus de d\u00e9coupe garantit que les profil\u00e9s en aluminium conservent leur int\u00e9grit\u00e9 structurelle, leur aspect et leur qualit\u00e9, avec un minimum de d\u00e9formation ou d'endommagement du mat\u00e9riau.<br \/>\n<\/p><br \/>\n<br \/>\n<p><b>5. le d\u00e9coupage de l'extrusion d'aluminium est-il rentable ?<\/b><\/p>\n<p>Oui, le processus de d\u00e9coupe est efficace et rentable, et permet de produire aussi bien des petites que des grandes s\u00e9ries sans compromettre la qualit\u00e9.<br \/>\n<\/p><br \/>\n<br \/>\n<p><b>6. Comment minimiser les d\u00e9chets de mat\u00e9riaux lors de la d\u00e9coupe de l'extrusion d'aluminium ?<\/b><\/p>\n<p>Le processus de d\u00e9coupe est optimis\u00e9 pour r\u00e9duire les d\u00e9chets de mat\u00e9riaux, ce qui garantit que chaque pi\u00e8ce est utilis\u00e9e de mani\u00e8re efficace et durable dans la production.<br \/>\n<\/p><br \/>\n<br \/>\n<p><b>7) Quelles sont les industries qui utilisent l'extrusion d'aluminium de coupe ?<\/b><\/p>\n<p>L'extrusion d'aluminium par d\u00e9coupage est utilis\u00e9e dans des secteurs tels que la construction, l'automobile et la fabrication, o\u00f9 des profils d'aluminium personnalis\u00e9s sont n\u00e9cessaires pour diverses applications.<br \/>\n<\/p><br \/>\n<br \/>\n<p><b>8. le processus de d\u00e9coupe est-il respectueux de l'environnement ?<\/b><\/p>\n<p>Oui, l'aluminium est un mat\u00e9riau recyclable et le processus de d\u00e9coupe g\u00e9n\u00e8re peu de d\u00e9chets, ce qui en fait une solution \u00e9cologique pour la fabrication industrielle.<br \/>\n<\/p><br \/><\/p>","protected":false},"featured_media":8561,"template":"","categories":[68],"class_list":["post-8562","product","type-product","status-publish","has-post-thumbnail","hentry","category-cnc-machining-aluminum-profile"],"meta_box":{"hilight_text_group":{"product_hilight_text":"<li>Precision cutting of aluminum extrusion profiles for custom applications.<\/li>\r\r\n<li>High-quality, clean cuts that maintain the integrity and appearance of the aluminum.<\/li>\r\r\n<li>Efficient and cost-effective production process for both small and large runs.<\/li>\r\r\n<li>Custom lengths and sizes to meet specific project requirements.<\/li>\r\r\n<li>Minimal waste generation, optimizing material use for sustainability.<\/li>\r\r\n<li>Fast turnaround times, providing timely solutions for industrial projects.<\/li>\r\r\n<li>Environmentally friendly, as aluminum is fully recyclable after cutting.<\/li>","product_chanpin_blog":"<ul>\r\r\n<li><a href=\"https:\/\/sinoextrud.com\/t-slot-v-slot-differences\/\" target=\"_blank\">t slot vs v slot<\/a><\/li>\r\r\n<li><a href=\"https:\/\/sinoextrud.com\/what-is-4040-aluminium-extrud\/\" target=\"_blank\">4040 aluminium extrusion<\/a><\/li>\r\r\n<li><a href=\"https:\/\/sinoextrud.com\/what-is-4040-aluminium-extrud\/\" target=\"_blank\">aluminum extrusions for industrial racks<\/a><\/li>\r\r\n<li><a href=\"https:\/\/sinoextrud.com\/powder-coating-aluminium-process\/\" target=\"_blank\">powder coating aluminium<\/a><\/li>\r\r\n<li><a href=\"https:\/\/sinoextrud.com\/what-is-an-aluminium-strip-ceiling\/\" target=\"_blank\">aluminium strip ceiling<\/a><\/li>\r\r\n<li><a href=\"https:\/\/sinoextrud.com\/what-is-a-heat-sink\/\" target=\"_blank\">what is a heat sink<\/a><\/li>\r\r\n<\/ul>","product_chanpin_chanpin":"<li><a href=\"https:\/\/sinoextrud.com\/product\/cnc-machine-for-aluminum-profiles\/\" target=\"_blank\">CNC Machine For Aluminum Profiles<\/a><\/li>\r\n<li><a href=\"https:\/\/sinoextrud.com\/product\/aluminum-enclosure-housing-and-shell\/\" target=\"_blank\">Aluminum Enclosure Housing And Shell<\/a><\/li>\r\n<li><a href=\"https:\/\/sinoextrud.com\/product\/custom-finishing-aluminum-extrusion-profile-fabrication-and-cnc-machining\/\" target=\"_blank\">Custom Finishing Aluminum Extrusion Profile Fabrication and CNC Machining<\/a><\/li>\r\n<li><a href=\"https:\/\/sinoextrud.com\/product\/special-aluminium-extrusions\/\" target=\"_blank\">Special Aluminium Extrusions<\/a><\/li>\r\n<li><a href=\"https:\/\/sinoextrud.com\/product\/cutting-aluminium-extrusion\/\" target=\"_blank\">Cutting Aluminium Extrusion<\/a><\/li>\r\n<li><a href=\"https:\/\/sinoextrud.com\/product\/cnc-machining-aluminum-profiles\/\" target=\"_blank\">CNC Machining Aluminum Profiles<\/a><\/li>\r\n<li><a href=\"https:\/\/sinoextrud.com\/product\/circular-aluminum-extrusions\/\" target=\"_blank\">Circular Aluminum Extrusions<\/a><\/li>\r\n<li><a href=\"https:\/\/sinoextrud.com\/product\/cnc-aluminium-profile\/\" target=\"_blank\">CNC aluminium profile<\/a><\/li>\r\n<li><a href=\"https:\/\/sinoextrud.com\/product\/custom-extruded-aluminum-enclosures-used-for-motor-shell\/\" target=\"_blank\">Custom Extruded Aluminum Enclosures Used For Motor Shell<\/a><\/li>\r\n<li><a href=\"https:\/\/sinoextrud.com\/product\/aluminium-pipes-tubes\/\" target=\"_blank\">Aluminium Pipes Tubes<\/a><\/li>\r\n<li><a href=\"https:\/\/sinoextrud.com\/product\/china-aluminum-angle-bar-alloy-profile\/\" target=\"_blank\">China Aluminum Angle Bar Alloy Profile<\/a><\/li>"},"feature_list":[]},"_links":{"self":[{"href":"https:\/\/sinoextrud.com\/fr\/wp-json\/wp\/v2\/product\/8562","targetHints":{"allow":["GET"]}}],"collection":[{"href":"https:\/\/sinoextrud.com\/fr\/wp-json\/wp\/v2\/product"}],"about":[{"href":"https:\/\/sinoextrud.com\/fr\/wp-json\/wp\/v2\/types\/product"}],"wp:featuredmedia":[{"embeddable":true,"href":"https:\/\/sinoextrud.com\/fr\/wp-json\/wp\/v2\/media\/8561"}],"wp:attachment":[{"href":"https:\/\/sinoextrud.com\/fr\/wp-json\/wp\/v2\/media?parent=8562"}],"wp:term":[{"taxonomy":"category","embeddable":true,"href":"https:\/\/sinoextrud.com\/fr\/wp-json\/wp\/v2\/categories?post=8562"}],"curies":[{"name":"wp","href":"https:\/\/api.w.org\/{rel}","templated":true}]}}