{"id":8560,"date":"2025-06-17T03:07:54","date_gmt":"2025-06-17T03:07:54","guid":{"rendered":"https:\/\/sinoextrud.com\/product\/special-aluminium-extrusions\/"},"modified":"2025-06-24T06:34:23","modified_gmt":"2025-06-24T06:34:23","slug":"extrusions-speciales-daluminium","status":"publish","type":"product","link":"https:\/\/sinoextrud.com\/fr\/product\/special-aluminium-extrusions\/","title":{"rendered":"Extrusions sp\u00e9ciales d'aluminium"},"content":{"rendered":"<h2>D\u00e9tails des produits<\/h2>\n<table class=\"custom-table\">\n<tr>\n<td class=\"label\">Mat\u00e9riau<\/td>\n<td>Alliage d'aluminium6063, etc., en option selon le client\uff0c<\/td>\n<\/tr>\n<tr>\n<td class=\"label\">Structure<\/td>\n<td>extrusions sp\u00e9ciales d'aluminium<\/td>\n<\/tr>\n<tr>\n<td class=\"label\">Dimensions<\/td>\n<td>selon la conception du client<\/td>\n<\/tr>\n<tr>\n<td class=\"label\">\u00e9quipement<\/td>\n<td>Centre d'usinage CNC, tour CNC, rectifieuse, tour automatique,<br \/>\nTour conventionnel, fraiseuse, perceuse, \u00e9lectro\u00e9rosion, etc.<\/td>\n<\/tr>\n<tr>\n<td class=\"label\">Assembl\u00e9e<\/td>\n<td>Bo\u00eetier divis\u00e9 en 2 parties + 2 plaques d'extr\u00e9mit\u00e9 (\u00e9paisseur 1,5 mm) +8 vis PCS (M3X6D)<\/td>\n<\/tr>\n<tr>\n<td class=\"label\">Finition<\/td>\n<td>Finition en usine, anodisation, sablage, s\u00e9rigraphie . Poin\u00e7onnage, trous perc\u00e9s<\/td>\n<\/tr>\n<tr>\n<td class=\"label\">Notre service<\/td>\n<td>Usinage, tournage, fraisage, emboutissage, moulage<\/td>\n<\/tr>\n<tr>\n<td class=\"label\">Application :<\/td>\n<td>Machines d'automatisation, appareils m\u00e9dicaux, machines industrielles, automobiles, appareils \u00e9lectriques, etc.<\/td>\n<\/tr>\n<tr>\n<td class=\"label\">Format du dessin :<\/td>\n<td>pdf\/.dwg\/.igs.\/.STP\/X_t. etc.<\/td>\n<\/tr>\n<\/table>\n<h2>Notre base de production<\/h2>\n<h3>Panorama de l'usine<\/h3>\n<p><img decoding=\"async\" src=\"\/wp-content\/uploads\/factory-01.webp\"\/><\/p>\n<h3>Atelier de fabrication de barres d'aluminium<\/h3>\n<p><img decoding=\"async\" src=\"\/wp-content\/uploads\/factory-02.webp\"\/><\/p>\n<\/p>\n<p><img decoding=\"async\" src=\"\/wp-content\/uploads\/factory-03.webp\"\/><\/p>\n<h3>Entrep\u00f4t de stockage des moules<\/h3>\n<p><img decoding=\"async\" src=\"\/wp-content\/uploads\/factory-04.webp\"\/><\/p>\n<h3>43 lignes d'extrusion d'aluminium (500 \u00e0 5500 tonnes)<\/h3>\n<p><img decoding=\"async\" src=\"\/wp-content\/uploads\/factory-05.webp\"\/><\/p>\n<p><img decoding=\"async\" src=\"\/wp-content\/uploads\/factory-06.webp\"\/><\/p>\n<p><img decoding=\"async\" src=\"\/wp-content\/uploads\/factory-07.webp\"\/><\/p>\n<h3>Atelier de peinture en poudre<\/h3>\n<p><img decoding=\"async\" src=\"\/wp-content\/uploads\/factory-09.webp\"\/><\/p>\n<h3>Atelier d'anodisation<\/h3>\n<p><img decoding=\"async\" src=\"\/wp-content\/uploads\/factory-10.webp\"\/><\/p>\n<h3>Atelier sur le traitement en profondeur<\/h3>\n<p><img decoding=\"async\" src=\"\/wp-content\/uploads\/factory-11.webp\"\/><\/p>\n<h3>Atelier d'usinage de pr\u00e9cision CNC<\/h3>\n<p><img decoding=\"async\" src=\"\/wp-content\/uploads\/factory-11.5.webp\"\/><\/p>\n<h3>Entrep\u00f4t de produits finis et d'exportation<\/h3>\n<p><img decoding=\"async\" src=\"\/wp-content\/uploads\/factory-12.webp\"\/><\/p>\n<p><img decoding=\"async\" src=\"\/wp-content\/uploads\/factory-13.webp\"\/><\/p>\n<p><img decoding=\"async\" src=\"\/wp-content\/uploads\/factory-14.webp\"\/><\/p>\n<h2>FAQ<\/h2>\n<p><b>1.Qu'est-ce qu'une extrusion sp\u00e9ciale d'aluminium ?<\/b><\/p>\n<p>Les extrusions sp\u00e9ciales d'aluminium sont des profil\u00e9s d'aluminium sur mesure cr\u00e9\u00e9s par un processus d'extrusion, utilis\u00e9s pour des applications industrielles sp\u00e9cifiques n\u00e9cessitant des formes et des sp\u00e9cifications uniques.\n<\/p>\n<p><\/p>\n<p><b>2. quels sont les avantages des extrusions sp\u00e9ciales d'aluminium ?<\/b><\/p>\n<p>Les extrusions sp\u00e9ciales d'aluminium offrent une flexibilit\u00e9 de conception personnalis\u00e9e, une grande solidit\u00e9, une r\u00e9sistance \u00e0 la corrosion et une production rentable, ce qui les rend adapt\u00e9es \u00e0 un large \u00e9ventail d'industries.\n<\/p>\n<p><\/p>\n<p><b>3. Les extrusions sp\u00e9ciales d'aluminium peuvent-elles \u00eatre personnalis\u00e9es ?<\/b><\/p>\n<p>Oui, les extrusions sp\u00e9ciales d'aluminium peuvent \u00eatre enti\u00e8rement personnalis\u00e9es pour r\u00e9pondre aux exigences sp\u00e9cifiques de diff\u00e9rentes industries, y compris les formes et les tailles complexes.\n<\/p>\n<p><\/p>\n<p><b>4) En quoi le rapport poids\/r\u00e9sistance des profil\u00e9s sp\u00e9ciaux en aluminium peut-il \u00eatre utile \u00e0 mon projet ?<\/b><\/p>\n<p>Le rapport r\u00e9sistance\/poids \u00e9lev\u00e9 des extrusions d'aluminium sp\u00e9cial assure la durabilit\u00e9 et l'int\u00e9grit\u00e9 structurelle tout en maintenant le poids du produit \u00e0 un niveau bas.\n<\/p>\n<p><\/p>\n<p><b>5. Quelles sont les industries qui utilisent les extrusions sp\u00e9ciales d'aluminium ?<\/b><\/p>\n<p>Les extrusions sp\u00e9ciales d'aluminium sont utilis\u00e9es dans des secteurs tels que l'a\u00e9rospatiale, l'automobile, la construction et l'\u00e9lectronique, o\u00f9 des profils personnalis\u00e9s sont n\u00e9cessaires pour des applications sp\u00e9cifiques.\n<\/p>\n<p><\/p>\n<p><b>6. les extrusions sp\u00e9ciales d'aluminium sont-elles respectueuses de l'environnement ?<\/b><\/p>\n<p>Oui, l'aluminium est un mat\u00e9riau recyclable, ce qui fait des extrusions sp\u00e9ciales d'aluminium une option respectueuse de l'environnement pour la fabrication industrielle.\n<\/p>\n<p><\/p>\n<p><b>7. Comment am\u00e9liorer l'\u00e9tat de surface des extrusions sp\u00e9ciales d'aluminium ?<\/b><\/p>\n<p>La finition de la surface des extrusions sp\u00e9ciales d'aluminium est soigneusement trait\u00e9e pour garantir \u00e0 la fois un aspect esth\u00e9tique et une protection accrue contre la corrosion et l'usure.\n<\/p>\n<p><\/p>\n<p><b>8. quel est le co\u00fbt de production des extrusions sp\u00e9ciales d'aluminium ?<\/b><\/p>\n<p>Les extrusions sp\u00e9ciales d'aluminium offrent des solutions rentables gr\u00e2ce \u00e0 des processus de fabrication efficaces qui permettent de produire des petites et des grandes s\u00e9ries \u00e0 des prix comp\u00e9titifs.\n<\/p>\n<p><\/p>","protected":false},"featured_media":8559,"template":"","categories":[68],"class_list":["post-8560","product","type-product","status-publish","has-post-thumbnail","hentry","category-cnc-machining-aluminum-profile"],"meta_box":{"hilight_text_group":{"product_hilight_text":"<li>Custom aluminum extrusions designed for unique industrial applications.<\/li>\r\r\n<li>High strength-to-weight ratio for durability without added weight.<\/li>\r\r\n<li>Excellent corrosion resistance, making them ideal for harsh environments.<\/li>\r\r\n<li>Flexible design options for complex shapes and tailored specifications.<\/li>\r\r\n<li>Efficient production process for cost-effective solutions in both small and large runs.<\/li>\r\r\n<li>Superior surface finish, ensuring both aesthetic appeal and functionality.<\/li>\r\r\n<li>Eco-friendly aluminum material, fully recyclable for sustainable manufacturing.<\/li>","product_chanpin_blog":"<ul>\r\r\n<li><a href=\"https:\/\/sinoextrud.com\/t-slot-v-slot-differences\/\" target=\"_blank\">t slot vs v slot<\/a><\/li>\r\r\n<li><a href=\"https:\/\/sinoextrud.com\/what-is-4040-aluminium-extrud\/\" target=\"_blank\">4040 aluminium extrusion<\/a><\/li>\r\r\n<li><a href=\"https:\/\/sinoextrud.com\/what-is-4040-aluminium-extrud\/\" target=\"_blank\">aluminum extrusions for industrial racks<\/a><\/li>\r\r\n<li><a href=\"https:\/\/sinoextrud.com\/powder-coating-aluminium-process\/\" target=\"_blank\">powder coating aluminium<\/a><\/li>\r\r\n<li><a href=\"https:\/\/sinoextrud.com\/what-is-an-aluminium-strip-ceiling\/\" target=\"_blank\">aluminium strip ceiling<\/a><\/li>\r\r\n<li><a href=\"https:\/\/sinoextrud.com\/what-is-a-heat-sink\/\" target=\"_blank\">what is a heat sink<\/a><\/li>\r\r\n<\/ul>","product_chanpin_chanpin":"<li><a href=\"https:\/\/sinoextrud.com\/product\/cnc-industrial-aluminum-profiler\/\" target=\"_blank\">CNC Industrial Aluminum Profiler<\/a><\/li>\r\n<li><a href=\"https:\/\/sinoextrud.com\/product\/cnc-machine-for-aluminum-profiles\/\" target=\"_blank\">CNC Machine For Aluminum Profiles<\/a><\/li>\r\n<li><a href=\"https:\/\/sinoextrud.com\/product\/aluminum-enclosure-housing-and-shell\/\" target=\"_blank\">Aluminum Enclosure Housing And Shell<\/a><\/li>\r\n<li><a href=\"https:\/\/sinoextrud.com\/product\/custom-finishing-aluminum-extrusion-profile-fabrication-and-cnc-machining\/\" target=\"_blank\">Custom Finishing Aluminum Extrusion Profile Fabrication and CNC Machining<\/a><\/li>\r\n<li><a href=\"https:\/\/sinoextrud.com\/product\/special-aluminium-extrusions\/\" target=\"_blank\">Special Aluminium Extrusions<\/a><\/li>\r\n<li><a href=\"https:\/\/sinoextrud.com\/product\/cutting-aluminium-extrusion\/\" target=\"_blank\">Cutting Aluminium Extrusion<\/a><\/li>\r\n<li><a href=\"https:\/\/sinoextrud.com\/product\/cnc-machining-aluminum-profiles\/\" target=\"_blank\">CNC Machining Aluminum Profiles<\/a><\/li>\r\n<li><a href=\"https:\/\/sinoextrud.com\/product\/circular-aluminum-extrusions\/\" target=\"_blank\">Circular Aluminum Extrusions<\/a><\/li>\r\n<li><a href=\"https:\/\/sinoextrud.com\/product\/cnc-aluminium-profile\/\" target=\"_blank\">CNC aluminium profile<\/a><\/li>\r\n<li><a href=\"https:\/\/sinoextrud.com\/product\/aluminum-sign-extrusions\/\" target=\"_blank\">Aluminum Sign Extrusions<\/a><\/li>\r\n<li><a href=\"https:\/\/sinoextrud.com\/product\/extrusion-led-aluminum-channel\/\" target=\"_blank\">Extrusion Led Aluminum Channel<\/a><\/li>"},"feature_list":[]},"_links":{"self":[{"href":"https:\/\/sinoextrud.com\/fr\/wp-json\/wp\/v2\/product\/8560","targetHints":{"allow":["GET"]}}],"collection":[{"href":"https:\/\/sinoextrud.com\/fr\/wp-json\/wp\/v2\/product"}],"about":[{"href":"https:\/\/sinoextrud.com\/fr\/wp-json\/wp\/v2\/types\/product"}],"wp:featuredmedia":[{"embeddable":true,"href":"https:\/\/sinoextrud.com\/fr\/wp-json\/wp\/v2\/media\/8559"}],"wp:attachment":[{"href":"https:\/\/sinoextrud.com\/fr\/wp-json\/wp\/v2\/media?parent=8560"}],"wp:term":[{"taxonomy":"category","embeddable":true,"href":"https:\/\/sinoextrud.com\/fr\/wp-json\/wp\/v2\/categories?post=8560"}],"curies":[{"name":"wp","href":"https:\/\/api.w.org\/{rel}","templated":true}]}}